{"id":12156,"date":"2024-01-11T23:19:28","date_gmt":"2024-01-11T23:19:28","guid":{"rendered":"https:\/\/montacargasventayrenta.com\/?page_id=12156"},"modified":"2024-02-22T18:37:45","modified_gmt":"2024-02-22T18:37:45","slug":"montacargas-chl","status":"publish","type":"page","link":"https:\/\/optimizacion-online.info\/mtr\/montacargas-chl\/","title":{"rendered":"Montacargas CHL"},"content":{"rendered":"<p>Aquellos negocios o establecimientos donde se requiera el manejo de cargas pesadas, es indispensable contar con equipos especializados, como los son los <a href=\"https:\/\/montacargasventayrenta.com\/causas-principales-de-volcaduras-de-montacargas\/\" target=\"_blank\" rel=\"noopener\"><strong><u>montacargas CHL<\/u><\/strong><\/a>. Pero, \u00bfser\u00e1 mejor rentar o comprarlos? Al respecto, es importante considerar diversos factores que pueden incidir en el precio y adquisici\u00f3n de estas m\u00e1quinas, sea pensando en compra o renta de los mismos.<\/p>\n<p><img fetchpriority=\"high\" decoding=\"async\" class=\"aligncenter wp-image-11806 \" src=\"https:\/\/montacargasventayrenta.com\/wp-content\/uploads\/2023\/03\/montacargas-a-batera-de-litio-1.5-3.5t-300x300.png\" alt=\"\" width=\"362\" height=\"362\" srcset=\"https:\/\/optimizacion-online.info\/mtr\/wp-content\/uploads\/2023\/03\/montacargas-a-batera-de-litio-1.5-3.5t-300x300.png 300w, https:\/\/optimizacion-online.info\/mtr\/wp-content\/uploads\/2023\/03\/montacargas-a-batera-de-litio-1.5-3.5t-500x500.png 500w, https:\/\/optimizacion-online.info\/mtr\/wp-content\/uploads\/2023\/03\/montacargas-a-batera-de-litio-1.5-3.5t-100x100.png 100w, https:\/\/optimizacion-online.info\/mtr\/wp-content\/uploads\/2023\/03\/montacargas-a-batera-de-litio-1.5-3.5t-150x150.png 150w, https:\/\/optimizacion-online.info\/mtr\/wp-content\/uploads\/2023\/03\/montacargas-a-batera-de-litio-1.5-3.5t-120x120.png 120w, https:\/\/optimizacion-online.info\/mtr\/wp-content\/uploads\/2023\/03\/montacargas-a-batera-de-litio-1.5-3.5t-266x266.png 266w, https:\/\/optimizacion-online.info\/mtr\/wp-content\/uploads\/2023\/03\/montacargas-a-batera-de-litio-1.5-3.5t-1000x1000.png 1000w, https:\/\/optimizacion-online.info\/mtr\/wp-content\/uploads\/2023\/03\/montacargas-a-batera-de-litio-1.5-3.5t-1024x1024.png 1024w, https:\/\/optimizacion-online.info\/mtr\/wp-content\/uploads\/2023\/03\/montacargas-a-batera-de-litio-1.5-3.5t-600x600.png 600w, https:\/\/optimizacion-online.info\/mtr\/wp-content\/uploads\/2023\/03\/montacargas-a-batera-de-litio-1.5-3.5t.png 512w\" sizes=\"(max-width: 362px) 100vw, 362px\" \/><\/p>\n<h2>Montacargas CHL para cada almac\u00e9n<\/h2>\n<p>Los montacargas son equipos necesarios para mover tarimas desde los veh\u00edculos de transporte hasta las diversas \u00e1reas del almac\u00e9n. Elegir la mejor m\u00e1quina depender\u00e1 de distintas variables, como en el caso del tipo de mercanc\u00eda que se desea manipular o los sistemas de almacenamiento dispuestos.<\/p>\n<p>Cuando se requiere potenciar el rendimiento a nivel de log\u00edstica y disminuir los errores de operatividad en los almacenes, es importante contactar con una empresa con amplia experiencia en montacargas, plataformas y manipuladores telesc\u00f3picos para venta y renta.<\/p>\n<p>De esta manera, se tendr\u00e1 oportunidad de aclarar dudas con un asesor especializado, logrando as\u00ed, identificar la mejor soluci\u00f3n para mantener la productividad y rentabilidad. Ya que, en la actualidad, se puede tener acceso a una gran diversidad de m\u00e1quinas con calidad certificada, resistencia y nivel de operatividad eficiente para el almac\u00e9n que amerita su incorporaci\u00f3n.<\/p>\n<h2>Especificaciones generales de montacargas marca CHL<\/h2>\n<p>Estas son algunas de las especificaciones que se pueden encontrar en m\u00e1quinas de este tipo:<\/p>\n<h3>Seguro y conveniente<\/h3>\n<ul>\n<li>Cap\u00f3 del motor con gran \u00e1ngulo de apertura.<\/li>\n<li>Radar de marcha atr\u00e1s y sistema de im\u00e1genes.<\/li>\n<li>Sistema de embaldosado autom\u00e1tico que ayudan en el mantenimiento interior.<\/li>\n<\/ul>\n<h3>Amplia visi\u00f3n y potente sistema de elevaci\u00f3n<\/h3>\n<ul>\n<li>Excelente vista frontal que ayuda en la mejora de la seguridad y la eficiencia de trabajo.<\/li>\n<li>Sistema de motor fuerte.<\/li>\n<li>Visualizaci\u00f3n en tiempo real.<\/li>\n<li>Acelerador electr\u00f3nico.<\/li>\n<li>Buena econom\u00eda de combustible y bajo nivel de ruido.<\/li>\n<\/ul>\n<h3>Caja de cambios y convertidor de par<\/h3>\n<ul>\n<li>F\u00e1cil cambio de marchas.<\/li>\n<li>Funci\u00f3n de diagn\u00f3stico de fallas.<\/li>\n<li>Transmisi\u00f3n ZF importada.<\/li>\n<li>Seguro y confiable; ruido bajo.<\/li>\n<\/ul>\n<h3>Sistema de frenos hidr\u00e1ulicos<\/h3>\n<ul>\n<li>El tanque de aceite separado para el sistema hidr\u00e1ulico y el freno asegura la pureza del aceite.<\/li>\n<li>Sistema de direcci\u00f3n hidr\u00e1ulica completa.<\/li>\n<li>Bomba variable de pistones axiales con funci\u00f3n de detecci\u00f3n de carga, ahorro de energ\u00eda y silenciosa.<\/li>\n<li>Sistema de freno h\u00famedo hidr\u00e1ulico.<\/li>\n<li>La operaci\u00f3n piloto del controlador hidr\u00e1ulico de la v\u00e1lvula tiene una funci\u00f3n de control remoto, f\u00e1cil de operar.<\/li>\n<\/ul>\n<h2>\u00bfC\u00f3mo elegir el montacargas adecuado?<\/h2>\n<p>Existen distintos aspectos a tener presentes antes de elegir maquinaria adecuada para los establecimientos o industrias. En primera instancia, conviene analizar la aplicaci\u00f3n a la que se destinar\u00e1 la m\u00e1quina, el tipo de producto, la intensidad de implementaci\u00f3n, el entorno y la infraestructura.<\/p>\n<p>Asimismo, existen otras consideraciones que se encuentran asociadas a nivel:<\/p>\n<h3>Operativo<\/h3>\n<ul>\n<li>\u00bfEs por compra o renta?<\/li>\n<li>\u00bfDebe funcionar para corto o largo plazo?<\/li>\n<li>\u00bfSe trata de una m\u00e1quina seca o con operador y combustible?<\/li>\n<\/ul>\n<h3>Financiero<\/h3>\n<ul>\n<li>\u00bfQu\u00e9 precio tiene la m\u00e1quina?<\/li>\n<li>\u00bfC\u00f3mo es su financiamiento?<\/li>\n<\/ul>\n<h3>Distribuidor<\/h3>\n<ul>\n<li>\u00bfCu\u00e1ntos a\u00f1os tiene el negocio operando?<\/li>\n<li>\u00bfCu\u00e1nto tiempo tiene trabajando con esta marca?<\/li>\n<\/ul>\n<h3>Fabricante<\/h3>\n<ul>\n<li>\u00bfCu\u00e1l es?<\/li>\n<li>\u00bfDesde qu\u00e9 momento fabrica montacargas?<\/li>\n<li>\u00bfQu\u00e9 consideraciones legales implica?, entre otras.<\/li>\n<\/ul>\n<p>Son varias normas industriales que regulan a los diferentes tipos de m\u00e1quinas de esta categor\u00eda. Dentro de la clasificaci\u00f3n contemplada por ellas, se enfocan en la fuente de energ\u00eda, entre estas destacan: combustible interno (diesel, GLP y el\u00e9ctricos). Cada una de estas clasificaciones presenta sub clasificaciones conforme a los criterios de aplicaci\u00f3n.<\/p>\n<h2>\u00bfQu\u00e9 factores pueden influir en el costo de esta maquinaria?<\/h2>\n<p>Para quienes buscan una m\u00e1quina nueva o usada para incrementar el nivel de productividad del negocio o industria, debe considerar algunos aspectos que inciden en el precio:<\/p>\n<h3>Capacidad de carga<\/h3>\n<p>La mayor capacidad de carga mayor ser\u00e1 el precio del equipo montacarga con capacidad de carga de alrededor de 1.25 toneladas, puede ser m\u00e1s econ\u00f3mico que uno con una capacidad de 8 toneladas y por esta raz\u00f3n que se recomienda identificar las necesidades de carga para no tener que invertir gran cantidad de dinero de manera innecesaria.<\/p>\n<h3>Tipo de energ\u00eda que requiere<\/h3>\n<p>Los montacargas de combusti\u00f3n interna suelen costar m\u00e1s que los el\u00e9ctricos, porque requieren el uso de diesel o GLP para poder realizar las operaciones. En cambio, los montacargas de tipo el\u00e9ctrico no requieren combustible de manera peri\u00f3dica, sin embargo, la compra de una bater\u00eda y un cargador pueden incrementar el costo inicial indiscutiblemente. Esto en caso de comprar este tipo de m\u00e1quinas.<\/p>\n<h3>Caracter\u00edsticas adicionales<\/h3>\n<p>Al igual que sucede con los veh\u00edculos, ciertas caracter\u00edsticas y accesorios permiten incrementar el costo de las m\u00e1quinas. Elementos de seguridad extra, como: espejos, c\u00e1maras y luces, le pueden dar lugar a costos adicionales.<\/p>\n<p>Igualmente, ocurre con herramientas como en el caso de posicionadores de doble horquilla, desplazadores laterales, etc. Pero, si estos accesorios generan un incremento a nivel de productividad, entonces, los costos s\u00ed que valen la pena.<\/p>\n<h3>Marca y modelo<\/h3>\n<p>La marca se considera \u00fatil cuando se trata del valor de los equipos, aunque lo m\u00e1s importante es elegir un fabricante con reputaci\u00f3n y excelente calidad. Al buscar opciones de montacargas, es importante comparar ciertos modelos para encontrar la mejor opci\u00f3n para el negocio y que se ajuste al presupuesto.<\/p>\n<p>Existen distintas alternativas que se pueden evaluar con un asesor profesional, sea para compra o renta de montacargas. En TMR pueden contar con atenci\u00f3n profesional para identificar el equipo que se requiera conforme a las necesidades del negocio.<\/p>\n<p>Contamos con amplia experiencia en el sector y disponemos de una amplia diversidad de m\u00e1quinas que se ajustan perfectamente a los requerimientos de nuestros clientes.<\/p>\n<h2>Compra y renta los mejores equipos con TMR<\/h2>\n<p>En TMR,&nbsp;distribuimos la marca de <a href=\"https:\/\/montacargasventayrenta.com\/ventajas-de-usar-montacargas-electricos\/\" target=\"_blank\" rel=\"noopener\"><strong><u>montacargas CHL<\/u><\/strong><\/a>. Son m\u00e1quinas vers\u00e1tiles, duraderas, con tecnolog\u00eda de punta y altamente eficientes. Gracias al nivel de maniobrabilidad y estabilidad que se requiere conforme a las necesidades de los negocios o industrias, lo convierte en equipos altamente \u00fatiles.&nbsp;<\/p>\n<p>Encuentra equipo en venta y renta con la garant\u00eda de adquirir productos completamente operativos. Adem\u00e1s, ofrecemos servicios t\u00e9cnicos y un amplio stock de refacciones originales para montacargas.<\/p>\n<p>Aprovecha la orientaci\u00f3n de nuestros asesores para elegir el modelo, tipo y tama\u00f1o adecuado para tu negocio. As\u00ed, podr\u00e1n adquirir el equipo \u00f3ptimo para incrementar el nivel de productividad y eficiencia en la industria de inter\u00e9s.<\/p>\n<p>En TMR como distribuidores autorizados de las mejores marcas, tenemos disponibles las mejores unidades con precios competitivos, calidad en el servicio y entregas oportunas a todo el norte de la Rep\u00fablica Mexicana.<\/p>\n<p>Si requieres informaci\u00f3n sobre nuestros servicios puedes contactarnos v\u00eda telef\u00f3nica o por correo electr\u00f3nico, donde con gusto nuestros asesores te atender\u00e1n amablemente para aclarar cualquier inquietud.<\/p>\n<p>Visita cualquiera de nuestras oficinas en Monterrey, Torre\u00f3n y Saltillo, para conocer los diferentes modelos con los que contamos.<\/p>\n","protected":false},"excerpt":{"rendered":"<p>Aquellos negocios o establecimientos donde se requiera el manejo de cargas pesadas, es indispensable contar con equipos especializados, como los son los montacargas CHL. Pero, \u00bfser\u00e1 mejor rentar o comprarlos? Al respecto, es importante considerar diversos factores que pueden incidir en el precio y adquisici\u00f3n de estas m\u00e1quinas, sea pensando en compra o renta de [&hellip;]<\/p>\n","protected":false},"author":4,"featured_media":0,"parent":0,"menu_order":0,"comment_status":"closed","ping_status":"closed","template":"","meta":{"footnotes":""},"class_list":["post-12156","page","type-page","status-publish","hentry"],"_links":{"self":[{"href":"https:\/\/optimizacion-online.info\/mtr\/wp-json\/wp\/v2\/pages\/12156","targetHints":{"allow":["GET"]}}],"collection":[{"href":"https:\/\/optimizacion-online.info\/mtr\/wp-json\/wp\/v2\/pages"}],"about":[{"href":"https:\/\/optimizacion-online.info\/mtr\/wp-json\/wp\/v2\/types\/page"}],"author":[{"embeddable":true,"href":"https:\/\/optimizacion-online.info\/mtr\/wp-json\/wp\/v2\/users\/4"}],"replies":[{"embeddable":true,"href":"https:\/\/optimizacion-online.info\/mtr\/wp-json\/wp\/v2\/comments?post=12156"}],"version-history":[{"count":0,"href":"https:\/\/optimizacion-online.info\/mtr\/wp-json\/wp\/v2\/pages\/12156\/revisions"}],"wp:attachment":[{"href":"https:\/\/optimizacion-online.info\/mtr\/wp-json\/wp\/v2\/media?parent=12156"}],"curies":[{"name":"wp","href":"https:\/\/api.w.org\/{rel}","templated":true}]}}