{"id":12159,"date":"2024-01-11T23:20:31","date_gmt":"2024-01-11T23:20:31","guid":{"rendered":"https:\/\/montacargasventayrenta.com\/?page_id=12159"},"modified":"2024-02-22T18:39:10","modified_gmt":"2024-02-22T18:39:10","slug":"montacargas-bobcat","status":"publish","type":"page","link":"https:\/\/optimizacion-online.info\/mtr\/montacargas-bobcat\/","title":{"rendered":"Montacargas Bobcat"},"content":{"rendered":"<p>Los <a href=\"https:\/\/montacargasventayrenta.com\/montacargas-vs-apiladores-manuales-y-otros-equipos-de-almacenamiento-una-comparacion-integral\/\" target=\"_blank\" rel=\"noopener\"><strong><u>montacargas Bobcat<\/u><\/strong><\/a> son herramientas indispensables para cualquier industria asociada al sector de construcci\u00f3n o rubros parecidos. De hecho, la repercusi\u00f3n del montacargas puede ir mucho m\u00e1s all\u00e1 de este \u00e1mbito, alcanzando \u00e1reas de transporte y log\u00edstica.<\/p>\n<p>Este tipo de maquinaria permite acelerar los procesos de transporte de material de una manera \u00f3ptima, porque liberan a los trabajadores de trabajo f\u00edsico. El hecho de levantar, bajar o mover cargas sin tener que usar esfuerzo manual, es lo que pueden ofrecer estos equipos.<\/p>\n<p>&nbsp;<\/p>\n<h2>\u00bfQu\u00e9 aspectos considerar para elegir un&nbsp;montacargas?<\/h2>\n<p>Antes de comprar o rentar un montacargas, es conveniente conocer sobre la m\u00e1quina que se necesita y determinar cu\u00e1les son las necesidades del almac\u00e9n. M\u00e1s all\u00e1 del tama\u00f1o o la fuente de energ\u00eda, se recomienda considerar ciertos factores que pueden influir en el funcionamiento \u00f3ptimo de la m\u00e1quina.<\/p>\n<p>Entre los m\u00e1s resaltantes, se encuentran los siguientes:<\/p>\n<h3>L\u00edmite de carga<\/h3>\n<p>Es un grave error tener que elegir un montacargas bajo una capacidad de carga inferior a la que se requiere. Por tanto, es conveniente plantearse algunas preguntas como son:<\/p>\n<ul>\n<li>\u00bfCu\u00e1l es el stock que deber\u00e1 manipular la m\u00e1quina?<\/li>\n<li>\u00bfCu\u00e1l es el peso promedio de la carga y cu\u00e1l ser\u00e1 la m\u00e1s pesada?<\/li>\n<li>\u00bfCu\u00e1l es la anchura promedio de las respectivas cargas?<\/li>\n<\/ul>\n<p>Tener presente el tipo de carga, tambi\u00e9n, es esencial, porque existen implementos determinados que pueden mejorar significativamente el rendimiento de estas m\u00e1quinas y ayudar a mover la carga con m\u00e1s eficiencia.<\/p>\n<h3>Altura de elevaci\u00f3n<\/h3>\n<p>Identificar la altura de elevaci\u00f3n de la m\u00e1quina influir\u00e1 en la capacidad de carga de la misma. De modo tal que, es importante tener presente este factor.<\/p>\n<p>Esto depender\u00e1 a su vez de la naturaleza del negocio o industrial, el tama\u00f1o del almac\u00e9n y la finalidad para la cual ser\u00e1 usado el equipo. Es importante considerar tambi\u00e9n cu\u00e1l es el punto m\u00e1s alto que deber\u00e1 alcanzar la m\u00e1quina y qu\u00e9 restricciones de altura existen en el almac\u00e9n.<\/p>\n<h3>Fuente de energ\u00eda<\/h3>\n<p>Generalmente, los montacargas tienen dos opciones de fuente de energ\u00eda: el\u00e9ctrica y la de combusti\u00f3n interna.<\/p>\n<h4>El\u00e9ctrica<\/h4>\n<p>Los equipos funcionan con grandes y pesadas bater\u00edas de plomo y \u00e1cido. Tienden a proporcionar la energ\u00eda necesaria para un turno est\u00e1ndar de 8, 5 o 6 horas de uso continuo, respectivamente.<\/p>\n<p>Dentro de las ventajas de estas m\u00e1quinas, se encuentra el hecho de que no producen emisiones, una necesidad, en caso tal de que la unidad deba funcionar en interiores. Adem\u00e1s, es un equipo muy econ\u00f3mico en t\u00e9rminos de combustible.<\/p>\n<h4>Combusti\u00f3n<\/h4>\n<p>Estos montacargas funcionan con varios tipos de combustible como: gas propano l\u00edquido, gasolina o gas natural comprimido, se pueden implementar en cualquier entorno y cuentan con la capacidad de peso mayor y su repostaje se puede ejecutar sobre la marcha. Asimismo, tiene mayor alcance y tiende a rondar los 10 m aproximadamente.<\/p>\n<h3>Tipo de llantas<\/h3>\n<p>Conforme al entorno operativo de estas m\u00e1quinas, se puede seleccionar el modelo seg\u00fan el tipo de llanta.<\/p>\n<h4>Llantas neum\u00e1ticas<\/h4>\n<p>Estas se encuentran dise\u00f1adas para levantar cargas de mayor peso y operar, especialmente, en exteriores. Dichas llantas se encuentran fabricadas de caucho y est\u00e1n llenas de aire comprimido, por lo que son m\u00e1s largas y anchas que en el caso de las llantas amortiguadoras.<\/p>\n<p>Funcionan bien sobre grava, asfalto e incluso terrenos que se encuentran sin pavimentar<\/p>\n<h4>Llantas s\u00f3lidas<\/h4>\n<p>El dise\u00f1o s\u00f3lido de este tipo de neum\u00e1tico, las convierte en objetos m\u00e1s duraderos, es decir, no revientan, pinchan y se desinflan f\u00e1cilmente. Por eso, se usan en gran variedad de aplicaciones pesadas, como en el caso de obras de construcci\u00f3n, centro de reciclaje, almacenes de madera y espacios similares donde puedan existir fragmentos de metal, clavos y otros elementos que son da\u00f1inos para este tipo de materiales.<\/p>\n<h4>Llantas amortiguadoras<\/h4>\n<p>Ese tipo se usa con mayor frecuencia en interiores, porque tiene un chasis m\u00e1s peque\u00f1o y est\u00e1 m\u00e1s cerca del suelo, que en el caso de las llantas neum\u00e1ticas. Es por esta raz\u00f3n que tiene gran ventaja, en t\u00e9rminos de maniobrabilidad, al permitir aprovechar un radio de giro menor.<\/p>\n<h3>Ergonom\u00eda<\/h3>\n<p>Los asientos ajustables y que sean de gran calidad, son fundamentales porque los operadores de estas m\u00e1quinas permanecen sentados por largas horas. En este sentido, el dise\u00f1o y la ubicaci\u00f3n de los mandos determinan un buen uso del equipo y la comodidad de las personas que hacen las operaciones implementando este tipo de maquinaria.<\/p>\n<p>Invertir en ergonom\u00eda de calidad ayudar\u00e1, indispensablemente, a disminuir la probabilidad de lesiones, como en el caso del s\u00edndrome del t\u00fanel carpiano o el dolor de espalda, que pueden derivarse de tareas repetitivas que se realizan de una forma inc\u00f3moda a nivel de asiento y alcance.<\/p>\n<h3>Seguridad<\/h3>\n<p>Al adquirir o rentar <a href=\"https:\/\/montacargasventayrenta.com\/montacargas-y-la-logistica-moderna-la-pieza-clave-en-la-eficiencia-de-la-cadena-de-suministro\/\" target=\"_blank\" rel=\"noopener\"><strong><u>montacargas Bobcat<\/u><\/strong><\/a>, la seguridad debe primar sobre todas las cosas. Despu\u00e9s de todo, este tipo de unidades se encuentran fabricadas, especialmente, para trabajos pesados. De manera que, pueden causar lesiones graves si no se saben usar de manera correcta.<\/p>\n<p>Para ayudar a conservar seguros a los operadores, es importante identificar equipos que vengan acondicionados con elementos espec\u00edficos, como en el caso del interruptor o bot\u00f3n de emergencia, sistema de freno autom\u00e1tico y alarmas de seguridad.<\/p>\n<p>Asimismo, se recomienda que sea analizado el nivel de visibilidad que disponga la cabina para el operador, si se encuentra situado demasiado bajo. Con respecto al suelo, el operador tendr\u00e1 una buena visi\u00f3n de los objetos o las personas de su alrededor, as\u00ed que, esta evaluaci\u00f3n del equipo, es sumamente necesaria tenerlo presente antes de considerarlo una opci\u00f3n para el negocio.<\/p>\n<p>Encontrar los mejores distribuidores de la marca Bobcat en M\u00e9xico, sin duda, marca la diferencia a la hora de invertir en maquinaria de calidad certificada.<\/p>\n<h2>Adquiera en compra o renta montacargas Bobcat \u2013 TMR M\u00e9xico<\/h2>\n<p>Bobcat es una empresa que se ha consolidado en el mercado por su constancia y desarrollo innovador en maquinaria. En TMR somos distribuidores oficiales de la marca en M\u00e9xico.<\/p>\n<p>Por esta raz\u00f3n, disponemos de un surtido de stock de equipos con calidad certificada. Tenemos a disposici\u00f3n de nuestros clientes servicios de venta y renta de montacarga Bobcat nuevos y seminuevos.<\/p>\n<p>Cada unidad cuenta con tecnolog\u00eda de punta, \u00f3ptimas condiciones, con el fin de asegurar su funcionamiento y seguridad para los operadores. Consiga con nosotros los equipos con tecnolog\u00eda de punta que requiere para aumentar significativamente el nivel de productividad en sus entornos industriales.<\/p>\n<p>\u00bfEst\u00e1n buscando el equipo m\u00e1s eficiente para sus almacenes o proyectos? En TMR podr\u00e1n encontrar maquinaria en venta y renta para cualquier sector industrial, log\u00edstico y de construcci\u00f3n.<\/p>\n<p>Para conocer m\u00e1s sobre nuestros servicios, pueden contactarnos v\u00eda telef\u00f3nica o por correo electr\u00f3nico, donde con gusto nuestros asesores les asesorar\u00e1n sobre los mejores equipos para sus negocios.<\/p>\n<p>Te invitamos a visitar cualquiera de nuestras sucursales en Monterrey, Saltillo y Torre\u00f3n, as\u00ed podr\u00e1n conocer los diferentes modelos de<a href=\"https:\/\/montacargasventayrenta.com\/montacargas-de-altura-vs-todo-terreno-cual-es-la-mejor-opcion-para-tu-negocio\/\" target=\"_blank\" rel=\"noopener\"><strong> <u>montacargas Bobcat<\/u><\/strong><\/a> que tenemos disponibles.<\/p>\n","protected":false},"excerpt":{"rendered":"<p>Los montacargas Bobcat son herramientas indispensables para cualquier industria asociada al sector de construcci\u00f3n o rubros parecidos. De hecho, la repercusi\u00f3n del montacargas puede ir mucho m\u00e1s all\u00e1 de este \u00e1mbito, alcanzando \u00e1reas de transporte y log\u00edstica. Este tipo de maquinaria permite acelerar los procesos de transporte de material de una manera \u00f3ptima, porque liberan [&hellip;]<\/p>\n","protected":false},"author":4,"featured_media":0,"parent":0,"menu_order":0,"comment_status":"closed","ping_status":"closed","template":"","meta":{"footnotes":""},"class_list":["post-12159","page","type-page","status-publish","hentry"],"_links":{"self":[{"href":"https:\/\/optimizacion-online.info\/mtr\/wp-json\/wp\/v2\/pages\/12159","targetHints":{"allow":["GET"]}}],"collection":[{"href":"https:\/\/optimizacion-online.info\/mtr\/wp-json\/wp\/v2\/pages"}],"about":[{"href":"https:\/\/optimizacion-online.info\/mtr\/wp-json\/wp\/v2\/types\/page"}],"author":[{"embeddable":true,"href":"https:\/\/optimizacion-online.info\/mtr\/wp-json\/wp\/v2\/users\/4"}],"replies":[{"embeddable":true,"href":"https:\/\/optimizacion-online.info\/mtr\/wp-json\/wp\/v2\/comments?post=12159"}],"version-history":[{"count":0,"href":"https:\/\/optimizacion-online.info\/mtr\/wp-json\/wp\/v2\/pages\/12159\/revisions"}],"wp:attachment":[{"href":"https:\/\/optimizacion-online.info\/mtr\/wp-json\/wp\/v2\/media?parent=12159"}],"curies":[{"name":"wp","href":"https:\/\/api.w.org\/{rel}","templated":true}]}}