{"id":12163,"date":"2024-01-11T23:23:42","date_gmt":"2024-01-11T23:23:42","guid":{"rendered":"https:\/\/montacargasventayrenta.com\/?page_id=12163"},"modified":"2024-02-22T18:38:27","modified_gmt":"2024-02-22T18:38:27","slug":"montacargas-jlg","status":"publish","type":"page","link":"https:\/\/optimizacion-online.info\/mtr\/montacargas-jlg\/","title":{"rendered":"Montacargas JLG"},"content":{"rendered":"<p>El <a href=\"https:\/\/montacargasventayrenta.com\/montacargas-vs-apiladores-manuales-y-otros-equipos-de-almacenamiento-una-comparacion-integral\/\" target=\"_blank\" rel=\"noopener\"><strong><u>montacargas JLG<\/u><\/strong><\/a> es un equipo sumamente necesario para cargar y transportar materiales pesados y, adem\u00e1s, se considera una herramienta ideal para optimizar los espacios de almacenamiento. Gran parte de los almacenes e industrias necesitan de la incorporaci\u00f3n de este tipo de maquinaria, por lo menos para el desarrollo de las tareas b\u00e1sicas.<\/p>\n<p>Hoy en d\u00eda, existe una gran variedad de clases que se pueden adaptar a las necesidades de los establecimientos.<\/p>\n<p>Para cubrir las necesidades de elevaci\u00f3n de carga en TMR garantizamos el tiempo de respuesta para la distribuci\u00f3n de montacargas con esta marca. Ya que, es uno de los productores por excelencia en el mundo de plataformas, a\u00e9reas m\u00f3viles y manipuladores de materiales.<\/p>\n<p><img fetchpriority=\"high\" decoding=\"async\" class=\"aligncenter wp-image-2689 \" src=\"https:\/\/montacargasventayrenta.com\/wp-content\/uploads\/2016\/06\/montacargasventayrenta-bg-300x225.jpg\" alt=\"renta de plataformas\" width=\"327\" height=\"245\" srcset=\"https:\/\/optimizacion-online.info\/mtr\/wp-content\/uploads\/2016\/06\/montacargasventayrenta-bg-300x225.jpg 300w, https:\/\/optimizacion-online.info\/mtr\/wp-content\/uploads\/2016\/06\/montacargasventayrenta-bg-600x450.jpg 600w, https:\/\/optimizacion-online.info\/mtr\/wp-content\/uploads\/2016\/06\/montacargasventayrenta-bg-150x113.jpg 150w, https:\/\/optimizacion-online.info\/mtr\/wp-content\/uploads\/2016\/06\/montacargasventayrenta-bg-768x576.jpg 768w, https:\/\/optimizacion-online.info\/mtr\/wp-content\/uploads\/2016\/06\/montacargasventayrenta-bg-1024x768.jpg 1024w, https:\/\/optimizacion-online.info\/mtr\/wp-content\/uploads\/2016\/06\/montacargasventayrenta-bg.jpg 1600w\" sizes=\"(max-width: 327px) 100vw, 327px\" \/><\/p>\n<h2>\u00bfC\u00f3mo saber qu\u00e9 tipo de montacargas necesita su empresa?<\/h2>\n<p>Existen diversos factores esenciales a tener presente para elegir <a href=\"https:\/\/montacargasventayrenta.com\/causas-principales-de-volcaduras-de-montacargas\/\" target=\"_blank\" rel=\"noopener\"><strong><u>montacargas JLG<\/u><\/strong><\/a> ideal:<\/p>\n<h3>Medio ambiente<\/h3>\n<p>El entorno laboral incide en el tipo de maquinaria que se debe incorporar, el tipo de llantas \u00f3ptimas y combustible. Adem\u00e1s, conviene establecer el tipo de superficie y las condiciones en las cuales trabajar\u00e1 el equipo:<\/p>\n<ul>\n<li>\u00bfEs para uso Interior, uso exterior o ambos?<\/li>\n<li>\u00bfSer\u00e1n manejados en superficies lisas o rugosas?<\/li>\n<li>\u00bfCu\u00e1ntas horas al d\u00eda en promedio se implementar\u00e1n las m\u00e1quinas?<\/li>\n<\/ul>\n<h3>Capacidad posible de carga<\/h3>\n<p>Es un error llegar a elegir una m\u00e1quina que tenga una capacidad de elevaci\u00f3n menor de la que se requiere para realizar las operaciones dentro de un almac\u00e9n. En este caso, es necesario plantearse algunas preguntas como son:<\/p>\n<ul>\n<li>\u00bfCu\u00e1l es el peso medio de carga?<\/li>\n<li>\u00bfQu\u00e9 tipo de productos o carga ser\u00e1 manipulada por las m\u00e1quinas?<\/li>\n<li>\u00bfCu\u00e1l es la carga m\u00e1s pesada que ser\u00e1 necesario levantar?<\/li>\n<li>\u00bfCu\u00e1les son las dimensiones de la carga?<\/li>\n<\/ul>\n<p>El tipo de carga igualmente es un punto esencial. Hay accesorios importantes para montacargas que pueden desplazar la carga de una manera eficiente. Dentro de los tipos de accesorios que se pueden encontrar est\u00e1n:<\/p>\n<ul>\n<li>Posicionadores de cuchillas.<\/li>\n<li>Desplazadores laterales de carga.<\/li>\n<li>Equipos Push-Pull.<\/li>\n<li>&nbsp;<\/li>\n<\/ul>\n<h3>Altura y Dimensiones<\/h3>\n<p>De forma parecida a la carga m\u00e1xima, debe elegirse una m\u00e1quina adecuada que pueda cumplir con las restricciones de altura:<\/p>\n<ul>\n<li>\u00bfCu\u00e1l es la altura de elevaci\u00f3n promedio de la carga?<\/li>\n<li>\u00bfQu\u00e9 altura m\u00e1xima de elevaci\u00f3n de la carga maneja el montacargas?<\/li>\n<li>\u00bfExiste alguna restricci\u00f3n de altura a tener presente?&nbsp;(por ejemplo: vigas de techo o luminarios).<\/li>\n<li>\u00bfSer\u00e1 necesario que la m\u00e1quina ingrese a trav\u00e9s de una estructura fija? (Por ejemplo: puerta de bodega o de contenedor).<\/li>\n<li>\u00bfCu\u00e1les son las dimensiones de los pasillos y de las \u00e1reas por donde debe circular el montacargas?<\/li>\n<\/ul>\n<p>Con el apoyo de profesionales en el \u00e1mbito, es posible reconocer las mejores m\u00e1quinas que respondan a las necesidades de cada establecimiento, almac\u00e9n o proyecto.<\/p>\n<h2>Beneficios de adquirir una flotilla de montacargas con TMR<\/h2>\n<p>Las industrias deben disponer de aliados comerciales y operativos que sean eficientes e innovadores. Al respecto, TMR cuenta con m\u00e1s de 30 a\u00f1os de experiencia ofreciendo soluciones que dan respuesta a las necesidades de todos nuestros clientes.<\/p>\n<p>Contamos con la venta, renta y mantenimiento de <a href=\"https:\/\/montacargasventayrenta.com\/como-utilizar-los-montacargas-industriales-en-diferentes-tipos-de-almacenes\/\" target=\"_blank\" rel=\"noopener\"><strong><u>montacargas JLG<\/u><\/strong><\/a>, tanto de combustible (Gas LP y Di\u00e9sel) como el\u00e9ctricos. Tener el soporte de una empresa que asegure un servicio integral, ayuda considerablemente en la adquisici\u00f3n de equipos que cumplan con servicios de mantenimiento adecuados.<\/p>\n<p>De esta manera, es c\u00f3mo garantizan las condiciones \u00f3ptimas de operaci\u00f3n ininterrumpidas para los trabajos de log\u00edstica en los establecimientos. As\u00ed, los negocios o industrias pueden realizar una inversi\u00f3n adecuada, conforme a sus necesidades.&nbsp;<\/p>\n<h2>Importancia del montacargas para las empresas<\/h2>\n<p>Estos equipos son esenciales en empresas de log\u00edstica, f\u00e1bricas, construcci\u00f3n y grandes almacenes, donde requieren de transportar y sostener tarimas o pallets con productos y organizar estanter\u00edas o racks.<\/p>\n<p>Tambi\u00e9n, es un tipo de maquinaria que permite realizar las actividades de carga y descarga de camiones o contenedores. Distintas empresas incorporan cestas de carga al montacargas para usarlas como gr\u00faas, adem\u00e1s de otros dispositivos que permiten elevar personal.<\/p>\n<p>Cuando las tareas y operaciones se realizan en almacenes cerrados y con poca ventilaci\u00f3n, se recomienda la implementaci\u00f3n de montacargas el\u00e9ctricos, dado que, no generan gases t\u00f3xicos.<\/p>\n<p>Este tipo de maquinaria, tambi\u00e9n, es id\u00f3nea para negocios o industrias que ameritan el almacenamiento de productos comestibles, porque no emiten emisiones que pueden llegar a generar contaminaci\u00f3n.<\/p>\n<p>Por otro lado, si el \u00e1rea de trabajo es en espacios abiertos o con buena ventilaci\u00f3n, la mejor opci\u00f3n es un equipo de combusti\u00f3n interna, porque tiene m\u00e1s fuerza y no existen riesgos por las emisiones de las m\u00e1quinas.<\/p>\n<h3>Comprar<\/h3>\n<p>En TMR contamos con disponibilidad de equipos nuevos y usados en venta a precios accesibles. Adem\u00e1s, nuestra flotilla est\u00e1 conformada por m\u00e1quinas especializadas y certificadas.<\/p>\n<h3>Rentar<\/h3>\n<p>Es otra alternativa que tenemos disponible en TMR. Contamos con contratos desde hace 1 semana. Tenemos precios especiales en contratos a largo plazo, garant\u00edas y mantenimientos.&nbsp; Adem\u00e1s, se puede tener acceso a equipos de respaldo o reemplazo en caso de que pueda surgir alg\u00fan inconveniente ajeno al mal uso o negligencia.<\/p>\n<p>Generalmente, las empresas optan por la renta de montacargas, para delegar las responsabilidades del mantenimiento al arrendador, cubrir los requerimientos a corto plazo o evitar plazos forzosos, como sucede en otros casos de arrendamiento.<\/p>\n<p>Una opci\u00f3n adecuada para conservar la partida de los montacargas dentro del presupuesto disponible. Con una asesor\u00eda por parte de nuestro equipo, permite encontrar la m\u00e1quina adecuada para las empresas.<\/p>\n<h2>Montacargas JLG en M\u00e9xico, compra o renta con TMR<\/h2>\n<p>El <strong><u>montacargas JLG<\/u><\/strong> hace parte de las mejores soluciones que ofrecemos en TMR. M\u00e1quina dise\u00f1ada y fabricada para rendir y durar en los entornos m\u00e1s exigentes, ofreciendo as\u00ed, una manipulaci\u00f3n sin esfuerzos excesivos.<\/p>\n<p>Nos destacamos por ofrecer equipo con la m\u00e1s alta tecnolog\u00eda, y nuestros precios son competitivos, asimismo, nuestras unidades de carga permiten que nuestros clientes se puedan beneficiar con cero tiempo muertos en sus operaciones.<\/p>\n<p>Para acceder a nuestros servicios disponemos de diversas modalidades de pago, por ejemplo de contado o con cr\u00e9dito desde 15 hasta 90 d\u00edas. Aprovechen de una amplia variedad de montacargas nuevos y usados, cada uno en \u00f3ptimas condiciones para un mejor rendimiento dentro de los almacenes.<\/p>\n<p>Para quienes planean comprar o alquilar montacargas, es necesario que consideren los procesos de transporte interno, dado que son \u00fanicos para cada operaci\u00f3n. \u00a1Tranquilos!<\/p>\n<p>En TMR contamos con un equipo de expertos que ofrecen atenci\u00f3n personalizada para identificar la mejor soluci\u00f3n conforme sus necesidades. As\u00ed podr\u00e1n optimizar el flujo de las operaciones, disminuir los da\u00f1os en el tr\u00e1nsito e incrementar la seguridad.<\/p>\n<p>\u00bfRequieren m\u00e1s detalles acerca de montacargas o veh\u00edculos de carga industrial?&nbsp;Cont\u00e1ctenos para ayudarles a elegir el modelo adecuado. Adem\u00e1s, si desean conocer sobre las caracter\u00edsticas de nuestras m\u00e1quinas, pueden ponerse en contacto v\u00eda telef\u00f3nica o por correo electr\u00f3nico, donde con gusto nuestros asesores les asesorar\u00e1n sobre los mejores equipos para sus negocios.<\/p>\n","protected":false},"excerpt":{"rendered":"<p>El montacargas JLG es un equipo sumamente necesario para cargar y transportar materiales pesados y, adem\u00e1s, se considera una herramienta ideal para optimizar los espacios de almacenamiento. Gran parte de los almacenes e industrias necesitan de la incorporaci\u00f3n de este tipo de maquinaria, por lo menos para el desarrollo de las tareas b\u00e1sicas. Hoy en [&hellip;]<\/p>\n","protected":false},"author":4,"featured_media":0,"parent":0,"menu_order":0,"comment_status":"closed","ping_status":"closed","template":"","meta":{"footnotes":""},"class_list":["post-12163","page","type-page","status-publish","hentry"],"_links":{"self":[{"href":"https:\/\/optimizacion-online.info\/mtr\/wp-json\/wp\/v2\/pages\/12163","targetHints":{"allow":["GET"]}}],"collection":[{"href":"https:\/\/optimizacion-online.info\/mtr\/wp-json\/wp\/v2\/pages"}],"about":[{"href":"https:\/\/optimizacion-online.info\/mtr\/wp-json\/wp\/v2\/types\/page"}],"author":[{"embeddable":true,"href":"https:\/\/optimizacion-online.info\/mtr\/wp-json\/wp\/v2\/users\/4"}],"replies":[{"embeddable":true,"href":"https:\/\/optimizacion-online.info\/mtr\/wp-json\/wp\/v2\/comments?post=12163"}],"version-history":[{"count":0,"href":"https:\/\/optimizacion-online.info\/mtr\/wp-json\/wp\/v2\/pages\/12163\/revisions"}],"wp:attachment":[{"href":"https:\/\/optimizacion-online.info\/mtr\/wp-json\/wp\/v2\/media?parent=12163"}],"curies":[{"name":"wp","href":"https:\/\/api.w.org\/{rel}","templated":true}]}}