{"id":12205,"date":"2024-02-28T17:16:30","date_gmt":"2024-02-28T17:16:30","guid":{"rendered":"https:\/\/montacargasventayrenta.com\/?page_id=12205"},"modified":"2025-02-05T18:38:48","modified_gmt":"2025-02-05T18:38:48","slug":"montacargas-taylor-dunn","status":"publish","type":"page","link":"https:\/\/optimizacion-online.info\/mtr\/montacargas-taylor-dunn\/","title":{"rendered":"Montacargas Taylor Dunn"},"content":{"rendered":"<p>S\u00ed conocen un poco sobre este tema sabr\u00e1n entonces que los <a href=\"https:\/\/montacargasventayrenta.com\/como-contar-con-montacargas-en-jalisco-de-alta-calidad\/\" target=\"_blank\" rel=\"noopener\"><strong>montacargas Tylor Dunn<\/strong><\/a> cuentan con un alto nivel de eficiencia e innovaci\u00f3n gracias a su motor el\u00e9ctrico que no emite sonido ni contaminaci\u00f3n. Esto resulta sumamente relevante cuando se habla del cumplimiento de las diversas normativas ambientales y, a su vez, en el cuidado del medio ambiente en medidas generales.<\/p>\n<p>Este tipo de maquinaria es sumamente implementada en entornos comerciales para agilizar y facilitar tareas de almacenamiento, levantamiento de carga y transporte de mercanc\u00eda. Por lo que hablamos de una alternativa a considerar en todo momento s\u00ed lo que se busca es mantener al m\u00e1ximo los niveles de productividad y eficiencia.<\/p>\n<p>TMR es una empresa comercializadora de montacargas de la m\u00e1s alta calidad capaz de ofrecer una amplia gama de m\u00e1quinas en perfectas condiciones. Mediante servicios de renta y venta de montacargas, cualquier empresa podr\u00e1 contar con nuestra experiencia y as\u00ed obtener la maquinaria que necesita en su negocio. A continuaci\u00f3n, les ense\u00f1aremos todo lo que deben saber sobre este montacargas en espec\u00edfico para que puedan conocer a profundidad sus caracter\u00edsticas y beneficios.<\/p>\n<h2>Principales caracter\u00edsticas y beneficios<\/h2>\n<p>Los <strong>montacargas<\/strong> <strong>Taylor Dunn<\/strong> son una alternativa ideal para m\u00faltiples tipos de entornos comerciales de la actualidad gracias a todo que son capaces de ofrecer en cuesti\u00f3n de beneficios y caracter\u00edsticas. Para comenzar, estamos hablando de maquinaria altamente eficiente, resistente y duradera, por lo que se puede contar con un equipo confiable en todo momento. Por otra parte, este montacargas cuenta con un motor el\u00e9ctrico que permite un m\u00e1ximo aprovechamiento de la energ\u00eda y la disminuci\u00f3n de los niveles de contaminaci\u00f3n. Algo sencillamente id\u00f3neo cuando se habla de apegarse a las normativas ambientales de la actualidad.<\/p>\n<p>Estos montacargas destacan sobre otros equipos similares debido a que, Taylor Dunn como marca, es una empresa especializada en veh\u00edculos el\u00e9ctricos d\u00f3nde se incluyen los de uso industrial. Es decir, se trata de una m\u00e1quina dise\u00f1ada y desarrollada por una empresa especializada que conoce de principio a fin las demandas del \u00e1rea comercial e industrial. Por lo que su resistencia, durabilidad, eficiencia y funcionalidad, est\u00e1n m\u00e1s que garantizadas.<\/p>\n<ul>\n<li>Fabricaci\u00f3n mediante materiales de la m\u00e1s alta calidad que garantizan ciclos de vida largos y notables.<\/li>\n<li>Se adaptan a la perfecci\u00f3n a las diversas normativas de seguridad y calidad de la actualidad.<\/li>\n<li>Permiten un adecuado cumplimiento de las normativas ambientales relacionadas a la industria.<\/li>\n<li>Alto nivel de eficiencia y funcionalidad garantizado.<\/li>\n<li>Versatilidad incomparable para implementarlos en diversos entornos comerciales.<\/li>\n<li>Agiliza y facilita el desarrollo de tareas relacionadas al almacenamiento y levantamiento de carga.<\/li>\n<li>Permite mantener un alto nivel de productividad en todo momento.<\/li>\n<\/ul>\n<p>Al contar con un <strong>montacargas Taylor Dunn<\/strong> de parte de empresas proveedoras responsables y representativas es posible obtener todos estos beneficios y algunos otros m\u00e1s. Este tipo de montacargas representan una soluci\u00f3n moderna y sumamente eficiente que promete llevar a cualquier tipo de negocio al siguiente nivel. Estamos hablando de una alternativa a tener en cuenta en todo momento s\u00ed lo que se desea es mantenerse a la vanguardia en el mundo comercial altamente competitivo.<\/p>\n<h3>Motor el\u00e9ctrico<\/h3>\n<p>Gracias al uso del motor el\u00e9ctrico este montacargas puede desarrollar tareas de levantamiento de carga, almacenamiento y organizaci\u00f3n de mercanc\u00eda sin ning\u00fan tipo de problema. Esto, por supuesto, sin la necesidad de consumir combustibles contaminantes que afecten al ecosistema y al medio ambiente. Los motores de estos tractores resultan muy eficientes adem\u00e1s de capaces de cumplir con las m\u00e1s altas exigencias, por lo que su presencia no simboliza ning\u00fan defecto o falta de potencia.<\/p>\n<h3>Versatilidad incomparable<\/h3>\n<p>El alto nivel de versatilidad le permite a estos montacargas cumplir con tareas y actividades de diversos tipos de industrias. Adem\u00e1s, pueden ser implementados para almacenar y organizar una excelente diversidad de productos de diferentes tama\u00f1os, formas y caracter\u00edsticas. Por lo que estamos hablando de una m\u00e1quina altamente adaptable a m\u00faltiples empresas y sus procesos.<\/p>\n<h3>Funcionamiento confiable<\/h3>\n<p>La experiencia y alto nivel de calidad, en estos casos, s\u00ed resaltan una enorme diferencia en los resultados. El funcionamiento de estos montacargas es uno de los m\u00e1s confiables en la actualidad, ya que hablamos de maquinaria desarrollada por verdaderos especialistas. De esta manera se puede contar con un equipo listo para ser utilizado y aprovechado, en el momento que se necesita.<\/p>\n<h3>Capacidad y maniobrabilidad<\/h3>\n<p>Los <strong>montacargas Taylor Dunn<\/strong> son conocidos por su excelente nivel de resistencia y capacidad para levantar cargas pesadas. Dependiendo del tipo de productos o mercanc\u00eda del que se hable, es posible afirmar que se contar\u00e1 con una m\u00e1quina id\u00f3nea para realizar el trabajo, esto claro sin poner en riesgo la calidad de la mercanc\u00eda.<\/p>\n<p>Adem\u00e1s, se podr\u00e1 gozar de una maniobrabilidad envidiable debido al alto nivel de innovaci\u00f3n del montacargas. As\u00ed cualquier colaborador, sin importar su experiencia, podr\u00e1 aprovechar al m\u00e1ximo cada detalle, caracter\u00edstica y funci\u00f3n de la m\u00e1quina. Algo que resulta de mucha utilidad s\u00ed lo que se busca es mantener un alto nivel de productividad en todo momento.<\/p>\n<h2>\u00bfD\u00f3nde comprar estos montacargas?<\/h2>\n<p>Al estar haciendo referencia a una m\u00e1quina de alta relevancia para m\u00faltiples tipos de industrias y empresas de la actualidad, lo m\u00e1s recomendable es contar con la presencia de una empresa representativa y responsable. Las mejores empresas son capaces de garantizar el m\u00e1s alto nivel de calidad en cada producto y servicio. Adem\u00e1s, se podr\u00e1 contar con diversas opciones para elegir la m\u00e1s indicada y adquirir un montacargas verdaderamente adaptado a las necesidades de la empresa y sus procesos.<\/p>\n<p>Todo esto sin mencionar que se contar\u00e1 con asesor\u00edas personalizadas de parte de expertos altamente capacitados para que la selecci\u00f3n e implementaci\u00f3n del montacargas no represente problema alguno. Algo que resulta de mucha utilidad s\u00ed no se cuenta con mucho conocimiento sobre estas m\u00e1quinas y su funcionamiento.<\/p>\n<h2>Montacargas marca Taylor Dunn en TMR<\/h2>\n<p>TMR deja a su disposici\u00f3n un amplio cat\u00e1logo de montacargas de la m\u00e1s alta calidad en el mercado con el objetivo de ofrecer todo lo que necesitan para sus empresas. Adem\u00e1s, dejamos a su disposici\u00f3n nuestros servicios de venta y renta de montacargas para que puedan llevar sus negocios al siguiente nivel. Nuestro equipo de especialistas altamente experimentados les ofrecer\u00e1 toda la informaci\u00f3n que necesitan para disipar cualquier tipo de duda.<\/p>\n<p>Nos posicionamos c\u00f3mo la mejor alternativa para asegurar el m\u00e1s alto nivel de calidad en cada uno de nuestros productos y servicios. Todo esto sin mencionar que mantenemos una reputaci\u00f3n intachable con cada empresa y cliente a lo largo de nuestra destacada trayectoria.<\/p>\n<p>\u00bfQuieren obtener cada uno de los beneficios que nuestros <strong>montacargas Taylor Dunn<\/strong> son capaces de ofrecer a sus empresas? Pueden contactarnos a trav\u00e9s de la l\u00ednea telef\u00f3nica (81) 8327 0498 o, completando el formulario de contacto disponible en nuestro sitio web para descubrir toda la informaci\u00f3n que buscan.<\/p>\n","protected":false},"excerpt":{"rendered":"<p>S\u00ed conocen un poco sobre este tema sabr\u00e1n entonces que los montacargas Tylor Dunn cuentan con un alto nivel de eficiencia e innovaci\u00f3n gracias a su motor el\u00e9ctrico que no emite sonido ni contaminaci\u00f3n. Esto resulta sumamente relevante cuando se habla del cumplimiento de las diversas normativas ambientales y, a su vez, en el cuidado [&hellip;]<\/p>\n","protected":false},"author":4,"featured_media":0,"parent":0,"menu_order":0,"comment_status":"closed","ping_status":"closed","template":"","meta":{"footnotes":""},"class_list":["post-12205","page","type-page","status-publish","hentry"],"_links":{"self":[{"href":"https:\/\/optimizacion-online.info\/mtr\/wp-json\/wp\/v2\/pages\/12205","targetHints":{"allow":["GET"]}}],"collection":[{"href":"https:\/\/optimizacion-online.info\/mtr\/wp-json\/wp\/v2\/pages"}],"about":[{"href":"https:\/\/optimizacion-online.info\/mtr\/wp-json\/wp\/v2\/types\/page"}],"author":[{"embeddable":true,"href":"https:\/\/optimizacion-online.info\/mtr\/wp-json\/wp\/v2\/users\/4"}],"replies":[{"embeddable":true,"href":"https:\/\/optimizacion-online.info\/mtr\/wp-json\/wp\/v2\/comments?post=12205"}],"version-history":[{"count":0,"href":"https:\/\/optimizacion-online.info\/mtr\/wp-json\/wp\/v2\/pages\/12205\/revisions"}],"wp:attachment":[{"href":"https:\/\/optimizacion-online.info\/mtr\/wp-json\/wp\/v2\/media?parent=12205"}],"curies":[{"name":"wp","href":"https:\/\/api.w.org\/{rel}","templated":true}]}}