{"id":12207,"date":"2024-02-28T17:17:43","date_gmt":"2024-02-28T17:17:43","guid":{"rendered":"https:\/\/montacargasventayrenta.com\/?page_id=12207"},"modified":"2025-02-05T18:38:18","modified_gmt":"2025-02-05T18:38:18","slug":"montacargas-flexi-3","status":"publish","type":"page","link":"https:\/\/optimizacion-online.info\/mtr\/montacargas-flexi-3\/","title":{"rendered":"Montacargas Flexi"},"content":{"rendered":"<p>Al hacer referencia al <a href=\"https:\/\/montacargasventayrenta.com\/montacargas-flexi-himax\/\" target=\"_blank\" rel=\"noopener\"><strong>montacargas Flexi<\/strong><\/a> es necesario destacar que estamos hablando de un tipo de montacargas espec\u00edficamente dise\u00f1ado para ser operado en espacios reducidos. Su implementaci\u00f3n en instalaci\u00f3n de pasillos estrechos resulta ideal pues proporciona todas las funciones de una maquinaria eficiente sin ning\u00fan tipo de inconveniente relacionado a la accesibilidad. Adem\u00e1s, esta innovadora m\u00e1quina cuenta con una excelente capacidad de carga de hasta 2.5 toneladas, lo que permite agilizar tareas del d\u00eda a d\u00eda y disminuir el esfuerzo por parte de los colaboradores.<\/p>\n<p>Otro aspecto importante a tener en cuenta es que estos equipos cuentan con dise\u00f1os sumamente modernos que permiten aprovechar al m\u00e1ximo cada espacio y funci\u00f3n de la m\u00e1quina. Esto \u00faltimo facilita el desarrollo de tareas relacionadas a almacenamiento de mercanc\u00eda y levantamiento de carga.<\/p>\n<p>TMR es una empresa comercializadora de montacargas de la m\u00e1s alta calidad capaz de ofrecer una amplia gama de m\u00e1quinas en perfectas condiciones. Mediante servicios de renta y venta de montacargas, cualquier empresa podr\u00e1 contar con nuestra experiencia y as\u00ed obtener la maquinaria que necesita en su negocio. A continuaci\u00f3n, les ense\u00f1aremos todo lo que deben saber sobre este montacargas en espec\u00edfico para que puedan conocer a profundidad sus caracter\u00edsticas y beneficios.<\/p>\n<h2>Todo lo que deben saber sobre el montacargas Flexi<\/h2>\n<p>C\u00f3mo bien mencionamos el <strong>montacargas Flexi<\/strong> es un tipo de montacargas sumamente eficiente y funcional que se adapta a la perfecci\u00f3n a espacios reducidos y pasillos estrechos. Con su incre\u00edble capacidad para transportar y levantar mercanc\u00eda y carga, se posiciona c\u00f3mo la alternativa ideal para empresas que requieren una m\u00e1quina altamente eficiente y compacta al mismo tiempo. M\u00e1s all\u00e1 de un dise\u00f1o compacto, este tipo de montacargas es capaz de realizar tareas de manera eficiente y sin mayor esfuerzo. Por lo que es una alternativa a tener en mente en todo momento.<\/p>\n<p>Entre sus principales caracter\u00edsticas destacadas se puede encontrar una maniobrabilidad id\u00f3nea y una flexibilidad perfecta para operar en empresas y negocios con instalaciones reducidas. Esto facilita su operatividad al m\u00e1ximo para que cualquier colaborador pueda aprovechar sus funciones sin ning\u00fan tipo de contratiempo. Adem\u00e1s, es necesario destacar un ciclo de vida sumamente largo y notable mediante un funcionamiento sin fallas. Estamos hablando de una m\u00e1quina muy beneficiosa para los diversos entornos comerciales de la actualidad.<\/p>\n<p>Ahora bien, los <a href=\"https:\/\/montacargasventayrenta.com\/como-contar-con-montacargas-en-jalisco-de-alta-calidad\/\" target=\"_blank\" rel=\"noopener\"><strong>montacargas Flexi <\/strong><\/a>proporcionan una serie de beneficios a considerar s\u00ed lo que se desea es un m\u00e1ximo aprovechamiento de la maquinaria de una empresa. Para que tengan una mejor idea de esto les ense\u00f1aremos algunos de los m\u00e1s relevantes a tener en cuenta, a continuaci\u00f3n<\/p>\n<h3>M\u00e1ximo aprovechamiento de los almacenes<\/h3>\n<p>Gracias a los dise\u00f1os modernos, innovadores y compactos de estas m\u00e1quinas, las m\u00faltiples empresas de la actualidad pueden contar con un ahorro de espacio notable y un m\u00e1ximo aprovechamiento de almacenes. Esto se debe a que ser\u00e1 posible reducir los pasillos para aumentar el n\u00famero de estanter\u00edas y la capacidad de almacenamiento. La alta maniobrabilidad y rotaci\u00f3n del Flexi le permitir\u00e1 operar sin problema alguno en este tipo de espacios angostos, as\u00ed que esto no representa ning\u00fan inconveniente para la m\u00e1quina u operador.<\/p>\n<h3>Mayor eficiencia a menor costo<\/h3>\n<p>S\u00ed se implementa el uso de un montacargas de este tipo, se erradica la necesidad de realizar procesos de manera manual mediante colaboradores. Esto representa una mejora en el nivel de eficiencia y productividad, al mismo tiempo que disminuye los costos operativos. Esto \u00faltimo pues no ser\u00e1 necesario implementar otro tipo de maquinaria c\u00f3mo apiladores u otros similares.<\/p>\n<h3>Mejor calidad de servicio<\/h3>\n<p>Al verse optimizada la eficiencia y productividad, ser\u00e1 posible proporcionar un mejor y m\u00e1s efectivo servicio de almacenamiento. Todo esto sin mencionar que se podr\u00e1n evitar da\u00f1os o accidentes relacionados a la mercanc\u00eda, por lo que tambi\u00e9n se disminuir\u00e1 al m\u00e1ximo las probabilidades de p\u00e9rdidas.<\/p>\n<h3>Cumplimiento ideal de normativas y est\u00e1ndares<\/h3>\n<p>Las empresas de mayor relevancia en la actualidad, saben que resulta indispensable apegarse a cada normativa de seguridad para evitar sanciones, multas y dolores de cabeza innecesarios. Mediante una adecuada implementaci\u00f3n y uso del <a href=\"https:\/\/montacargasventayrenta.com\/la-renta-de-montacargas-como-solucion-ideal-para-proyectos-temporales\/\" target=\"_blank\" rel=\"noopener\"><strong>montacargas Flexi<\/strong><\/a>, las m\u00faltiples empresas podr\u00e1n cumplir cada norma de la manera adecuada. Adem\u00e1s, proporcionan una herramienta de mucha utilidad para facilitar las tareas de los colaboradores y mantener un ambiente laboral positivo y funcional.<\/p>\n<h2>Montacargas de excelente calidad<\/h2>\n<p>Sin importar de qu\u00e9 tipo de montacargas estemos hablando, es totalmente recomendable adquirirlo de parte de empresas representativas y responsables. Estas empresas son capaces de garantizar el m\u00e1s alto nivel de calidad y rendimiento en cada m\u00e1quina, sin mencionar que cuentan con especialistas altamente capacitados que brindan asesor\u00edas personalizadas. Algo que resulta de mucha utilidad s\u00ed no se cuenta con mucho conocimiento sobre estos equipos y su funcionamiento.<\/p>\n<p>Todo esto sin mencionar que, algunas de las empresas m\u00e1s destacadas ofrecen oportunidades \u00fanicas a diversos tipos de empresas mediante servicios de venta y de renta de maquinaria. De forma que, tanto peque\u00f1as y medianas empresas, c\u00f3mo grandes comercios, podr\u00e1n contar con la maquinaria y equipamiento necesario para el desarrollo de sus procesos. As\u00ed que estamos haciendo referencia a la alternativa m\u00e1s recomendable y a tener en cuenta en todo momento s\u00ed lo que se desea es mantenerse a la vanguardia en el mundo comercial altamente competitivo de la actualidad.<\/p>\n<h2>TMR y su amplia gama de montacargas de alta calidad<\/h2>\n<p>Al analizar cada detalle de importancia queda claro que los <strong>montacargas Flexi<\/strong> representan la alternativa ideal para aquellas empresas que buscan un alto nivel de eficiencia en espacios reducidos. Gracias a sus dise\u00f1os compactos y su asombrosa flexibilidad, estos montacargas pueden operar de manera id\u00f3nea en pasillos y entornos estrechos. Por lo que se puede aprovechar al m\u00e1ximo cada espacio de almacenamiento y obtener un extenso repertorio de beneficios.<\/p>\n<p>TMR deja a su disposici\u00f3n un amplio cat\u00e1logo de montacargas de la m\u00e1s alta calidad en el mercado con el objetivo de ofrecer todo lo que necesitan para sus empresas. Adem\u00e1s, dejamos a su disposici\u00f3n nuestros servicios de venta y renta de montacargas para que puedan llevar sus negocios al siguiente nivel. Nuestro equipo de especialistas altamente experimentados les ofrecer\u00e1 toda la informaci\u00f3n que necesitan para disipar cualquier tipo de duda.<\/p>\n<p>Nos posicionamos c\u00f3mo la mejor alternativa para asegurar el m\u00e1s alto nivel de calidad en cada uno de nuestros productos y servicios. Todo esto sin mencionar que mantenemos una reputaci\u00f3n intachable con cada empresa y cliente a lo largo de nuestra destacada trayectoria.<\/p>\n<p>\u00bfQuieren obtener cada uno de los beneficios que nuestros montacargas son capaces de ofrecer a sus empresas? Pueden contactarnos a trav\u00e9s de la l\u00ednea telef\u00f3nica (81) 8327 0498 o, completando el formulario de contacto disponible en nuestro sitio web para descubrir toda la informaci\u00f3n que buscan.<\/p>\n","protected":false},"excerpt":{"rendered":"<p>Al hacer referencia al montacargas Flexi es necesario destacar que estamos hablando de un tipo de montacargas espec\u00edficamente dise\u00f1ado para ser operado en espacios reducidos. Su implementaci\u00f3n en instalaci\u00f3n de pasillos estrechos resulta ideal pues proporciona todas las funciones de una maquinaria eficiente sin ning\u00fan tipo de inconveniente relacionado a la accesibilidad. Adem\u00e1s, esta innovadora [&hellip;]<\/p>\n","protected":false},"author":4,"featured_media":0,"parent":0,"menu_order":0,"comment_status":"closed","ping_status":"closed","template":"","meta":{"footnotes":""},"class_list":["post-12207","page","type-page","status-publish","hentry"],"_links":{"self":[{"href":"https:\/\/optimizacion-online.info\/mtr\/wp-json\/wp\/v2\/pages\/12207","targetHints":{"allow":["GET"]}}],"collection":[{"href":"https:\/\/optimizacion-online.info\/mtr\/wp-json\/wp\/v2\/pages"}],"about":[{"href":"https:\/\/optimizacion-online.info\/mtr\/wp-json\/wp\/v2\/types\/page"}],"author":[{"embeddable":true,"href":"https:\/\/optimizacion-online.info\/mtr\/wp-json\/wp\/v2\/users\/4"}],"replies":[{"embeddable":true,"href":"https:\/\/optimizacion-online.info\/mtr\/wp-json\/wp\/v2\/comments?post=12207"}],"version-history":[{"count":0,"href":"https:\/\/optimizacion-online.info\/mtr\/wp-json\/wp\/v2\/pages\/12207\/revisions"}],"wp:attachment":[{"href":"https:\/\/optimizacion-online.info\/mtr\/wp-json\/wp\/v2\/media?parent=12207"}],"curies":[{"name":"wp","href":"https:\/\/api.w.org\/{rel}","templated":true}]}}