{"id":12209,"date":"2024-02-28T17:19:03","date_gmt":"2024-02-28T17:19:03","guid":{"rendered":"https:\/\/montacargasventayrenta.com\/?page_id=12209"},"modified":"2025-02-05T18:36:32","modified_gmt":"2025-02-05T18:36:32","slug":"montacargas-cascade","status":"publish","type":"page","link":"https:\/\/optimizacion-online.info\/mtr\/montacargas-cascade\/","title":{"rendered":"Montacargas Cascade"},"content":{"rendered":"<p>S\u00ed cuentan con un poco de conocimiento relacionado a este tema sabr\u00e1n entonces que Cascade es una empresa l\u00edder mundial en dise\u00f1o y fabricaci\u00f3n de aditamentos, horquillas y accesorios para montacargas. De manera que ofrece soluciones para pr\u00e1cticamente todos los sectores y aplicaciones industriales. Es por esto que los <a href=\"https:\/\/montacargasventayrenta.com\/como-contar-con-montacargas-en-jalisco-de-alta-calidad\/\" target=\"_blank\" rel=\"noopener\"><strong>montacargas Cascade<\/strong><\/a> destacan en el mercado y se posicionan c\u00f3mo una alternativa a considerar en todo momento s\u00ed lo que se busca es un alto nivel de versatilidad y eficiencia.<\/p>\n<p>Estas m\u00e1quinas destacan en comparaci\u00f3n con otras similares debido a sus capacidades, adaptabilidad, altos niveles de resistencia y un extenso repertorio de beneficios m\u00e1s. De forma que su presencia en entornos comerciales e instalaciones industriales resulta de vital importancia para mantener un alto nivel de eficiencia y productividad en todo momento.<\/p>\n<p>TMR es una empresa comercializadora de montacargas de la m\u00e1s alta calidad capaz de ofrecer una amplia gama de m\u00e1quinas en perfectas condiciones. Mediante servicios de renta y venta de montacargas, cualquier empresa podr\u00e1 contar con nuestra experiencia y as\u00ed obtener la maquinaria que necesita en su negocio. A continuaci\u00f3n, les ense\u00f1aremos todo lo que deben saber sobre este tipo de montacargas en espec\u00edfico para que puedan conocer a profundidad sus principales caracter\u00edsticas y beneficios.<\/p>\n<h2>Caracter\u00edsticas principales del montacargas<\/h2>\n<p>Los <strong>montacargas Cascade<\/strong> destacan sobre otras maquinarias similares debido a diversos aspectos de mucha relevancia. Para comenzar, es necesario destacar que estamos hablando de una marca especializada en maquinaria industrial de la m\u00e1s alta calidad. Por lo que sin duda alguna se trata de expertos fabricantes enfocados en ofrecer el m\u00e1s alto desempe\u00f1o y funcionalidad. Por otra parte, tambi\u00e9n es necesario mencionar que estos montacargas ofrecen una excelente adaptabilidad y versatilidad.<\/p>\n<p>Esto \u00faltimo se debe a que pueden ser implementados sin ning\u00fan tipo de problema en m\u00faltiples entornos comerciales c\u00f3mo farmacias, centros comerciales, distribuidoras y muchos otros m\u00e1s. B\u00e1sicamente estamos hablando de una m\u00e1quina de excelente calidad que garantiza un alto nivel de eficiencia, funcionalidad, adaptabilidad, versatilidad y resistencia.<\/p>\n<p>Ahora bien, m\u00e1s all\u00e1 de estar hablando de un equipo sumamente beneficioso para diversos espacios y negocios, estamos hablando de una m\u00e1quina capaz de brindar un extenso repertorio de beneficios. Para que tengan una mejor idea de esto, les ense\u00f1aremos algunas de las ventajas m\u00e1s relevantes de contar con <a href=\"https:\/\/montacargasventayrenta.com\/venta-de-montacargas-en-monterrey-excelente-variedad-en-maquinaria\/\" target=\"_blank\" rel=\"noopener\"><strong>montacargas Cascade<\/strong><\/a> en las empresas, a continuaci\u00f3n<\/p>\n<h3>Alto nivel de calidad<\/h3>\n<p>Los montacargas de Cascade se diferencian de la competencia mediante una fabricaci\u00f3n en materiales de la m\u00e1s alta calidad, lo cual garantiza un excelente rendimiento, durabilidad y resistencia por parte de la m\u00e1quina. De igual forma, estos montacargas son fabricados teniendo en cuenta los m\u00e1s exigentes est\u00e1ndares de seguridad y calidad, por lo que se pueden implementar en diversos entornos sin ning\u00fan tipo de inconveniente.<\/p>\n<h3>Versatilidad ideal<\/h3>\n<p>Mediante una adaptabilidad notable a las diversas necesidades y preferencias, estos montacargas proporcionan una versatilidad perfecta para m\u00faltiples tipos de empresas. Hoy en d\u00eda es posible hallar una excelente diversidad en cu\u00e1nto a capacidades, dise\u00f1os, colores, aditamentos, horquillas y muchas otras caracter\u00edsticas para que cada negocio cuente con la m\u00e1quina ideal en sus procesos.<\/p>\n<h3>Seguridad garantizada<\/h3>\n<p>Este tipo de montacargas, c\u00f3mo bien mencionamos, son fabricados mediante procesos estandarizados y apeg\u00e1ndose a m\u00faltiples normativas de seguridad y calidad. Es por esto que su implementaci\u00f3n resulta totalmente segura y f\u00e1cil de aprovechar por los colaboradores. Todo esto sin mencionar que las maquinarias nuevas respetan de manera predilecta las normativas ambientales, por lo que tambi\u00e9n se contribuye al cuidado del medio ambiente. Estamos hablando de una verdadera soluci\u00f3n para las empresas de la actualidad y el desarrollo de sus procesos.<\/p>\n<h3>Alto nivel de capacidad y resistencia<\/h3>\n<p>Los <strong>montacargas Cascade<\/strong> soportan cargas pesadas y variadas de mercanc\u00eda que pueden ir desde cajas de cart\u00f3n, hasta rollos de papel. Adem\u00e1s de esto, hacen posible la distribuci\u00f3n del peso de manera uniforme, por lo que se disminuye al m\u00e1ximo la probabilidad de colapsos y p\u00e9rdidas por da\u00f1os. Estos montacargas proporcionan capacidades sumamente destacables para que el levantamiento de cargas y transporte y almacenamiento de mercanc\u00eda no represente problema alguno. Por lo que estamos hablando de una alternativa a tener en cuenta en todo momento.<\/p>\n<h3>M\u00e1ximo aprovechamiento<\/h3>\n<p>El alto nivel de calidad de cada componente y montacargas en general, permite un m\u00e1ximo aprovechamiento de cada caracter\u00edstica y funci\u00f3n. Estas m\u00e1quinas resultan sumamente recomendables para empresas que buscan contar con equipos confiables que faciliten y agilicen el desarrollo de tareas de almacenamiento. Sin mencionar que se podr\u00e1 contar con una disponibilidad total de cada montacargas en el momento que se necesite.<\/p>\n<h2>\u00bfD\u00f3nde adquirir estos montacargas?<\/h2>\n<p>Al tratarse de una maquinaria de alta relevancia para m\u00faltiples tipos de entornos comerciales lo m\u00e1s recomendable es contar con la presencia de empresas proveedoras representativas y confiables. S\u00f3lo de esta manera se podr\u00e1 garantizar la adquisici\u00f3n de una m\u00e1quina verdaderamente eficiente y adaptada a los requerimientos de las empresas.<\/p>\n<p>Adem\u00e1s, se podr\u00e1 contar con asesor\u00edas personalizadas e informaci\u00f3n confiable para que la selecci\u00f3n e implementaci\u00f3n de montacargas no representa inconveniente alguno. Las mejores empresas, incluso, ofrecen servicios de renta de montacargas para satisfacer las necesidades de las peque\u00f1as y medianas empresas y contribuir en su crecimiento. Estamos hablando la opci\u00f3n m\u00e1s recomendable s\u00ed lo que se busca es obtener un montacargas vers\u00e1til y altamente funcional.<\/p>\n<h2>Los montacargas de Cascade los encuentran en TMR<\/h2>\n<p>Queda claro el alto nivel de calidad y el extenso repertorio de beneficios que los <strong>montacargas Cascade<\/strong> son capaces de ofrecer a las empresas de la actualidad. Gracias a estos equipos es posible mantener un alto nivel de productividad y eficiencia, sin mencionar que se podr\u00e1 contar con una funcionalidad id\u00f3nea en todo momento. Es importante adquirir estas m\u00e1quinas mediante empresas representativas y responsables con el fin de garantizar la obtenci\u00f3n de cada uno de los beneficios que es capaz de proporcionar.<\/p>\n<p>TMR deja a su disposici\u00f3n un amplio cat\u00e1logo de montacargas de la m\u00e1s alta calidad en el mercado con el objetivo de ofrecer todo lo que necesitan para sus empresas. Adem\u00e1s, dejamos a su disposici\u00f3n nuestros servicios de venta y renta de montacargas para que puedan llevar sus negocios al siguiente nivel. Nuestro equipo de especialistas altamente experimentados les ofrecer\u00e1 toda la informaci\u00f3n que necesitan para disipar cualquier tipo de duda.<\/p>\n<p>Nos posicionamos c\u00f3mo la mejor alternativa para asegurar el m\u00e1s alto nivel de calidad en cada uno de nuestros productos y servicios. Todo esto sin mencionar que mantenemos una reputaci\u00f3n intachable con cada empresa y cliente a lo largo de nuestra destacada trayectoria.<\/p>\n<p>\u00bfQuieren obtener cada uno de los beneficios que nuestros montacargas son capaces de ofrecer a sus empresas? Pueden contactarnos a trav\u00e9s de la l\u00ednea telef\u00f3nica (81) 8327 0498 o, completando el formulario de contacto disponible en nuestro sitio web para descubrir toda la informaci\u00f3n que buscan.<\/p>\n","protected":false},"excerpt":{"rendered":"<p>S\u00ed cuentan con un poco de conocimiento relacionado a este tema sabr\u00e1n entonces que Cascade es una empresa l\u00edder mundial en dise\u00f1o y fabricaci\u00f3n de aditamentos, horquillas y accesorios para montacargas. De manera que ofrece soluciones para pr\u00e1cticamente todos los sectores y aplicaciones industriales. Es por esto que los montacargas Cascade destacan en el mercado [&hellip;]<\/p>\n","protected":false},"author":4,"featured_media":0,"parent":0,"menu_order":0,"comment_status":"closed","ping_status":"closed","template":"","meta":{"footnotes":""},"class_list":["post-12209","page","type-page","status-publish","hentry"],"_links":{"self":[{"href":"https:\/\/optimizacion-online.info\/mtr\/wp-json\/wp\/v2\/pages\/12209","targetHints":{"allow":["GET"]}}],"collection":[{"href":"https:\/\/optimizacion-online.info\/mtr\/wp-json\/wp\/v2\/pages"}],"about":[{"href":"https:\/\/optimizacion-online.info\/mtr\/wp-json\/wp\/v2\/types\/page"}],"author":[{"embeddable":true,"href":"https:\/\/optimizacion-online.info\/mtr\/wp-json\/wp\/v2\/users\/4"}],"replies":[{"embeddable":true,"href":"https:\/\/optimizacion-online.info\/mtr\/wp-json\/wp\/v2\/comments?post=12209"}],"version-history":[{"count":0,"href":"https:\/\/optimizacion-online.info\/mtr\/wp-json\/wp\/v2\/pages\/12209\/revisions"}],"wp:attachment":[{"href":"https:\/\/optimizacion-online.info\/mtr\/wp-json\/wp\/v2\/media?parent=12209"}],"curies":[{"name":"wp","href":"https:\/\/api.w.org\/{rel}","templated":true}]}}