{"id":12311,"date":"2024-10-10T16:34:52","date_gmt":"2024-10-10T16:34:52","guid":{"rendered":"https:\/\/montacargasventayrenta.com\/?page_id=12311"},"modified":"2025-02-05T18:39:44","modified_gmt":"2025-02-05T18:39:44","slug":"montacargas-toyota-en-monterrey","status":"publish","type":"page","link":"https:\/\/optimizacion-online.info\/mtr\/montacargas-toyota-en-monterrey\/","title":{"rendered":"Montacargas Toyota en Monterrey"},"content":{"rendered":"<p>Si buscas renovar o incorporar unidades de calidad para tu negocio o industria, pueden considerar los <a href=\"https:\/\/montacargasventayrenta.com\/montacargas-toyota-la-mejor-maquinaria-para-sus-tareas-industriales\/\" target=\"_blank\" rel=\"noopener\"><strong><u>montacargas Toyota en Monterrey<\/u><\/strong><\/a>. Se trata de equipos fabricados, sobre todo, para facilitar el control de materiales pesados, disminuyendo considerablemente el esfuerzo f\u00edsico y optimizar los tiempos de trabajos en diversos sectores industriales.&nbsp;<\/p>\n<p>En TMR se cuenta con equipos de montacargas y plataformas de alta calidad, marcas de prestigio y precios competitivos. Pues, sabemos la importancia de contar con m\u00e1quinas que tengan la capacidad para levantar grandes cargas y transportarlas de un espacio a otro, por eso, son elementos sumamente necesarios en varias industrias y \u00e1mbitos de construcci\u00f3n.<\/p>\n<p>La adquisici\u00f3n de estas m\u00e1quinas, ya sea en renta o compra, es una inversi\u00f3n importante para cualquier empresa. Es conveniente tener presente ciertos aspectos que ayudan a identificar el equipo que se requiere y c\u00f3mo se puede aprovechar al m\u00e1ximo, seg\u00fan sus caracter\u00edsticas y capacidades.<\/p>\n<h2>\u00bfC\u00f3mo funciona un montacargas?<\/h2>\n<p>B\u00e1sicamente, un montacargas es un veh\u00edculo motorizado contrabalanceado con un m\u00e1stil, generalmente, en la parte frontal del mismo, que le permite transportar y apilar cargas. Muchas personas pretenden conducir un montacargas de la misma manera que un autom\u00f3vil, sin embargo, esto es un grave error, debido a que al ser mucho m\u00e1s pesados y no tener el centro de gravedad tan bajo como un auto, no frenan igual, no giran igual y tampoco se operan de la misma manera.<\/p>\n<p>Existen muchos tipos de montacargas y cada uno de ellos fue dise\u00f1ado para satisfacer la necesidad de ciertas aplicaciones, es por ello muy importante contar con la asesor\u00eda de un profesional con experiencia que colabore en el proceso de selecci\u00f3n.<\/p>\n<h2><strong>\u00bfPor qu\u00e9 adquirir <\/strong>montacargas Toyota en Monterrey<strong>?<\/strong><\/h2>\n<p>Cuando se trata de manejo de materiales y la log\u00edstica a nivel industrial, disponer del equipo adecuado es clave para conservar la eficiencia, seguridad y productividad en cada actividad a realizar. Al momento de elegir uno, es recomendable elegir una marca que pueda asegurar calidad, rendimiento y durabilidad.<\/p>\n<p>Con respecto a ello, Toyota viene siendo considerada una de las marcas l\u00edder a nivel mundial, en lo que se relaciona al mercado de montacargas.&nbsp; Para elegir un equipo que cumpla con las necesidades, se pueden considerar algunos aspectos como son:<\/p>\n<h3>Liderazgo en Innovaci\u00f3n y Tecnolog\u00eda<\/h3>\n<p>Dentro de las tecnolog\u00edas que manejan los montacargas Toyota, se encuentran algunas como son:<\/p>\n<h4>Eficiencia energ\u00e9tica<\/h4>\n<p>Los modelos el\u00e9ctricos que se pueden encontrar en el mercado, se encuentran dise\u00f1ados para maximizar la duraci\u00f3n de la bater\u00eda, lo que permite disminuir considerablemente las recargas frecuentes y conservar el nivel de productividad alto.<\/p>\n<h4>Sistema de estabilidad activa<\/h4>\n<p>Toyota es una de las marcas fabricantes de montacargas, que ofrece un sistema patentado. Esto no es m\u00e1s que, una mejora notablemente en t\u00e9rminos de seguridad, con el fin de prevenir vuelcos, lo que asegura una estabilizaci\u00f3n del equipo en situaciones que sean de riesgo.<\/p>\n<h4>Control avanzado<\/h4>\n<p>Es posible conseguir m\u00e1quinas con controles ergon\u00f3micos y sencillos de usar. Lo que permite reducir el desgaste, aprovechar mayor precisi\u00f3n y disminuir el riesgo de accidentes.<\/p>\n<h3>Durabilidad y fiabilidad<\/h3>\n<p>Dentro de las caracter\u00edsticas m\u00e1s notables de estos montacargas est\u00e1 su nivel de durabilidad. Son m\u00e1quinas que est\u00e1n dise\u00f1adas para resistir el desgaste, incluso en aquellos casos donde se presentan condiciones m\u00e1s exigentes. Ya sea que se trate de f\u00e1bricas, almacenes o terrenos irregulares, los montacargas son ideales por su capacidad para operar de forma efectiva durante periodos largos de tiempo.<\/p>\n<p>De igual modo, los <a href=\"https:\/\/montacargasventayrenta.com\/venta-de-montacargas-en-monterrey-excelente-variedad-en-maquinaria\/\" target=\"_blank\" rel=\"noopener\"><strong><u>montacargas Toyota en Monterrey<\/u><\/strong><\/a>, son m\u00e1quinas que producto de la marca que los representa, son productos fabricados con calidad certificada y confiable. Es decir, son alternativas que se caracterizan por tener menos tiempo de inactividad debido a las reparaciones. Lo que se traduce en mayores niveles de productividad para los negocios o empresas que dependen de estos.<\/p>\n<h2>Ventajas de durabilidad<\/h2>\n<ul>\n<li>Control del mantenimiento. Son m\u00e1quinas que presentan menos interrupciones producto de fallas mec\u00e1nicas.<\/li>\n<li>Larga vida \u00fatil de las unidades. Son montacargas que est\u00e1n fabricados para trabajar por muchos a\u00f1os sin tener que reemplazarlos de forma frecuente, lo que ayuda a maximizar el retorno de la inversi\u00f3n.<\/li>\n<li>Seguridad Mejorada. La marca Toyota en todo momento le ha dado valor a la seguridad de los operadores. Las m\u00e1quinas de la marca son creadas con funcionalidades espec\u00edficas para que respondan a una seguridad avanzada, lo que permite proteger al operador y los dem\u00e1s trabajadores que se encuentran en el sitio de trabajo.<\/li>\n<\/ul>\n<h2>Variedad de opciones para cualquier necesidad<\/h2>\n<p>Toyota cuenta con una gran variedad de montacargas que se pueden adaptar a cualquier tipo de operaci\u00f3n. Desde equipo de tipo el\u00e9ctrico para ser usados en interiores hasta montacargas de combusti\u00f3n interna creados para realizar trabajos en terrenos complejos, el nivel de versatilidad de los montacargas Toyota garantiza que se puede encontrar una alternativa adecuada, conforme a los requerimientos existentes.<\/p>\n<h3>Montacargas de combusti\u00f3n interna<\/h3>\n<p>Son modelos que usan motores de gasolina, gas propano o di\u00e9sel. Adem\u00e1s, destacan por ser ideales para realizar operaciones que requieren potencia en aplicaci\u00f3n de elevada demanda o exteriores.<\/p>\n<h3>Montacargas el\u00e9ctricos<\/h3>\n<p>Son adecuados para tareas en espacios interiores, donde se requiere un funcionamiento silencioso. El montacargas el\u00e9ctrico de la marca Toyota cuenta con bater\u00edas de larga duraci\u00f3n y son sencillos de mantener.<\/p>\n<h3>De pasillo angosto<\/h3>\n<p>Son creados para maximizar el \u00e1rea de almacenamiento en almacenes que cuentan con pasillos que son angostos. Se trata de m\u00e1quinas que permiten una mejor densidad de almacenamiento y maniobrabilidad en \u00e1reas reducidas.<\/p>\n<h3>Todo terreno<\/h3>\n<p>Si la operaci\u00f3n se puede llevar a cabo en \u00e1reas complicadas, como en el caso de zonas de construcci\u00f3n o terrenos que sean irregulares, estos montacargas son adecuados. Dado que, ofrece buena tracci\u00f3n y potencia.<\/p>\n<h2>\u00bfComprar o rentar un montacargas?<\/h2>\n<p>Dentro de los principales conflictos para los negocios est\u00e1 reconocer cu\u00e1l ser\u00eda la mejor opci\u00f3n, si comprar un montacargas nuevo, usado o rentar. Sin embargo, cada alternativa cuenta con sus propias ventajas y depende de los requerimientos de las operaciones.<\/p>\n<h3>Compra de montacargas<\/h3>\n<ul>\n<li>Propiedad a largo plazo<\/li>\n<li>Personalizaci\u00f3n<\/li>\n<li>Mayor control<\/li>\n<\/ul>\n<h3>Rentar un montacargas<\/h3>\n<ul>\n<li>Flexibilidad<\/li>\n<li>Menor costo inicial.<\/li>\n<li>Mantenimiento incluido.<\/li>\n<\/ul>\n<h2>\u00bfD\u00f3nde conseguir <a href=\"https:\/\/montacargasventayrenta.com\/montacargas-toyota-y-el-papel-de-su-sistema-de-estabilidad-activo-sas\/\" target=\"_blank\" rel=\"noopener\"><strong><u>montacargas Toyota en Monterrey<\/u><\/strong><\/a>?<\/h2>\n<p>Al momento de elegir montacargas, no solo es cuesti\u00f3n de buscar un equipo con el fin de conseguir una opci\u00f3n que se ajuste a las necesidades, tambi\u00e9n, se requiere identificar unidades que aseguren que la inversi\u00f3n realizada realmente sea duradera, rentable a largo plazo y segura.<\/p>\n<p>Con los <strong><u>montacargas Toyota en Monterrey<\/u><\/strong> que ofrecemos TMR, se pueden conseguir equipos con tecnolog\u00eda avanzada y que responden efectivamente a las necesidades existentes.<\/p>\n<p>Para m\u00e1s informaci\u00f3n y cotizaciones, +52 (81) 8327 0498, 8327 6445, 8364 4601. Puedes encontrarnos en la Carr. Miguel Alem\u00e1n 102 (km 12.5), San Nicol\u00e1s de Los Garza, Nuevo Le\u00f3n. M\u00e9xico.<\/p>\n","protected":false},"excerpt":{"rendered":"<p>Si buscas renovar o incorporar unidades de calidad para tu negocio o industria, pueden considerar los montacargas Toyota en Monterrey. Se trata de equipos fabricados, sobre todo, para facilitar el control de materiales pesados, disminuyendo considerablemente el esfuerzo f\u00edsico y optimizar los tiempos de trabajos en diversos sectores industriales.&nbsp; En TMR se cuenta con equipos [&hellip;]<\/p>\n","protected":false},"author":4,"featured_media":0,"parent":0,"menu_order":0,"comment_status":"closed","ping_status":"closed","template":"","meta":{"footnotes":""},"class_list":["post-12311","page","type-page","status-publish","hentry"],"_links":{"self":[{"href":"https:\/\/optimizacion-online.info\/mtr\/wp-json\/wp\/v2\/pages\/12311","targetHints":{"allow":["GET"]}}],"collection":[{"href":"https:\/\/optimizacion-online.info\/mtr\/wp-json\/wp\/v2\/pages"}],"about":[{"href":"https:\/\/optimizacion-online.info\/mtr\/wp-json\/wp\/v2\/types\/page"}],"author":[{"embeddable":true,"href":"https:\/\/optimizacion-online.info\/mtr\/wp-json\/wp\/v2\/users\/4"}],"replies":[{"embeddable":true,"href":"https:\/\/optimizacion-online.info\/mtr\/wp-json\/wp\/v2\/comments?post=12311"}],"version-history":[{"count":0,"href":"https:\/\/optimizacion-online.info\/mtr\/wp-json\/wp\/v2\/pages\/12311\/revisions"}],"wp:attachment":[{"href":"https:\/\/optimizacion-online.info\/mtr\/wp-json\/wp\/v2\/media?parent=12311"}],"curies":[{"name":"wp","href":"https:\/\/api.w.org\/{rel}","templated":true}]}}