{"id":12313,"date":"2024-10-10T16:35:54","date_gmt":"2024-10-10T16:35:54","guid":{"rendered":"https:\/\/montacargasventayrenta.com\/?page_id=12313"},"modified":"2025-02-05T18:40:25","modified_gmt":"2025-02-05T18:40:25","slug":"montacargas-electricos-en-monterrey","status":"publish","type":"page","link":"https:\/\/optimizacion-online.info\/mtr\/montacargas-electricos-en-monterrey\/","title":{"rendered":"Montacargas El\u00e9ctricos en Monterrey"},"content":{"rendered":"<p>Para muchos se hace complejo el momento de analizar qu\u00e9 tipo de montacargas es el m\u00e1s adecuado para las operaciones industriales. Sin embargo, en TMR somos una empresa con amplia experiencia en <a href=\"https:\/\/montacargasventayrenta.com\/montacargas-electricos-en-monterrey-montacargas-nuevos-o-usados\/\" target=\"_blank\" rel=\"noopener\"><strong><u>montacargas el\u00e9ctricos en Monterrey<\/u><\/strong><\/a> u otros tipos de m\u00e1quinas, con la cual se puede contar para tomar la mejor decisi\u00f3n a la hora de pensar en la adquisici\u00f3n de nuevos equipos.<\/p>\n<p>Dentro de las dudas m\u00e1s frecuentes, surge: \u00bfmontacargas el\u00e9ctrico o de combusti\u00f3n interna? \u00bfQu\u00e9 ser\u00e1 mejor? Anteriormente, las m\u00e1quinas de combusti\u00f3n interna eran las seleccionadas por preferencia, sin embargo, cuando se dio paso a los montacargas el\u00e9ctricos esta situaci\u00f3n cambi\u00f3. Pues las bater\u00edas son duraderas y requieren un costo de mantenimiento menor.<\/p>\n<p>Seleccionar montacargas que sean adecuados, sin duda, marca la diferencia, especialmente en t\u00e9rminos de seguridad y eficiencia de las operaciones industriales. Sea que las operaciones que se realicen se hagan dentro de un almac\u00e9n, ambiente de construcci\u00f3n o una planta de producci\u00f3n, una m\u00e1quina adecuada permite optimizar el control de la mercanc\u00eda o carga, disminuye los tiempos de trabajo y asegura un entorno de mayor seguridad para el personal.<\/p>\n<h2>Factores clave para elegir un montacargas en Monterrey<\/h2>\n<h3>Capacidad, entorno y uso<\/h3>\n<p>Es necesario entender la finalidad y las condiciones espec\u00edficas en las que se usar\u00e1n los montacargas. Adem\u00e1s, el tipo de productos que se desean transportar, la capacidad de carga que se necesita y el entorno de trabajo, son aspectos claves a tomar en cuenta para elegir el montacargas adecuado.<\/p>\n<h3>Prop\u00f3sito de uso<\/h3>\n<p>En caso de que la m\u00e1quina que se usar\u00e1 sea para almacenes o entornos industriales, por ejemplo, donde se usen para movilizar cantidades grandes de cargas o materiales de construcci\u00f3n, es clave contar con un modelo que sea el id\u00f3neo.<\/p>\n<p>Ahora bien, si se trata de \u00e1reas de interiores, los <a href=\"https:\/\/montacargasventayrenta.com\/montacargas-electricos-en-monterrey-el-mejor-aliado-de-los-negocios\/\" target=\"_blank\" rel=\"noopener\"><strong><u>montacargas el\u00e9ctricos en Monterrey<\/u><\/strong><\/a> son la mejor opci\u00f3n. Pues, no emiten gases y son m\u00e1quinas silenciosas. En el caso de exteriores o donde se presentan terrenos irregulares, se pueden considerar montacargas de gas propano o di\u00e9sel, dado que, cuentan con mayor resistencia y nivel de potencia.<\/p>\n<h3>Capacidad de carga<\/h3>\n<p>Es conveniente asegurar que los montacargas que se elijan cuentan con la capacidad que se requiere para movilizar la mercanc\u00eda f\u00e1cilmente. Para evitar que se pueda elegir una m\u00e1quina de capacidad incorrecta, que puede retrasar las operaciones o poner en riesgo la seguridad del equipo, lo recomendable es contar con expertos en montacargas como lo es TMR.<\/p>\n<h2>\u00bfC\u00f3mo es posible conocer la capacidad de un montacargas?<\/h2>\n<p>Antes de realizar la compra o renta de montacargas es necesario tener presente los requerimientos y uso que se le dar\u00e1 a las m\u00e1quinas, de esta forma se puede establecer el peso que pueda cargar y las debidas especificaciones que debe cubrir. Entre los aspectos elementales que se deben tener presentes para medir la capacidad de montacargas son los siguientes:&nbsp;<\/p>\n<ul>\n<li>Su centro de gravedad se encarga de determinar d\u00f3nde se concentra el peso total.<\/li>\n<li>El nivel de capacidad de carga del equipo, que viene siendo el peso m\u00e1ximo que puede llegar a trasladar.<\/li>\n<li>El centro de carga, la distancia que existe entre el centro de gravedad y el borde de la carga.<\/li>\n<\/ul>\n<h3>\u00bfPor qu\u00e9 es importante?<\/h3>\n<p>Identificar la capacidad de un montacargas es importante, con respecto a las operaciones de traslado en los establecimientos, si no se toma en cuenta este factor, entonces es posible que se generen accidentes, poniendo en riesgo, la mercanc\u00eda, el personal, as\u00ed como, el equipo.<\/p>\n<p>Tambi\u00e9n, existen ciertas restricciones que est\u00e1n asociadas con la colocaci\u00f3n de la carga, porque a pesar de que se tenga presente el peso m\u00e1ximo, si no se lleva a cabo un acomodo adecuado de la carga, se puede provocar el vuelco de la m\u00e1quina, debido al desequilibrio que se produce por una mala distribuci\u00f3n de la carga.<\/p>\n<h2>Motivos por los cuales elegir <strong>montacargas el\u00e9ctricos en Monterrey<\/strong><\/h2>\n<p>Sin duda, un montacargas es una herramienta clave en cualquier proyecto que necesite un almacenamiento de mercader\u00eda. Pero, \u00bfen qu\u00e9 se diferencia un equipo el\u00e9ctrico de los que usan combustible?<\/p>\n<h3>Es m\u00e1s seguro y protege el ambiente<\/h3>\n<p>Por ser un montacargas el\u00e9ctrico, no se llega a generar combusti\u00f3n. Por ello, se caracteriza por ser ideal para trabajos en dep\u00f3sitos o espacios cerrados, debido a que al no generar gases t\u00f3xicos, es posible usarlos para largas jornadas de trabajo sin inconveniente alguno.<\/p>\n<p>La cabina es amplia y cuenta con mejor visibilidad, lo que permite realizar las operaciones con el equipo de forma eficiente.<\/p>\n<h3>Bajo costo de mantenimiento<\/h3>\n<p>Una buena inversi\u00f3n, vienen siendo el montacargas el\u00e9ctricos. Al ser el\u00e9ctricos no requiere combustible, solo es cuesti\u00f3n de recargar su bater\u00eda. Adem\u00e1s, el nivel de mantenimiento es sencillo debido a los componentes que tiene y su motor.<\/p>\n<h3>Altura de m\u00e1stil<\/h3>\n<p>El m\u00e1stil del montacargas cuenta con un sistema hidr\u00e1ulico y componentes que se destacan por ser de gran durabilidad y resistencia. Adem\u00e1s, la altura de este componente se puede llegar a extender hasta los 4 metros y medio de altura, lo que ayuda a que se pueda mover y acomodar la carga de forma sencilla.<\/p>\n<h2>\u00bfC\u00f3mo elegir equipos para almacenes angostos?<\/h2>\n<p>Estos son algunas consideraciones generales para elegir <a href=\"https:\/\/montacargasventayrenta.com\/los-montacargas-electricos-son-seguros-para-la-industria-de-la-madera\/\" target=\"_blank\" rel=\"noopener\"><strong><u>montacargas el\u00e9ctricos en Monterrey<\/u><\/strong><\/a> ideales para \u00e1reas con poco espacio:<\/p>\n<h3>Altura de la estiba<\/h3>\n<p>Tiene relaci\u00f3n con la altura vertical del establecimiento, por lo que es necesario medir la distancia desde el piso hasta cualquier objeto que se encuentre en la parte superior. Por ejemplo, l\u00e1mparas, tuber\u00eda, etc.<\/p>\n<p>Tambi\u00e9n, se puede verificar si algunos de los productos que se encuentran en el inventario se puede llegar a subir a las partes m\u00e1s elevadas de las estanter\u00edas para tener la oportunidad de liberar espacio en el suelo, con el fin de que pueda circular la maquinaria industrial. Siendo este el escenario, lo m\u00e1s rentable ser\u00eda rentar una bodega fuera de las instalaciones y usar un montacargas o elevador, con el prop\u00f3sito de optimizar las operaciones.<\/p>\n<p>Ahora bien, si no se puede llegar a liberar espacios verticales, se puede considerar elegir montacargas hidr\u00e1ulicos, como en el caso de los equipos para pasillos angostos o transpaletas.<\/p>\n<h3>Ancho de los pasillos<\/h3>\n<p>Este aspecto se calcula conforme al \u00e1rea que la m\u00e1quina industrial como montacargas tiene para girar e ingresar en una plataforma, sin considerar la longitud que tenga la carga que se transporta. Aunque, se recomienda tener presente ambos aspectos al seleccionar la m\u00e1quina para el negocio o industria de inter\u00e9s.&nbsp;<\/p>\n<h2>Invierte en la mejor calidad de montacargas el\u00e9ctricos<\/h2>\n<p>En TMR tenemos m\u00e1s de 30 a\u00f1os en los que hemos prove\u00eddo el mercado de equipo para construcci\u00f3n y otras industrias, como en el caso de <strong><u>montacargas el\u00e9ctricos en Monterrey<\/u><\/strong> que se distinguen por su alta calidad, precios accesibles y facilidades de pago.<\/p>\n<p>Para m\u00e1s informaci\u00f3n y cotizaciones, +52 (81) 8327 0498, 8327 6445, 8364 4601. Puedes encontrarnos en la Carr. Miguel Alem\u00e1n 102 (km 12.5), San Nicol\u00e1s de Los Garza, Nuevo Le\u00f3n. M\u00e9xico.<\/p>\n<p>Para nosotros en TMR, ser\u00e1 un placer visitarlos en su empresa, estudiar sus necesidades y determinar el equipo m\u00e1s adecuado de acuerdo al tipo de operaci\u00f3n que manejan.<\/p>\n","protected":false},"excerpt":{"rendered":"<p>Para muchos se hace complejo el momento de analizar qu\u00e9 tipo de montacargas es el m\u00e1s adecuado para las operaciones industriales. Sin embargo, en TMR somos una empresa con amplia experiencia en montacargas el\u00e9ctricos en Monterrey u otros tipos de m\u00e1quinas, con la cual se puede contar para tomar la mejor decisi\u00f3n a la hora [&hellip;]<\/p>\n","protected":false},"author":4,"featured_media":0,"parent":0,"menu_order":0,"comment_status":"closed","ping_status":"closed","template":"","meta":{"footnotes":""},"class_list":["post-12313","page","type-page","status-publish","hentry"],"_links":{"self":[{"href":"https:\/\/optimizacion-online.info\/mtr\/wp-json\/wp\/v2\/pages\/12313","targetHints":{"allow":["GET"]}}],"collection":[{"href":"https:\/\/optimizacion-online.info\/mtr\/wp-json\/wp\/v2\/pages"}],"about":[{"href":"https:\/\/optimizacion-online.info\/mtr\/wp-json\/wp\/v2\/types\/page"}],"author":[{"embeddable":true,"href":"https:\/\/optimizacion-online.info\/mtr\/wp-json\/wp\/v2\/users\/4"}],"replies":[{"embeddable":true,"href":"https:\/\/optimizacion-online.info\/mtr\/wp-json\/wp\/v2\/comments?post=12313"}],"version-history":[{"count":0,"href":"https:\/\/optimizacion-online.info\/mtr\/wp-json\/wp\/v2\/pages\/12313\/revisions"}],"wp:attachment":[{"href":"https:\/\/optimizacion-online.info\/mtr\/wp-json\/wp\/v2\/media?parent=12313"}],"curies":[{"name":"wp","href":"https:\/\/api.w.org\/{rel}","templated":true}]}}