{"id":12315,"date":"2024-10-10T16:36:23","date_gmt":"2024-10-10T16:36:23","guid":{"rendered":"https:\/\/montacargasventayrenta.com\/?page_id=12315"},"modified":"2025-02-05T18:41:08","modified_gmt":"2025-02-05T18:41:08","slug":"montacargas-usados-en-monterrey","status":"publish","type":"page","link":"https:\/\/optimizacion-online.info\/mtr\/montacargas-usados-en-monterrey\/","title":{"rendered":"Montacargas Usados en Monterrey"},"content":{"rendered":"<p>\u00c1reas donde la log\u00edstica se lleva a cabo de forma manual requieren de hacer frente a cambios importantes a nivel estructural, con el fin de recibir el traslado de la carga. Al tener la oportunidad de elegir <a href=\"https:\/\/montacargasventayrenta.com\/montacargas-usados-en-monterrey-nl\/\" target=\"_blank\" rel=\"noopener\"><strong><u>montacargas usados en Monterrey<\/u><\/strong><\/a> o nuevos en dado caso, es necesario considerar que los procesos log\u00edsticos deben ser modificados.<\/p>\n<p>Con respecto a esto, se considera la gesti\u00f3n de flujos, disposici\u00f3n del stock, periodos de manutenci\u00f3n, \u00e1reas de carga y descargas, etc. Para quienes a\u00fan no cuentan con este tipo de maquinaria, los gastos con acomodaci\u00f3n realmente pueden ser mayores.<\/p>\n<h2>Evaluar bien la adquisici\u00f3n<\/h2>\n<p>Existen varias empresas que cuentan con todos los requerimientos necesarios para recibir maquinarias sin tener que alterar sus operaciones de log\u00edstica.<\/p>\n<p>Con relaci\u00f3n a esto, en varias ocasiones, el nivel de producci\u00f3n mecanizado puede quedar a cargo de equipamientos parecidos a los montacargas, como en el caso de las m\u00e1quinas de fuerza mec\u00e1nica, tractores, entre otros.<\/p>\n<p>A pesar de que este tipo de maquinaria pueda solventar algunas necesidades con costos de cierta manera menores, es recomendable pensar en un montacargas usados o nuevos. Pues, estos cuentan con funciones espec\u00edficas que ayudan a optimizar las operaciones significativamente. Son m\u00e1quinas que destacan por:<\/p>\n<ul>\n<li>Traslado \u00e1gil.<\/li>\n<li>Mayor facilidad de operaci\u00f3n.<\/li>\n<li>Cuenta con asistencia completa del fabricante, con respecto a las actividades espec\u00edficas que se desean realizar con el<\/li>\n<li>Radio de giro y horquillas de transportes que permite incrementar el nivel de productividad, reducci\u00f3n de los corredores y acumulaci\u00f3n de las cargas.<\/li>\n<li>La necesidad de mantenimiento es menor y su vida \u00fatil es mayor que en el caso de las m\u00e1quinas que se le parecen.<\/li>\n<\/ul>\n<p>Al elegir <a href=\"https:\/\/montacargasventayrenta.com\/montacargas-electricos-en-monterrey-montacargas-nuevos-o-usados\/\" target=\"_blank\" rel=\"noopener\"><strong><u>montacargas usados en Monterrey<\/u><\/strong><\/a>, es necesario pensar en analizar los gastos que el equipamiento actual tiene y cu\u00e1les son los puntos de la estructura que se pueden mejorar. As\u00ed, teniendo una evaluaci\u00f3n de costo-beneficio se puede hacer una inversi\u00f3n adecuada.<\/p>\n<p>En este caso, se puede pensar en una empresa experta en la venta y renta de montacargas que sean nuevos o usados. Contando con la asesor\u00eda de especialistas en este campo, ser\u00e1 m\u00e1s sencillo tomar la mejor decisi\u00f3n.<\/p>\n<h2>Factores a revisar al comprar <strong>montacargas usados en Monterrey<\/strong><\/h2>\n<p>Varias empresas o negocios que buscan adquirir maquinaria de tipo industrial, pero no disponen de los recursos econ\u00f3micos necesarios para adquirir maquinaria nueva, prefieren optar por la compra de montacargas usados. Ya que, se trata de una alternativa ideal para ahorrar, sobre todo, al contar con empresas como TMR.<\/p>\n<p>Pues, se puede contar con un equipo de expertos quienes asesoran sobre los aspectos importantes para elegir el equipo que mejor se adecue a las necesidades existentes. Entre los componentes b\u00e1sicos que se deben considerar para conseguir que un montacargas funcione correctamente, est\u00e1n:<\/p>\n<h3>Horquillas<\/h3>\n<p>Es un componente que se encarga de resistir el nivel de carga, y en dado caso que se encuentre desgastado, puede llegar a provocar accidentes como en el caso de la p\u00e9rdida de equilibrio durante su uso o la ca\u00edda de la carga. Al respecto, conviene verificar las horquillas, con el fin de conseguir signos de dobleces, desgastes, o bien, indicadores de que fueron enderezadas.<\/p>\n<h3>M\u00e1stil<\/h3>\n<p>Verificar si existen soldaduras o fisuras, que los cilindros de inclinaci\u00f3n y desplazamiento, pasadores, rodillos o rieles, se encuentren en \u00f3ptimas condiciones, que no existan fugas durante las actividades operativas.<\/p>\n<p>Todo ello, puede llegar a comprometer la estructura del m\u00e1stil, sistemas que se destacan por levantar la carga.<\/p>\n<h3>Cadenas de elevaci\u00f3n<\/h3>\n<p>Comprobar si los eslabones de la cadena se encuentran en \u00f3ptimas condiciones, existen ciertas fugas de fluido hidr\u00e1ulico que pueden llegar a generar riesgos a nivel del motor, generando sobrecalentamiento de la m\u00e1quina. Verificar que las cadenas de elevaci\u00f3n y las respectivas mangueras cuenten con una distribuci\u00f3n de tensi\u00f3n similar y que los cilindros de inclinaci\u00f3n no presenten da\u00f1os, fugas o pernos faltantes.<\/p>\n<h3>Carrocer\u00eda<\/h3>\n<p>Supervisar el estado general de la carrocer\u00eda, que no existan gradaciones, curvas o se\u00f1ales de \u00f3xido. Comprobar si hay detalles importantes en el chasis y garantizar de que las llantas no posean gomas delgadas, grietas y que los rines cuentan con todas las tuercas.<\/p>\n<h2>\u00bfPor qu\u00e9 comprar montacargas usados?<\/h2>\n<p>Adquirir montacargas usados, puede ser una alternativa rentable para muchos negocios, por motivos como:<\/p>\n<h3>Menor costo inicial<\/h3>\n<p>La maquinaria usada tiende a ser m\u00e1s econ\u00f3mica que en el caso de los equipos nuevos, lo que ayuda a las empresas o negocios a ahorrar dinero, en lo que respecta a la inversi\u00f3n inicial. Viene siendo una gran ventaja, sobre todo, para las empresas donde se requiere la incorporaci\u00f3n de m\u00faltiples equipos o se dispone de un presupuesto limitado.<\/p>\n<h3>Amplia selecci\u00f3n<\/h3>\n<p>Al adquirir un montacargas usado en Monterrey se puede tener acceso a una amplia variedad de marcas y modelos disponibles. De esta manera, se puede encontrar la maquinaria que mejor se pueda adaptar a las necesidades existentes. Incluso modelos que sean antiguos, pero que ya no est\u00e9n disponibles en el mercado nuevo.<\/p>\n<h3>Comprobado historial de rendimiento<\/h3>\n<p>Un montacargas usado puede presentar un historial verificado de su nivel de rendimiento, lo que quiere decir que, es m\u00e1s probable saber exactamente qu\u00e9 productos se est\u00e1 adquiriendo. Las empresas pueden tener la oportunidad de investigar dicho historial, con respecto al servicio y mantenimiento de los equipos usados antes de realizar la adquisici\u00f3n del servicio de renta.<\/p>\n<p>As\u00ed, se puede tener plena seguridad de que est\u00e1n adquiriendo equipos confiables.<\/p>\n<h3>Ahorro de tiempo<\/h3>\n<p>La adquisici\u00f3n de montacargas usados puede ahorrar tiempo significativo, porque el equipo ya se encuentra disponible para su uso inmediato, en comparaci\u00f3n con aquellos equipos que se compran nuevos, que puede llevar semanas, incluso meses para que pueda ser entregado, seg\u00fan la empresa a la cual se recurra.&nbsp;<\/p>\n<p>En definitiva, la adquisici\u00f3n de montacargas usados es una alternativa ideal para aquellas empresas que buscan equipos que sean confiables, pero tambi\u00e9n accesibles. Al considerar cada una de las opciones disponibles en el mercado, las empresas tienen la oportunidad de tomar la mejor decisi\u00f3n para cubrir la necesidad o requerimientos espec\u00edficos y maximizar as\u00ed su nivel de inversi\u00f3n.<\/p>\n<h2>\u00a1Acuda con expertos en <a href=\"https:\/\/montacargasventayrenta.com\/la-venta-de-montacargas-y-los-servicios-adicionales-que-se-obtienen\/\" target=\"_blank\" rel=\"noopener\"><strong><u>montacargas usados en Monterrey<\/u><\/strong><\/a>!<\/h2>\n<p>TMR es una empresa comercializadora representativa y con a\u00f1os de experiencia que cuenta con una amplia gama de alternativas en montacargas nuevos y usados listos para ser aprovechados. Si desea conocer m\u00e1s sobre nuestros servicios o sobre nuestros montacargas, le invitamos a completar el formulario de contacto disponible en nuestro sitio web y gustosamente le proporcionaremos toda la informaci\u00f3n que busque.<\/p>\n<p>Para m\u00e1s informaci\u00f3n y cotizaciones sobre <strong><u>montacargas usados en Monterrey<\/u><\/strong>, +52 (81) 8327 0498, 8327 6445, 8364 4601. Puede encontrarnos en la Carr. Miguel Alem\u00e1n 102 (km 12.5), San Nicol\u00e1s de Los Garza, Nuevo Le\u00f3n. M\u00e9xico.<\/p>\n","protected":false},"excerpt":{"rendered":"<p>\u00c1reas donde la log\u00edstica se lleva a cabo de forma manual requieren de hacer frente a cambios importantes a nivel estructural, con el fin de recibir el traslado de la carga. Al tener la oportunidad de elegir montacargas usados en Monterrey o nuevos en dado caso, es necesario considerar que los procesos log\u00edsticos deben ser [&hellip;]<\/p>\n","protected":false},"author":4,"featured_media":0,"parent":0,"menu_order":0,"comment_status":"closed","ping_status":"closed","template":"","meta":{"footnotes":""},"class_list":["post-12315","page","type-page","status-publish","hentry"],"_links":{"self":[{"href":"https:\/\/optimizacion-online.info\/mtr\/wp-json\/wp\/v2\/pages\/12315","targetHints":{"allow":["GET"]}}],"collection":[{"href":"https:\/\/optimizacion-online.info\/mtr\/wp-json\/wp\/v2\/pages"}],"about":[{"href":"https:\/\/optimizacion-online.info\/mtr\/wp-json\/wp\/v2\/types\/page"}],"author":[{"embeddable":true,"href":"https:\/\/optimizacion-online.info\/mtr\/wp-json\/wp\/v2\/users\/4"}],"replies":[{"embeddable":true,"href":"https:\/\/optimizacion-online.info\/mtr\/wp-json\/wp\/v2\/comments?post=12315"}],"version-history":[{"count":0,"href":"https:\/\/optimizacion-online.info\/mtr\/wp-json\/wp\/v2\/pages\/12315\/revisions"}],"wp:attachment":[{"href":"https:\/\/optimizacion-online.info\/mtr\/wp-json\/wp\/v2\/media?parent=12315"}],"curies":[{"name":"wp","href":"https:\/\/api.w.org\/{rel}","templated":true}]}}