{"id":12317,"date":"2024-10-10T16:37:32","date_gmt":"2024-10-10T16:37:32","guid":{"rendered":"https:\/\/montacargasventayrenta.com\/?page_id=12317"},"modified":"2025-02-05T18:42:13","modified_gmt":"2025-02-05T18:42:13","slug":"montacargas-nuevos-en-monterrey","status":"publish","type":"page","link":"https:\/\/optimizacion-online.info\/mtr\/montacargas-nuevos-en-monterrey\/","title":{"rendered":"Montacargas Nuevos en Monterrey"},"content":{"rendered":"<p>Los montacargas son m\u00e1quinas esenciales para los procesos log\u00edsticos de diferentes industrias. Pero, a la hora de incorporar nuevas unidades, muchos tienen dudas, si es mejor acceder a <a href=\"https:\/\/montacargasventayrenta.com\/funcionamiento-confiable-de-los-montacargas-nuevos-en-monterrey\/\" target=\"_blank\" rel=\"noopener\"><strong><u>montacargas nuevos en Monterrey<\/u><\/strong><\/a> u optar por equipos usados. En este caso, es necesario conocer si la decisi\u00f3n de compra de montacargas nuevos viene siendo la elecci\u00f3n correcta.<\/p>\n<h2>\u00bfPor qu\u00e9 invertir en un montacargas nuevo?<\/h2>\n<p>Los montacargas nuevos pueden considerar m\u00e1s que todo para quienes ya poseen maquinaria antigua. La elecci\u00f3n de un buen fabricante para adquirir este tipo de equipos, permite garantizar un est\u00e1ndar de asistencia, garant\u00eda y de cierta forma de manutenciones que no se pueden considerar con los montacargas usados.<\/p>\n<p>El ahorro econ\u00f3mico, en t\u00e9rminos de combustible, la capacidad en la agilidad de los procesos y la inexistencia de riesgos de inoperatividad por da\u00f1os mecanismo, hacen parte de las razones por las cuales conviene pensar en la adquisici\u00f3n de montacargas nuevos y no usados.<\/p>\n<p>Aparte de ello, tambi\u00e9n se puede tener presente que en muchas ocasiones, una m\u00e1quina usada no tiene la capacidad para recibir de forma adecuada las versiones modernas de los accesorios que se requieren para la realizaci\u00f3n de actividades determinadas; por ejemplo, dispositivos big bag, palas hidr\u00e1ulicas, entre otros.<\/p>\n<p>Tan necesario como tener la oportunidad de analizar cu\u00e1l es el mejor tipo de m\u00e1quina para invertir en la empresa, es el hecho de mantenerse en todo momento con informaci\u00f3n adecuada sobre lo que puede hacer la diferencia en el mercado de inter\u00e9s, con relaci\u00f3n al negocio o industria que se tenga.<\/p>\n<h2>\u00bfQu\u00e9 factores pueden influir en el costo de un montacargas?<\/h2>\n<p>En caso de requerir una m\u00e1quina nueva para aumentar el nivel de productividad en la empresa, se pueden considerar los siguientes aspectos que, sin duda, influyen en el costo del equipo:<\/p>\n<h3>Capacidad de carga<\/h3>\n<p>Mientras mayor sea la capacidad de carga, mayor ser\u00e1 el costo del equipo. Un modelo que tenga una capacidad de carga de 1.25 toneladas aproximadamente, puede ser m\u00e1s econ\u00f3mico que uno que tenga una carga de 8 toneladas. Por esta raz\u00f3n, es necesario conocer los requerimientos de carga para evitar gastar m\u00e1s dinero de lo debido.<\/p>\n<h3>Tipo de energ\u00eda que requiere<\/h3>\n<p>Las m\u00e1quinas de combusti\u00f3n interna suelen tener un costo mayor que el de los equipos que son el\u00e9ctricos. Dado que, necesitan di\u00e9sel o GLP para tener la oportunidad de operar. A diferencia de estos, los montacargas que son el\u00e9ctricos no requieren el uso de combustible de forma peri\u00f3dica, a pesar de que la compra de una bater\u00eda&nbsp; y un cargador puede incrementar el costo inicial.<\/p>\n<p>Si se requiere un montacargas para uso en exteriores, es conveniente pensar en equipos el\u00e9ctricos como los que ofrece TMR.<\/p>\n<h3>Caracter\u00edsticas adicionales<\/h3>\n<p>As\u00ed como sucede con los veh\u00edculos comunes, algunas caracter\u00edsticas y accesorios pueden incrementar el valor de los montacargas. Elementos de seguridad adicionales, como en el caso de las c\u00e1maras, luces LED y espejos, puede considerarse como costos adicionales.<\/p>\n<p>As\u00ed, sucede con las herramientas como en el caso de los desplazadores laterales o posicionadores de doble horquilla, sin embargo, estos accesorios pueden generar un incremento del nivel de productividad y los costos pueden ser significativos.<\/p>\n<h3>Marca y modelo<\/h3>\n<p>La marca es importante cuando se hace referencia al costo de los equipos, a pesar de que lo m\u00e1s relevante sea el hecho de seleccionar un fabricante que verdaderamente tenga reputaci\u00f3n y los equipos sean de calidad garantizada.<\/p>\n<p>Cuando se requieren <a href=\"https:\/\/montacargasventayrenta.com\/montacargas-electricos-en-monterrey-montacargas-nuevos-o-usados\/\" target=\"_blank\" rel=\"noopener\"><strong><u>montacargas nuevos en Monterrey<\/u><\/strong><\/a>, es conveniente comparar ciertos modelos para tener la oportunidad de elegir la mejor opci\u00f3n para la empresa, conforme al presupuesto que se tenga disponible.<\/p>\n<h2>Compra un montacargas nuevo o usado<\/h2>\n<p>Comprar o rentar montacargas es una decisi\u00f3n que no se puede tomar a la ligera, pues se trata de un veh\u00edculo que se usa con frecuencia. Ahora bien, surge la duda, generalmente, en el hecho de saber cu\u00e1l es el mejor producto nuevo o usado que se puede adaptar a las necesidades existentes.<\/p>\n<p>Cabe destacar que, ambas alternativas cuentan con sus ventajas y desventajas, y es necesario conocerlas para elegir la mejor decisi\u00f3n para el negocio. Entre los aspectos generales, se puede considerar:<\/p>\n<h3>Costo<\/h3>\n<p>Adquirir un montacargas usado es una alternativa m\u00e1s econ\u00f3mica que en el caso de comprar uno nuevo. Son equipos que pueden tener un costo de hasta un 40% menos que en el caso de los nuevos, por mencionar un ejemplo. Se puede pensar que, el hecho de adquirir uno nuevo, cuenta con la ventaja de que se tiene garant\u00eda, sin embargo, el costo puede ser elevado.<\/p>\n<h3>Aprendizaje<\/h3>\n<p>La adquisici\u00f3n de un equipo usado puede ser una verdadera herramienta para el aprendizaje. Es decir, a medida que se va adquiriendo experiencia con este tipo de maquinaria, se pueden ir reconociendo las funcionalidades que se requieren para el almac\u00e9n o negocio.<\/p>\n<p>Este proceso permite ahorrar dinero, mientras se tiene la oportunidad de comprar un montacargas nuevo en Monterrey y que se ajuste a las necesidades de la empresa.<\/p>\n<h3>Reparaci\u00f3n y mantenimiento<\/h3>\n<p>Al ser propietarios del equipo, las composturas tienden a ser m\u00e1s econ\u00f3micas y se pueden llevar a cabo en el momento que sea requerido. De igual modo, el mantenimiento puede ser m\u00e1s econ\u00f3mico.<\/p>\n<h3>Valor de reventa<\/h3>\n<p>Los montacargas vienen siendo considerados activos, es decir, tiene un valor de reventa que es alto. Si en determinado momento, se toma la decisi\u00f3n de vender el equipo, existe la posibilidad de que se pueda recuperar una buena parte de la inversi\u00f3n realizada.<\/p>\n<h3>Inversi\u00f3n a largo plazo<\/h3>\n<p>Adquirir equipos nuevos puede ser una mejor inversi\u00f3n que rentar uno, sobre todo, si se trata de un equipo de uso frecuente.<\/p>\n<h2>Adquiere <strong>montacargas nuevos en Monterrey<\/strong> con TMR<\/h2>\n<p>La mejor elecci\u00f3n de montacargas nuevos o usados, depende de las necesidades de cada empresa. En TMR como expertos en la venta y renta de equipo de montacargas y plataformas que manejamos, ofrecemos unidades de alta calidad, marcas de prestigio y precios competitivos.<\/p>\n<p>Contamos con una flotilla de equipos en renta de \u00faltima tecnolog\u00eda, que es constantemente renovada y se encuentra siempre en \u00f3ptimas condiciones para garantizar su funcionamiento y seguridad de operaci\u00f3n, gracias a nuestro continuo compromiso con nuestros clientes para ofrecerles la mejor calidad.<\/p>\n<p>Como distribuidores autorizados de las mejores marcas, ofrecemos la renta y venta de las mejores unidades con los mejores precios, calidad en el servicio y entregas oportunas a todo el norte de la Rep\u00fablica Mexicana, con centros de distribuci\u00f3n en Monterrey, Saltillo y Torre\u00f3n.<\/p>\n<p>Para m\u00e1s informaci\u00f3n y cotizaciones sobre <a href=\"https:\/\/montacargasventayrenta.com\/los-montacargas-electricos-son-seguros-para-la-industria-de-la-madera\/\" target=\"_blank\" rel=\"noopener\"><strong><u>montacargas nuevos en Monterrey<\/u><\/strong><\/a>, +52 (818) 327 0498, 327 6445, 364 4601. Puede encontrarnos en la Carr. Miguel Alem\u00e1n 102 (KM 12.5), San Nicol\u00e1s de Los Garza, Nuevo Le\u00f3n. M\u00e9xico.<\/p>\n","protected":false},"excerpt":{"rendered":"<p>Los montacargas son m\u00e1quinas esenciales para los procesos log\u00edsticos de diferentes industrias. Pero, a la hora de incorporar nuevas unidades, muchos tienen dudas, si es mejor acceder a montacargas nuevos en Monterrey u optar por equipos usados. En este caso, es necesario conocer si la decisi\u00f3n de compra de montacargas nuevos viene siendo la elecci\u00f3n [&hellip;]<\/p>\n","protected":false},"author":4,"featured_media":0,"parent":0,"menu_order":0,"comment_status":"closed","ping_status":"closed","template":"","meta":{"footnotes":""},"class_list":["post-12317","page","type-page","status-publish","hentry"],"_links":{"self":[{"href":"https:\/\/optimizacion-online.info\/mtr\/wp-json\/wp\/v2\/pages\/12317","targetHints":{"allow":["GET"]}}],"collection":[{"href":"https:\/\/optimizacion-online.info\/mtr\/wp-json\/wp\/v2\/pages"}],"about":[{"href":"https:\/\/optimizacion-online.info\/mtr\/wp-json\/wp\/v2\/types\/page"}],"author":[{"embeddable":true,"href":"https:\/\/optimizacion-online.info\/mtr\/wp-json\/wp\/v2\/users\/4"}],"replies":[{"embeddable":true,"href":"https:\/\/optimizacion-online.info\/mtr\/wp-json\/wp\/v2\/comments?post=12317"}],"version-history":[{"count":0,"href":"https:\/\/optimizacion-online.info\/mtr\/wp-json\/wp\/v2\/pages\/12317\/revisions"}],"wp:attachment":[{"href":"https:\/\/optimizacion-online.info\/mtr\/wp-json\/wp\/v2\/media?parent=12317"}],"curies":[{"name":"wp","href":"https:\/\/api.w.org\/{rel}","templated":true}]}}