{"id":4021,"date":"2018-09-19T17:22:06","date_gmt":"2018-09-19T17:22:06","guid":{"rendered":"https:\/\/montacargasventayrenta.com\/?page_id=4021"},"modified":"2025-02-20T22:33:17","modified_gmt":"2025-02-20T22:33:17","slug":"blog","status":"publish","type":"page","link":"https:\/\/optimizacion-online.info\/mtr\/blog\/","title":{"rendered":"BLOG"},"content":{"rendered":"\t\t<div data-elementor-type=\"wp-page\" data-elementor-id=\"4021\" class=\"elementor elementor-4021\" data-elementor-post-type=\"page\">\n\t\t\t\t\t\t<section class=\"elementor-section elementor-top-section elementor-element elementor-element-e9e0700 elementor-section-boxed elementor-section-height-default elementor-section-height-default\" data-id=\"e9e0700\" data-element_type=\"section\" data-settings=\"{&quot;background_background&quot;:&quot;classic&quot;}\">\n\t\t\t\t\t\t<div class=\"elementor-container elementor-column-gap-default\">\n\t\t\t\t\t<div class=\"elementor-column elementor-col-100 elementor-top-column elementor-element elementor-element-e1cb015\" data-id=\"e1cb015\" data-element_type=\"column\">\n\t\t\t<div class=\"elementor-widget-wrap elementor-element-populated\">\n\t\t\t\t\t\t<div class=\"elementor-element elementor-element-a5d91e5 elementor-widget elementor-widget-heading\" data-id=\"a5d91e5\" data-element_type=\"widget\" data-widget_type=\"heading.default\">\n\t\t\t\t<div class=\"elementor-widget-container\">\n\t\t\t\t\t<h1 class=\"elementor-heading-title elementor-size-default\">Blog<\/h1>\t\t\t\t<\/div>\n\t\t\t\t<\/div>\n\t\t\t\t\t<\/div>\n\t\t<\/div>\n\t\t\t\t\t<\/div>\n\t\t<\/section>\n\t\t\t\t<section class=\"elementor-section elementor-top-section elementor-element elementor-element-3722818 elementor-section-boxed elementor-section-height-default elementor-section-height-default\" data-id=\"3722818\" data-element_type=\"section\" data-settings=\"{&quot;background_background&quot;:&quot;classic&quot;}\">\n\t\t\t\t\t\t<div class=\"elementor-container elementor-column-gap-default\">\n\t\t\t\t\t<div class=\"elementor-column elementor-col-100 elementor-top-column elementor-element elementor-element-a624022\" data-id=\"a624022\" data-element_type=\"column\">\n\t\t\t<div class=\"elementor-widget-wrap elementor-element-populated\">\n\t\t\t\t\t\t<div class=\"elementor-element elementor-element-0d3d876 elementor-grid-3 elementor-grid-tablet-2 elementor-grid-mobile-1 elementor-posts--thumbnail-top elementor-card-shadow-yes elementor-posts__hover-gradient elementor-widget elementor-widget-posts\" data-id=\"0d3d876\" data-element_type=\"widget\" data-settings=\"{&quot;pagination_type&quot;:&quot;numbers_and_prev_next&quot;,&quot;cards_columns&quot;:&quot;3&quot;,&quot;cards_columns_tablet&quot;:&quot;2&quot;,&quot;cards_columns_mobile&quot;:&quot;1&quot;,&quot;cards_row_gap&quot;:{&quot;unit&quot;:&quot;px&quot;,&quot;size&quot;:35,&quot;sizes&quot;:[]},&quot;cards_row_gap_tablet&quot;:{&quot;unit&quot;:&quot;px&quot;,&quot;size&quot;:&quot;&quot;,&quot;sizes&quot;:[]},&quot;cards_row_gap_mobile&quot;:{&quot;unit&quot;:&quot;px&quot;,&quot;size&quot;:&quot;&quot;,&quot;sizes&quot;:[]}}\" data-widget_type=\"posts.cards\">\n\t\t\t\t<div class=\"elementor-widget-container\">\n\t\t\t\t\t\t\t<div class=\"elementor-posts-container elementor-posts elementor-posts--skin-cards elementor-grid\">\n\t\t\t\t<article class=\"elementor-post elementor-grid-item post-13142 post type-post status-publish format-standard hentry category-renta-de-plataformas\">\n\t\t\t<div class=\"elementor-post__card\">\n\t\t\t\t<div class=\"elementor-post__text\">\n\t\t\t\t<h3 class=\"elementor-post__title\">\n\t\t\t<a href=\"https:\/\/optimizacion-online.info\/mtr\/por-que-elegir-el-servicio-de-renta-de-plataformas-elevadoras-tipo-tijera\/\" >\n\t\t\t\t\u00bfPor qu\u00e9 elegir el servicio de renta de plataformas elevadoras tipo tijera?\t\t\t<\/a>\n\t\t<\/h3>\n\t\t\t\t<div class=\"elementor-post__excerpt\">\n\t\t\t<p>Si est\u00e1s buscando servicios de renta de plataformas, es conveniente que puedas conocer algunas funcionalidades del mecanismo de estas m\u00e1quinas, usos frecuentes y otros aspectos<\/p>\n\t\t<\/div>\n\t\t\t\t\t<div class=\"elementor-post__read-more-wrapper\">\n\t\t\n\t\t<a class=\"elementor-post__read-more\" href=\"https:\/\/optimizacion-online.info\/mtr\/por-que-elegir-el-servicio-de-renta-de-plataformas-elevadoras-tipo-tijera\/\" aria-label=\"Read more about \u00bfPor qu\u00e9 elegir el servicio de renta de plataformas elevadoras tipo tijera?\" tabindex=\"-1\" >\n\t\t\tLeer m\u00e1s \u00bb\t\t<\/a>\n\n\t\t\t\t\t<\/div>\n\t\t\t\t<\/div>\n\t\t\t\t<div class=\"elementor-post__meta-data\">\n\t\t\t\t\t<span class=\"elementor-post-date\">\n\t\t\tjulio 22, 2025\t\t<\/span>\n\t\t\t\t<span class=\"elementor-post-avatar\">\n\t\t\tNo hay comentarios\t\t<\/span>\n\t\t\t\t<\/div>\n\t\t\t\t\t<\/div>\n\t\t<\/article>\n\t\t\t\t<article class=\"elementor-post elementor-grid-item post-13143 post type-post status-publish format-standard hentry category-renta-de-montacargas-en-monterrey\">\n\t\t\t<div class=\"elementor-post__card\">\n\t\t\t\t<div class=\"elementor-post__text\">\n\t\t\t\t<h3 class=\"elementor-post__title\">\n\t\t\t<a href=\"https:\/\/optimizacion-online.info\/mtr\/para-que-sirven-los-3-pedales-del-montacargas\/\" >\n\t\t\t\t\u00bfPara qu\u00e9 sirven los 3 pedales del montacargas?\t\t\t<\/a>\n\t\t<\/h3>\n\t\t\t\t<div class=\"elementor-post__excerpt\">\n\t\t\t<p>Para tomar la mejor decisi\u00f3n en renta de montacargas en Monterrey y sacar el mayor provecho de estos equipos, es necesario entender los controles de<\/p>\n\t\t<\/div>\n\t\t\t\t\t<div class=\"elementor-post__read-more-wrapper\">\n\t\t\n\t\t<a class=\"elementor-post__read-more\" href=\"https:\/\/optimizacion-online.info\/mtr\/para-que-sirven-los-3-pedales-del-montacargas\/\" aria-label=\"Read more about \u00bfPara qu\u00e9 sirven los 3 pedales del montacargas?\" tabindex=\"-1\" >\n\t\t\tLeer m\u00e1s \u00bb\t\t<\/a>\n\n\t\t\t\t\t<\/div>\n\t\t\t\t<\/div>\n\t\t\t\t<div class=\"elementor-post__meta-data\">\n\t\t\t\t\t<span class=\"elementor-post-date\">\n\t\t\tjulio 22, 2025\t\t<\/span>\n\t\t\t\t<span class=\"elementor-post-avatar\">\n\t\t\tNo hay comentarios\t\t<\/span>\n\t\t\t\t<\/div>\n\t\t\t\t\t<\/div>\n\t\t<\/article>\n\t\t\t\t<article class=\"elementor-post elementor-grid-item post-13144 post type-post status-publish format-standard hentry category-montacargas-toyota\">\n\t\t\t<div class=\"elementor-post__card\">\n\t\t\t\t<div class=\"elementor-post__text\">\n\t\t\t\t<h3 class=\"elementor-post__title\">\n\t\t\t<a href=\"https:\/\/optimizacion-online.info\/mtr\/importancia-de-conocer-las-capacidades-de-elevacion-de-montacargas-toyota\/\" >\n\t\t\t\tImportancia de conocer las capacidades de elevaci\u00f3n de montacargas Toyota\t\t\t<\/a>\n\t\t<\/h3>\n\t\t\t\t<div class=\"elementor-post__excerpt\">\n\t\t\t<p>\u00bfHa llegado a pensar qu\u00e9 se requiere para establecer cu\u00e1nto puede levantar un montacargas Toyota? Un error que com\u00fanmente se presenta es que una m\u00e1quina<\/p>\n\t\t<\/div>\n\t\t\t\t\t<div class=\"elementor-post__read-more-wrapper\">\n\t\t\n\t\t<a class=\"elementor-post__read-more\" href=\"https:\/\/optimizacion-online.info\/mtr\/importancia-de-conocer-las-capacidades-de-elevacion-de-montacargas-toyota\/\" aria-label=\"Read more about Importancia de conocer las capacidades de elevaci\u00f3n de montacargas Toyota\" tabindex=\"-1\" >\n\t\t\tLeer m\u00e1s \u00bb\t\t<\/a>\n\n\t\t\t\t\t<\/div>\n\t\t\t\t<\/div>\n\t\t\t\t<div class=\"elementor-post__meta-data\">\n\t\t\t\t\t<span class=\"elementor-post-date\">\n\t\t\tjulio 15, 2025\t\t<\/span>\n\t\t\t\t<span class=\"elementor-post-avatar\">\n\t\t\tNo hay comentarios\t\t<\/span>\n\t\t\t\t<\/div>\n\t\t\t\t\t<\/div>\n\t\t<\/article>\n\t\t\t\t<article class=\"elementor-post elementor-grid-item post-13145 post type-post status-publish format-standard hentry category-renta-de-montacargas\">\n\t\t\t<div class=\"elementor-post__card\">\n\t\t\t\t<div class=\"elementor-post__text\">\n\t\t\t\t<h3 class=\"elementor-post__title\">\n\t\t\t<a href=\"https:\/\/optimizacion-online.info\/mtr\/considerar-la-capacidad-de-carga-al-optar-por-la-renta-de-montacargas\/\" >\n\t\t\t\tConsiderar la capacidad de carga al optar por la renta de montacargas.\t\t\t<\/a>\n\t\t<\/h3>\n\t\t\t\t<div class=\"elementor-post__excerpt\">\n\t\t\t<p>Si est\u00e1 en busca de montacargas adecuados, es esencial pensar en un servicio de calidad, sea para compra o renta de montacargas. Pues se trata<\/p>\n\t\t<\/div>\n\t\t\t\t\t<div class=\"elementor-post__read-more-wrapper\">\n\t\t\n\t\t<a class=\"elementor-post__read-more\" href=\"https:\/\/optimizacion-online.info\/mtr\/considerar-la-capacidad-de-carga-al-optar-por-la-renta-de-montacargas\/\" aria-label=\"Read more about Considerar la capacidad de carga al optar por la renta de montacargas.\" tabindex=\"-1\" >\n\t\t\tLeer m\u00e1s \u00bb\t\t<\/a>\n\n\t\t\t\t\t<\/div>\n\t\t\t\t<\/div>\n\t\t\t\t<div class=\"elementor-post__meta-data\">\n\t\t\t\t\t<span class=\"elementor-post-date\">\n\t\t\tjulio 8, 2025\t\t<\/span>\n\t\t\t\t<span class=\"elementor-post-avatar\">\n\t\t\tNo hay comentarios\t\t<\/span>\n\t\t\t\t<\/div>\n\t\t\t\t\t<\/div>\n\t\t<\/article>\n\t\t\t\t<article class=\"elementor-post elementor-grid-item post-13146 post type-post status-publish format-standard hentry category-renta-de-montacargas\">\n\t\t\t<div class=\"elementor-post__card\">\n\t\t\t\t<div class=\"elementor-post__text\">\n\t\t\t\t<h3 class=\"elementor-post__title\">\n\t\t\t<a href=\"https:\/\/optimizacion-online.info\/mtr\/que-montacargas-ofrecen-los-servicios-de-renta-de-montacargas\/\" >\n\t\t\t\t\u00bfQu\u00e9 montacargas ofrecen los servicios de renta de montacargas?\t\t\t<\/a>\n\t\t<\/h3>\n\t\t\t\t<div class=\"elementor-post__excerpt\">\n\t\t\t<p>La respuesta a esta pregunta puede variar dependiendo de la empresa proveedora del servicio de renta de montacargas. En TMR, por ejemplo, es posible contar<\/p>\n\t\t<\/div>\n\t\t\t\t\t<div class=\"elementor-post__read-more-wrapper\">\n\t\t\n\t\t<a class=\"elementor-post__read-more\" href=\"https:\/\/optimizacion-online.info\/mtr\/que-montacargas-ofrecen-los-servicios-de-renta-de-montacargas\/\" aria-label=\"Read more about \u00bfQu\u00e9 montacargas ofrecen los servicios de renta de montacargas?\" tabindex=\"-1\" >\n\t\t\tLeer m\u00e1s \u00bb\t\t<\/a>\n\n\t\t\t\t\t<\/div>\n\t\t\t\t<\/div>\n\t\t\t\t<div class=\"elementor-post__meta-data\">\n\t\t\t\t\t<span class=\"elementor-post-date\">\n\t\t\tjulio 2, 2025\t\t<\/span>\n\t\t\t\t<span class=\"elementor-post-avatar\">\n\t\t\tNo hay comentarios\t\t<\/span>\n\t\t\t\t<\/div>\n\t\t\t\t\t<\/div>\n\t\t<\/article>\n\t\t\t\t<article class=\"elementor-post elementor-grid-item post-13147 post type-post status-publish format-standard hentry category-montacargas-monterrey\">\n\t\t\t<div class=\"elementor-post__card\">\n\t\t\t\t<div class=\"elementor-post__text\">\n\t\t\t\t<h3 class=\"elementor-post__title\">\n\t\t\t<a href=\"https:\/\/optimizacion-online.info\/mtr\/menor-riesgo-de-accidentes-con-montacargas-en-monterrey\/\" >\n\t\t\t\tMenor riesgo de accidentes con montacargas en Monterrey\t\t\t<\/a>\n\t\t<\/h3>\n\t\t\t\t<div class=\"elementor-post__excerpt\">\n\t\t\t<p>La implementaci\u00f3n de montacargas Monterrey permite disminuir los potenciales riesgos relacionados a las lesiones y accidentes de trabajadores. Principalmente debido a que facilitan el desarrollo<\/p>\n\t\t<\/div>\n\t\t\t\t\t<div class=\"elementor-post__read-more-wrapper\">\n\t\t\n\t\t<a class=\"elementor-post__read-more\" href=\"https:\/\/optimizacion-online.info\/mtr\/menor-riesgo-de-accidentes-con-montacargas-en-monterrey\/\" aria-label=\"Read more about Menor riesgo de accidentes con montacargas en Monterrey\" tabindex=\"-1\" >\n\t\t\tLeer m\u00e1s \u00bb\t\t<\/a>\n\n\t\t\t\t\t<\/div>\n\t\t\t\t<\/div>\n\t\t\t\t<div class=\"elementor-post__meta-data\">\n\t\t\t\t\t<span class=\"elementor-post-date\">\n\t\t\tjunio 25, 2025\t\t<\/span>\n\t\t\t\t<span class=\"elementor-post-avatar\">\n\t\t\tNo hay comentarios\t\t<\/span>\n\t\t\t\t<\/div>\n\t\t\t\t\t<\/div>\n\t\t<\/article>\n\t\t\t\t<article class=\"elementor-post elementor-grid-item post-13148 post type-post status-publish format-standard hentry category-renta-de-plataformas\">\n\t\t\t<div class=\"elementor-post__card\">\n\t\t\t\t<div class=\"elementor-post__text\">\n\t\t\t\t<h3 class=\"elementor-post__title\">\n\t\t\t<a href=\"https:\/\/optimizacion-online.info\/mtr\/como-contar-con-maquinaria-para-la-empresa-sin-comprarla\/\" >\n\t\t\t\t\u00bfC\u00f3mo contar con maquinaria para la empresa sin comprarla?\t\t\t<\/a>\n\t\t<\/h3>\n\t\t\t\t<div class=\"elementor-post__excerpt\">\n\t\t\t<p>Las empresas constantemente requieren de maquinaria para el desarrollo de sus procesos, sin embargo, no todas pueden adquirir equipos nuevos. Una excelente soluci\u00f3n para esto<\/p>\n\t\t<\/div>\n\t\t\t\t\t<div class=\"elementor-post__read-more-wrapper\">\n\t\t\n\t\t<a class=\"elementor-post__read-more\" href=\"https:\/\/optimizacion-online.info\/mtr\/como-contar-con-maquinaria-para-la-empresa-sin-comprarla\/\" aria-label=\"Read more about \u00bfC\u00f3mo contar con maquinaria para la empresa sin comprarla?\" tabindex=\"-1\" >\n\t\t\tLeer m\u00e1s \u00bb\t\t<\/a>\n\n\t\t\t\t\t<\/div>\n\t\t\t\t<\/div>\n\t\t\t\t<div class=\"elementor-post__meta-data\">\n\t\t\t\t\t<span class=\"elementor-post-date\">\n\t\t\tjunio 18, 2025\t\t<\/span>\n\t\t\t\t<span class=\"elementor-post-avatar\">\n\t\t\tNo hay comentarios\t\t<\/span>\n\t\t\t\t<\/div>\n\t\t\t\t\t<\/div>\n\t\t<\/article>\n\t\t\t\t<article class=\"elementor-post elementor-grid-item post-13149 post type-post status-publish format-standard hentry category-venta-de-montacargas-en-monterrey\">\n\t\t\t<div class=\"elementor-post__card\">\n\t\t\t\t<div class=\"elementor-post__text\">\n\t\t\t\t<h3 class=\"elementor-post__title\">\n\t\t\t<a href=\"https:\/\/optimizacion-online.info\/mtr\/por-que-comprar-un-montacargas-es-la-mejor-decision\/\" >\n\t\t\t\t\u00bfPor qu\u00e9 comprar un montacargas es la mejor decisi\u00f3n?\t\t\t<\/a>\n\t\t<\/h3>\n\t\t\t\t<div class=\"elementor-post__excerpt\">\n\t\t\t<p>En la actualidad muchas empresas prefieren acudir a servicios de venta de montacargas en Monterrey para comprar maquinaria con el fin de optimizar el desarrollo<\/p>\n\t\t<\/div>\n\t\t\t\t\t<div class=\"elementor-post__read-more-wrapper\">\n\t\t\n\t\t<a class=\"elementor-post__read-more\" href=\"https:\/\/optimizacion-online.info\/mtr\/por-que-comprar-un-montacargas-es-la-mejor-decision\/\" aria-label=\"Read more about \u00bfPor qu\u00e9 comprar un montacargas es la mejor decisi\u00f3n?\" tabindex=\"-1\" >\n\t\t\tLeer m\u00e1s \u00bb\t\t<\/a>\n\n\t\t\t\t\t<\/div>\n\t\t\t\t<\/div>\n\t\t\t\t<div class=\"elementor-post__meta-data\">\n\t\t\t\t\t<span class=\"elementor-post-date\">\n\t\t\tjunio 11, 2025\t\t<\/span>\n\t\t\t\t<span class=\"elementor-post-avatar\">\n\t\t\tNo hay comentarios\t\t<\/span>\n\t\t\t\t<\/div>\n\t\t\t\t\t<\/div>\n\t\t<\/article>\n\t\t\t\t<article class=\"elementor-post elementor-grid-item post-13150 post type-post status-publish format-standard hentry category-uncategorized\">\n\t\t\t<div class=\"elementor-post__card\">\n\t\t\t\t<div class=\"elementor-post__text\">\n\t\t\t\t<h3 class=\"elementor-post__title\">\n\t\t\t<a href=\"https:\/\/optimizacion-online.info\/mtr\/conviene-invertir-en-montacargas-usados\/\" >\n\t\t\t\t\u00bfConviene invertir en montacargas usados?\t\t\t<\/a>\n\t\t<\/h3>\n\t\t\t\t<div class=\"elementor-post__excerpt\">\n\t\t\t<p>Los montacargas usados o nuevos son equipos esenciales en las industrias, no s\u00f3lo porque permiten mover cargas de un lado a otro, sino que tambi\u00e9n<\/p>\n\t\t<\/div>\n\t\t\t\t\t<div class=\"elementor-post__read-more-wrapper\">\n\t\t\n\t\t<a class=\"elementor-post__read-more\" href=\"https:\/\/optimizacion-online.info\/mtr\/conviene-invertir-en-montacargas-usados\/\" aria-label=\"Read more about \u00bfConviene invertir en montacargas usados?\" tabindex=\"-1\" >\n\t\t\tLeer m\u00e1s \u00bb\t\t<\/a>\n\n\t\t\t\t\t<\/div>\n\t\t\t\t<\/div>\n\t\t\t\t<div class=\"elementor-post__meta-data\">\n\t\t\t\t\t<span class=\"elementor-post-date\">\n\t\t\tjunio 4, 2025\t\t<\/span>\n\t\t\t\t<span class=\"elementor-post-avatar\">\n\t\t\tNo hay comentarios\t\t<\/span>\n\t\t\t\t<\/div>\n\t\t\t\t\t<\/div>\n\t\t<\/article>\n\t\t\t\t<article class=\"elementor-post elementor-grid-item post-13151 post type-post status-publish format-standard hentry category-uncategorized\">\n\t\t\t<div class=\"elementor-post__card\">\n\t\t\t\t<div class=\"elementor-post__text\">\n\t\t\t\t<h3 class=\"elementor-post__title\">\n\t\t\t<a href=\"https:\/\/optimizacion-online.info\/mtr\/cuales-son-las-especificaciones-de-los-montacargas-toyota-por-que-elegirlos\/\" >\n\t\t\t\t\u00bfCu\u00e1les son las especificaciones de los montacargas Toyota? \u00bfPor qu\u00e9 elegirlos?\t\t\t<\/a>\n\t\t<\/h3>\n\t\t\t\t<div class=\"elementor-post__excerpt\">\n\t\t\t<p>Los montacargas Toyota son un equipo que se caracteriza por su nivel de excelencia. Son m\u00e1quinas confiables y funcionales para varias aplicaciones industriales. Cuentan con<\/p>\n\t\t<\/div>\n\t\t\t\t\t<div class=\"elementor-post__read-more-wrapper\">\n\t\t\n\t\t<a class=\"elementor-post__read-more\" href=\"https:\/\/optimizacion-online.info\/mtr\/cuales-son-las-especificaciones-de-los-montacargas-toyota-por-que-elegirlos\/\" aria-label=\"Read more about \u00bfCu\u00e1les son las especificaciones de los montacargas Toyota? \u00bfPor qu\u00e9 elegirlos?\" tabindex=\"-1\" >\n\t\t\tLeer m\u00e1s \u00bb\t\t<\/a>\n\n\t\t\t\t\t<\/div>\n\t\t\t\t<\/div>\n\t\t\t\t<div class=\"elementor-post__meta-data\">\n\t\t\t\t\t<span class=\"elementor-post-date\">\n\t\t\tmayo 28, 2025\t\t<\/span>\n\t\t\t\t<span class=\"elementor-post-avatar\">\n\t\t\tNo hay comentarios\t\t<\/span>\n\t\t\t\t<\/div>\n\t\t\t\t\t<\/div>\n\t\t<\/article>\n\t\t\t\t<article class=\"elementor-post elementor-grid-item post-13152 post type-post status-publish format-standard hentry category-uncategorized\">\n\t\t\t<div class=\"elementor-post__card\">\n\t\t\t\t<div class=\"elementor-post__text\">\n\t\t\t\t<h3 class=\"elementor-post__title\">\n\t\t\t<a href=\"https:\/\/optimizacion-online.info\/mtr\/que-debo-saber-sobre-la-renta-de-montacargas\/\" >\n\t\t\t\t\u00bfQu\u00e9 debo saber sobre la renta de montacargas?\t\t\t<\/a>\n\t\t<\/h3>\n\t\t\t\t<div class=\"elementor-post__excerpt\">\n\t\t\t<p>Los montacargas son herramientas comunes para casi cualquier negocio, sean almacenes, centros de distribuci\u00f3n e industria en general. Acceder a un servicio de renta de<\/p>\n\t\t<\/div>\n\t\t\t\t\t<div class=\"elementor-post__read-more-wrapper\">\n\t\t\n\t\t<a class=\"elementor-post__read-more\" href=\"https:\/\/optimizacion-online.info\/mtr\/que-debo-saber-sobre-la-renta-de-montacargas\/\" aria-label=\"Read more about \u00bfQu\u00e9 debo saber sobre la renta de montacargas?\" tabindex=\"-1\" >\n\t\t\tLeer m\u00e1s \u00bb\t\t<\/a>\n\n\t\t\t\t\t<\/div>\n\t\t\t\t<\/div>\n\t\t\t\t<div class=\"elementor-post__meta-data\">\n\t\t\t\t\t<span class=\"elementor-post-date\">\n\t\t\tmayo 21, 2025\t\t<\/span>\n\t\t\t\t<span class=\"elementor-post-avatar\">\n\t\t\tNo hay comentarios\t\t<\/span>\n\t\t\t\t<\/div>\n\t\t\t\t\t<\/div>\n\t\t<\/article>\n\t\t\t\t<article class=\"elementor-post elementor-grid-item post-13153 post type-post status-publish format-standard hentry category-uncategorized\">\n\t\t\t<div class=\"elementor-post__card\">\n\t\t\t\t<div class=\"elementor-post__text\">\n\t\t\t\t<h3 class=\"elementor-post__title\">\n\t\t\t<a href=\"https:\/\/optimizacion-online.info\/mtr\/como-elegir-una-renta-optima-de-montacargas-en-monterrey-marca-toyota\/\" >\n\t\t\t\t\u00bfC\u00f3mo elegir una renta \u00f3ptima de montacargas en Monterrey marca Toyota?\t\t\t<\/a>\n\t\t<\/h3>\n\t\t\t\t<div class=\"elementor-post__excerpt\">\n\t\t\t<p>Monterrey es una zona importante a nivel de industria y log\u00edstica. Negocios o empresas de distribuci\u00f3n, manufactura y almacenamiento necesitan de soluciones adecuadas para la<\/p>\n\t\t<\/div>\n\t\t\t\t\t<div class=\"elementor-post__read-more-wrapper\">\n\t\t\n\t\t<a class=\"elementor-post__read-more\" href=\"https:\/\/optimizacion-online.info\/mtr\/como-elegir-una-renta-optima-de-montacargas-en-monterrey-marca-toyota\/\" aria-label=\"Read more about \u00bfC\u00f3mo elegir una renta \u00f3ptima de montacargas en Monterrey marca Toyota?\" tabindex=\"-1\" >\n\t\t\tLeer m\u00e1s \u00bb\t\t<\/a>\n\n\t\t\t\t\t<\/div>\n\t\t\t\t<\/div>\n\t\t\t\t<div class=\"elementor-post__meta-data\">\n\t\t\t\t\t<span class=\"elementor-post-date\">\n\t\t\tmayo 14, 2025\t\t<\/span>\n\t\t\t\t<span class=\"elementor-post-avatar\">\n\t\t\tNo hay comentarios\t\t<\/span>\n\t\t\t\t<\/div>\n\t\t\t\t\t<\/div>\n\t\t<\/article>\n\t\t\t\t<\/div>\n\t\t\n\t\t\t\t<div class=\"e-load-more-anchor\" data-page=\"1\" data-max-page=\"35\" data-next-page=\"https:\/\/optimizacion-online.info\/mtr\/wp-json\/wp\/v2\/pages\/4021\/page\/2\/\"><\/div>\n\t\t\t\t<nav class=\"elementor-pagination\" aria-label=\"Pagination\">\n\t\t\t<span class=\"page-numbers prev\">&laquo; Previo<\/span>\n<span aria-current=\"page\" class=\"page-numbers current\"><span class=\"elementor-screen-only\">Page<\/span>1<\/span>\n<a class=\"page-numbers\" href=\"https:\/\/optimizacion-online.info\/mtr\/wp-json\/wp\/v2\/pages\/4021\/page\/2\/\"><span class=\"elementor-screen-only\">Page<\/span>2<\/a>\n<a class=\"page-numbers\" href=\"https:\/\/optimizacion-online.info\/mtr\/wp-json\/wp\/v2\/pages\/4021\/page\/3\/\"><span class=\"elementor-screen-only\">Page<\/span>3<\/a>\n<span class=\"page-numbers dots\">&hellip;<\/span>\n<a class=\"page-numbers\" href=\"https:\/\/optimizacion-online.info\/mtr\/wp-json\/wp\/v2\/pages\/4021\/page\/35\/\"><span class=\"elementor-screen-only\">Page<\/span>35<\/a>\n<a class=\"page-numbers next\" href=\"https:\/\/optimizacion-online.info\/mtr\/wp-json\/wp\/v2\/pages\/4021\/page\/2\/\">Pr\u00f3ximo &raquo;<\/a>\t\t<\/nav>\n\t\t\t\t\t\t<\/div>\n\t\t\t\t<\/div>\n\t\t\t\t\t<\/div>\n\t\t<\/div>\n\t\t\t\t\t<\/div>\n\t\t<\/section>\n\t\t\t\t<\/div>\n\t\t","protected":false},"excerpt":{"rendered":"<p>Blog<\/p>\n","protected":false},"author":4,"featured_media":0,"parent":0,"menu_order":0,"comment_status":"closed","ping_status":"closed","template":"elementor_header_footer","meta":{"footnotes":""},"class_list":["post-4021","page","type-page","status-publish","hentry"],"_links":{"self":[{"href":"https:\/\/optimizacion-online.info\/mtr\/wp-json\/wp\/v2\/pages\/4021","targetHints":{"allow":["GET"]}}],"collection":[{"href":"https:\/\/optimizacion-online.info\/mtr\/wp-json\/wp\/v2\/pages"}],"about":[{"href":"https:\/\/optimizacion-online.info\/mtr\/wp-json\/wp\/v2\/types\/page"}],"author":[{"embeddable":true,"href":"https:\/\/optimizacion-online.info\/mtr\/wp-json\/wp\/v2\/users\/4"}],"replies":[{"embeddable":true,"href":"https:\/\/optimizacion-online.info\/mtr\/wp-json\/wp\/v2\/comments?post=4021"}],"version-history":[{"count":13,"href":"https:\/\/optimizacion-online.info\/mtr\/wp-json\/wp\/v2\/pages\/4021\/revisions"}],"predecessor-version":[{"id":13003,"href":"https:\/\/optimizacion-online.info\/mtr\/wp-json\/wp\/v2\/pages\/4021\/revisions\/13003"}],"wp:attachment":[{"href":"https:\/\/optimizacion-online.info\/mtr\/wp-json\/wp\/v2\/media?parent=4021"}],"curies":[{"name":"wp","href":"https:\/\/api.w.org\/{rel}","templated":true}]}}