{"id":4089,"date":"2018-10-16T21:13:49","date_gmt":"2018-10-16T21:13:49","guid":{"rendered":"https:\/\/montacargasventayrenta.com\/?page_id=4089"},"modified":"2025-02-20T19:29:44","modified_gmt":"2025-02-20T19:29:44","slug":"renta","status":"publish","type":"page","link":"https:\/\/optimizacion-online.info\/mtr\/renta\/","title":{"rendered":"Renta"},"content":{"rendered":"\t\t<div data-elementor-type=\"wp-page\" data-elementor-id=\"4089\" class=\"elementor elementor-4089\" data-elementor-post-type=\"page\">\n\t\t\t\t\t\t<section class=\"elementor-section elementor-top-section elementor-element elementor-element-3ffd010 elementor-section-boxed elementor-section-height-default elementor-section-height-default\" data-id=\"3ffd010\" data-element_type=\"section\" data-settings=\"{&quot;background_background&quot;:&quot;classic&quot;}\">\n\t\t\t\t\t\t<div class=\"elementor-container elementor-column-gap-default\">\n\t\t\t\t\t<div class=\"elementor-column elementor-col-100 elementor-top-column elementor-element elementor-element-5c9225e\" data-id=\"5c9225e\" data-element_type=\"column\">\n\t\t\t<div class=\"elementor-widget-wrap elementor-element-populated\">\n\t\t\t\t\t\t<div class=\"elementor-element elementor-element-73f2f14 elementor-widget elementor-widget-heading\" data-id=\"73f2f14\" data-element_type=\"widget\" data-widget_type=\"heading.default\">\n\t\t\t\t<div class=\"elementor-widget-container\">\n\t\t\t\t\t<h1 class=\"elementor-heading-title elementor-size-default\">RENTA<\/h1>\t\t\t\t<\/div>\n\t\t\t\t<\/div>\n\t\t\t\t\t<\/div>\n\t\t<\/div>\n\t\t\t\t\t<\/div>\n\t\t<\/section>\n\t\t\t\t<section class=\"elementor-section elementor-top-section elementor-element elementor-element-1e84bb3 elementor-section-boxed elementor-section-height-default elementor-section-height-default\" data-id=\"1e84bb3\" data-element_type=\"section\">\n\t\t\t\t\t\t<div class=\"elementor-container elementor-column-gap-default\">\n\t\t\t\t\t<div class=\"elementor-column elementor-col-50 elementor-top-column elementor-element elementor-element-6cd88da\" data-id=\"6cd88da\" data-element_type=\"column\">\n\t\t\t<div class=\"elementor-widget-wrap elementor-element-populated\">\n\t\t\t\t\t\t<div class=\"elementor-element elementor-element-eadd51d elementor-widget elementor-widget-heading\" data-id=\"eadd51d\" data-element_type=\"widget\" data-widget_type=\"heading.default\">\n\t\t\t\t<div class=\"elementor-widget-container\">\n\t\t\t\t\t<h2 class=\"elementor-heading-title elementor-size-default\">Renta equipo JLG y CHL en M\u00e9xico<\/h2>\t\t\t\t<\/div>\n\t\t\t\t<\/div>\n\t\t\t\t<div class=\"elementor-element elementor-element-c62f8c9 elementor-widget elementor-widget-text-editor\" data-id=\"c62f8c9\" data-element_type=\"widget\" data-widget_type=\"text-editor.default\">\n\t\t\t\t<div class=\"elementor-widget-container\">\n\t\t\t\t\t\t\t\t\t<div class=\"col-md-7\"><p>En TMR ofrecemos todo nuestro equipo nuevo y usado en renta. Contamos con flotillas de montacargas y plataformas constantemente renovadas disponibles para renta desde una semana hasta contratos a mediano y largo plazo. No tendr\u00e1 una inversion inicial, obtendr\u00e1 mantenimientos preventivos y correctivos inclu\u00eddos en su cotrato, y contar\u00e1 con equipo reenovado constantemente.<\/p><p>Ofrecemos tambi\u00e9n asesor\u00edas gratuitas para elegir el equipo correcto para las necesidades espec\u00edficas de su empresa. Podemos garantizarle que nuestro personal capacitado le brindar\u00e1 el mejor servicio y atenci\u00f3n.<\/p><p>Con a\u00f1os de experiencia contamos con una variedad de modelos y tama\u00f1os de todas las marcas. Permita que mediante la renta de montacargas TMR le brinde soluciones para su trabajo.<\/p><\/div>\t\t\t\t\t\t\t\t<\/div>\n\t\t\t\t<\/div>\n\t\t\t\t<div class=\"elementor-element elementor-element-5ce36cf elementor-widget elementor-widget-button\" data-id=\"5ce36cf\" data-element_type=\"widget\" data-widget_type=\"button.default\">\n\t\t\t\t<div class=\"elementor-widget-container\">\n\t\t\t\t\t\t\t\t\t<div class=\"elementor-button-wrapper\">\n\t\t\t\t\t<a class=\"elementor-button elementor-button-link elementor-size-sm\" href=\"https:\/\/montacargasventayrenta.com\/contacto\/\" target=\"_blank\" rel=\"noopener\">\n\t\t\t\t\t\t<span class=\"elementor-button-content-wrapper\">\n\t\t\t\t\t\t\t\t\t<span class=\"elementor-button-text\">Cont\u00e1ctanos<\/span>\n\t\t\t\t\t<\/span>\n\t\t\t\t\t<\/a>\n\t\t\t\t<\/div>\n\t\t\t\t\t\t\t\t<\/div>\n\t\t\t\t<\/div>\n\t\t\t\t\t<\/div>\n\t\t<\/div>\n\t\t\t\t<div class=\"elementor-column elementor-col-50 elementor-top-column elementor-element elementor-element-c77edea\" data-id=\"c77edea\" data-element_type=\"column\">\n\t\t\t<div class=\"elementor-widget-wrap elementor-element-populated\">\n\t\t\t\t\t\t<div class=\"elementor-element elementor-element-f0cfb63 elementor-widget elementor-widget-image\" data-id=\"f0cfb63\" data-element_type=\"widget\" data-widget_type=\"image.default\">\n\t\t\t\t<div class=\"elementor-widget-container\">\n\t\t\t\t\t\t\t\t\t\t\t\t\t\t\t<img fetchpriority=\"high\" decoding=\"async\" width=\"369\" height=\"403\" src=\"https:\/\/optimizacion-online.info\/mtr\/wp-content\/uploads\/2025\/02\/renta.webp\" class=\"attachment-large size-large wp-image-12961\" alt=\"montacargasventayrenta\" srcset=\"https:\/\/optimizacion-online.info\/mtr\/wp-content\/uploads\/2025\/02\/renta.webp 369w, https:\/\/optimizacion-online.info\/mtr\/wp-content\/uploads\/2025\/02\/renta-275x300.webp 275w, https:\/\/optimizacion-online.info\/mtr\/wp-content\/uploads\/2025\/02\/renta-137x150.webp 137w\" sizes=\"(max-width: 369px) 100vw, 369px\" \/>\t\t\t\t\t\t\t\t\t\t\t\t\t\t\t<\/div>\n\t\t\t\t<\/div>\n\t\t\t\t\t<\/div>\n\t\t<\/div>\n\t\t\t\t\t<\/div>\n\t\t<\/section>\n\t\t\t\t<\/div>\n\t\t","protected":false},"excerpt":{"rendered":"<p>RENTA Renta equipo JLG y CHL en M\u00e9xico En TMR ofrecemos todo nuestro equipo nuevo y usado en renta. Contamos con flotillas de montacargas y plataformas constantemente renovadas disponibles para renta desde una semana hasta contratos a mediano y largo plazo. No tendr\u00e1 una inversion inicial, obtendr\u00e1 mantenimientos preventivos y correctivos inclu\u00eddos en su cotrato, [&hellip;]<\/p>\n","protected":false},"author":4,"featured_media":0,"parent":0,"menu_order":0,"comment_status":"closed","ping_status":"closed","template":"elementor_header_footer","meta":{"footnotes":""},"class_list":["post-4089","page","type-page","status-publish","hentry"],"_links":{"self":[{"href":"https:\/\/optimizacion-online.info\/mtr\/wp-json\/wp\/v2\/pages\/4089","targetHints":{"allow":["GET"]}}],"collection":[{"href":"https:\/\/optimizacion-online.info\/mtr\/wp-json\/wp\/v2\/pages"}],"about":[{"href":"https:\/\/optimizacion-online.info\/mtr\/wp-json\/wp\/v2\/types\/page"}],"author":[{"embeddable":true,"href":"https:\/\/optimizacion-online.info\/mtr\/wp-json\/wp\/v2\/users\/4"}],"replies":[{"embeddable":true,"href":"https:\/\/optimizacion-online.info\/mtr\/wp-json\/wp\/v2\/comments?post=4089"}],"version-history":[{"count":34,"href":"https:\/\/optimizacion-online.info\/mtr\/wp-json\/wp\/v2\/pages\/4089\/revisions"}],"predecessor-version":[{"id":12988,"href":"https:\/\/optimizacion-online.info\/mtr\/wp-json\/wp\/v2\/pages\/4089\/revisions\/12988"}],"wp:attachment":[{"href":"https:\/\/optimizacion-online.info\/mtr\/wp-json\/wp\/v2\/media?parent=4089"}],"curies":[{"name":"wp","href":"https:\/\/api.w.org\/{rel}","templated":true}]}}