{"id":4218,"date":"2018-11-08T17:42:10","date_gmt":"2018-11-08T17:42:10","guid":{"rendered":"https:\/\/montacargasventayrenta.com\/?page_id=4218"},"modified":"2025-02-20T19:11:07","modified_gmt":"2025-02-20T19:11:07","slug":"refacciones","status":"publish","type":"page","link":"https:\/\/optimizacion-online.info\/mtr\/refacciones\/","title":{"rendered":"Refacciones"},"content":{"rendered":"\t\t<div data-elementor-type=\"wp-page\" data-elementor-id=\"4218\" class=\"elementor elementor-4218\" data-elementor-post-type=\"page\">\n\t\t\t\t\t\t<section class=\"elementor-section elementor-top-section elementor-element elementor-element-318010a elementor-section-boxed elementor-section-height-default elementor-section-height-default\" data-id=\"318010a\" data-element_type=\"section\" data-settings=\"{&quot;background_background&quot;:&quot;classic&quot;}\">\n\t\t\t\t\t\t<div class=\"elementor-container elementor-column-gap-default\">\n\t\t\t\t\t<div class=\"elementor-column elementor-col-100 elementor-top-column elementor-element elementor-element-537ec10\" data-id=\"537ec10\" data-element_type=\"column\">\n\t\t\t<div class=\"elementor-widget-wrap elementor-element-populated\">\n\t\t\t\t\t\t<div class=\"elementor-element elementor-element-30788d4 elementor-widget elementor-widget-heading\" data-id=\"30788d4\" data-element_type=\"widget\" data-widget_type=\"heading.default\">\n\t\t\t\t<div class=\"elementor-widget-container\">\n\t\t\t\t\t<h1 class=\"elementor-heading-title elementor-size-default\">REFACCIONES<\/h1>\t\t\t\t<\/div>\n\t\t\t\t<\/div>\n\t\t\t\t\t<\/div>\n\t\t<\/div>\n\t\t\t\t\t<\/div>\n\t\t<\/section>\n\t\t\t\t<section class=\"elementor-section elementor-top-section elementor-element elementor-element-0e92e9d elementor-section-boxed elementor-section-height-default elementor-section-height-default\" data-id=\"0e92e9d\" data-element_type=\"section\" data-settings=\"{&quot;background_background&quot;:&quot;slideshow&quot;,&quot;background_slideshow_gallery&quot;:[{&quot;id&quot;:12932,&quot;url&quot;:&quot;https:\\\/\\\/optimizacion-online.info\\\/mtr\\\/wp-content\\\/uploads\\\/2025\\\/02\\\/bgservicios-1.webp&quot;}],&quot;background_slideshow_loop&quot;:&quot;yes&quot;,&quot;background_slideshow_slide_duration&quot;:5000,&quot;background_slideshow_slide_transition&quot;:&quot;fade&quot;,&quot;background_slideshow_transition_duration&quot;:500}\">\n\t\t\t\t\t\t<div class=\"elementor-container elementor-column-gap-default\">\n\t\t\t\t\t<div class=\"elementor-column elementor-col-100 elementor-top-column elementor-element elementor-element-67bacad\" data-id=\"67bacad\" data-element_type=\"column\">\n\t\t\t<div class=\"elementor-widget-wrap elementor-element-populated\">\n\t\t\t\t\t\t<div class=\"elementor-element elementor-element-347aa5a elementor-widget elementor-widget-text-editor\" data-id=\"347aa5a\" data-element_type=\"widget\" data-widget_type=\"text-editor.default\">\n\t\t\t\t<div class=\"elementor-widget-container\">\n\t\t\t\t\t\t\t\t\t<div class=\"container-fluid py-5 fondo-servicios\"><div class=\"row justify-content-center py-3\"><div class=\"col-md-8 text-center\"><p>En TMR contamos con un amplio stock de refacciones para maquinaria pesada y equipo ligero desde bater\u00edas, filtros, aceites, cuchillas, carriler\u00eda y cualquier refacci\u00f3n que requiera su equipo. TMR como distribuidor oficial de distintas marcas prestigiadas como CHL, JLG y Bobcat entre otras, es su primera opci\u00f3n en la l\u00ednea de partes originales ya que estas han sido dise\u00f1adas y probadas no solo para que ajusten de forma adecuada, sino tambi\u00e9n para que funcionen correctamente.<\/p><\/div><\/div><\/div><div class=\"container-fluid fondo-amarillo\"><div class=\"row align-items-center\"><div class=\"col-md  \"><div class=\"p-md-5 p-3\">\u00a0<\/div><\/div><\/div><\/div>\t\t\t\t\t\t\t\t<\/div>\n\t\t\t\t<\/div>\n\t\t\t\t\t<\/div>\n\t\t<\/div>\n\t\t\t\t\t<\/div>\n\t\t<\/section>\n\t\t\t\t<section class=\"elementor-section elementor-top-section elementor-element elementor-element-beb8388 elementor-section-full_width elementor-section-height-default elementor-section-height-default\" data-id=\"beb8388\" data-element_type=\"section\" data-settings=\"{&quot;background_background&quot;:&quot;classic&quot;}\">\n\t\t\t\t\t\t<div class=\"elementor-container elementor-column-gap-default\">\n\t\t\t\t\t<div class=\"elementor-column elementor-col-50 elementor-top-column elementor-element elementor-element-1c1f072\" data-id=\"1c1f072\" data-element_type=\"column\">\n\t\t\t<div class=\"elementor-widget-wrap elementor-element-populated\">\n\t\t\t\t\t\t<div class=\"elementor-element elementor-element-74410f5 elementor-widget elementor-widget-text-editor\" data-id=\"74410f5\" data-element_type=\"widget\" data-widget_type=\"text-editor.default\">\n\t\t\t\t<div class=\"elementor-widget-container\">\n\t\t\t\t\t\t\t\t\t<p>Contamos con un \u00e1rea de refacciones en nuestras oficinas para que nos visite. O si requiere cotizaci\u00f3n de alguna refacci\u00f3n o servicio, no dude en contactarnos a <a href=\"mailto:gerenciaref@tmr.com.mx\">gerenciaref@tmr.com.mx<\/a> Realizamos env\u00edos a todo M\u00e9xico.<\/p>\t\t\t\t\t\t\t\t<\/div>\n\t\t\t\t<\/div>\n\t\t\t\t\t<\/div>\n\t\t<\/div>\n\t\t\t\t<div class=\"elementor-column elementor-col-50 elementor-top-column elementor-element elementor-element-dc4a25d\" data-id=\"dc4a25d\" data-element_type=\"column\">\n\t\t\t<div class=\"elementor-widget-wrap elementor-element-populated\">\n\t\t\t\t\t\t<div class=\"elementor-element elementor-element-f4753de elementor-widget elementor-widget-image\" data-id=\"f4753de\" data-element_type=\"widget\" data-widget_type=\"image.default\">\n\t\t\t\t<div class=\"elementor-widget-container\">\n\t\t\t\t\t\t\t\t\t\t\t\t\t\t\t<img fetchpriority=\"high\" decoding=\"async\" width=\"800\" height=\"533\" src=\"https:\/\/optimizacion-online.info\/mtr\/wp-content\/uploads\/2025\/02\/almacen.webp\" class=\"attachment-large size-large wp-image-12939\" alt=\"\" srcset=\"https:\/\/optimizacion-online.info\/mtr\/wp-content\/uploads\/2025\/02\/almacen.webp 800w, https:\/\/optimizacion-online.info\/mtr\/wp-content\/uploads\/2025\/02\/almacen-300x200.webp 300w, https:\/\/optimizacion-online.info\/mtr\/wp-content\/uploads\/2025\/02\/almacen-150x100.webp 150w, https:\/\/optimizacion-online.info\/mtr\/wp-content\/uploads\/2025\/02\/almacen-768x512.webp 768w\" sizes=\"(max-width: 800px) 100vw, 800px\" \/>\t\t\t\t\t\t\t\t\t\t\t\t\t\t\t<\/div>\n\t\t\t\t<\/div>\n\t\t\t\t\t<\/div>\n\t\t<\/div>\n\t\t\t\t\t<\/div>\n\t\t<\/section>\n\t\t\t\t<\/div>\n\t\t","protected":false},"excerpt":{"rendered":"<p>REFACCIONES En TMR contamos con un amplio stock de refacciones para maquinaria pesada y equipo ligero desde bater\u00edas, filtros, aceites, cuchillas, carriler\u00eda y cualquier refacci\u00f3n que requiera su equipo. TMR como distribuidor oficial de distintas marcas prestigiadas como CHL, JLG y Bobcat entre otras, es su primera opci\u00f3n en la l\u00ednea de partes originales ya [&hellip;]<\/p>\n","protected":false},"author":4,"featured_media":0,"parent":0,"menu_order":0,"comment_status":"closed","ping_status":"closed","template":"elementor_header_footer","meta":{"footnotes":""},"class_list":["post-4218","page","type-page","status-publish","hentry"],"_links":{"self":[{"href":"https:\/\/optimizacion-online.info\/mtr\/wp-json\/wp\/v2\/pages\/4218","targetHints":{"allow":["GET"]}}],"collection":[{"href":"https:\/\/optimizacion-online.info\/mtr\/wp-json\/wp\/v2\/pages"}],"about":[{"href":"https:\/\/optimizacion-online.info\/mtr\/wp-json\/wp\/v2\/types\/page"}],"author":[{"embeddable":true,"href":"https:\/\/optimizacion-online.info\/mtr\/wp-json\/wp\/v2\/users\/4"}],"replies":[{"embeddable":true,"href":"https:\/\/optimizacion-online.info\/mtr\/wp-json\/wp\/v2\/comments?post=4218"}],"version-history":[{"count":25,"href":"https:\/\/optimizacion-online.info\/mtr\/wp-json\/wp\/v2\/pages\/4218\/revisions"}],"predecessor-version":[{"id":12952,"href":"https:\/\/optimizacion-online.info\/mtr\/wp-json\/wp\/v2\/pages\/4218\/revisions\/12952"}],"wp:attachment":[{"href":"https:\/\/optimizacion-online.info\/mtr\/wp-json\/wp\/v2\/media?parent=4218"}],"curies":[{"name":"wp","href":"https:\/\/api.w.org\/{rel}","templated":true}]}}