{"id":4913,"date":"2018-10-01T21:32:27","date_gmt":"2018-10-01T21:32:27","guid":{"rendered":"https:\/\/montacargasventayrenta.com\/?page_id=4050"},"modified":"2025-02-05T18:31:21","modified_gmt":"2025-02-05T18:31:21","slug":"montacargas-usados","status":"publish","type":"page","link":"https:\/\/optimizacion-online.info\/mtr\/montacargas-usados\/","title":{"rendered":"Montacargas usados"},"content":{"rendered":"<p>Los montacargas son veh\u00edculos para el transporte pesado, que no s\u00f3lo sirven para mover cargas de un lado a otro, sino que tambi\u00e9n pueden ser utilizados para remolcar, apilar, bajar o subir diferentes tipos de art\u00edculos o materiales pesados en una empresa, una f\u00e1brica, en bodegas e incluso en tiendas departamentales. Al comprar uno pueden optar por <a href=\"https:\/\/montacargasventayrenta.com\/montacargas-en-aguascalientes-ciclos-de-vida-en-montacargas-usados\/\" target=\"_blank\" rel=\"noopener\"><strong>montacargas usados<\/strong><\/a> o por unidades nuevas, en compra o en alquiler, de acuerdo con sus necesidades y presupuesto.<\/p>\n<p>Su funcionamiento es muy sencillo: utiliza dos pesos que se oponen para crear un equilibrio, uno de los pesos se encuentra en la parte delantera, que es la zona donde se coloca la carga, y el contrapeso localizado en la zona de las llantas traseras. Por lo general se utilizan para cargar y mover objetos de gran peso, que una o varias personas no podr\u00edan mover, o que les llevar\u00eda mucho tiempo con costos y riesgos elevados.<\/p>\n<p>Para manejar los montacargas, ya sean nuevos o usados, es recomendable conocer las medidas de seguridad y operaci\u00f3n para llevar a cabo la operaci\u00f3n de la unidad y haber tenido entrenamiento previo, ya que aunque parezca sencillo operarlos, debido a la capacidad de carga que tienen y la altura a la que pueden colocar las cargas, existen algunos riesgos inminentes, como las posibles volcaduras o accidentes graves que pueden resultar fatales.<\/p>\n<p>Para el adecuado manejo y disminuir al m\u00ednimo el riesgo de los posibles incidentes, es de suma importancia tener en cuenta que se debe realizar una planificaci\u00f3n de la ruta que se va a recorrer para llevar a cabo el transporte de la mercanc\u00eda, mantener la carga a una altura baja durante el recorrido para evitar riesgos de volcaduras, estacionarse en sitios seguros, verificar el estado de la carga y no sobrepasar el l\u00edmite recomendado de la carga.<\/p>\n<p>El costo de estas unidades puede ser muy elevado, por lo que muchas empresas, sobre todo las que est\u00e1n en pleno crecimiento, no cuentan con el capital necesario para comprar un montacargas nuevo, por lo que la mejor opci\u00f3n es el alquiler o adquirir uno usado. En cualquiera de las dos opciones existen muchas empresas que les brindan este servicio, una de las mejores en toda la Rep\u00fablica es TMR, una empresa establecida en Monterrey y con sucursales en Torre\u00f3n, y pr\u00f3ximamente en Saltillo, especializada en la compra, venta y renta de maquinaria pesada y equipo ligero.<\/p>\n<p><img fetchpriority=\"high\" decoding=\"async\" class=\"wp-image-4384 aligncenter\" src=\"https:\/\/montacargasventayrenta.com\/wp-content\/uploads\/2018\/11\/tmr-42.jpg\" alt=\"Montacargas usados\" width=\"327\" height=\"327\" srcset=\"https:\/\/optimizacion-online.info\/mtr\/wp-content\/uploads\/2018\/11\/tmr-42.jpg 500w, https:\/\/optimizacion-online.info\/mtr\/wp-content\/uploads\/2018\/11\/tmr-42-300x300.jpg 300w, https:\/\/optimizacion-online.info\/mtr\/wp-content\/uploads\/2018\/11\/tmr-42-100x100.jpg 100w, https:\/\/optimizacion-online.info\/mtr\/wp-content\/uploads\/2018\/11\/tmr-42-150x150.jpg 150w, https:\/\/optimizacion-online.info\/mtr\/wp-content\/uploads\/2018\/11\/tmr-42-120x120.jpg 120w\" sizes=\"(max-width: 327px) 100vw, 327px\" \/><\/p>\n<p>La capacidad de carga de las unidades usadas var\u00eda dependiendo de las necesidades de cada empresa, el modelo y el tipo de combustible que utilicen, y pueden ir desde unos cientos de kilos hasta tres y media toneladas; de igual manera pueden seleccionar una altura del m\u00e1stil diferente, dependiendo de las necesidades de cada empresa, que puede llegar hasta los cinco metros.<\/p>\n<p>De igual manera las dimensiones de los montacargas pueden variar para que se adapten a las dimensiones de los pasillos o si son para uso interior o exterior. Al momento de comprar o rentar un montacargas usado deben poner atenci\u00f3n perfectamente en todos los detalles ya que cualquier defecto puede afectar en su desempe\u00f1o.<\/p>\n<h2><em>Ideas err\u00f3neas sobre la compra o el alquiler de los <a href=\"https:\/\/montacargasventayrenta.com\/4-senales-que-indican-cuando-adquirir-montacargas-usados-guadalajara\/\" target=\"_blank\" rel=\"noopener\"><strong>montacargas usados<\/strong><\/a><\/em><\/h2>\n<p>Cuando se adquiere un equipo montacargas de segunda mano existen muchas ideas equivocadas sobre ellos, por lo que algunas empresas deciden ahorrar para comprar uno nuevo, lo que puede significar salirse de su presupuesto y afectar sus finanzas. Contrario a lo que se piensa com\u00fanmente, no todos los equipos usados cuentan con fallas incorregibles o no son tan eficientes como los nuevos, tampoco se deprecian r\u00e1pidamente. De hecho, los montacargas usados ofrecen una gran cantidad de aspectos positivos, puesto que requieren de una menor inversi\u00f3n inicial y pueden tener una larga vida \u00fatil si son cuidados adecuadamente.<\/p>\n<p>Uno de los conceptos err\u00f3neos que hay sobre este tipo de montacargas es que usado es sin\u00f3nimo de inferior; esta es una idea que se encuentra muy alejada de la realidad. Los equipos usados pueden ser todo, menos inadecuados para el trabajo en f\u00e1bricas y almacenes, puesto que antes de ser puestos en venta o renta pasan por un complejo proceso de evaluaci\u00f3n.<\/p>\n<p>Un montacargas de segunda mano pasa por un mantenimiento, ya sea correctivo o preventivo, seg\u00fan sea el caso, adem\u00e1s se le efect\u00faan las reparaciones necesarias para ofrecer una unidad de la m\u00e1s alta calidad que se adecue a las necesidades de su empresa. Cuando buscan comprar un equipo usado, no est\u00e1n buscando entre restos de chatarra, en lugar de eso, buscan una maquinaria de calidad que se ha certificado y cumple con las medidas regulatorias b\u00e1sicas para asegurar su seguridad, eficiencia y que es apropiado para su uso en cualquier circunstancia.<\/p>\n<p>La segunda idea err\u00f3nea sobre un montacargas de segunda mano es que siempre cuenta con fallas irreparables; esto tambi\u00e9n se trata de un mito, puesto que los equipos usados no son m\u00e1s propensos a ciertos problemas mec\u00e1nicos y t\u00e9cnicos, pero la realidad es que ya sea nuevo o usado, los equipos de carga pesada pueden sufrir en cualquier momento una falla grave si no cuentan con los mantenimientos preventivos y correctivos necesarios.<\/p>\n<p>Evitar cualquier tipo de falla es muy simple, s\u00f3lo se tienen que llevar a cabo inspecciones a fondo de los equipos de manera regular. Adem\u00e1s lo m\u00e1s recomendable es acudir con una empresa certificada, con experiencia y que les brinde la m\u00e1s alta garant\u00eda y servicios para mantener totalmente funcionales los equipos y disminuir tiempos muertos en sus operaciones, como el servicio integral que les ofrece TMR, con programas de mantenimiento preventivo y correctivo.<\/p>\n<p>La \u00faltima clave err\u00f3nea sobre los equipos montacargas de segunda mano es que su precio se deprecia muy r\u00e1pidamente, cuando la realidad es totalmente opuesta. Si bien cualquier unidad o veh\u00edculo de uso industrial se deprecia con el tiempo, esto ocurre en las etapas tempranas de su uso; un montacargas que pudo haber sufrido una depreciaci\u00f3n, lo hizo mucho antes de que fuera vendido como usado. Como resultado, las unidades usadas pueden ofrecer un gran valor a los activos de las empresas, debido a que s\u00f3lo pueden ofrecer beneficios de la mayor longevidad que los propietarios puedan obtener de ellos.<\/p>\n<h3><em>\u00bfQu\u00e9 tener en cuenta al adquirir un montacargas usado?<\/em><\/h3>\n<p>Los factores que se tienen que tomar en cuenta al elegir un equipo usado son pr\u00e1cticamente los mismos que uno nuevo, aunque existen puntos en los que se debe prestar m\u00e1s atenci\u00f3n, como la calidad de la unidad, el periodo de uso, los mantenimientos que han recibido con anterioridad y las piezas que se han sustituido.<\/p>\n<p>Al momento de elegirlo deben saber si ser\u00e1 para uso en interiores o exteriores, los cuales var\u00edan de tipo, tama\u00f1o y combustible. Los equipos para interiores suelen ser el\u00e9ctricos y de menor tama\u00f1o; mientras que los de exteriores son de combusti\u00f3n interna (gas LP, gasolina o di\u00e9sel), son m\u00e1s econ\u00f3micos, tienen un peso mayor y permiten la carga y la descarga de art\u00edculos de mayor peso y a mayor altura. Deben identificar las caracter\u00edsticas que mejor se adecuen a sus necesidades.<\/p>\n<p>Tambi\u00e9n deben solicitar un informe completo por parte de la empresa para conocer el uso que le hayan dado a la unidad, aunque esto parezca innecesario es un paso fundamental, para poder planificar los periodos de mantenimiento y adquirir las piezas de repuesto necesarias para un \u00f3ptimo funcionamiento.<\/p>\n<p>Es de suma importancia que conozcan las especificaciones generales de los diferentes tipos de montacargas, pregunten los a\u00f1os de garant\u00eda que posea el equipo de acuerdo con el lapso que lo utilizaran y las actividades para las cuales los necesitan. Si es posible, pueden coordinar con un mec\u00e1nico y operador calificado en equipos montacargas para que realicen una evaluaci\u00f3n independiente del equipo.<\/p>\n<p>Por \u00faltimo, contemplen cu\u00e1l es la mejor opci\u00f3n: la renta o el alquiler de las unidades, de acuerdo con el uso que les dar\u00e1n y todas las caracter\u00edsticas de los equipos se\u00f1aladas con anterioridad. El alquiler de los equipos tiene como ventaja que los costos operativos son menores, adem\u00e1s que s\u00f3lo pagar\u00e1n por el tiempo que utilicen el montacargas y se olvidar\u00e1n de los tiempos muertos.<\/p>\n<h3><em>\u00bfQu\u00e9 montacargas elegir: el\u00e9ctricos o de combusti\u00f3n?<\/em><\/h3>\n<p>La productividad de los almacenes se encuentra determinada no s\u00f3lo por el n\u00famero de las unidades con las que cuenten o si son <a href=\"https:\/\/montacargasventayrenta.com\/inspecciones-que-deben-realizar-en-montacargas-usados-antes-de-comprarlos\/\" target=\"_blank\" rel=\"noopener\"><strong>montacargas usados<\/strong><\/a> o nuevos. Entre la variedad de montacargas entre los que pueden elegir est\u00e1n los el\u00e9ctricos y los de combusti\u00f3n con base en gas LP.<\/p>\n<p>Los montacargas el\u00e9ctricos son considerados como los m\u00e1s amigables con el medio ambiente, puesto que no producen emisiones da\u00f1inas y trabajan sin producir humo, por lo que son ideales para su uso en los interiores. Son impulsados cien por ciento por electricidad que es suministrada por una bater\u00eda de alta potencia, pueden reducir aproximadamente el 20 a 50 por ciento los costos operativos del equipo, en comparaci\u00f3n con los de combusti\u00f3n por gas.<\/p>\n<p>Ya que la bater\u00eda de los montacargas act\u00faa como un contrabanance, los almacenes pueden tomar ventajas de la maniobrabilidad superior de los equipos el\u00e9ctricos, por lo que su operaci\u00f3n es mucha m\u00e1s silenciosa y confiable. Se encuentran disponibles en configuraciones de tres y cuatro ruedas; los de tres ruedas son ideales para pasillos angostos, puesto que su capacidad para girar en espacios peque\u00f1os es muy alta, mientras que los de cuatro ruedas ofrecen una gran estabilidad y capacidad de pendiente que apoya a manejar materiales pesados en entorno m\u00e1s inclinados.<\/p>\n<p>Entre las desventajas que las unidades el\u00e9ctricas son que, a pesar de ser considerablemente m\u00e1s econ\u00f3micos para su mantenimiento y mayor tiempo de vida \u00fatil, requieren de una mayor inversi\u00f3n inicial, puesto que la bater\u00eda y el cargador representan casi la mitad del costo de la unidad.<\/p>\n<p>Y, a pesar de que el costo de la recarga de la bater\u00eda por la noche es mucho menor que una recarga de gas LP u otro combustible, no pueden ser utilizados durante los tiempos de recarga, lo que puede afectar el ritmo de trabajo, por lo que los almacenes que consideran utilizarlos tambi\u00e9n deben hacer un espacio para la colocaci\u00f3n de una estaci\u00f3n de carga de bater\u00edas, lo que podr\u00eda afectar el espacio disponible en el almac\u00e9n.<\/p>\n<p>Por otra parte, los montacargas de gas LP son los m\u00e1s comunes entre los equipos de combusti\u00f3n interna, puesto que tienen un costo inicial muy competitivo en los modelos usados y son conveniente para el trabajo continuo, tanto en los interiores como en los exteriores. No requieren ser recargados y tienden a desempe\u00f1arse a una mejor velocidad, lo que acelera los tiempos promedios de operaci\u00f3n y la eficiencia de carga que sus contrapartes el\u00e9ctrica y los de di\u00e9sel.<\/p>\n<p>Mientras las unidades el\u00e9ctricas se ven limitadas por la carga y s\u00f3lo pueden ser operados en superficies lisas en los interiores, los equipos de gas LP ofrecen un excelente desempe\u00f1o, tanto en los interiores como en los exteriores, de forma independiente al clima y a las exigencias de los almacenes, aunque tambi\u00e9n tienen algunas desventajas, como que, a pesar de los precios competitivos su mantenimiento es mucho m\u00e1s alto que los el\u00e9ctricos o los de di\u00e9sel. Adem\u00e1s, debido a los incrementos en el gas, los gastos operativos son mayores por lo que es necesario diversificar los equipos utilizados en los almacenes y tambi\u00e9n utilizar montacargas operados con combustibles alternativos.<\/p>\n<p>Sin importar el tipo de <strong>montacargas usados<\/strong> que utilicen, ambos tienen sus pros y sus contras, por lo que deben sopesar las caracter\u00edsticas de cada uno y elegir el que mejor se adapte a sus necesidades y presupuesto. Es importante para los almacenes examinar sus necesidades de negocio de forma particular y hacer una compra o la renta a la medida de su rutina en el manejo de materiales.<\/p>\n<p>En TMR contamos con los mejores montacargas de las principales marcas en el mundo, como Toyota, JLG y Hangcha, entre otros; contamos con una flotilla para alquiler que es constantemente renovada y se encuentra siempre en un excelente funcionamiento. Los invitamos a que se comuniquen a nuestras oficinas v\u00eda telef\u00f3nica o por correo electr\u00f3nico, tambi\u00e9n estamos a su disposici\u00f3n en nuestras oficinas, donde uno de nuestros asesores los ayudar\u00e1 a seleccionar los mejores <strong>montacargas usados<\/strong> para sus negocios.<\/p>\n","protected":false},"excerpt":{"rendered":"<p>Los montacargas son veh\u00edculos para el transporte pesado, que no s\u00f3lo sirven para mover cargas de un lado a otro, sino que tambi\u00e9n pueden ser utilizados para remolcar, apilar, bajar o subir diferentes tipos de art\u00edculos o materiales pesados en una empresa, una f\u00e1brica, en bodegas e incluso en tiendas departamentales. Al comprar uno pueden [&hellip;]<\/p>\n","protected":false},"author":4,"featured_media":0,"parent":0,"menu_order":0,"comment_status":"closed","ping_status":"closed","template":"","meta":{"footnotes":""},"class_list":["post-4913","page","type-page","status-publish","hentry"],"_links":{"self":[{"href":"https:\/\/optimizacion-online.info\/mtr\/wp-json\/wp\/v2\/pages\/4913","targetHints":{"allow":["GET"]}}],"collection":[{"href":"https:\/\/optimizacion-online.info\/mtr\/wp-json\/wp\/v2\/pages"}],"about":[{"href":"https:\/\/optimizacion-online.info\/mtr\/wp-json\/wp\/v2\/types\/page"}],"author":[{"embeddable":true,"href":"https:\/\/optimizacion-online.info\/mtr\/wp-json\/wp\/v2\/users\/4"}],"replies":[{"embeddable":true,"href":"https:\/\/optimizacion-online.info\/mtr\/wp-json\/wp\/v2\/comments?post=4913"}],"version-history":[{"count":0,"href":"https:\/\/optimizacion-online.info\/mtr\/wp-json\/wp\/v2\/pages\/4913\/revisions"}],"wp:attachment":[{"href":"https:\/\/optimizacion-online.info\/mtr\/wp-json\/wp\/v2\/media?parent=4913"}],"curies":[{"name":"wp","href":"https:\/\/api.w.org\/{rel}","templated":true}]}}