{"id":4916,"date":"2018-10-01T21:23:24","date_gmt":"2018-10-01T21:23:24","guid":{"rendered":"https:\/\/montacargasventayrenta.com\/?page_id=4044"},"modified":"2024-02-22T18:36:00","modified_gmt":"2024-02-22T18:36:00","slug":"venta-montacargas-torreon","status":"publish","type":"page","link":"https:\/\/optimizacion-online.info\/mtr\/venta-montacargas-torreon\/","title":{"rendered":"venta montacargas Torre\u00f3n"},"content":{"rendered":"<p>La <a href=\"https:\/\/montacargasventayrenta.com\/ventajas-de-usar-montacargas-electricos\/\" target=\"_blank\" rel=\"noopener\"><strong>venta montacargas Torre\u00f3n<\/strong><\/a> es muy requerida por diferentes tipos de industrias, independientemente del giro que estas manejan, esto se debe a la excelente funcionalidad y practicidad que ofrecen estas maquinarias, permitiendo que el trabajo pueda llevarse a cabo en menor tiempo y de la mejor manera.<\/p>\n<p style=\"text-align: justify;\"><img fetchpriority=\"high\" decoding=\"async\" class=\"size-full wp-image-4320 aligncenter\" src=\"https:\/\/montacargasventayrenta.com\/wp-content\/uploads\/2018\/11\/montacargas-bicombustible-7.jpg\" alt=\"venta montacargas Torre\u00f3n\" width=\"500\" height=\"500\" srcset=\"https:\/\/optimizacion-online.info\/mtr\/wp-content\/uploads\/2018\/11\/montacargas-bicombustible-7.jpg 500w, https:\/\/optimizacion-online.info\/mtr\/wp-content\/uploads\/2018\/11\/montacargas-bicombustible-7-300x300.jpg 300w, https:\/\/optimizacion-online.info\/mtr\/wp-content\/uploads\/2018\/11\/montacargas-bicombustible-7-100x100.jpg 100w, https:\/\/optimizacion-online.info\/mtr\/wp-content\/uploads\/2018\/11\/montacargas-bicombustible-7-150x150.jpg 150w, https:\/\/optimizacion-online.info\/mtr\/wp-content\/uploads\/2018\/11\/montacargas-bicombustible-7-120x120.jpg 120w, https:\/\/optimizacion-online.info\/mtr\/wp-content\/uploads\/2018\/11\/montacargas-bicombustible-7-1000x1000.jpg 1000w, https:\/\/optimizacion-online.info\/mtr\/wp-content\/uploads\/2018\/11\/montacargas-bicombustible-7-600x600.jpg 600w\" sizes=\"(max-width: 500px) 100vw, 500px\" \/><\/p>\n<p>En TMR somos especialistas en la <strong><a href=\"https:\/\/montacargasventayrenta.com\/lo-que-deben-saber-sobre-la-venta-de-montacargas-torreon\/\" target=\"_blank\" rel=\"noopener\">venta montacargas Torre\u00f3n<\/a>,<\/strong> y aunque tambi\u00e9n contamos con otro tipo de servicios, los montacargas son nuestro fuerte, ya que es un producto con el que hemos trabajado durante muchos a\u00f1os, y en esta ocasi\u00f3n queremos hablar sobre la historia, no solo de los montacargas sino tambi\u00e9n de c\u00f3mo TMR comenz\u00f3, y por supuesto tambi\u00e9n de los tipos y las partes del montacargas.<\/p>\n<h2>\u00bfQu\u00e9 son los montacargas?<\/h2>\n<p>Por lo regular podemos ver que estos veh\u00edculos se encuentran en almacenes y bodegas, que es en donde se requiere de estar llevando a cabo movimientos de productos y materiales, apilarlos, ordenarlos, entre otras tareas m\u00e1s que con el montacargas pueden facilitarse y se evita que los trabajadores carguen de m\u00e1s y puedan as\u00ed agilizar su trabajo, pero no solo eso, sino que tambi\u00e9n permite que el trabajo pueda llevarse a cabo de una manera mucho m\u00e1s \u00e1gil.<\/p>\n<p>Los montacargas son capaces de cargar cantidades importantes de peso, cosa que una persona no podr\u00eda lograr, y que al hacerlo de uno en uno le tomar\u00eda demasiado tiempo lograr concluir la tarea, esto sin mencionar el cansancio que podr\u00eda causarle.<\/p>\n<p>Es indispensable mencionar que, aunque los montacargas son veh\u00edculos que ofrecen mucha practicidad y rapidez a la industria, es esencial que quienes los operen cuenten con los conocimientos que se necesitan para llevar a cabo un trabajo adecuado, y as\u00ed evitar lastimarse o incluso lastimar a alguien m\u00e1s.<\/p>\n<p>Tener los conocimientos b\u00e1sicos y la pr\u00e1ctica, pueden permitirle a una persona operar un montacargas sin problema dentro de la industria. Es por eso que las empresas deben darse tiempo para capacitar a sus colaboradores en el manejo de estos veh\u00edculos, as\u00ed como a la pr\u00e1ctica, antes de ponerse en marcha con el trabajo real, esto es tanto por el bien del empleado y los dem\u00e1s trabajadores como de la industria.<\/p>\n<p>Dentro del mercado existen muchas marcas de montacargas, sin embargo, algunas de ellas como Toyota, CHL se consideran dentro de las mejores por sus caracter\u00edsticas, calidad y funcionalidad.<\/p>\n<h2>Historia del montacargas<\/h2>\n<p>El primer prototipo del montacargas se realiz\u00f3 en el a\u00f1o de 1851 por Waterman, mediante este, otras personas empezaron a inspirarse para irlo revolucionando poco a poco. La primera versi\u00f3n americana de un montacargas se hizo presente cuando corr\u00eda el a\u00f1o de 1917 y el primer montacargas industrial que fue utilizado para trabajos reales se fabric\u00f3 en 1920, sin embargo, este trabajaba a base de fuerza hidr\u00e1ulica. Fue hasta 1923 y 1924 que los primeros montacargas que funcionaban con gasolina empezaron a utilizarse, y finalmente en 1942 surgi\u00f3 el montacargas el\u00e9ctrico. Desde ese entonces, los montacargas han tenido muchos cambios, mejoras y variantes hasta ser como se conocen hoy en d\u00eda, que adem\u00e1s gracias a los aditamentos que se les pueden colocar son capaces de llevar a cabo tareas muy espec\u00edficas.<\/p>\n<p>Existen diferentes tipos de montacargas y la selecci\u00f3n de estos se debe hacer con base a las necesidades de la industria, algunos se operan estando de pie, mientras que para trabajar con otros se debe permanecer sentado, algunas de los modelos pueden funcionar mediante a la modalidad el\u00e9ctrica y tambi\u00e9n contamos con los de combusti\u00f3n, que trabajan con gasolina o gas LP.<\/p>\n<p>Algunos tienen llantas para trabajo dentro de almacenes y bodegas, mientras que otros son espec\u00edficos para trabajar con ellos en el \u00e1mbito de la construcci\u00f3n, y sus llantas cuentan con las caracter\u00edsticas necesarias que les permiten andar en tierra, grava u otro tipo de materiales y terrenos que se encuentran en todo tipo de construcciones.<\/p>\n<h2>Componentes de los montacargas<\/h2>\n<h3>Sitio del conductor<\/h3>\n<p>Este lugar est\u00e1 espec\u00edficamente designado para la persona que opere el montacargas, como lo mencionamos hace un momento, en algunos montacargas la persona debe estar parada y en otros debe permanecer sentada, esto depende b\u00e1sicamente del modelo con el que se est\u00e9 trabajando.<\/p>\n<h3>Techo<\/h3>\n<p>Los montacargas cuentan con un techo, con el objetivo de que la persona que se encuentra oper\u00e1ndolo est\u00e9 protegida, ya que en el \u00e1mbito industrial, en donde se trabaja en almacenes y bodegas, pueden llegar a caer objetos o materiales y lastimar a la persona que opera el montacargas, lo mismo puede llegar a suceder en el \u00e1mbito de la construcci\u00f3n, por eso, adem\u00e1s de este techo tambi\u00e9n es importante que al estar operando un montacargas, la persona haga uso del equipo de seguridad, una parte fundamental para la seguridad es el casco, ya que protege la cabeza, evitando as\u00ed golpes o accidentes de manera directa.<\/p>\n<h3>Componentes el\u00e9ctricos<\/h3>\n<p>Algunos montacargas son el\u00e9ctricos y otros funcionan a base de alg\u00fan tipo de combustible, es por eso que cuentan con un tanque, en donde se coloca el combustible, o las bater\u00edas seg\u00fan sea el caso y esto es lo que permite que el montacargas pueda empezar a funcionar.<\/p>\n<h3>Contrapeso<\/h3>\n<p>Se encuentra en la parte contraria de donde se coloca la carga y sirve para evitar que el montacargas se vaya hacia adelante, adem\u00e1s de que le permite tener un mayor soporte y ser capaz de levantar cargas pesadas.<\/p>\n<h3>Porta ganchos<\/h3>\n<p>En esta parte se pueden colocar ganchos y otros tipos de aditamentos, los cuales hacen que el montacargas sea capaz de llevar a cabo tareas muy espec\u00edficas. Estos ganchos son los de rigor, y con los cuales se toman las mercanc\u00edas que se van a colocar, o mover de un lugar a otro, que finalmente es la funci\u00f3n y objetivo del montacargas.<\/p>\n<h3>Torre de elevaci\u00f3n<\/h3>\n<p>Los montacargas cuentan con una torre que permite subir y bajar la carga al nivel deseado, para as\u00ed poder colocar y estibar de manera sencilla.<\/p>\n<h3>Llantas de direcci\u00f3n<\/h3>\n<p>Gracias a estas llantas es que la persona que opera el montacargas puede girar y maniobrar, sin que el montacargas se dirija a otra direcci\u00f3n, a menos que esto se quiera hacer. Estas llantas especiales pueden estar adelante o atr\u00e1s del montacargas, seg\u00fan el tipo o modelo.<\/p>\n<p>Estas que acabamos de mencionar son las partes externas, pero por otro lado est\u00e1n las internas, las cuales mencionaremos a continuaci\u00f3n.<\/p>\n<p>En el caso de que el montacargas sea de hombre sentado contar\u00e1 con asiento, de lo contrario solo con el espacio para que el operador pueda llevar a cabo las maniobras necesarias.<\/p>\n<p>Es importante tomar en cuenta que cada montacargas tiene la capacidad de soportar diferentes pesos, y por ello es muy importante atender a las especificaciones de cada uno de ellos, para no cargar de m\u00e1s y evitar as\u00ed que el montacargas se da\u00f1e. Esto es algo que se debe tener muy en cuenta cuando se recurre a la <a href=\"https:\/\/montacargasventayrenta.com\/como-puedo-realizar-el-arrendamiento-de-montacargas-electricos\/\" target=\"_blank\" rel=\"noopener\"><strong>venta montacargas Torre\u00f3n<\/strong><\/a>.<\/p>\n<h2>\u00bfC\u00f3mo utilizar un montacargas con seguridad?<\/h2>\n<p>Tampoco se debe dejar de lado la seguridad, porque si bien es cierto que cuando se trabaja con un montacargas se busca cumplir con diferentes tipos de trabajo dentro de la industria, tambi\u00e9n lo es que al llevar las maniobras a cabo, la seguridad no debe hacerse menos, sino todo lo contrario, ya que si no se toman en cuenta las medidas pertinentes de seguridad pueden ocurrir accidentes, y por eso mismo es importante tener en cuenta algunas recomendaciones.<\/p>\n<h3>Subirse adecuadamente<\/h3>\n<p>Como ya lo comentamos, cada montacargas cuenta con un espacio especial para que el operador pueda colocarse y dirigir el veh\u00edculo seg\u00fan el trabajo que vaya a realizar, y por ello mismo es de suma importancia que dicha persona ocupe este espacio adecuadamente y con responsabilidad, siempre concentrado en el trabajo que debe realizar, pues solo de esta manera se pueden evitar accidentes y ca\u00eddas.<\/p>\n<h3>Equipo de seguridad<\/h3>\n<p>Nunca debe dejarse de lado el equipo de seguridad, de hecho, los trabajadores, tanto los que operen los montacargas como los que se encuentren en los alrededores, no deben ingresar al \u00e1rea de trabajo, a menos que porten casco, guantes y otro equipo de seguridad establecido por los l\u00edderes u organizadores.<\/p>\n<h3>Asegurar componentes<\/h3>\n<p>Antes de mover cualquier tipo de carga con el veh\u00edculo, el operador debe cerciorarse de que esta se encuentra completamente segura en los ganchos del montacargas, para as\u00ed evitar que pueda caerse y da\u00f1ar la mercanc\u00eda o lastimar a alg\u00fan otro de los trabajadores que se cercano.<\/p>\n<h2>Adquiera los mejores modelos de montacargas con TMR<\/h2>\n<p>Contamos con las mejores marcas en el mercado y con <a href=\"https:\/\/montacargasventayrenta.com\/electrico-o-combustion-interna-cual-es-mejor-en-los-montacargas-toyota\/\" target=\"_blank\" rel=\"noopener\"><strong>venta montacargas Torre\u00f3n<\/strong><\/a> en modelos nuevos y usados, pero independientemente de cual elijan para su industria pueden tener la seguridad que todos ellos sin importar si son nuevos o usados se encuentran en las mejores condiciones para trabajar y ser funcionales durante muchos a\u00f1os.<\/p>\n<p>Como lo hemos mencionado a lo largo de este texto, hay diferentes tipos de montacargas y es por eso que como empresa interesada en que nuestros clientes puedan cumplir en su totalidad las metas y objetivos de su empresa, brindamos un servicio extra que es totalmente gratuito, en el que nos tomamos el tiempo de ir hasta sus instalaciones para poder as\u00ed conocer a fondo el trabajo que realizan en sus espacios.<\/p>\n<p>Mediante nuestra experiencia y conocimientos, podemos asesorarlos sobre cu\u00e1l puede ser la mejor alternativa de montacargas, de esta manera nuestros clientes pueden tener plena seguridad de que se est\u00e1n llevando una maquinaria que ser\u00e1 \u00fatil y rendir\u00e1 frutos desde el primer d\u00eda.<\/p>\n<p>Como empresa especializada en este tipo de veh\u00edculos, podemos decir que lo que nos define es la excelente calidad, no solo de cada uno de los veh\u00edculos con los que contamos y que con gusto ponemos a disposici\u00f3n de nuestros clientes, sino tambi\u00e9n del servicio que brindamos a cada cliente, ya que siempre tenemos disposici\u00f3n e inmediatez en la entrega de veh\u00edculos, ya sea para renta o venta.<\/p>\n<p>Trabajamos de este modo porque conocemos y entendemos a fondo las exigencias que hay en la industria,&nbsp; sabemos que de ninguna manera se pueden permitir el&nbsp; tener tiempos muertos, sino todo lo contrario, se requiere de colaboradores y maquinaria que sean eficientes y funcionales en todo momento, con el objetivo de que la producci\u00f3n se cumpla, y la empresa a su vez pueda continuar creciendo, que finalmente es lo que toda compa\u00f1\u00eda busca.<\/p>\n<p>Ofrecemos los precios m\u00e1s competitivos del mercado, y de las mejores marcas que hay en montacargas, al comprar con nosotros ustedes podr\u00e1n tener diferentes alternativas de pago, e inclusive cr\u00e9dito para que puedan empezar a trabajar hoy mismo con el montacargas de su elecci\u00f3n pero para solicitarlo&nbsp; aplican algunas restricciones por lo que es importante informarse bien sobre este beneficio.<\/p>\n<p>En TMR ustedes siempre se encontrar\u00e1n con un servicio atento, amable, inmediato y cien por ciento personalizado, no tengan la menor duda en ponerse en contacto con nosotros a cualquiera de nuestros n\u00fameros telef\u00f3nicos en caso de que deseen mayores detalles o informaci\u00f3n sobre nuestros servicios, montacargas, aditamentos y servicio de mantenimiento, el cual brindamos como valor agregado a nuestros clientes.<\/p>\n<p>Para ello ponemos a su disposici\u00f3n diferentes l\u00edneas telef\u00f3nicas, en donde con mucho gusto les atenderemos, pueden llamarnos a los n\u00fameros: (81) 8327 0498, (81) 8327 0498, (800) 000 TMR, (800) 362 0236, o bien, pueden dejarnos sus datos directamente en nuestra p\u00e1gina de internet, y nosotros los contactaremos a la brevedad posible para atender sus dudas y solicitudes.<\/p>\n<p>No olviden que estamos para servirles y que en TMR somos los especialistas en montacargas.<\/p>\n","protected":false},"excerpt":{"rendered":"<p>La venta montacargas Torre\u00f3n es muy requerida por diferentes tipos de industrias, independientemente del giro que estas manejan, esto se debe a la excelente funcionalidad y practicidad que ofrecen estas maquinarias, permitiendo que el trabajo pueda llevarse a cabo en menor tiempo y de la mejor manera. En TMR somos especialistas en la venta montacargas [&hellip;]<\/p>\n","protected":false},"author":4,"featured_media":0,"parent":0,"menu_order":0,"comment_status":"closed","ping_status":"closed","template":"","meta":{"footnotes":""},"class_list":["post-4916","page","type-page","status-publish","hentry"],"_links":{"self":[{"href":"https:\/\/optimizacion-online.info\/mtr\/wp-json\/wp\/v2\/pages\/4916","targetHints":{"allow":["GET"]}}],"collection":[{"href":"https:\/\/optimizacion-online.info\/mtr\/wp-json\/wp\/v2\/pages"}],"about":[{"href":"https:\/\/optimizacion-online.info\/mtr\/wp-json\/wp\/v2\/types\/page"}],"author":[{"embeddable":true,"href":"https:\/\/optimizacion-online.info\/mtr\/wp-json\/wp\/v2\/users\/4"}],"replies":[{"embeddable":true,"href":"https:\/\/optimizacion-online.info\/mtr\/wp-json\/wp\/v2\/comments?post=4916"}],"version-history":[{"count":0,"href":"https:\/\/optimizacion-online.info\/mtr\/wp-json\/wp\/v2\/pages\/4916\/revisions"}],"wp:attachment":[{"href":"https:\/\/optimizacion-online.info\/mtr\/wp-json\/wp\/v2\/media?parent=4916"}],"curies":[{"name":"wp","href":"https:\/\/api.w.org\/{rel}","templated":true}]}}