{"id":4917,"date":"2018-10-01T18:34:42","date_gmt":"2018-10-01T18:34:42","guid":{"rendered":"https:\/\/montacargasventayrenta.com\/?page_id=4042"},"modified":"2024-02-22T18:34:33","modified_gmt":"2024-02-22T18:34:33","slug":"venta-montacargas-saltillo","status":"publish","type":"page","link":"https:\/\/optimizacion-online.info\/mtr\/venta-montacargas-saltillo\/","title":{"rendered":"Venta montacargas Saltillo"},"content":{"rendered":"<p>La <a href=\"https:\/\/montacargasventayrenta.com\/montacargas-de-altura-vs-todo-terreno-cual-es-la-mejor-opcion-para-tu-negocio\/\" target=\"_blank\" rel=\"noopener\"><strong>venta montacargas Saltillo<\/strong><\/a> es uno de nuestros servicios m\u00e1s solicitados, pues este tipo de veh\u00edculos son utilizados en m\u00faltiples industrias y empresas que requieren de levantar una gran diversidad de materiales y todo tipo de productos, que para llevar a cabo estas actividades deben contar con la mejor maquinaria.<\/p>\n<p>En TMR tenemos una gran experiencia en este sector, ya que llevamos m\u00e1s de 30 a\u00f1os en el mercado, mismos en los que hemos brindado atenci\u00f3n de excelencia a cada uno de nuestros clientes, ofreci\u00e9ndoles una amplia variedad de montacargas en renta y venta, con el objetivo de que puedan cumplir con las exigencias diarias de su trabajo de la mejor manera posible, todo esto para obtener los resultados esperados.<\/p>\n<p style=\"text-align: justify;\"><img fetchpriority=\"high\" decoding=\"async\" class=\" wp-image-4871 aligncenter\" src=\"https:\/\/montacargasventayrenta.com\/wp-content\/uploads\/2018\/11\/3w-mini-5.jpg\" alt=\"venta montacargas Saltillo\" width=\"423\" height=\"423\" srcset=\"https:\/\/optimizacion-online.info\/mtr\/wp-content\/uploads\/2018\/11\/3w-mini-5.jpg 500w, https:\/\/optimizacion-online.info\/mtr\/wp-content\/uploads\/2018\/11\/3w-mini-5-100x100.jpg 100w, https:\/\/optimizacion-online.info\/mtr\/wp-content\/uploads\/2018\/11\/3w-mini-5-300x300.jpg 300w, https:\/\/optimizacion-online.info\/mtr\/wp-content\/uploads\/2018\/11\/3w-mini-5-150x150.jpg 150w, https:\/\/optimizacion-online.info\/mtr\/wp-content\/uploads\/2018\/11\/3w-mini-5-120x120.jpg 120w, https:\/\/optimizacion-online.info\/mtr\/wp-content\/uploads\/2018\/11\/3w-mini-5-1000x1000.jpg 1000w, https:\/\/optimizacion-online.info\/mtr\/wp-content\/uploads\/2018\/11\/3w-mini-5-600x600.jpg 600w\" sizes=\"(max-width: 423px) 100vw, 423px\" \/><\/p>\n<p>Aunque contamos con algunos otros servicios, nuestro producto principal son la renta y <a href=\"https:\/\/montacargasventayrenta.com\/montacargas-nuevo-o-montacargas-usado\/\" target=\"_blank\" rel=\"noopener\"><strong>venta montacargas Saltillo<\/strong><\/a>, tanto nuevos, como seminuevos certificados, seg\u00fan las especificaciones de nuestros clientes y la inversi\u00f3n que est\u00e9n dispuestos a realizar.<\/p>\n<h2>\u00bfPor qu\u00e9 necesitan un montacargas?<\/h2>\n<p>Hay industrias que no hacen uso de un montacargas de manera frecuente y prefieren rentar el veh\u00edculo \u00fanicamente por el tiempo que lo van a utilizar; en cambio, hay algunas otras industrias que trabajan con ellos de manera continua en el d\u00eda a d\u00eda, en estos casos lo m\u00e1s conveniente podr\u00eda ser invertir en un montacargas, ya sea nuevo o seminuevo.<\/p>\n<p>Es probable que muchas industrias prefieran invertir en montacargas nuevos con nosotros, lo cual est\u00e1 muy bien y es recomendable, sin embargo, queremos decirles que los veh\u00edculos seminuevos certificados que manejamos se encuentran en \u00f3ptimas condiciones y tienen la capacidad de ser funcionales durante mucho tiempo, adem\u00e1s de pueden ser una excelente alternativa cuando se quiere invertir en la empresa, pero sin tener que desembolsar una mayor cantidad de recursos econ\u00f3micos.<\/p>\n<p>Todos estos montacargas, tanto nuevos como aquellos que son seminuevos certificados, los podr\u00e1n encontrar en TMR en sus diferentes variantes, pues algunos de ellos tienen funciones espec\u00edficas, incluso existen algunos que por su tama\u00f1o tienen la facilidad de entrar en espacios muy peque\u00f1os.<\/p>\n<p>Sabemos que los montacargas pueden ser veh\u00edculos con diferentes requerimientos y necesidades, es por eso que al adquirir uno de ellos con nosotros podr\u00e1n recibir un servicio cien por ciento personalizado en cuanto a su mantenimiento y reparaci\u00f3n, de esta manera nuestros clientes puedan seguir haciendo uso de su montacargas durante mucho tiempo y que se encuentre disponible en todo momento que se necesite, ya que entendemos que es precisamente el motivo por el que se realiza la inversi\u00f3n, sobre todo cuando se trata de una compra.<\/p>\n<p>Principalmente damos ese servicio porque sabemos a la perfecci\u00f3n la importancia que tiene el que los equipos se encuentren siempre disponibles, pero para que esto pueda ser posible es indispensable que los veh\u00edculos se encuentren en perfecto estado, es por eso que realizar mantenimiento y reparaciones de manera oportuna es esencial.<\/p>\n<p>En esta parte es importante que mencionemos que el servicio de mantenimiento es un valor agregado \u00fanicamente para nuestros clientes, es decir, quienes hayan hecho compra de montacargas o alg\u00fan otro tipo de maquinaria con nosotros.<\/p>\n<p>Ese mantenimiento nosotros podemos llevarlo a cabo con gusto dentro de nuestras instalaciones, pero si lo prefieren tambi\u00e9n podemos trasladarnos al lugar en el que ustedes se encuentren para llevar a cabo el trabajo, y que en poco tiempo puedan seguir haciendo uso del montacargas que compraron o rentaron con nosotros. Sin embargo, es importante que el cliente tambi\u00e9n lleve a cabo sus actividades de forma adecuada, en primer lugar contando con un operador certificado y ampliamente capacitado, adem\u00e1s de que pueden contar con el apoyo y asesoramiento de nuestra empresa para prolongar la vida \u00fatil de su maquinaria.<\/p>\n<p>Es importante que sepan que al tomar la decisi\u00f3n de adquirir montacargas en TMR estar\u00e1n accediendo no solo a las mejores oportunidades, tambi\u00e9n a precios sumamente competitivos a los que estamos seguros que no podr\u00e1n resistirse, ya que es la mejor oportunidad para que las industrias puedan hacerse de su propio equipo de trabajo.<\/p>\n<p>Asimismo queremos mencionar que con nosotros tambi\u00e9n podr\u00e1n encontrar diferentes tipos de aditamentos para los montacargas con los que trabajamos, pues entendemos que muchas veces en el trabajo de cada d\u00eda se requiere de llevar a cabo labores muy espec\u00edficas, y para eso es que existen diferentes tipos de aditamentos.<\/p>\n<p>Aunque contamos con un stock variado, en ocasiones es posible que no contemos al momento con lo que nuestros clientes requieren, sin embargo contamos con la facilidad de solicitar la pieza o aditamento sobre pedido para que nuestros clientes puedan tenerla a la brevedad posible.<\/p>\n<h2>Principales tipos de montacargas<\/h2>\n<p>A continuaci\u00f3n, mencionaremos algunas de las marcas y sus diferentes modelos con las que orgullosamente trabajamos, y lo decimos de esta manera porque realmente todas y cada una de ellas son funcionales, y ofrecen al mundo de la industria el poder realizar su trabajo de manera adecuada, adem\u00e1s de los tipos de veh\u00edculos que tenemos de cada una de ellas.<\/p>\n<ul>\n<li>Montacargas el\u00e9ctrico (hombre parado), de combusti\u00f3n, com\u00fan.<\/li>\n<li>Montacargas el\u00e9ctrico (hombre parado), com\u00fan, de combusti\u00f3n.<\/li>\n<li>Este tipo de montacargas en espec\u00edfico son aquellos que se utilizan para entrar en espacios que son bastante reducidos, pero en donde se necesitan realizar ciertas tareas. Tambi\u00e9n los hay el\u00e9ctricos y articulados.<\/li>\n<li>De combusti\u00f3n, gasolina o gas LP.<\/li>\n<li>De combusti\u00f3n, gasolina o gas LP.<\/li>\n<li>Montacargas el\u00e9ctrico.<\/li>\n<li>De gas LP.<\/li>\n<\/ul>\n<p>Todas y cada una de estas marcas funcionan de excelente manera para la industria, independientemente de cu\u00e1les sean sus necesidades o del giro al que se dedique, como por ejemplo, transporte de diversos tipos de materiales, empresas de cart\u00f3n, maquiladoras, transporte de productos de supermercado, entre otros, es por eso no tenemos la menor duda en recomendar ampliamente cualquiera de ellas, claro que seg\u00fan las diferencias en las especificaciones de nuestros diferentes modelos puede haber un montacargas que sea el ideal para las labores que realicen en el d\u00eda a d\u00eda.<\/p>\n<p>Es por eso que en la <a href=\"https:\/\/montacargasventayrenta.com\/como-puedo-realizar-el-arrendamiento-de-montacargas-electricos\/\" target=\"_blank\" rel=\"noopener\"><strong>venta montacargas Saltillo <\/strong><\/a>brindamos a los clientes interesados un asesoramiento completo en cuanto a este tema, esto quiere decir que lo que hacemos es enviar a una persona de nuestro equipo a su industria para que conozca a fondo el trabajo que realizan y lo que requieren cubrir con el montacargas, para que de esta manera podamos recomendarles cu\u00e1l es su mejor alternativa, tanto en marca como en especificaciones.<\/p>\n<p>De este modo tendr\u00e1n la seguridad de que el montacargas que adquieran ser\u00e1 funcional en las labores que buscan cumplir, este servicio es totalmente gratuito y es la forma en la que ofrecemos a nuestros clientes un valor agregado y diferenciador que nos ha permitido llegar a las personas, y que ellas a la vez prefieran nuestros servicios. Todas las marcas anteriormente mencionadas son prestigiosas, reconocidas a nivel mundial y se caracterizan por su excelente calidad, durabilidad y funcionamiento.<\/p>\n<h2>Selecciona los mejores montacargas con TMR<\/h2>\n<p>Independientemente de la marca que se desee comprar con nosotros, deben saber que cualquiera es excelente y que lo m\u00e1s importante radica en seleccionar la mejor para el trabajo que se quiera cumplir con esta maquinaria, por eso es recomendable que nos permitan conocer de qu\u00e9 se trata, con el objetivo de que mediante nuestra experiencia podamos recomendarles cu\u00e1l puede ser la mejor alternativa.<\/p>\n<p>Llevamos a\u00f1os trabajando para brindar soluciones a las diferentes industrias, y es por eso que entendemos a la perfecci\u00f3n sus requerimientos y siempre buscamos satisfacerlos de la mejor manera, poniendo en pr\u00e1ctica nuestros conocimientos y experiencia y ofreci\u00e9ndoles las mejores opciones con las que contamos y que por supuesto con gusto ponemos a disposici\u00f3n de nuestros clientes.<\/p>\n<p>Con este mismo af\u00e1n es que todos los montacargas con los que contamos dentro de nuestras instalaciones est\u00e1n sometidos a mantenimientos preventivos, para que en cuanto nos los soliciten, se encuentren en condiciones \u00f3ptimas para el trabajo que con ellos se busca cumplir, y por eso es que de ning\u00fan modo escatimamos en este rubro.<\/p>\n<p>Asimismo, todos nuestros modelos de montacargas son recientes, incluso los usados certificados, pues sabemos que estos pueden ofrecer a la industria mejores resultados, adem\u00e1s de que al hacer uso de modelos m\u00e1s recientes se puede tener una mejor experiencia de trabajo gracias al buen funcionamiento de las unidades, lo cual es de suma importancia, ya que en el trabajo que se lleva a cabo dentro de la industria no se pueden dar el lujo de tener tiempos muertos y menos por la descompostura de una maquinaria.<\/p>\n<p>Por eso la importancia del mantenimiento preventivo peri\u00f3dico, para evitar que las descomposturas llegues a suceder; al adquirir o rentar con nosotros un montacargas pueden tener plena seguridad de que se est\u00e1n llevando un modelo en excelentes condiciones y en funcionamiento.<\/p>\n<p>Es importante mencionar que parte del trabajo que hacemos tiene que ver tambi\u00e9n con la seguridad en el trabajo, nuestros montacargas se encuentran en perfectas condiciones, pues no solo la eficiencia en el trabajo y la producci\u00f3n de cada d\u00eda son de suma importancia, sino que la seguridad tampoco debe dejarse de lado por ning\u00fan motivo. En pocas palabras, lo que queremos decir es que los trabajadores deben sentirse c\u00f3modos y confiados con la maquinaria que est\u00e9n operando.<\/p>\n<p>Todos estos servicios que con mucho gusto brindamos a nuestros clientes se pueden solicitar en las ciudades de Monterrey, Saltillo y Torre\u00f3n, y con el objetivo de brindar a nuestros clientes la mejor atenci\u00f3n y facilidades, cada uno de nuestros servicios pueden solicitarse por medio de nuestra p\u00e1gina web, pues sabemos que esto puede ser mucho m\u00e1s \u00e1gil y pr\u00e1ctico.<\/p>\n<p>Queremos destacar que uno de los principales beneficios de solicitar nuestros servicios, es que contamos con disposici\u00f3n y disponibilidad, por lo que con nosotros podr\u00e1n tener la maquinaria que necesitan a la brevedad.<\/p>\n<p>Entendemos perfectamente la importancia del trabajo, del tiempo en toda industria y que de ninguna manera pueden permitirse tener tiempos muertos, es por eso que hacemos lo posible por brindarles el servicio que necesitan, con la mayor rapidez y agilidad. En la mayor\u00eda de los casos podemos hacer entrega inmediata.<\/p>\n<p>Adem\u00e1s de todo, con nosotros tendr\u00e1n facilidades y modalidades de pago para que as\u00ed puedan contar con su maquinaria lo antes posible para empezar a trabajar.<\/p>\n<p>Recuerden que para todo el equipo que conformamos TMR, lo m\u00e1s importante es&nbsp; brindarles soluciones para el trabajo que d\u00eda a d\u00eda realizan en la industria, es por esto que durante tantos a\u00f1os hemos trabajado arduamente y lo seguimos haciendo con el objetivo de poder dar lo mejor a cada uno de nuestros clientes, adem\u00e1s con la facilidad de que poco a poco puedan ir teniendo la maquinaria que necesitan para trabajar y continuar creciendo.<\/p>\n<p>El invertir en un equipo como son los montacargas puede traerle a la industria muchos beneficios, pues nada como tener a la mano el equipo con el que se necesita trabajar en cada jornada, y cumplir con las exigencias para obtener los mejores resultados y productividad.<\/p>\n<h2>\u00a1Soliciten una cotizaci\u00f3n!<\/h2>\n<p>Si ustedes desean solicitar alguno de nuestros servicios, no tengan la menor duda en comunicarse con nosotros a nuestra l\u00ednea telef\u00f3nica: (81) 8327 0498, en donde con mucho gusto les atenderemos y resolveremos sus dudas en cuanto a los veh\u00edculos que podemos ofrecerles para renta&nbsp; o venta.<\/p>\n<p>De igual manera pueden hacernos llegar un correo electr\u00f3nico solicit\u00e1ndonos alg\u00fan presupuesto, y nosotros les haremos llegar a la brevedad posible la informaci\u00f3n pertinente, ya sea por este medio o dej\u00e1ndonos sus datos en nuestra p\u00e1gina de internet, donde podr\u00e1n hacernos llegar dudas y comentarios con respecto a nuestros servicios; estos comentarios son de gran valor para nosotros y por ello es que los tomamos muy en cuenta, ya que nos permiten entender e identificar de mejor manera las necesidades de cada uno de nuestros clientes, y esto a su vez nos da la oportunidad de brindar cada vez un mejor servicio, que finalmente es siempre lo que buscamos conseguir.<\/p>\n<p>Esperamos haberles brindado informaci\u00f3n de su agrado y &nbsp;que les permita comprender cu\u00e1les son nuestros servicios y lo que con nosotros podr\u00e1n encontrar. Les reiteramos que estamos a sus \u00f3rdenes y que tenemos disponibilidad, independientemente del montacargas que deseen comprar o rentar.<\/p>\n<p>\u00a1Ll\u00e1menos hoy mismo!<\/p>\n","protected":false},"excerpt":{"rendered":"<p>La venta montacargas Saltillo es uno de nuestros servicios m\u00e1s solicitados, pues este tipo de veh\u00edculos son utilizados en m\u00faltiples industrias y empresas que requieren de levantar una gran diversidad de materiales y todo tipo de productos, que para llevar a cabo estas actividades deben contar con la mejor maquinaria. En TMR tenemos una gran [&hellip;]<\/p>\n","protected":false},"author":4,"featured_media":0,"parent":0,"menu_order":0,"comment_status":"closed","ping_status":"closed","template":"","meta":{"footnotes":""},"class_list":["post-4917","page","type-page","status-publish","hentry"],"_links":{"self":[{"href":"https:\/\/optimizacion-online.info\/mtr\/wp-json\/wp\/v2\/pages\/4917","targetHints":{"allow":["GET"]}}],"collection":[{"href":"https:\/\/optimizacion-online.info\/mtr\/wp-json\/wp\/v2\/pages"}],"about":[{"href":"https:\/\/optimizacion-online.info\/mtr\/wp-json\/wp\/v2\/types\/page"}],"author":[{"embeddable":true,"href":"https:\/\/optimizacion-online.info\/mtr\/wp-json\/wp\/v2\/users\/4"}],"replies":[{"embeddable":true,"href":"https:\/\/optimizacion-online.info\/mtr\/wp-json\/wp\/v2\/comments?post=4917"}],"version-history":[{"count":0,"href":"https:\/\/optimizacion-online.info\/mtr\/wp-json\/wp\/v2\/pages\/4917\/revisions"}],"wp:attachment":[{"href":"https:\/\/optimizacion-online.info\/mtr\/wp-json\/wp\/v2\/media?parent=4917"}],"curies":[{"name":"wp","href":"https:\/\/api.w.org\/{rel}","templated":true}]}}