{"id":4921,"date":"2018-10-01T17:46:15","date_gmt":"2018-10-01T17:46:15","guid":{"rendered":"https:\/\/montacargasventayrenta.com\/?page_id=4029"},"modified":"2025-02-05T18:23:19","modified_gmt":"2025-02-05T18:23:19","slug":"montacargas-monterrey","status":"publish","type":"page","link":"https:\/\/optimizacion-online.info\/mtr\/montacargas-monterrey\/","title":{"rendered":"Montacargas Monterrey"},"content":{"rendered":"<p>Los <a href=\"https:\/\/montacargasventayrenta.com\/venta-de-montacargas-en-monterrey-maquinaria-adaptada-a-la-empresa\/\" target=\"_blank\" rel=\"noopener\"><strong><u>montacargas Monterrey<\/u><\/strong><\/a> son esenciales en el sector de log\u00edstica de cualquier compa\u00f1\u00eda. Son m\u00e1quinas de manipulaci\u00f3n, de diversas formas, especificaciones y costos. Estos equipos se encargan de agilizar y optimizar el flujo de mercanc\u00eda paletizada entre las diversas zonas del almac\u00e9n. La elecci\u00f3n de estos montacargas var\u00eda conforme a varios criterios, pues deben responder al tipo de almac\u00e9n o de instalaci\u00f3n donde se van a operar.<\/p>\n<p>En TMR entendemos la importancia de contar con este tipo de maquinaria, por ello, ponemos a disposici\u00f3n de nuestros clientes en Monterrey, Nuevo Le\u00f3n y el resto de toda la Rep\u00fablica Mexicana, la posibilidad de compra y renta de maquinaria pesada y equipo ligero. Adem\u00e1s, somos proveedores del mejor servicio y refacciones, en el \u00e1rea de construcci\u00f3n e industria.<\/p>\n<h2>\u00bfCarretilla elevadora o montacargas?<\/h2>\n<p>Los montacargas o tambi\u00e9n conocidos como carretilla elevadora, son los equipos m\u00e1s usados para el transporte interno y el traslado de mercanc\u00edas y productos. En este se involucran actividades como en el caso de cargar, apilar pallets, descargar contenedores y camiones, as\u00ed como llevar a cabo el proceso de picking, es decir la separaci\u00f3n de los pedidos de los respectivos clientes.&nbsp;<\/p>\n<p>Estas m\u00e1quinas se caracterizan por estar equipadas con horquillas que se pueden acoplar a un porta horquillas, que, de igual manera, se conectan al mecanismos de elevaci\u00f3n. As\u00ed, es como se puede enganchar el art\u00edculo que se busca transportar en estas horquillas.<\/p>\n<h2>Tipos de montacargas y sus aplicaciones<\/h2>\n<p>Principalmente, estas m\u00e1quinas se caracterizan por establecer el equilibrio del peso entre el equipo y la carga que elevar\u00e1. En ciertos equipos, se consigue esta funci\u00f3n compensando el peso de la carga sostenida por las horquillas con un contrapeso en la zona trasera; pero no todas las m\u00e1quinas trabajan con esta mec\u00e1nica.<\/p>\n<p>Un ejemplo, son los montacargas retr\u00e1ctiles que desplazan el m\u00e1stil hacia adelante y hacia atr\u00e1s para tomar la carga, logrando distribuir as\u00ed el centro de gravedad de la carga entre los ejes del equipo.<\/p>\n<p><img fetchpriority=\"high\" decoding=\"async\" class=\" wp-image-9168 aligncenter\" src=\"https:\/\/montacargasventayrenta.com\/wp-content\/uploads\/2020\/08\/montacargas-en-monterrey.jpg\" alt=\"montacargas monterrey\" width=\"608\" height=\"404\"><\/p>\n<p>Tambi\u00e9n se pueden encontrar otros tipos de maquinaria de esta categor\u00eda, como en el caso de los montacargas trilaterales y equipos de patas, cada uno dise\u00f1ado con el fin de cumplir funciones determinadas, como en el caso de alcanzar estantes altos o moverse libremente a trav\u00e9s de los pasillos estrechos.<\/p>\n<p>De acuerdo con la energ\u00eda que los impulsa, es posible optar por un <a href=\"https:\/\/montacargasventayrenta.com\/montacargas-electricos-en-monterrey-montacargas-nuevos-o-usados\/\" target=\"_blank\" rel=\"noopener\"><strong><u>montacargas Monterrey<\/u><\/strong><\/a> alimentado por gas licuado de petr\u00f3leo (GLP) y sistemas el\u00e9ctricos. Claro est\u00e1 que se pueden encontrar otras opciones de tipo manual e hidr\u00e1ulico. Es decir, cada equipo se puede adaptar a diversas necesidades y situaciones.<\/p>\n<h2>\u00bfC\u00f3mo garantizar la seguridad en el manejo de los <u>montacargas Monterrey<\/u>?<\/h2>\n<p>Con el fin de prevenir accidentes, existen ciertos aspectos importantes que se deben considerar para ello. A continuaci\u00f3n, mencionaremos algunas recomendaciones que pueden garantizar la seguridad de todos:<\/p>\n<h3>Capacitaci\u00f3n de los operadores<\/h3>\n<p>El manejo inadecuado de las m\u00e1quinas es una de las principales causas de los inconvenientes asociados con el uso de este tipo de maquinaria. De all\u00ed radica la importancia de la necesidad de capacitar a los operadores.<\/p>\n<h3>Inspecci\u00f3n y mantenimiento preventivo de <a href=\"https:\/\/montacargasventayrenta.com\/venta-de-montacargas-en-monterrey-excelente-variedad-en-maquinaria\/\" target=\"_blank\" rel=\"noopener\"><u>montacargas Monterrey<\/u><\/a><\/h3>\n<p>Las revisiones llevadas a cabo por los operadores se deben realizar diariamente, con el prop\u00f3sito de que cualquier se\u00f1al de inconsistencia pueda activar un equipo de mantenimiento predictivo.<\/p>\n<p>Igualmente, es clave planear mantenimientos preventivos regulares por parte de t\u00e9cnicos que est\u00e9n capacitados para el manejo adecuado de las m\u00e1quinas. En este caso, conviene tener un calendario de inspecciones, con el fin de asegurar que se encuentre en \u00f3ptimas condiciones.<\/p>\n<p>Al respecto, se recomienda verificar el estado de las luces, sistemas hidr\u00e1ulicos, niveles de agua y aceite, neum\u00e1ticos, cables de la bater\u00eda, combustible, etc.<\/p>\n<h3>Uso apropiado de los Equipos de Protecci\u00f3n Personal EPP<\/h3>\n<p>Son herramientas fundamentales que han sido creadas para salvaguardar a los empleados contra riesgos laborales. Su uso es obligatorio en entornos laborales que representen alg\u00fan riesgo o grado de peligro para la seguridad, como es el caso de los montacargas.&nbsp;<\/p>\n<p>Por tanto, los establecimientos y almacenes donde se haga uso de esta maquinaria, deben suministrar los EPP que sean adecuados para el tipo de trabajo y riesgo inherentes a este.<\/p>\n<p>Adem\u00e1s se recomienda facilitar accesorios que ayuden a proteger la cabeza, como las capuchas o cascos, gafas para los ojos o viseras y usar protectores auditivos para los o\u00eddos, entre otros equipos m\u00e1s.<\/p>\n<h2><strong>\u00bfQu\u00e9 tener en cuenta al elegir un montacargas?<\/strong><\/h2>\n<p>La selecci\u00f3n de un equipo puede variar conforme a varios criterios. Entre ellos destaca el tipo de propulsi\u00f3n, sea de combusti\u00f3n interna (gasolina, di\u00e9sel o gas) o el\u00e9ctrica (bater\u00edas de litio o plomo). Es un aspecto esencial, ya que determina la capacidad de la m\u00e1quina para operar en las instalaciones.<\/p>\n<p>Cuando se trata de montacargas el\u00e9ctricos se usan generalmente en interiores, con el fin de evitar la exposici\u00f3n de los operarios y de la mercanc\u00eda a los gases que derivan de la combusti\u00f3n.<\/p>\n<h3>Layout del almac\u00e9n<\/h3>\n<p>Por tanto, para elegir un montacargas es necesario pensar en el layout del almac\u00e9n. En pocas palabras, se trata de la distribuci\u00f3n de los sistemas de almacenamiento que se incorporan en las instalaciones y la anchura de los pasillos, solo por mencionar algunos elementos. En t\u00e9rminos generales, un pasillo puede llegar a tener una anchura de aproximadamente entre 3,200 y 3,500 mm para un montacargas contrabalanceado.<\/p>\n<h3>Margen del pasillo<\/h3>\n<p>Es importante saber que, el margen del pasillo tiene gran importancia a la hora de pensar en incorporar un montacargas al almac\u00e9n, conforme al tipo de m\u00e1stil, por ejemplo, los trilaterales. Estos no necesitan girar dentro del pasillo, porque pueden tener acceso a la mercanc\u00eda de manera frontal o girando las horquillas en ambas direcciones.&nbsp;<\/p>\n<h3>Altura del montacargas<\/h3>\n<p>Este aspecto se encuentra condicionado por las especificaciones del equipo usado y el peso de los productos, ya que, no todas las m\u00e1quinas pueden trabajar con las mismas cargas ni a la misma altura. En este caso, el fabricante informar\u00e1 sobre el peso m\u00e1ximo con el que puede trabajar cada modelo de montacarga.<\/p>\n<h2><strong>La importancia de tener un montacargas adecuado<\/strong><\/h2>\n<p>El entorno actual, la eficiencia y nivel de productividad son factores elementales para aprovechar al m\u00e1ximo la incorporaci\u00f3n de un equipo de esta categor\u00eda. Dentro de las herramientas clave para conseguir la optimizaci\u00f3n de las operaciones internas de un establecimiento o almac\u00e9n es disponer de un montacargas adecuado.<\/p>\n<ul>\n<li>Mejora de la eficiencia operativa.<\/li>\n<li>Aumento del nivel de seguridad.<\/li>\n<li>Versatilidad y adaptabilidad.<\/li>\n<li>Disminuci\u00f3n de costos y mantenimiento.<\/li>\n<\/ul>\n<p>Invertir en la renta o compra de <strong><u>montacargas Monterrey<\/u><\/strong> es conseguir una mejora a nivel de productividad y competitividad en el mercado, estableciendo debidamente una base s\u00f3lida en pro del crecimiento sostenible y exitoso de la misma.<\/p>\n<h2>Compra y renta los mejores equipos con TMR<\/h2>\n<p>En TMR somos distribuidores autorizados. Nos caracterizamos por ofrecer renta y venta de plataformas de trabajo, manipuladores telesc\u00f3picos y montacargas con los mejores precios del mercado, calidad en el servicio y entregas oportunas a toda la Rep\u00fablica Mexicana.<\/p>\n<p>Puedes contar con nuestra asesor\u00eda para determinar la maquinaria id\u00f3nea para tu establecimiento o empresa. Contamos con m\u00e1s de 30 a\u00f1os de experiencia en el mercado. Ofrecemos <strong><u>montacargas Monterrey<\/u><\/strong> con las mejores marcas y calidad en modelos nuevos y usados certificados.<\/p>\n<p>Si tienes inter\u00e9s en rentar o comprar un montacargas, puedes contar con nosotros; cont\u00e1ctanos v\u00eda telef\u00f3nica o escribe al correo electr\u00f3nico para conocer m\u00e1s detalles sobre nuestros servicios y equipos disponibles. Visita cualquiera de nuestras oficinas en Monterrey, Torre\u00f3n y Saltillo. Con gusto atenderemos tu solicitud.<\/p>\n","protected":false},"excerpt":{"rendered":"<p>Los montacargas Monterrey son esenciales en el sector de log\u00edstica de cualquier compa\u00f1\u00eda. Son m\u00e1quinas de manipulaci\u00f3n, de diversas formas, especificaciones y costos. Estos equipos se encargan de agilizar y optimizar el flujo de mercanc\u00eda paletizada entre las diversas zonas del almac\u00e9n. La elecci\u00f3n de estos montacargas var\u00eda conforme a varios criterios, pues deben responder [&hellip;]<\/p>\n","protected":false},"author":4,"featured_media":0,"parent":0,"menu_order":0,"comment_status":"closed","ping_status":"closed","template":"","meta":{"footnotes":""},"class_list":["post-4921","page","type-page","status-publish","hentry"],"_links":{"self":[{"href":"https:\/\/optimizacion-online.info\/mtr\/wp-json\/wp\/v2\/pages\/4921","targetHints":{"allow":["GET"]}}],"collection":[{"href":"https:\/\/optimizacion-online.info\/mtr\/wp-json\/wp\/v2\/pages"}],"about":[{"href":"https:\/\/optimizacion-online.info\/mtr\/wp-json\/wp\/v2\/types\/page"}],"author":[{"embeddable":true,"href":"https:\/\/optimizacion-online.info\/mtr\/wp-json\/wp\/v2\/users\/4"}],"replies":[{"embeddable":true,"href":"https:\/\/optimizacion-online.info\/mtr\/wp-json\/wp\/v2\/comments?post=4921"}],"version-history":[{"count":0,"href":"https:\/\/optimizacion-online.info\/mtr\/wp-json\/wp\/v2\/pages\/4921\/revisions"}],"wp:attachment":[{"href":"https:\/\/optimizacion-online.info\/mtr\/wp-json\/wp\/v2\/media?parent=4921"}],"curies":[{"name":"wp","href":"https:\/\/api.w.org\/{rel}","templated":true}]}}