{"id":4922,"date":"2018-10-01T17:42:15","date_gmt":"2018-10-01T17:42:15","guid":{"rendered":"https:\/\/montacargasventayrenta.com\/?page_id=4026"},"modified":"2024-01-11T23:06:11","modified_gmt":"2024-01-11T23:06:11","slug":"montacargas-en-monterrey","status":"publish","type":"page","link":"https:\/\/optimizacion-online.info\/mtr\/montacargas-en-monterrey\/","title":{"rendered":"Montacargas en Monterrey"},"content":{"rendered":"<p>El <strong>montacargas en Monterrey<\/strong> veh\u00edculo es capaz de soportar cargas que ni siquiera un numeroso grupo de individuos podr\u00eda resistir por su cuenta; con ello se ahorra tiempo en los procesos de las empresas y se garantiza la seguridad de los empleados ante accidentes debido a la carga de art\u00edculos pesados y peligrosos.<\/p>\n<p><img fetchpriority=\"high\" decoding=\"async\" class=\"aligncenter wp-image-9168 \" src=\"https:\/\/montacargasventayrenta.com\/wp-content\/uploads\/2020\/08\/montacargas-en-monterrey-300x200.jpg\" alt=\"montacargas monterrey\" width=\"423\" height=\"282\" srcset=\"https:\/\/optimizacion-online.info\/mtr\/wp-content\/uploads\/2020\/08\/montacargas-en-monterrey-300x200.jpg 300w, https:\/\/optimizacion-online.info\/mtr\/wp-content\/uploads\/2020\/08\/montacargas-en-monterrey-1000x665.jpg 1000w, https:\/\/optimizacion-online.info\/mtr\/wp-content\/uploads\/2020\/08\/montacargas-en-monterrey-150x100.jpg 150w, https:\/\/optimizacion-online.info\/mtr\/wp-content\/uploads\/2020\/08\/montacargas-en-monterrey-768x511.jpg 768w, https:\/\/optimizacion-online.info\/mtr\/wp-content\/uploads\/2020\/08\/montacargas-en-monterrey-1024x681.jpg 1024w\" sizes=\"(max-width: 423px) 100vw, 423px\" \/><\/p>\n<p>Si no existiera este tipo de maquinarias, sin duda les tomar\u00eda mucho tiempo a las empresas realizar sus labores, o las cargas tendr\u00edan que ser divididas en piezas peque\u00f1as, lo cual implicar\u00eda p\u00e9rdidas en los procesos de producci\u00f3n y de prestaci\u00f3n de servicios.<\/p>\n<p>A ello se a\u00f1ade que se ahorran cuantiosas cantidades de dinero en el reclutamiento de personal auxiliar; por ello su inversi\u00f3n no representa ning\u00fan riesgo, sino todo lo contrario, es algo necesario que todo empresario debiese implementar en sus procedimientos de almacenamiento y transporte.<\/p>\n<h2>Breve historia del montacargas<\/h2>\n<p>Para entender mejor la importancia de este art\u00edculo, no est\u00e1 de m\u00e1s acercarnos un poco a su desarrollo a trav\u00e9s de la historia. Los primeros prototipos de las gr\u00faas de horquilla fueron dise\u00f1ados a inicios de la segunda mitad del siglo XIX gracias al desempe\u00f1o de un hombre llamado Waterman; estos primeros prototipos consist\u00edan en una plataforma, la cual estaba enlazada a un cable que se empleaba para motivos de elevaci\u00f3n, los cuales fungieron como modelos para la invenci\u00f3n de los sistemas de elevaci\u00f3n dentados, cuya aparici\u00f3n se dio gracias a Elisha Otis.<\/p>\n<p>Ya en la primera mitad del siglo XX, con m\u00e1s precisi\u00f3n en el a\u00f1o de 1917, diversas compa\u00f1\u00edas brit\u00e1nicas comenzaron con el desarrollo de elevadores de plataforma en su versi\u00f3n vehicular. Esta carrera fue inaugurada con la presentaci\u00f3n de la unidad bautizada Stevedoing tipo B. Con respecto a lo que fue la primera versi\u00f3n norteamericana, esta fue confeccionada por la marca Clark Material Handlig en ese mismo a\u00f1o.<\/p>\n<p>Ya en la segunda mitad del siglo pasado, las gr\u00faas horquilla comenzaron a ser dise\u00f1adas para que estas pudiesen entrar sin inconvenientes en pasillos de mayor angostura, asimismo, para poder cargar con materiales diversos a una altura m\u00e1xima de 15 metros con respecto a la tierra. A ello se debe que los fabricantes de esos tiempos se hayan visto obligados a elaborar jaulas y protecciones de carga para los operadores.<\/p>\n<p>Ya en el a\u00f1o de 1980, disponer en los montacargas de un sistema de retenci\u00f3n del operador se convirti\u00f3 en un est\u00e1ndar para los fabricantes. Consideremos que la evoluci\u00f3n de las carretillas elevadoras fue incentivada por el deseo y la necesidad de contar con una herramienta que pudiese maniobrar ante la ausencia de la energ\u00eda y los hombres suficientes para la elevaci\u00f3n y el transporte de cargas sumamente pesadas.<\/p>\n<p>En un principio se recurri\u00f3 al uso de veh\u00edculos de carga que operaban mediante combusti\u00f3n, aunque con el tiempo se desarrollaron plataformas que funcionaban con fuentes distintas como la electricidad; pese a ello a\u00fan siguen siendo empleadas las unidades de combustible debido a su gran eficiencia.<\/p>\n<h2>Caracter\u00edsticas de los montacargas<\/h2>\n<p>Una vez dicho esto hablemos un poco sobre las caracter\u00edsticas de estas excelentes unidades vehiculares, que no pueden faltar en todo negocio con necesidades de carga. Sus caracter\u00edsticas estructurales son las siguientes:<\/p>\n<h3>1.&nbsp;&nbsp; Base de apoyo<\/h3>\n<p>Las gr\u00faas horquilla disponen de una estructura que se dispone encima del suelo, la cual opera como punto de apoyo. Esta cuenta con dimensiones y resistencias id\u00f3neas, de modo que permiten la distribuci\u00f3n uniforme de las cargas; asimismo, se evitan en los diversos \u00f3rganos de apoyo asentamientos diferenciales.<\/p>\n<h3>2.&nbsp;&nbsp; Estructura r\u00edgida<\/h3>\n<p>Los <strong>montacargas en Monterrey<\/strong> disponen de rigidez suficiente como para aguantar el esfuerzo que las unidades har\u00e1n al trasladar y levantar cargas pesadas.<\/p>\n<h3>3.&nbsp;&nbsp; Capacidades de carga<\/h3>\n<p>Estas llegan a oscilar desde una hasta 45 toneladas, dependiendo del modelo.<\/p>\n<h3>4.&nbsp;&nbsp; Suministros energ\u00e9ticos<\/h3>\n<p>Las carretillas elevadoras son capaces de operar con diversas fuentes, por ejemplo, gasolina, di\u00e9sel, gas o propano.<\/p>\n<h3>5.&nbsp;&nbsp; Neum\u00e1ticos<\/h3>\n<p>Com\u00fanmente disponen de cuatro neum\u00e1ticos s\u00f3lidos.<\/p>\n<h3>6.&nbsp;&nbsp; Sistemas deslizantes<\/h3>\n<p>Las gr\u00faas horquilla cuentan con un sistema que es capaz de dirigir la manera en que la plataforma se desliza; este puede ser de cremallera o gu\u00eda, y propicia la estabilidad tanto vertical como horizontal de la plataforma.<\/p>\n<h3>7.&nbsp;&nbsp; Equipo motriz<\/h3>\n<p>Este consiste en un bastidor en el cual un motor el\u00e9ctrico es acoplado con electrofreno, as\u00ed como una caja de reducci\u00f3n que se encarga de activar el tambor del cabrestante.<\/p>\n<h3>8.&nbsp;&nbsp; Sistema de elevaci\u00f3n<\/h3>\n<p>Los montacargas cuentan con un sistema de descenso y elevaci\u00f3n, lo que podr\u00eda considerarse como el mecanismo esencial para que las cargas puedan ser manejadas a diversas alturas as\u00ed como ser trasladadas a diversos puntos sin ninguna dificultad.<\/p>\n<h3>9.&nbsp;&nbsp; Barras paralelas<\/h3>\n<p>Conocidas tambi\u00e9n como horquillas se localizan en la parte frontal y est\u00e1n conectadas a un mecanismo de elevaci\u00f3n, el cual puede soportar y elevar sumas cantidades de peso.<\/p>\n<h3>10. Su uso necesita de capacitaci\u00f3n<\/h3>\n<p>Este componente es de importancia crucial, ya que como todo equipamiento de naturaleza industrial, su empleo necesita de requisitos m\u00ednimos de seguridad y capacitaci\u00f3n; esto significa que su uso es exclusivo s\u00f3lo para aquellas personas que cuenten con capacitaci\u00f3n as\u00ed como certificaciones relacionadas con el manejo del montacargas.<\/p>\n<h2>Adquiere los mejores montacargas con TMR<\/h2>\n<p>Ahora bien, se dice que hay tipos diversos de gr\u00faas de horquilla, cada una con dise\u00f1os espec\u00edficos que responden a aplicaciones diferentes. Ciertamente, las carretillas elevadoras se pueden emplear tanto en almacenes, f\u00e1bricas, y dep\u00f3sitos, hasta en las industrias de la construcci\u00f3n y en los proyectos agr\u00edcolas.<\/p>\n<p>En funci\u00f3n de la clase a la que cada tipo pertenezca, pueden operar las gr\u00faas en superficies desniveladas (las cuales son frecuentes en las labores de construcci\u00f3n) y en \u00e1reas planas (como en el caso de los sistemas de almacenamiento). Los tipos de clases m\u00e1s bajas son id\u00f3neas para espacios cerrados, mientras que los de clase mayor funcionan de manera \u00f3ptima en ambientes exteriores.<\/p>\n<p>Una vez dicho todo esto, cabe agregar algunos aspectos relacionados con los servicios de renta y venta que en Montacargas TMR ofrecemos. Nuestra empresa lleva m\u00e1s de 30 a\u00f1os de trayectoria en el mercado, asimismo, contamos actualmente con presencia en el internet, de modo que m\u00e1s personas en el norte del pa\u00eds conozcan nuestros servicios de venta y renta de <strong>montacargas Monterrey<\/strong>, ya sean nuevos o usados.<\/p>\n<p>Contamos con atenciones personalizadas en funci\u00f3n de las necesidades y preferencias de los clientes, asimismo, brindamos atenci\u00f3n t\u00e9cnica en caso de que alguno de los equipos que ofrezcamos presente aver\u00edas; de esta manera obtendr\u00e1n equipos siempre funcionales. Nos definen nuestros excelentes precios con respecto a la competencia, asimismo, nuestro personal es experto en todo lo relativo a estas unidades vehiculares. Los servicios estelares que manejamos son montacargas hombre a bordo sentado, hombre parado, venta y<\/p>\n<p>Ahora bien, con respecto a los sitios donde prestamos servicios, contamos con presencia en los estados de Tamaulipas, Coahuila y Nuevo Le\u00f3n, asimismo con el fin de expandir nuestras fronteras y llegar a m\u00e1s clientes, actualmente estamos desarrollando sucursales en Saltillo, Torre\u00f3n y Monterrey.<\/p>\n<p>Los servicios de renta que ofrecemos son de una semana como m\u00ednimo, y el m\u00e1ximo var\u00eda seg\u00fan las necesidades de los clientes; es gracias a esta flexibilidad en el tiempo l\u00edmite, que tenemos a clientes con contratos de hasta 36 a\u00f1os, entre los cuales cada 3 meses se renuevan las unidades con ejemplares nuevos con el fin de que estos operen con equipos actualizados. &nbsp;<\/p>\n<p>Para operar los veh\u00edculos de carga es importante contar con certificaci\u00f3n, esta no la ofrecemos nosotros sino la Secretaria del Trabajo; lo que s\u00ed podemos ofrecerles son cursos para los operadores, as\u00ed como capacitaciones relacionadas con la seguridad para que el manejo de los montacargas se d\u00e9 sin inconvenientes. Nuestros equipos funcionan con diversas fuentes de energ\u00eda, entre las cuales destacan los el\u00e9ctricos y los de combusti\u00f3n.<\/p>\n<h3>Requisitos para el arriendo de montacargas<\/h3>\n<p>Existe una serie de requisitos para poder llevar a cabo la contrataci\u00f3n de los equipos que ponemos a su alcance, los cuales mencionaremos a continuaci\u00f3n: actas constitutivas; identificaci\u00f3n de representante legal; comprobante de domicilio fiscal; firma del contrato en el que el tiempo es acordado. Si cumplen con cada uno de estos requisitos la contrataci\u00f3n ya sea para la venta o renta podr\u00e1 efectuarse sin inconvenientes.<\/p>\n<p>En caso de que el veh\u00edculo de carga en renta llegue a sufrir alguna aver\u00eda por uso negligente, es menester aclarar dos situaciones: la primera es contar con equipos asegurados, aunque cabe aclarar que el 80% de estos no incluyen un seguro, a menos que este sea solicitado por los clientes; en la segunda situaci\u00f3n, el cliente se har\u00e1 responsable del todo por los da\u00f1os que lleguen a ocasionarse a causa de un mal uso de la unidad.<\/p>\n<p>Para evitar que alguna descompostura llegue a ocurrir, ofrecemos servicios de mantenimiento, cuyos costos ya est\u00e1n incluidos dentro de la renta; dicha manutenci\u00f3n se realiza con fines correctivos y preventivos.<\/p>\n<p>Es importante aclarar otro aspecto con respecto al mantenimiento, a saber, que las unidades que ponemos en renta, en caso de sufrir alguna descompostura, estas no pueden ser tratadas por personal ajeno a TMR, para ello pueden consultar con nosotros y les enviaremos a un profesional que les atender\u00e1. En caso de que llegue a faltarle una refacci\u00f3n a los clientes, contamos con un stock de piezas a disposici\u00f3n de estos, los cuales se entregan de manera inmediata o en un lapso de 1 a 7 d\u00edas.<\/p>\n<p>Respondamos ahora a la siguiente cuesti\u00f3n: \u00bfCu\u00e1les son las marcas de gr\u00faas horquillas que manejamos? Seg\u00fan la fuente de alimentaci\u00f3n, manejamos marcas diversas, por ejemplo, en los articulados ofrecemos modelos Flexi, los cuales disponen de una capacidad de carga de hasta 4,000 libras.<\/p>\n<p>Si la fuente es el\u00e9ctrica, contamos con unidades de las marcas Toyota, Crown, CHL, Flexi y Raymond. Por \u00faltimo, si la fuente es de combusti\u00f3n (LP, gasolina, gas o di\u00e9sel) proporcionamos marcas como Toyota, Yale, CHL y Hyster. Adem\u00e1s de las gr\u00faas de horquilla manejamos otro tipo de maquinarias para su renta y su venta, por ejemplo, contamos con plataformas tipo tijera, postes de elevaci\u00f3n y plataformas de brazo articulado, las cuales son el\u00e9ctricas, a excepci\u00f3n de las m\u00e1quinas de brazo articulado, las cuales operan con un motor a base de di\u00e9sel.<\/p>\n<p>Entre nuestros clientes potenciales, podemos mencionar a las industrias con operaciones mec\u00e1nicas y de metal, las empresas con sistemas de almacenes para labores log\u00edsticas, en las f\u00e1bricas de fundici\u00f3n de aluminio y de hierro, en la industria de la construcci\u00f3n, y dentro de centros comerciales, en los que suelen usarse unidades el\u00e9ctricas hombre parado. Contamos con precios competitivos, asimismo, nuestras unidades de carga permite que los clientes se beneficien con cero tiempo muertos en sus operaciones. Con tal de flexibilizar nuestros servicios, contamos con diversas modalidades de pago, por ejemplo de contado o con cr\u00e9dito desde 15 hasta 90 d\u00edas.<\/p>\n<p>\u00bfNecesitan el respaldo de la mejor empresa en todo lo relativo a la venta y renta de <strong>montacargas en Monterrey<\/strong>? Entonces deben contactarnos, les garantizamos que de nuestra parte recibir\u00e1n la mejor atenci\u00f3n as\u00ed como las mejores unidades de carga para optimizar sus operaciones de almacenamiento y transporte. Pueden visitarnos en alguna de nuestras sucursales o contactarnos a trav\u00e9s de este sitio web, nuestro personal de atenci\u00f3n les atender\u00e1 y resolver\u00e1 todas sus dudas e inquietudes. \u00a1Cont\u00e1ctenos!<\/p>\n","protected":false},"excerpt":{"rendered":"<p>El montacargas en Monterrey veh\u00edculo es capaz de soportar cargas que ni siquiera un numeroso grupo de individuos podr\u00eda resistir por su cuenta; con ello se ahorra tiempo en los procesos de las empresas y se garantiza la seguridad de los empleados ante accidentes debido a la carga de art\u00edculos pesados y peligrosos. Si no [&hellip;]<\/p>\n","protected":false},"author":4,"featured_media":0,"parent":0,"menu_order":0,"comment_status":"closed","ping_status":"closed","template":"","meta":{"footnotes":""},"class_list":["post-4922","page","type-page","status-publish","hentry"],"_links":{"self":[{"href":"https:\/\/optimizacion-online.info\/mtr\/wp-json\/wp\/v2\/pages\/4922","targetHints":{"allow":["GET"]}}],"collection":[{"href":"https:\/\/optimizacion-online.info\/mtr\/wp-json\/wp\/v2\/pages"}],"about":[{"href":"https:\/\/optimizacion-online.info\/mtr\/wp-json\/wp\/v2\/types\/page"}],"author":[{"embeddable":true,"href":"https:\/\/optimizacion-online.info\/mtr\/wp-json\/wp\/v2\/users\/4"}],"replies":[{"embeddable":true,"href":"https:\/\/optimizacion-online.info\/mtr\/wp-json\/wp\/v2\/comments?post=4922"}],"version-history":[{"count":0,"href":"https:\/\/optimizacion-online.info\/mtr\/wp-json\/wp\/v2\/pages\/4922\/revisions"}],"wp:attachment":[{"href":"https:\/\/optimizacion-online.info\/mtr\/wp-json\/wp\/v2\/media?parent=4922"}],"curies":[{"name":"wp","href":"https:\/\/api.w.org\/{rel}","templated":true}]}}