{"id":4924,"date":"2018-10-01T17:17:42","date_gmt":"2018-10-01T17:17:42","guid":{"rendered":"https:\/\/montacargasventayrenta.com\/?page_id=4020"},"modified":"2025-02-05T18:21:52","modified_gmt":"2025-02-05T18:21:52","slug":"montacargas-electricos","status":"publish","type":"page","link":"https:\/\/optimizacion-online.info\/mtr\/montacargas-electricos\/","title":{"rendered":"Montacargas El\u00e9ctricos"},"content":{"rendered":"<p>[lwptoc]<\/p>\n<p style=\"text-align: justify;\">Los <a href=\"https:\/\/montacargasventayrenta.com\/los-montacargas-electricos-son-seguros-para-la-industria-de-la-madera\/\" target=\"_blank\" rel=\"noopener\"><strong>montacargas el\u00e9ctricos<\/strong><\/a> son equipos de elevaci\u00f3n que sirven para cargar y transportar materiales de gran peso y tama\u00f1o; su caracter\u00edstica principal es que utilizan una plataforma que se desliza a lo largo de dos gu\u00edas r\u00edgidas paralelas, y gracias a que encontramos desde diversos tipos o aplicaciones, es posible utilizarlo tanto en la industria de carga, en el almacenamiento, as\u00ed como en el sector de la construcci\u00f3n.<\/p>\n<p style=\"text-align: justify;\"><img fetchpriority=\"high\" decoding=\"async\" src=\"https:\/\/montacargasventayrenta.com\/wp-content\/uploads\/2012\/03\/flotilla_montacargas_one.png\" alt=\"montacargas electricos\" width=\"700\" height=\"421\"><\/p>\n<p style=\"text-align: justify;\">En TMR tenemos m\u00e1s de 30 a\u00f1os de experiencia en el mercado de renta y venta de montacargas, tiempo en el que nos hemos destacado por ofrecer un servicio personalizado, atento, con precios accesibles y facilidades de pago. Contamos con operaciones en Aguascalientes, Zacatecas, Monterrey, Saltillo y Torre\u00f3n; as\u00ed mismo, el pilar del reconocimiento que hemos obtenido en nuestras m\u00e1s de tres d\u00e9cadas en el mercado ha sido posible gracias a que nuestro equipo se destaca por cumplir con los m\u00e1s altos est\u00e1ndares de calidad.<\/p>\n<div class=\"woocommerce columns-4 \"><ul class=\"products columns-4\">\n<li class=\"product type-product post-11811 status-publish first instock product_cat-montacargas-de-bateria-de-plomo product_cat-chl product_cat-electricos has-post-thumbnail shipping-taxable product-type-simple\">\n\t<a href=\"https:\/\/optimizacion-online.info\/mtr\/producto\/montacargas-bateria-de-plomo-acido-1-2-5t\/\" class=\"woocommerce-LoopProduct-link woocommerce-loop-product__link\"><img decoding=\"async\" width=\"500\" height=\"500\" src=\"https:\/\/optimizacion-online.info\/mtr\/wp-content\/uploads\/2023\/03\/montacargas-chl25-1000x1000.jpg\" class=\"attachment-woocommerce_thumbnail size-woocommerce_thumbnail\" alt=\"Montacargas (bater\u00eda de plomo-acido) 1-2.5T\" srcset=\"https:\/\/optimizacion-online.info\/mtr\/wp-content\/uploads\/2023\/03\/montacargas-chl25-1000x1000.jpg 1000w, https:\/\/optimizacion-online.info\/mtr\/wp-content\/uploads\/2023\/03\/montacargas-chl25-100x100.jpg 100w, https:\/\/optimizacion-online.info\/mtr\/wp-content\/uploads\/2023\/03\/montacargas-chl25-150x150.jpg 150w, https:\/\/optimizacion-online.info\/mtr\/wp-content\/uploads\/2023\/03\/montacargas-chl25-120x120.jpg 120w, https:\/\/optimizacion-online.info\/mtr\/wp-content\/uploads\/2023\/03\/montacargas-chl25-266x266.jpg 266w, https:\/\/optimizacion-online.info\/mtr\/wp-content\/uploads\/2023\/03\/montacargas-chl25-1024x1024.jpg 1024w\" sizes=\"(max-width: 500px) 100vw, 500px\" \/><h2 class=\"woocommerce-loop-product__title\">Montacargas (bater\u00eda de plomo-acido) 1-2.5T<\/h2>\n<\/a><a href=\"https:\/\/optimizacion-online.info\/mtr\/producto\/montacargas-bateria-de-plomo-acido-1-2-5t\/\" aria-describedby=\"woocommerce_loop_add_to_cart_link_describedby_11811\" data-quantity=\"1\" class=\"button product_type_simple\" data-product_id=\"11811\" data-product_sku=\"\" aria-label=\"Lee m\u00e1s sobre &ldquo;Montacargas (bater\u00eda de plomo-acido) 1-2.5T&rdquo;\" rel=\"nofollow\" data-success_message=\"\">Leer m\u00e1s<\/a>\t<span id=\"woocommerce_loop_add_to_cart_link_describedby_11811\" class=\"screen-reader-text\">\n\t\t\t<\/span>\n<\/li>\n<li class=\"product type-product post-11807 status-publish instock product_cat-montacargas-de-bateria-de-plomo product_cat-chl product_cat-electricos has-post-thumbnail shipping-taxable product-type-simple\">\n\t<a href=\"https:\/\/optimizacion-online.info\/mtr\/producto\/montacargas-bateria-de-plomo-acido-3-3-5t\/\" class=\"woocommerce-LoopProduct-link woocommerce-loop-product__link\"><img decoding=\"async\" width=\"500\" height=\"500\" src=\"https:\/\/optimizacion-online.info\/mtr\/wp-content\/uploads\/2023\/03\/montacargas-35-1000x1000.jpg\" class=\"attachment-woocommerce_thumbnail size-woocommerce_thumbnail\" alt=\"Montacargas (bater\u00eda de plomo-acido) 3-3.5T\" srcset=\"https:\/\/optimizacion-online.info\/mtr\/wp-content\/uploads\/2023\/03\/montacargas-35-1000x1000.jpg 1000w, https:\/\/optimizacion-online.info\/mtr\/wp-content\/uploads\/2023\/03\/montacargas-35-100x100.jpg 100w, https:\/\/optimizacion-online.info\/mtr\/wp-content\/uploads\/2023\/03\/montacargas-35-150x150.jpg 150w, https:\/\/optimizacion-online.info\/mtr\/wp-content\/uploads\/2023\/03\/montacargas-35-120x120.jpg 120w, https:\/\/optimizacion-online.info\/mtr\/wp-content\/uploads\/2023\/03\/montacargas-35-266x266.jpg 266w, https:\/\/optimizacion-online.info\/mtr\/wp-content\/uploads\/2023\/03\/montacargas-35-1024x1024.jpg 1024w\" sizes=\"(max-width: 500px) 100vw, 500px\" \/><h2 class=\"woocommerce-loop-product__title\">Montacargas (bater\u00eda de plomo-acido) 3-3.5T<\/h2>\n<\/a><a href=\"https:\/\/optimizacion-online.info\/mtr\/producto\/montacargas-bateria-de-plomo-acido-3-3-5t\/\" aria-describedby=\"woocommerce_loop_add_to_cart_link_describedby_11807\" data-quantity=\"1\" class=\"button product_type_simple\" data-product_id=\"11807\" data-product_sku=\"\" aria-label=\"Lee m\u00e1s sobre &ldquo;Montacargas (bater\u00eda de plomo-acido) 3-3.5T&rdquo;\" rel=\"nofollow\" data-success_message=\"\">Leer m\u00e1s<\/a>\t<span id=\"woocommerce_loop_add_to_cart_link_describedby_11807\" class=\"screen-reader-text\">\n\t\t\t<\/span>\n<\/li>\n<li class=\"product type-product post-11810 status-publish instock product_cat-montacargas-de-bateria-de-plomo product_cat-chl product_cat-electricos has-post-thumbnail shipping-taxable product-type-simple\">\n\t<a href=\"https:\/\/optimizacion-online.info\/mtr\/producto\/montacargas-bateria-de-plomo-acido-4-5t\/\" class=\"woocommerce-LoopProduct-link woocommerce-loop-product__link\"><img loading=\"lazy\" decoding=\"async\" width=\"500\" height=\"500\" src=\"https:\/\/optimizacion-online.info\/mtr\/wp-content\/uploads\/2023\/03\/montacargas-ac50-1000x1000.jpg\" class=\"attachment-woocommerce_thumbnail size-woocommerce_thumbnail\" alt=\"Montacargas (bater\u00eda de plomo-acido) 4-5T\" srcset=\"https:\/\/optimizacion-online.info\/mtr\/wp-content\/uploads\/2023\/03\/montacargas-ac50-1000x1000.jpg 1000w, https:\/\/optimizacion-online.info\/mtr\/wp-content\/uploads\/2023\/03\/montacargas-ac50-100x100.jpg 100w, https:\/\/optimizacion-online.info\/mtr\/wp-content\/uploads\/2023\/03\/montacargas-ac50-150x150.jpg 150w, https:\/\/optimizacion-online.info\/mtr\/wp-content\/uploads\/2023\/03\/montacargas-ac50-120x120.jpg 120w, https:\/\/optimizacion-online.info\/mtr\/wp-content\/uploads\/2023\/03\/montacargas-ac50-266x266.jpg 266w, https:\/\/optimizacion-online.info\/mtr\/wp-content\/uploads\/2023\/03\/montacargas-ac50-1024x1024.jpg 1024w\" sizes=\"(max-width: 500px) 100vw, 500px\" \/><h2 class=\"woocommerce-loop-product__title\">Montacargas (bater\u00eda de plomo-acido) 4-5T<\/h2>\n<\/a><a href=\"https:\/\/optimizacion-online.info\/mtr\/producto\/montacargas-bateria-de-plomo-acido-4-5t\/\" aria-describedby=\"woocommerce_loop_add_to_cart_link_describedby_11810\" data-quantity=\"1\" class=\"button product_type_simple\" data-product_id=\"11810\" data-product_sku=\"\" aria-label=\"Lee m\u00e1s sobre &ldquo;Montacargas (bater\u00eda de plomo-acido) 4-5T&rdquo;\" rel=\"nofollow\" data-success_message=\"\">Leer m\u00e1s<\/a>\t<span id=\"woocommerce_loop_add_to_cart_link_describedby_11810\" class=\"screen-reader-text\">\n\t\t\t<\/span>\n<\/li>\n<li class=\"product type-product post-11809 status-publish last instock product_cat-montacargas-de-bateria-de-plomo product_cat-chl product_cat-electricos has-post-thumbnail shipping-taxable product-type-simple\">\n\t<a href=\"https:\/\/optimizacion-online.info\/mtr\/producto\/montacargas-bateria-de-plomo-acido-6-7t\/\" class=\"woocommerce-LoopProduct-link woocommerce-loop-product__link\"><img loading=\"lazy\" decoding=\"async\" width=\"500\" height=\"500\" src=\"https:\/\/optimizacion-online.info\/mtr\/wp-content\/uploads\/2023\/03\/montacargas-chl-1000x1000.jpg\" class=\"attachment-woocommerce_thumbnail size-woocommerce_thumbnail\" alt=\"Montacargas (bater\u00eda de plomo-acido) 6-7T\" srcset=\"https:\/\/optimizacion-online.info\/mtr\/wp-content\/uploads\/2023\/03\/montacargas-chl-1000x1000.jpg 1000w, https:\/\/optimizacion-online.info\/mtr\/wp-content\/uploads\/2023\/03\/montacargas-chl-100x100.jpg 100w, https:\/\/optimizacion-online.info\/mtr\/wp-content\/uploads\/2023\/03\/montacargas-chl-150x150.jpg 150w, https:\/\/optimizacion-online.info\/mtr\/wp-content\/uploads\/2023\/03\/montacargas-chl-120x120.jpg 120w, https:\/\/optimizacion-online.info\/mtr\/wp-content\/uploads\/2023\/03\/montacargas-chl-266x266.jpg 266w, https:\/\/optimizacion-online.info\/mtr\/wp-content\/uploads\/2023\/03\/montacargas-chl-1024x1024.jpg 1024w\" sizes=\"(max-width: 500px) 100vw, 500px\" \/><h2 class=\"woocommerce-loop-product__title\">Montacargas (bater\u00eda de plomo-acido) 6-7T<\/h2>\n<\/a><a href=\"https:\/\/optimizacion-online.info\/mtr\/producto\/montacargas-bateria-de-plomo-acido-6-7t\/\" aria-describedby=\"woocommerce_loop_add_to_cart_link_describedby_11809\" data-quantity=\"1\" class=\"button product_type_simple\" data-product_id=\"11809\" data-product_sku=\"\" aria-label=\"Lee m\u00e1s sobre &ldquo;Montacargas (bater\u00eda de plomo-acido) 6-7T&rdquo;\" rel=\"nofollow\" data-success_message=\"\">Leer m\u00e1s<\/a>\t<span id=\"woocommerce_loop_add_to_cart_link_describedby_11809\" class=\"screen-reader-text\">\n\t\t\t<\/span>\n<\/li>\n<\/ul>\n<\/div>\n<p style=\"text-align: justify;\">Nuestros clientes leales y satisfechos nos respaldan, algunos incluso mantienen una alianza con nosotros desde hace m\u00e1s de 20 a\u00f1os, por lo que se han convertido en nuestra prueba m\u00e1s fehaciente de la distinci\u00f3n que hemos obtenido en el rubro.<\/p>\n<p>Los montacargas son perfectos para cargar y transportar materiales pesados en espacios angostos, trabajan con gran precisi\u00f3n y son lo suficientemente pesados como para proporcionar la estabilidad necesaria al momento de cargar y evitar as\u00ed volcaduras; de hecho, el peso de estos veh\u00edculos es uno de los factores que determinan cu\u00e1nto puede llevar.<\/p>\n<p style=\"text-align: justify;\">Una de las caracter\u00edsticas m\u00e1s valoradas de los montacargas es que ahorran mucho tiempo y esfuerzo, porque hacen posible que se trasladen numerosos paquetes de una sola vez y sin la necesidad de invertir varias horas de trabajo, adem\u00e1s pueden ser manipulados por una sola persona,<\/p>\n<p style=\"text-align: justify;\">En TMR somos parte de la nueva generaci\u00f3n de veh\u00edculos de montacargas, ya que unimos fuerzas con diferentes marcas l\u00edderes en el mercado, como Hyster, Toyota y CHL, la cual se distingue por ser fabricante de veh\u00edculos de la m\u00e1s alta calidad, econom\u00eda y tecnolog\u00eda de punta. Por otra parte, tambi\u00e9n somos exclusivos distribuidores de JLG Industries, Inc., la cual combina dise\u00f1os exclusivos, fabricaci\u00f3n y venta de veh\u00edculos industriales que aumentar\u00e1n la practicidad y eficiencia de su empresa.<\/p>\n<p style=\"text-align: justify;\">Contamos con diversos tipos de montacargas, que cumplir\u00e1n con las necesidades espec\u00edficas de su empresa, desde equipos de combusti\u00f3n a Gas L.P, gasolina, di\u00e9sel y el\u00e9ctricos , con capacidad de carga de 3,000 lbs hasta 22,500 lbs. &nbsp;<\/p>\n<h2><em>Algunas de nuestras unidades son los siguientes: <\/em><\/h2>\n<ul style=\"text-align: justify;\">\n<li>Montacargas de 4 ruedas, de 1 a 3.5 toneladas. Serie A<br \/>\nLa serie A es sin\u00f3nimo de que cuentan con una estructura s\u00f3lida; adem\u00e1s de ser ergon\u00f3micos y c\u00f3modos en su manejo, cumplen con las exigencias de certificaci\u00f3n CE y las normativas de seguridad europea.<\/li>\n<li>Montacargas de 4 llantas, de 1 a 3.5 toneladas. Serie J<br \/>\nSe caracteriza por ser ideal para la carga de trabajo media o menor, as\u00ed como los m\u00faltiples turnos. Cuenta con diferentes opciones que se pueden personalizar de acuerdo a las necesidades de los clientes, como los sistemas AC y DC a escoger, adem\u00e1s de la bater\u00eda extra para cambio, que tambi\u00e9n est\u00e1 disponible.<\/li>\n<li>Montacargas de 3 llantas (tracci\u00f3n delantera) de 1.3 a 2 toneladas. Serie J<br \/>\nM\u00e1s del 50% de todos los montacargas comprados hoy en d\u00eda son de tres llantas y tienen mayor rango de aplicaciones, desde la posibilidad trabajar solo medio turno a la vez, hasta trabajar tres turnos completos al d\u00eda.<\/li>\n<\/ul>\n<p style=\"text-align: justify;\">Los tipos de equipos el\u00e9ctricos que manejamos en Montacargas TMR, son los veh\u00edculos: articulados, hombre sentado y hombre parado, adem\u00e1s de <em>other pickers<\/em>, apiladores, carros de arrastre, patines el\u00e9ctricos (hombre a bordo y hombre caminando), as\u00ed como tambi\u00e9n patines hidr\u00e1ulicos de 6,600 lbs.<\/p>\n<h2 style=\"text-align: justify;\"><strong><em>Montacargas el\u00e9ctrico<\/em><\/strong><em> de tres o cuatro ruedas, \u00bfCu\u00e1l ser\u00e1 el m\u00e1s conveniente?<\/em><\/h2>\n<p style=\"text-align: justify;\">Las unidades de tres ruedas son utilizados para descargar camiones, as\u00ed como mover tarimas y otras cargas, adem\u00e1s es principalmente utilizado para interiores, bodegas y otros usos de superficie lisa, donde los requerimientos de maniobrabilidad y espacio no permitan el uso eficiente de un veh\u00edculo de cuatro ruedas, por lo que resulta excelente para usar en pasillos angostos. Tiene capacidades que van desde las 3,000 libras a las 5,000 libras., son el\u00e9ctricos y con llantas de goma.<\/p>\n<p style=\"text-align: justify;\">Por otra parte, los veh\u00edculos de cuatro ruedas son generalmente utilizados para descargar camiones, mover tarimas y otras cargas: cuentan con motor el\u00e9ctrico, de gas propano, di\u00e9sel o gasolina, adem\u00e1s de llantas de goma o neum\u00e1tico; aquellas unidades el\u00e9ctricas que cuentan con llantas de goma son primordialmente para uso de interiores y para ser manejados en superficies lisas. Cuando se equipan con llantas neum\u00e1ticas, las unidades de combusti\u00f3n interna tendr\u00e1n acceso a diferentes suelos y podr\u00e1n movilizarse en diferentes superficies. Sus capacidades van desde las 3,000 libras a las 1000,000 libras.<\/p>\n<h3 style=\"text-align: justify;\"><em>\u00bfCu\u00e1les son las partes de un <strong>montacargas el\u00e9ctrico<\/strong>?<\/em><\/h3>\n<ul style=\"text-align: justify;\">\n<li>Suministro de potencia, se trata de la fuente de energ\u00eda, donde su suministro o fuente de alimentaci\u00f3n puede ser de bater\u00eda, de propano, de electricidad, de di\u00e9sel o de gas. Cuando hace uso de bater\u00edas, estas se encuentran bajo el asiento de la cabina, el cual se usa en aire libre o interiores.<\/li>\n<li>Un m\u00e1stil, que hace los movimientos de elevaci\u00f3n y descenso para cargar los materiales. Funciona a base de cilindros hidr\u00e1ulicos, as\u00ed como carriles y puede ser simple, doble, triple o cu\u00e1druple, donde cada uno llega a levantar la carga a una altura distinta.<\/li>\n<li>Una horquilla, que se trata de la plataforma en forma de L que recoge y almacena los materiales a transportar. Se adhiere a la parte delantera del veh\u00edculo por medio de un gancho, en la parte delantera del veh\u00edculo. En su parte frontal se encuentra el cilindro de elevaci\u00f3n, el m\u00e1stil, el respaldo, las cadenas de elevaci\u00f3n, las horquillas y el carro; mientras que en la parte lateral se encuentran las piezas de elevaci\u00f3n.<\/li>\n<li>Marco, el cual carga con las dem\u00e1s partes de la unidad. Su parte posterior posee los contrapesos que dan estabilidad a la m\u00e1quina, evitando que esta se incline hacia delante al momento de llevar las cargas<\/li>\n<li>Un respaldo, componente que se ci\u00f1e al veh\u00edculo para evitar que la carga se incline hacia atr\u00e1s.<\/li>\n<li>Una cabina, que se trata del puesto de trabajo del operador y es el centro del veh\u00edculo, en el cual se encuentran todos sus controles. Aqu\u00ed es donde se encuentra el operador, quien puede estar de pie o sentado para manejar la m\u00e1quina; consta de asiento, pedales, dispositivos de seguridad, e indicadores que ponen en funcionamiento el montacargas.<\/li>\n<\/ul>\n<h2 style=\"text-align: justify;\"><em>El funcionamiento del <strong>montacargas el\u00e9ctrico<\/strong>: en constante evoluci\u00f3n<\/em><\/h2>\n<p style=\"text-align: justify;\">Tambi\u00e9n conocidos como autoelevadores en algunos pa\u00edses, var\u00edan en dise\u00f1o y tama\u00f1o. Los m\u00e1s comunes se accionan por quien los conduce y tienen un contrapeso de hierro fundido en la parte de atr\u00e1s de la carretilla que eleva la carga para que se contrarreste el peso de lo que se est\u00e1 cargando. Consta de dos barras paralelas en la parte delantera que se llaman horquillas, las cuales van unidas a un sistema de elevaci\u00f3n neum\u00e1tico capaz de levantar y soportar grandes pesos.<\/p>\n<p style=\"text-align: justify;\">Su funcionamiento est\u00e1 basado en un dispositivo que trabaja con energ\u00eda hidr\u00e1ulica que est\u00e1 unido en la parte delantera del veh\u00edculo y es usado para levantar y transportar peso. La esencia del funcionamiento hidr\u00e1ulico es que al accionar una palanca, ciertas v\u00e1lvulas se abren o cierran dejando pasar o no aceite por el sistema y esto origina que el dispositivo elevador suba o baje.<\/p>\n<p style=\"text-align: justify;\">El funcionamiento de la unidad recae en la operaci\u00f3n de ciertas palancas que har\u00e1n mover la horquilla, o incluso la rejilla de apoyo de la carga, permiti\u00e9ndonos encontrar el punto perfecto para que podamos tomar la carga con seguridad y la podamos trasladar.<\/p>\n<p style=\"text-align: justify;\">Las bombas hidr\u00e1ulicas y movimiento por cadenas har\u00e1n el trabajo de fuerza, el contrapeso (en la parte posterior) se encargar\u00e1 del correcto balance y finalmente el operador ser\u00e1 el responsable del accionamiento para lograr mover todo sin problemas. Sin embargo, debido a que cuenta con cuatro ruedas y la tracci\u00f3n se localiza en las dos ruedas traseras, son estas las que giran para encarar el veh\u00edculo y de este modo se obtiene un mayor control sobre el movimiento, el cual requiere ser medido con precisi\u00f3n, a fin de evitar la ca\u00edda de los paquetes y otros accidentes. Las mercanc\u00edas que son manipuladas de este modo, se apilan sobre las tarimas o racks, generalmente hechos de madera o pl\u00e1stico reforzado y tienen un promedio de entre quince y veinte cent\u00edmetros de espesor.<\/p>\n<p>En TMR ponemos a disposici\u00f3n de nuestros clientes los montacargas nuevos, ya que somos distribuidores autorizados de Plataformas JLG, as\u00ed como de Montacargas CHL. Por otra parte, tambi\u00e9n contamos con equipos seminuevos, los cuales est\u00e1n certificados y en perfectas condiciones de trabajo, por lo que pueden tener la garant\u00eda de que no tendr\u00e1n descomposturas.<\/p>\n<p style=\"text-align: justify;\">En cuanto a nuestra flotilla, cabe destacar que es constantemente renovada y cada tres a\u00f1os es reemplazada por equipo nuevo; manejamos opciones de contratos por 36 meses, que garantizan el manejo de unidades nuevas constantemente.<\/p>\n<p style=\"text-align: justify;\">Mantenemos un compromiso permanente con el mantenimiento adecuado de nuestro equipo y nuestros <a href=\"https:\/\/montacargasventayrenta.com\/maximizando-la-eficiencia-energetica-en-montacargas-electricos-consejos-y-tecnologias-innovadoras\/\" target=\"_blank\" rel=\"noopener\"><strong>montacargas el\u00e9ctricos<\/strong><\/a>, por lo que siempre la encontrar\u00e1n en las m\u00e1s \u00f3ptimas condiciones y tambi\u00e9n incluye a nuestro servicio de renta, el cual pueden contratar por un m\u00ednimo de siete d\u00edas.<\/p>\n<p style=\"text-align: justify;\">Ofrecemos una amplia gama de equipo de construcci\u00f3n, adem\u00e1s de un servicio integral que consta del mantenimiento, las refacciones adecuadas, as\u00ed como la mejor atenci\u00f3n a nuestros clientes. Ofrecemos los siguientes servicios generales a nuestros clientes:<\/p>\n<ul style=\"text-align: justify;\">\n<li>Inspecciones y servicios de reparaci\u00f3n: Sabemos que el mantenimiento peri\u00f3dico es la clave para evitar da\u00f1o en nuestro equipo, y as\u00ed evitamos atrasarnos en las tareas; adem\u00e1s de garantizar la seguridad de los operadores y dem\u00e1s personal que labore alrededor de estos equipos.<\/li>\n<li>Surtido de conectores y mangueras de alta presi\u00f3n: Las mangueras hidr\u00e1ulicas de gran resistencia, son necesarias en la mayor\u00eda de los sistemas hidr\u00e1ulicos, ya que se pueden usar en espacios limitados y admiten movimiento, a la vez que transmiten la potencia necesaria para llevar a cabo un trabajo mec\u00e1nico.<\/li>\n<li>Unidades m\u00f3viles con equipos, herramientas y materiales necesarios: Porque la atenci\u00f3n personalizada es nuestra caracter\u00edstica y prioridad, contamos con la m\u00e1s completa gama de productos de calidad y refacciones originales para la reparaci\u00f3n de sus montacargas.<\/li>\n<li>Asesor\u00eda, diagn\u00f3stico y ensamble: Contamos con un equipo de profesionales enfocados en el mantenimiento y diagn\u00f3stico de los montacargas, porque sabemos que las labores desempa\u00f1adas en el d\u00eda a d\u00eda dependen de gran medida del funcionamiento de estos veh\u00edculos, de manera que si estos no funcionan correctamente, el proceso de producci\u00f3n se ver\u00e1 afectado.<\/li>\n<li>Limpieza e instalaci\u00f3n: Para evitar reparaciones mayores posteriores.<\/li>\n<li>Servicio de pintura: Nuestros trabajos, incluyendo la reparaci\u00f3n est\u00e9tica, cuentan con el sello de calidad en cada uno de sus procesos.<\/li>\n<\/ul>\n<p style=\"text-align: justify;\">Sabemos que la demanda de estos veh\u00edculos en la industria de carga, almacenamiento y construcci\u00f3n es bastante alta; para cada necesidad en especial existe un determinado tipo de veh\u00edculo, al que adem\u00e1s le podemos agregar una serie de aditamentos o accesorios que multiplican las funcionalidades del montacargas.<\/p>\n<p>En TMR tenemos m\u00e1s de 30 a\u00f1os en los que hemos prove\u00eddo el mercado de equipo de construcci\u00f3n, que se distingue por calidad, precios accesibles y facilidades de pago.<br \/>\nNuestros a\u00f1os de experiencia nos han convertido en profesionales del tema, por lo que comprendemos que elegir el equipo para una aplicaci\u00f3n especializada puede ser una tarea dif\u00edcil, especialmente cuando no estamos familiarizados con los tipos b\u00e1sicos de montacargas y equipo de construcci\u00f3n.<\/p>\n<p style=\"text-align: justify;\">De antemano nos ponemos a sus \u00f3rdenes para una consulta personalizada y realizarles un an\u00e1lisis y estudio de operaci\u00f3n, sin costo alguno, para recomendarles el mejor de los <a href=\"https:\/\/montacargasventayrenta.com\/montacargas-electricos-4-secretos-para-mantener-condiciones\/\" target=\"_blank\" rel=\"noopener\"><strong>montacargas el\u00e9ctricos<\/strong><\/a> para sus necesidades. Esperamos que esta informaci\u00f3n les haya sido de utilidad y les invitamos a visitar nuestro blog, donde les estaremos proporcionando informaci\u00f3n interesante y de utilidad<br \/>\n.<br \/>\nLes invitamos a comunicarse al: (81) 8327 0498, en San Nicol\u00e1s de Los Garza, Nuevo Le\u00f3n o al (871) 750 6777 y 750 7200 en Torre\u00f3n, Coahuila. Para nosotros en TMR, ser\u00e1 un placer visitarles en su empresa, estudiar sus necesidades y determinar el equipo m\u00e1s adecuado de acuerdo al tipo de operaci\u00f3n que manejan.<\/p>\n","protected":false},"excerpt":{"rendered":"<p>[lwptoc] Los montacargas el\u00e9ctricos son equipos de elevaci\u00f3n que sirven para cargar y transportar materiales de gran peso y tama\u00f1o; su caracter\u00edstica principal es que utilizan una plataforma que se desliza a lo largo de dos gu\u00edas r\u00edgidas paralelas, y gracias a que encontramos desde diversos tipos o aplicaciones, es posible utilizarlo tanto en la [&hellip;]<\/p>\n","protected":false},"author":4,"featured_media":0,"parent":0,"menu_order":0,"comment_status":"closed","ping_status":"closed","template":"","meta":{"footnotes":""},"class_list":["post-4924","page","type-page","status-publish","hentry"],"_links":{"self":[{"href":"https:\/\/optimizacion-online.info\/mtr\/wp-json\/wp\/v2\/pages\/4924","targetHints":{"allow":["GET"]}}],"collection":[{"href":"https:\/\/optimizacion-online.info\/mtr\/wp-json\/wp\/v2\/pages"}],"about":[{"href":"https:\/\/optimizacion-online.info\/mtr\/wp-json\/wp\/v2\/types\/page"}],"author":[{"embeddable":true,"href":"https:\/\/optimizacion-online.info\/mtr\/wp-json\/wp\/v2\/users\/4"}],"replies":[{"embeddable":true,"href":"https:\/\/optimizacion-online.info\/mtr\/wp-json\/wp\/v2\/comments?post=4924"}],"version-history":[{"count":0,"href":"https:\/\/optimizacion-online.info\/mtr\/wp-json\/wp\/v2\/pages\/4924\/revisions"}],"wp:attachment":[{"href":"https:\/\/optimizacion-online.info\/mtr\/wp-json\/wp\/v2\/media?parent=4924"}],"curies":[{"name":"wp","href":"https:\/\/api.w.org\/{rel}","templated":true}]}}