{"id":11552,"date":"2021-09-29T17:25:54","date_gmt":"2021-09-29T17:25:54","guid":{"rendered":"https:\/\/montacargasventayrenta.com\/?post_type=product&#038;p=11552"},"modified":"2021-09-29T17:25:54","modified_gmt":"2021-09-29T17:25:54","slug":"iones-de-litio-electricos-tractor-de-arrastre-de-pie-10000-libras","status":"publish","type":"product","link":"https:\/\/optimizacion-online.info\/mtr\/producto\/iones-de-litio-electricos-tractor-de-arrastre-de-pie-10000-libras\/","title":{"rendered":"Iones de litio el\u00e9ctricos Tractor de arrastre de pie 10,000 libras"},"content":{"rendered":"","protected":false},"excerpt":{"rendered":"<p>El tractor de remolque el\u00e9ctrico de iones de litio de la serie A es un dispositivo de manipulaci\u00f3n log\u00edstica desarrollado por Hangcha Group para las condiciones de operaci\u00f3n de alta intensidad del mercado norteamericano. Con la tecnolog\u00eda de variador de frecuencia, ofrece un alto rendimiento y bajos costos de mantenimiento. Tambi\u00e9n es seguro, confiable y se puede operar f\u00e1cilmente. El tractor de remolque de pie el\u00e9ctrico de iones de litio de la serie A es una herramienta ideal para mover materiales en un taller, almac\u00e9n o instalaci\u00f3n de fabricaci\u00f3n.<\/p>\n","protected":false},"featured_media":11555,"comment_status":"closed","ping_status":"closed","template":"","meta":[],"product_brand":[],"product_cat":[324],"product_tag":[],"class_list":{"0":"post-11552","1":"product","2":"type-product","3":"status-publish","4":"has-post-thumbnail","6":"product_cat-tractores-de-arrastre","8":"first","9":"instock","10":"shipping-taxable","11":"product-type-simple"},"_links":{"self":[{"href":"https:\/\/optimizacion-online.info\/mtr\/wp-json\/wp\/v2\/product\/11552","targetHints":{"allow":["GET"]}}],"collection":[{"href":"https:\/\/optimizacion-online.info\/mtr\/wp-json\/wp\/v2\/product"}],"about":[{"href":"https:\/\/optimizacion-online.info\/mtr\/wp-json\/wp\/v2\/types\/product"}],"replies":[{"embeddable":true,"href":"https:\/\/optimizacion-online.info\/mtr\/wp-json\/wp\/v2\/comments?post=11552"}],"wp:featuredmedia":[{"embeddable":true,"href":"https:\/\/optimizacion-online.info\/mtr\/wp-json\/wp\/v2\/media\/11555"}],"wp:attachment":[{"href":"https:\/\/optimizacion-online.info\/mtr\/wp-json\/wp\/v2\/media?parent=11552"}],"wp:term":[{"taxonomy":"product_brand","embeddable":true,"href":"https:\/\/optimizacion-online.info\/mtr\/wp-json\/wp\/v2\/product_brand?post=11552"},{"taxonomy":"product_cat","embeddable":true,"href":"https:\/\/optimizacion-online.info\/mtr\/wp-json\/wp\/v2\/product_cat?post=11552"},{"taxonomy":"product_tag","embeddable":true,"href":"https:\/\/optimizacion-online.info\/mtr\/wp-json\/wp\/v2\/product_tag?post=11552"}],"curies":[{"name":"wp","href":"https:\/\/api.w.org\/{rel}","templated":true}]}}