{"id":11772,"date":"2023-03-22T04:45:48","date_gmt":"2023-03-22T04:45:48","guid":{"rendered":"https:\/\/montacargasventayrenta.com\/?post_type=product&#038;p=11772"},"modified":"2023-06-06T00:17:40","modified_gmt":"2023-06-06T00:17:40","slug":"montacargas-k2c-2-3-5t-ic","status":"publish","type":"product","link":"https:\/\/optimizacion-online.info\/mtr\/producto\/montacargas-k2c-2-3-5t-ic\/","title":{"rendered":"Montacargas K2C 2-3.5T IC"},"content":{"rendered":"<div id=\"1689700804\" class=\"u_1689700804 dmNewParagraph\" data-element-type=\"paragraph\" data-version=\"5\" data-binding=\"W3siYmluZGluZ05hbWUiOiJ0ZXh0IiwidmFsdWUiOiJkeW5hbWljX3BhZ2VfY29sbGVjdGlvbi5USVBPIn1d\" data-diy-text=\"\">Sistema de accionamiento fiable<br \/>\n\u2022 Sistema de transmisi\u00f3n duradero producido por HELI y probado en el mercado por m\u00e1s de 20 a\u00f1os<br \/>\n\u2022 Sistema autom\u00e1tico de precalentamiento del motor<\/p>\n<p>F\u00e1cil mantenimiento<br \/>\n\u2022 Cap\u00f3 del motor f\u00e1cil de levantar con amplio \u00e1ngulo de apertura de 80\u00b0<\/p>\n<p>Sistema de admisi\u00f3n de aire bien dise\u00f1ado<br \/>\n\u2022 Entrada de aire en la parte superior del tejadillo protector, lejos del polvo<\/p>\n<p>Mejor sistema de enfriamiento<br \/>\n\u2022 Radiador de aluminio, mejor efecto de disipaci\u00f3n de calor<\/p>\n<p>Eje de direcci\u00f3n de fundici\u00f3n confiable<br \/>\n\u2022 Estructura compacta, amortiguador, busto y resistente al agua, menor costo de mantenimiento<\/p><\/div>\n","protected":false},"excerpt":{"rendered":"<p>Montacargas de Combusti\u00f3n<br \/>\nCHL<\/p>\n","protected":false},"featured_media":11778,"comment_status":"closed","ping_status":"closed","template":"","meta":[],"product_brand":[],"product_cat":[393,392,310,309,308],"product_tag":[],"class_list":{"0":"post-11772","1":"product","2":"type-product","3":"status-publish","4":"has-post-thumbnail","6":"product_cat-montacargas-de-combustion","7":"product_cat-chl","8":"product_cat-diesel","9":"product_cat-gas-lp","10":"product_cat-gasolina","12":"first","13":"instock","14":"shipping-taxable","15":"product-type-simple"},"_links":{"self":[{"href":"https:\/\/optimizacion-online.info\/mtr\/wp-json\/wp\/v2\/product\/11772","targetHints":{"allow":["GET"]}}],"collection":[{"href":"https:\/\/optimizacion-online.info\/mtr\/wp-json\/wp\/v2\/product"}],"about":[{"href":"https:\/\/optimizacion-online.info\/mtr\/wp-json\/wp\/v2\/types\/product"}],"replies":[{"embeddable":true,"href":"https:\/\/optimizacion-online.info\/mtr\/wp-json\/wp\/v2\/comments?post=11772"}],"wp:featuredmedia":[{"embeddable":true,"href":"https:\/\/optimizacion-online.info\/mtr\/wp-json\/wp\/v2\/media\/11778"}],"wp:attachment":[{"href":"https:\/\/optimizacion-online.info\/mtr\/wp-json\/wp\/v2\/media?parent=11772"}],"wp:term":[{"taxonomy":"product_brand","embeddable":true,"href":"https:\/\/optimizacion-online.info\/mtr\/wp-json\/wp\/v2\/product_brand?post=11772"},{"taxonomy":"product_cat","embeddable":true,"href":"https:\/\/optimizacion-online.info\/mtr\/wp-json\/wp\/v2\/product_cat?post=11772"},{"taxonomy":"product_tag","embeddable":true,"href":"https:\/\/optimizacion-online.info\/mtr\/wp-json\/wp\/v2\/product_tag?post=11772"}],"curies":[{"name":"wp","href":"https:\/\/api.w.org\/{rel}","templated":true}]}}