{"id":11773,"date":"2023-03-22T06:06:26","date_gmt":"2023-03-22T06:06:26","guid":{"rendered":"https:\/\/montacargasventayrenta.com\/?post_type=product&#038;p=11773"},"modified":"2023-06-06T00:17:40","modified_gmt":"2023-06-06T00:17:40","slug":"montacargas-1-1-8t-ic","status":"publish","type":"product","link":"https:\/\/optimizacion-online.info\/mtr\/producto\/montacargas-1-1-8t-ic\/","title":{"rendered":"Montacargas 1-1.8T IC"},"content":{"rendered":"<p>Sistema de accionamiento fiable<br \/>\n\u2022 Sistema de transmisi\u00f3n duradero producido por HELI y probado en el mercado por m\u00e1s de 20 a\u00f1os<br \/>\n\u2022 Sistema autom\u00e1tico de precalentamiento del motor<\/p>\n<p>M\u00e1stil mejorado<br \/>\n\u2022 Interfaz de canal de m\u00e1stil ampliada, m\u00e1s fuerza, vista amplia<br \/>\n\u2022 Fuerte sistema hidr\u00e1ulico<br \/>\n\u2022 fuerza de I + D profesional, tecnolog\u00eda madura<br \/>\n\u2022 Cilindro de inclinaci\u00f3n autoblocante, amortiguador de velocidad al levantar<br \/>\n\u2022 Espacio de operaci\u00f3n amplio y c\u00f3modo; goma amortiguadora y amortiguadora de ruidos; alfombrilla antideslizante<\/p>\n","protected":false},"excerpt":{"rendered":"<div id=\"1689700804\" class=\"u_1689700804 dmNewParagraph\" data-element-type=\"paragraph\" data-version=\"5\" data-binding=\"W3siYmluZGluZ05hbWUiOiJ0ZXh0IiwidmFsdWUiOiJkeW5hbWljX3BhZ2VfY29sbGVjdGlvbi5USVBPIn1d\" data-diy-text=\"\">Montacargas de Combusti\u00f3n<\/div>\n<div id=\"1503534281\" class=\"u_1503534281 dmNewParagraph\" data-element-type=\"paragraph\" data-version=\"5\" data-binding=\"W3siYmluZGluZ05hbWUiOiJ0ZXh0IiwidmFsdWUiOiJkeW5hbWljX3BhZ2VfY29sbGVjdGlvbi5NQVJDQSJ9XQ==\" data-diy-text=\"\">CHL<\/div>\n","protected":false},"featured_media":11781,"comment_status":"closed","ping_status":"closed","template":"","meta":[],"product_brand":[],"product_cat":[393,392,310,309,308],"product_tag":[],"class_list":{"0":"post-11773","1":"product","2":"type-product","3":"status-publish","4":"has-post-thumbnail","6":"product_cat-montacargas-de-combustion","7":"product_cat-chl","8":"product_cat-diesel","9":"product_cat-gas-lp","10":"product_cat-gasolina","12":"first","13":"instock","14":"shipping-taxable","15":"product-type-simple"},"_links":{"self":[{"href":"https:\/\/optimizacion-online.info\/mtr\/wp-json\/wp\/v2\/product\/11773","targetHints":{"allow":["GET"]}}],"collection":[{"href":"https:\/\/optimizacion-online.info\/mtr\/wp-json\/wp\/v2\/product"}],"about":[{"href":"https:\/\/optimizacion-online.info\/mtr\/wp-json\/wp\/v2\/types\/product"}],"replies":[{"embeddable":true,"href":"https:\/\/optimizacion-online.info\/mtr\/wp-json\/wp\/v2\/comments?post=11773"}],"wp:featuredmedia":[{"embeddable":true,"href":"https:\/\/optimizacion-online.info\/mtr\/wp-json\/wp\/v2\/media\/11781"}],"wp:attachment":[{"href":"https:\/\/optimizacion-online.info\/mtr\/wp-json\/wp\/v2\/media?parent=11773"}],"wp:term":[{"taxonomy":"product_brand","embeddable":true,"href":"https:\/\/optimizacion-online.info\/mtr\/wp-json\/wp\/v2\/product_brand?post=11773"},{"taxonomy":"product_cat","embeddable":true,"href":"https:\/\/optimizacion-online.info\/mtr\/wp-json\/wp\/v2\/product_cat?post=11773"},{"taxonomy":"product_tag","embeddable":true,"href":"https:\/\/optimizacion-online.info\/mtr\/wp-json\/wp\/v2\/product_tag?post=11773"}],"curies":[{"name":"wp","href":"https:\/\/api.w.org\/{rel}","templated":true}]}}