{"id":11774,"date":"2023-03-22T06:08:16","date_gmt":"2023-03-22T06:08:16","guid":{"rendered":"https:\/\/montacargasventayrenta.com\/?post_type=product&#038;p=11774"},"modified":"2023-06-06T00:17:39","modified_gmt":"2023-06-06T00:17:39","slug":"montacargas-4-5t-ic","status":"publish","type":"product","link":"https:\/\/optimizacion-online.info\/mtr\/producto\/montacargas-4-5t-ic\/","title":{"rendered":"Montacargas 4-5T IC"},"content":{"rendered":"<p>Estructura mejorada<br \/>\n\u2022 Eje de direcci\u00f3n fundido; mayor resistencia y rigidez del m\u00e1stil y del tejadillo protector<br \/>\n\u2022 El voladizo delantero reducido mejora la estabilidad<br \/>\n\u2022 Componentes el\u00e9ctricos de dise\u00f1o modular<br \/>\n\u2022 Mejor rendimiento de refrigeraci\u00f3n<\/p>\n<p>Operaci\u00f3n eficiente<br \/>\n\u2022 Mayor velocidad de elevaci\u00f3n, menor radio de giro,<\/p>\n<p>Operaci\u00f3n c\u00f3moda<br \/>\n\u2022 Volante m\u00e1s peque\u00f1o, pedal agrandado<br \/>\n\u2022 M\u00e1stil de visi\u00f3n amplia<br \/>\n\u2022 Reducci\u00f3n de la amortiguaci\u00f3n en el m\u00e1stil<br \/>\n\u2022 Espacio de conducci\u00f3n ampliado<\/p>\n<p>F\u00e1cil mantenimiento<br \/>\n\u2022 Eje motriz mejorado, menor frecuencia de mantenimiento<br \/>\n\u2022 El c\u00f3digo de falla se muestra en la pantalla<br \/>\n\u2022 Capota con \u00e1ngulo de apertura de 80\u00b0<br \/>\n\u2022 Espacio de contacto ampliado entre el motor y la transmisi\u00f3n<\/p>\n<p>Menor consumo de energ\u00eda<br \/>\n\u2022 Consumo de aceite y p\u00e9rdida de presi\u00f3n reducida<br \/>\n\u2022 Luces LED est\u00e1ndar<br \/>\n\u2022 Eje de direcci\u00f3n fundido confiable<br \/>\n\u2022 Estructura compacta, peque\u00f1a deformaci\u00f3n al cargar<br \/>\n\u2022 Amortiguadores<br \/>\n\u2022 Estructura a prueba de polvo y agua; menor costo de mantenimiento<\/p>\n","protected":false},"excerpt":{"rendered":"<div id=\"1689700804\" class=\"u_1689700804 dmNewParagraph\" data-element-type=\"paragraph\" data-version=\"5\" data-binding=\"W3siYmluZGluZ05hbWUiOiJ0ZXh0IiwidmFsdWUiOiJkeW5hbWljX3BhZ2VfY29sbGVjdGlvbi5USVBPIn1d\" data-diy-text=\"\">Montacargas de Combusti\u00f3n<\/div>\n<div id=\"1503534281\" class=\"u_1503534281 dmNewParagraph\" data-element-type=\"paragraph\" data-version=\"5\" data-binding=\"W3siYmluZGluZ05hbWUiOiJ0ZXh0IiwidmFsdWUiOiJkeW5hbWljX3BhZ2VfY29sbGVjdGlvbi5NQVJDQSJ9XQ==\" data-diy-text=\"\">CHL<\/div>\n","protected":false},"featured_media":11782,"comment_status":"closed","ping_status":"closed","template":"","meta":[],"product_brand":[],"product_cat":[393,392,310,309,308],"product_tag":[],"class_list":{"0":"post-11774","1":"product","2":"type-product","3":"status-publish","4":"has-post-thumbnail","6":"product_cat-montacargas-de-combustion","7":"product_cat-chl","8":"product_cat-diesel","9":"product_cat-gas-lp","10":"product_cat-gasolina","12":"first","13":"instock","14":"shipping-taxable","15":"product-type-simple"},"_links":{"self":[{"href":"https:\/\/optimizacion-online.info\/mtr\/wp-json\/wp\/v2\/product\/11774","targetHints":{"allow":["GET"]}}],"collection":[{"href":"https:\/\/optimizacion-online.info\/mtr\/wp-json\/wp\/v2\/product"}],"about":[{"href":"https:\/\/optimizacion-online.info\/mtr\/wp-json\/wp\/v2\/types\/product"}],"replies":[{"embeddable":true,"href":"https:\/\/optimizacion-online.info\/mtr\/wp-json\/wp\/v2\/comments?post=11774"}],"wp:featuredmedia":[{"embeddable":true,"href":"https:\/\/optimizacion-online.info\/mtr\/wp-json\/wp\/v2\/media\/11782"}],"wp:attachment":[{"href":"https:\/\/optimizacion-online.info\/mtr\/wp-json\/wp\/v2\/media?parent=11774"}],"wp:term":[{"taxonomy":"product_brand","embeddable":true,"href":"https:\/\/optimizacion-online.info\/mtr\/wp-json\/wp\/v2\/product_brand?post=11774"},{"taxonomy":"product_cat","embeddable":true,"href":"https:\/\/optimizacion-online.info\/mtr\/wp-json\/wp\/v2\/product_cat?post=11774"},{"taxonomy":"product_tag","embeddable":true,"href":"https:\/\/optimizacion-online.info\/mtr\/wp-json\/wp\/v2\/product_tag?post=11774"}],"curies":[{"name":"wp","href":"https:\/\/api.w.org\/{rel}","templated":true}]}}