{"id":11787,"date":"2023-03-22T06:15:37","date_gmt":"2023-03-22T06:15:37","guid":{"rendered":"https:\/\/montacargasventayrenta.com\/?post_type=product&#038;p=11787"},"modified":"2023-06-06T00:24:31","modified_gmt":"2023-06-06T00:24:31","slug":"montacargas-a-bateria-de-litio-de-1-5-3-5t","status":"publish","type":"product","link":"https:\/\/optimizacion-online.info\/mtr\/producto\/montacargas-a-bateria-de-litio-de-1-5-3-5t\/","title":{"rendered":"Montacargas a bater\u00eda de litio de 1.5-3.5T"},"content":{"rendered":"<p>\u2022 La red de protecci\u00f3n superior delantera protege al operador y al instrumento de la ca\u00edda de mercanc\u00edas.<br \/>\n\u2022 El respaldo de carga est\u00e1 equipado para garantizar la inestabilidad de las mercanc\u00edas en el almacenamiento en fr\u00edo.<br \/>\n\u2022 La empu\u00f1adura trasera con bot\u00f3n de bocina garantiza la seguridad durante la marcha atr\u00e1s. Deceleraci\u00f3n autom\u00e1tica cuando la direcci\u00f3n es adecuada para superficies resbaladizas en la c\u00e1mara frigor\u00edfica.<\/p>\n","protected":false},"excerpt":{"rendered":"<div id=\"1689700804\" class=\"u_1689700804 dmNewParagraph\" data-element-type=\"paragraph\" data-version=\"5\" data-binding=\"W3siYmluZGluZ05hbWUiOiJ0ZXh0IiwidmFsdWUiOiJkeW5hbWljX3BhZ2VfY29sbGVjdGlvbi5USVBPIn1d\" data-diy-text=\"\">Montacargas (bater\u00eda de litio)<\/div>\n<div id=\"1503534281\" class=\"u_1503534281 dmNewParagraph\" data-element-type=\"paragraph\" data-version=\"5\" data-binding=\"W3siYmluZGluZ05hbWUiOiJ0ZXh0IiwidmFsdWUiOiJkeW5hbWljX3BhZ2VfY29sbGVjdGlvbi5NQVJDQSJ9XQ==\" data-diy-text=\"\">CHL<\/div>\n","protected":false},"featured_media":11797,"comment_status":"closed","ping_status":"closed","template":"","meta":[],"product_brand":[],"product_cat":[394,392,312],"product_tag":[],"class_list":{"0":"post-11787","1":"product","2":"type-product","3":"status-publish","4":"has-post-thumbnail","6":"product_cat-montacargas-de-litio","7":"product_cat-chl","8":"product_cat-electricos","10":"first","11":"instock","12":"shipping-taxable","13":"product-type-simple"},"_links":{"self":[{"href":"https:\/\/optimizacion-online.info\/mtr\/wp-json\/wp\/v2\/product\/11787","targetHints":{"allow":["GET"]}}],"collection":[{"href":"https:\/\/optimizacion-online.info\/mtr\/wp-json\/wp\/v2\/product"}],"about":[{"href":"https:\/\/optimizacion-online.info\/mtr\/wp-json\/wp\/v2\/types\/product"}],"replies":[{"embeddable":true,"href":"https:\/\/optimizacion-online.info\/mtr\/wp-json\/wp\/v2\/comments?post=11787"}],"wp:featuredmedia":[{"embeddable":true,"href":"https:\/\/optimizacion-online.info\/mtr\/wp-json\/wp\/v2\/media\/11797"}],"wp:attachment":[{"href":"https:\/\/optimizacion-online.info\/mtr\/wp-json\/wp\/v2\/media?parent=11787"}],"wp:term":[{"taxonomy":"product_brand","embeddable":true,"href":"https:\/\/optimizacion-online.info\/mtr\/wp-json\/wp\/v2\/product_brand?post=11787"},{"taxonomy":"product_cat","embeddable":true,"href":"https:\/\/optimizacion-online.info\/mtr\/wp-json\/wp\/v2\/product_cat?post=11787"},{"taxonomy":"product_tag","embeddable":true,"href":"https:\/\/optimizacion-online.info\/mtr\/wp-json\/wp\/v2\/product_tag?post=11787"}],"curies":[{"name":"wp","href":"https:\/\/api.w.org\/{rel}","templated":true}]}}