{"id":11788,"date":"2023-03-22T06:17:22","date_gmt":"2023-03-22T06:17:22","guid":{"rendered":"https:\/\/montacargasventayrenta.com\/?post_type=product&#038;p=11788"},"modified":"2023-06-06T00:24:30","modified_gmt":"2023-06-06T00:24:30","slug":"montacargas-de-bateria-de-litio-4-5t","status":"publish","type":"product","link":"https:\/\/optimizacion-online.info\/mtr\/producto\/montacargas-de-bateria-de-litio-4-5t\/","title":{"rendered":"Montacargas de bater\u00eda de litio 4-5T"},"content":{"rendered":"<p>Excelente sistema de control de elevaci\u00f3n<br \/>\n\u2022 V\u00e1lvula rexroth multiv\u00eda importada, calidad confiable, ahorro de energ\u00eda y eficiencia<\/p>\n<p>Motor de accionamiento de CA<br \/>\n\u2022 Adopte el eje motriz integrado de marca famosa internacional, contiene los componentes principales del motor de CA, los frenos h\u00famedos y la caja de cambios<\/p>\n<p>Alto rendimiento de carga\/descarga eficiente<br \/>\n\u2022 Una confluencia de bombas duales, tecnolog\u00eda hidr\u00e1ulica de detecci\u00f3n de carga, alta eficiencia de trabajo<br \/>\n\u2022 Nuevo motor de elevaci\u00f3n de baja velocidad y alto par<br \/>\n\u2022 Controlador de elevaci\u00f3n MOSFET Bomba de engranajes de bajo ruido<\/p>\n<p>Gran espacio de operaci\u00f3n<br \/>\n\u2022 El dise\u00f1o optimizado ampl\u00eda el espacio de operaci\u00f3n, asegurando una operaci\u00f3n c\u00f3moda y conveniente.<\/p>\n<p>Dise\u00f1o inteligente<br \/>\n\u2022 Controlador de tracci\u00f3n AC<br \/>\n\u2022 Presencia del sistema de detecci\u00f3n del conductor<br \/>\n\u2022 Tecnolog\u00eda CAN BUS est\u00e1ndar<br \/>\n\u2022 Apagado de emergencia del circuito principal<br \/>\n\u2022 Auto frenado en rampa<br \/>\n\u2022 Prevenci\u00f3n de funcionamiento an\u00f3malo<br \/>\n\u2022 Autoprotecci\u00f3n del controlador el\u00e9ctrico<br \/>\n\u2022 Funci\u00f3n de selecci\u00f3n de velocidad (normal \/ reducida)<\/p>\n","protected":false},"excerpt":{"rendered":"<div id=\"1689700804\" class=\"u_1689700804 dmNewParagraph\" data-element-type=\"paragraph\" data-version=\"5\" data-binding=\"W3siYmluZGluZ05hbWUiOiJ0ZXh0IiwidmFsdWUiOiJkeW5hbWljX3BhZ2VfY29sbGVjdGlvbi5USVBPIn1d\" data-diy-text=\"\">Montacargas (bater\u00eda de litio)<\/div>\n<div id=\"1503534281\" class=\"u_1503534281 dmNewParagraph\" data-element-type=\"paragraph\" data-version=\"5\" data-binding=\"W3siYmluZGluZ05hbWUiOiJ0ZXh0IiwidmFsdWUiOiJkeW5hbWljX3BhZ2VfY29sbGVjdGlvbi5NQVJDQSJ9XQ==\" data-diy-text=\"\">CHL<\/div>\n","protected":false},"featured_media":11798,"comment_status":"closed","ping_status":"closed","template":"","meta":[],"product_brand":[],"product_cat":[394,392,312],"product_tag":[],"class_list":{"0":"post-11788","1":"product","2":"type-product","3":"status-publish","4":"has-post-thumbnail","6":"product_cat-montacargas-de-litio","7":"product_cat-chl","8":"product_cat-electricos","10":"first","11":"instock","12":"shipping-taxable","13":"product-type-simple"},"_links":{"self":[{"href":"https:\/\/optimizacion-online.info\/mtr\/wp-json\/wp\/v2\/product\/11788","targetHints":{"allow":["GET"]}}],"collection":[{"href":"https:\/\/optimizacion-online.info\/mtr\/wp-json\/wp\/v2\/product"}],"about":[{"href":"https:\/\/optimizacion-online.info\/mtr\/wp-json\/wp\/v2\/types\/product"}],"replies":[{"embeddable":true,"href":"https:\/\/optimizacion-online.info\/mtr\/wp-json\/wp\/v2\/comments?post=11788"}],"wp:featuredmedia":[{"embeddable":true,"href":"https:\/\/optimizacion-online.info\/mtr\/wp-json\/wp\/v2\/media\/11798"}],"wp:attachment":[{"href":"https:\/\/optimizacion-online.info\/mtr\/wp-json\/wp\/v2\/media?parent=11788"}],"wp:term":[{"taxonomy":"product_brand","embeddable":true,"href":"https:\/\/optimizacion-online.info\/mtr\/wp-json\/wp\/v2\/product_brand?post=11788"},{"taxonomy":"product_cat","embeddable":true,"href":"https:\/\/optimizacion-online.info\/mtr\/wp-json\/wp\/v2\/product_cat?post=11788"},{"taxonomy":"product_tag","embeddable":true,"href":"https:\/\/optimizacion-online.info\/mtr\/wp-json\/wp\/v2\/product_tag?post=11788"}],"curies":[{"name":"wp","href":"https:\/\/api.w.org\/{rel}","templated":true}]}}