{"id":11790,"date":"2023-03-22T06:20:10","date_gmt":"2023-03-22T06:20:10","guid":{"rendered":"https:\/\/montacargasventayrenta.com\/?post_type=product&#038;p=11790"},"modified":"2023-06-06T00:24:30","modified_gmt":"2023-06-06T00:24:30","slug":"montacargas-a-bateria-de-litio-3-3-5t","status":"publish","type":"product","link":"https:\/\/optimizacion-online.info\/mtr\/producto\/montacargas-a-bateria-de-litio-3-3-5t\/","title":{"rendered":"Montacargas a bater\u00eda de litio 3-3.5T"},"content":{"rendered":"<p>Amigable con el medio ambiente<br \/>\n\u2022 Emisi\u00f3n cero<br \/>\n\u2022 Bajo nivel de ruido<br \/>\n\u2022 Libre de metales pesados<br \/>\n\u2022 No corrosi\u00f3n<br \/>\n\u2022 Sin volatilizaci\u00f3n de neblina \u00e1cida<\/p>\n<p>Tecnolog\u00eda EPS<br \/>\n\u2022 Direcci\u00f3n asistida el\u00e9ctrica que ofrece un funcionamiento sencillo, flexible, altamente eficiente y silencioso<\/p>\n<p>Bater\u00eda sin mantenimiento<br \/>\n\u2022 A prueba de polvo y sin necesidad de agregar l\u00edquido<\/p>\n<p>Larga vida \u00fatil<br \/>\n\u2022 M\u00e1s del 75% de la capacidad de la bater\u00eda reservada despu\u00e9s de 4000 turnos de operaci\u00f3n<br \/>\n\u2022 5 a\u00f1os o 10.000 horas de garant\u00eda para bater\u00eda de litio<\/p>\n<p>Alta eficiencia de trabajo<br \/>\n\u2022 El peque\u00f1o radio de giro hace que la direcci\u00f3n sea f\u00e1cil y flexible<br \/>\n\u2022 Velocidad r\u00e1pida de conducci\u00f3n y elevaci\u00f3n; modo de tres velocidades<\/p>\n<p>Alta eficiencia y ahorro de energ\u00eda<br \/>\n\u2022 2 horas de carga cumplen con la demanda de trabajo de 6 a 8 horas<br \/>\n\u2022 Densidad de alta energ\u00eda, tasa de auto descarga inferior al 1 % mensual, tasa de conversi\u00f3n de energ\u00eda del 95 %, rendimiento de carga y descarga superior<br \/>\n\u2022 Carga flexible, operaci\u00f3n f\u00e1cil, bater\u00eda sin impacto<\/p>\n<p>Alta seguridad<br \/>\n\u2022 De acuerdo con las caracter\u00edsticas de los veh\u00edculos industriales, logra un dise\u00f1o de protecci\u00f3n de seguridad que incluye materiales de bater\u00eda de litio, tipo de n\u00facleo de bater\u00eda, t\u00e9cnica de paquete y administraci\u00f3n de energ\u00eda del sistema<br \/>\n\u2022 \u201cProtecci\u00f3n de circuito cerrado de seguridad de m\u00faltiples nodos\u201d que ofrece protecci\u00f3n de circuito cerrado en tiempo real para camiones en condiciones variables<br \/>\n\u2022 La funci\u00f3n de &#8220;afirmaci\u00f3n de bloqueo&#8221; durante la carga evita la operaci\u00f3n de &#8220;conexi\u00f3n y desconexi\u00f3n en caliente&#8221; de manera efectiva<br \/>\n\u2022 &#8220;Bot\u00f3n de emergencia de todo el sistema&#8221; para desconectar el sistema de control del cami\u00f3n y la energ\u00eda BMS r\u00e1pidamente garantiza la seguridad<\/p>\n<p>Adecuado para trabajar en entornos altos y bajos<br \/>\n\u2022 Trabajable en -25 ? y 55 ?<\/p>\n","protected":false},"excerpt":{"rendered":"<div id=\"1689700804\" class=\"u_1689700804 dmNewParagraph\" data-element-type=\"paragraph\" data-version=\"5\" data-binding=\"W3siYmluZGluZ05hbWUiOiJ0ZXh0IiwidmFsdWUiOiJkeW5hbWljX3BhZ2VfY29sbGVjdGlvbi5USVBPIn1d\" data-diy-text=\"\">Montacargas (bater\u00eda de litio)<\/div>\n<div id=\"1503534281\" class=\"u_1503534281 dmNewParagraph\" data-element-type=\"paragraph\" data-version=\"5\" data-binding=\"W3siYmluZGluZ05hbWUiOiJ0ZXh0IiwidmFsdWUiOiJkeW5hbWljX3BhZ2VfY29sbGVjdGlvbi5NQVJDQSJ9XQ==\" data-diy-text=\"\">CHL<\/div>\n","protected":false},"featured_media":11800,"comment_status":"closed","ping_status":"closed","template":"","meta":[],"product_brand":[],"product_cat":[394,392,312],"product_tag":[],"class_list":{"0":"post-11790","1":"product","2":"type-product","3":"status-publish","4":"has-post-thumbnail","6":"product_cat-montacargas-de-litio","7":"product_cat-chl","8":"product_cat-electricos","10":"first","11":"instock","12":"shipping-taxable","13":"product-type-simple"},"_links":{"self":[{"href":"https:\/\/optimizacion-online.info\/mtr\/wp-json\/wp\/v2\/product\/11790","targetHints":{"allow":["GET"]}}],"collection":[{"href":"https:\/\/optimizacion-online.info\/mtr\/wp-json\/wp\/v2\/product"}],"about":[{"href":"https:\/\/optimizacion-online.info\/mtr\/wp-json\/wp\/v2\/types\/product"}],"replies":[{"embeddable":true,"href":"https:\/\/optimizacion-online.info\/mtr\/wp-json\/wp\/v2\/comments?post=11790"}],"wp:featuredmedia":[{"embeddable":true,"href":"https:\/\/optimizacion-online.info\/mtr\/wp-json\/wp\/v2\/media\/11800"}],"wp:attachment":[{"href":"https:\/\/optimizacion-online.info\/mtr\/wp-json\/wp\/v2\/media?parent=11790"}],"wp:term":[{"taxonomy":"product_brand","embeddable":true,"href":"https:\/\/optimizacion-online.info\/mtr\/wp-json\/wp\/v2\/product_brand?post=11790"},{"taxonomy":"product_cat","embeddable":true,"href":"https:\/\/optimizacion-online.info\/mtr\/wp-json\/wp\/v2\/product_cat?post=11790"},{"taxonomy":"product_tag","embeddable":true,"href":"https:\/\/optimizacion-online.info\/mtr\/wp-json\/wp\/v2\/product_tag?post=11790"}],"curies":[{"name":"wp","href":"https:\/\/api.w.org\/{rel}","templated":true}]}}