{"id":11791,"date":"2023-03-22T07:56:11","date_gmt":"2023-03-22T07:56:11","guid":{"rendered":"https:\/\/montacargasventayrenta.com\/?post_type=product&#038;p=11791"},"modified":"2023-06-06T00:24:30","modified_gmt":"2023-06-06T00:24:30","slug":"montacargas-de-bateria-de-litio-6-7t","status":"publish","type":"product","link":"https:\/\/optimizacion-online.info\/mtr\/producto\/montacargas-de-bateria-de-litio-6-7t\/","title":{"rendered":"Montacargas de bater\u00eda de litio 6-7T"},"content":{"rendered":"<p>M\u00e1stil fiable<br \/>\n\u2022 Amortiguaci\u00f3n en el m\u00e1stil al subir y bajar, reduce el impacto y mejora la comodidad<br \/>\n\u2022 Generar energ\u00eda al bajar la carga, maximizar la recuperaci\u00f3n de energ\u00eda del sistema, prolongar la vida \u00fatil de la bater\u00eda y reducir la capacidad de la bater\u00eda<br \/>\n\u2022 M\u00e1stil de visi\u00f3n amplia con interfaz de canal ampliada, garantiza la seguridad de los operadores<br \/>\n\u2022 Uso del mejor material de acero alem\u00e1n para m\u00e1stil triplex<br \/>\n\u2022 L\u00edmite autom\u00e1tico de velocidad y velocidad reducida durante la direcci\u00f3n<\/p>\n<p>Sistema hidr\u00e1ulico confiable<br \/>\n\u2022 Contamos con la base de cilindros de I+D m\u00e1s profesional para garantizar la fiabilidad del sistema hidr\u00e1ulico.<\/p>\n<p>Dise\u00f1o inteligente<br \/>\n\u2022 Controlador de tracci\u00f3n de CA; presencia del sistema de detecci\u00f3n del conductor.<br \/>\n\u2022 Tecnolog\u00eda CAN BUS est\u00e1ndar.<br \/>\n\u2022 Apagado de emergencia del circuito principal.<br \/>\n\u2022 Auto frenado en rampa.<br \/>\n\u2022 Prevenci\u00f3n de funcionamiento an\u00f3malo.<br \/>\n\u2022 Autoprotecci\u00f3n del controlador el\u00e9ctrico.<br \/>\n\u2022 Funci\u00f3n de selecci\u00f3n de velocidad (normal \/ reducida).<\/p>\n","protected":false},"excerpt":{"rendered":"<div id=\"1689700804\" class=\"u_1689700804 dmNewParagraph\" data-element-type=\"paragraph\" data-version=\"5\" data-binding=\"W3siYmluZGluZ05hbWUiOiJ0ZXh0IiwidmFsdWUiOiJkeW5hbWljX3BhZ2VfY29sbGVjdGlvbi5USVBPIn1d\" data-diy-text=\"\">Montacargas (bater\u00eda de litio)<\/div>\n<div id=\"1503534281\" class=\"u_1503534281 dmNewParagraph\" data-element-type=\"paragraph\" data-version=\"5\" data-binding=\"W3siYmluZGluZ05hbWUiOiJ0ZXh0IiwidmFsdWUiOiJkeW5hbWljX3BhZ2VfY29sbGVjdGlvbi5NQVJDQSJ9XQ==\" data-diy-text=\"\">CHL<\/div>\n","protected":false},"featured_media":11801,"comment_status":"closed","ping_status":"closed","template":"","meta":[],"product_brand":[],"product_cat":[394,392,312],"product_tag":[],"class_list":{"0":"post-11791","1":"product","2":"type-product","3":"status-publish","4":"has-post-thumbnail","6":"product_cat-montacargas-de-litio","7":"product_cat-chl","8":"product_cat-electricos","10":"first","11":"instock","12":"shipping-taxable","13":"product-type-simple"},"_links":{"self":[{"href":"https:\/\/optimizacion-online.info\/mtr\/wp-json\/wp\/v2\/product\/11791","targetHints":{"allow":["GET"]}}],"collection":[{"href":"https:\/\/optimizacion-online.info\/mtr\/wp-json\/wp\/v2\/product"}],"about":[{"href":"https:\/\/optimizacion-online.info\/mtr\/wp-json\/wp\/v2\/types\/product"}],"replies":[{"embeddable":true,"href":"https:\/\/optimizacion-online.info\/mtr\/wp-json\/wp\/v2\/comments?post=11791"}],"wp:featuredmedia":[{"embeddable":true,"href":"https:\/\/optimizacion-online.info\/mtr\/wp-json\/wp\/v2\/media\/11801"}],"wp:attachment":[{"href":"https:\/\/optimizacion-online.info\/mtr\/wp-json\/wp\/v2\/media?parent=11791"}],"wp:term":[{"taxonomy":"product_brand","embeddable":true,"href":"https:\/\/optimizacion-online.info\/mtr\/wp-json\/wp\/v2\/product_brand?post=11791"},{"taxonomy":"product_cat","embeddable":true,"href":"https:\/\/optimizacion-online.info\/mtr\/wp-json\/wp\/v2\/product_cat?post=11791"},{"taxonomy":"product_tag","embeddable":true,"href":"https:\/\/optimizacion-online.info\/mtr\/wp-json\/wp\/v2\/product_tag?post=11791"}],"curies":[{"name":"wp","href":"https:\/\/api.w.org\/{rel}","templated":true}]}}