{"id":11794,"date":"2023-03-22T07:59:23","date_gmt":"2023-03-22T07:59:23","guid":{"rendered":"https:\/\/montacargasventayrenta.com\/?post_type=product&#038;p=11794"},"modified":"2023-06-06T00:24:30","modified_gmt":"2023-06-06T00:24:30","slug":"montacargas-cpd20-32c","status":"publish","type":"product","link":"https:\/\/optimizacion-online.info\/mtr\/producto\/montacargas-cpd20-32c\/","title":{"rendered":"Montacargas CPD20-32C"},"content":{"rendered":"<p>\u2022 El compartimiento del operador se ha mejorado al crear m\u00e1s espacio para los pies y las piernas con mucho espacio para la cabeza debajo del tejadillo protector.<br \/>\n\u2022 La entrada y salida del compartimiento del operador es f\u00e1cil y conveniente desde ambos lados de la carretilla elevadora.<br \/>\n\u2022 El c\u00f3modo asiento con suspensi\u00f3n es est\u00e1ndar con ajuste completo para diferentes operadores.<br \/>\n\u2022 El escal\u00f3n bajo y ancho y el asidero facilitan el acceso al compartimento del operador.<br \/>\n\u2022 Los controles y el freno de estacionamiento est\u00e1n al alcance de la mano para reducir la tensi\u00f3n del operador.<\/p>\n","protected":false},"excerpt":{"rendered":"<div id=\"1689700804\" class=\"u_1689700804 dmNewParagraph\" data-element-type=\"paragraph\" data-version=\"5\" data-binding=\"W3siYmluZGluZ05hbWUiOiJ0ZXh0IiwidmFsdWUiOiJkeW5hbWljX3BhZ2VfY29sbGVjdGlvbi5USVBPIn1d\" data-diy-text=\"\">Montacargas (bater\u00eda de litio)<\/div>\n<div id=\"1503534281\" class=\"u_1503534281 dmNewParagraph\" data-element-type=\"paragraph\" data-version=\"5\" data-binding=\"W3siYmluZGluZ05hbWUiOiJ0ZXh0IiwidmFsdWUiOiJkeW5hbWljX3BhZ2VfY29sbGVjdGlvbi5NQVJDQSJ9XQ==\" data-diy-text=\"\">CHL<\/div>\n","protected":false},"featured_media":11804,"comment_status":"closed","ping_status":"closed","template":"","meta":[],"product_brand":[],"product_cat":[394,392,312],"product_tag":[],"class_list":{"0":"post-11794","1":"product","2":"type-product","3":"status-publish","4":"has-post-thumbnail","6":"product_cat-montacargas-de-litio","7":"product_cat-chl","8":"product_cat-electricos","10":"first","11":"instock","12":"shipping-taxable","13":"product-type-simple"},"_links":{"self":[{"href":"https:\/\/optimizacion-online.info\/mtr\/wp-json\/wp\/v2\/product\/11794","targetHints":{"allow":["GET"]}}],"collection":[{"href":"https:\/\/optimizacion-online.info\/mtr\/wp-json\/wp\/v2\/product"}],"about":[{"href":"https:\/\/optimizacion-online.info\/mtr\/wp-json\/wp\/v2\/types\/product"}],"replies":[{"embeddable":true,"href":"https:\/\/optimizacion-online.info\/mtr\/wp-json\/wp\/v2\/comments?post=11794"}],"wp:featuredmedia":[{"embeddable":true,"href":"https:\/\/optimizacion-online.info\/mtr\/wp-json\/wp\/v2\/media\/11804"}],"wp:attachment":[{"href":"https:\/\/optimizacion-online.info\/mtr\/wp-json\/wp\/v2\/media?parent=11794"}],"wp:term":[{"taxonomy":"product_brand","embeddable":true,"href":"https:\/\/optimizacion-online.info\/mtr\/wp-json\/wp\/v2\/product_brand?post=11794"},{"taxonomy":"product_cat","embeddable":true,"href":"https:\/\/optimizacion-online.info\/mtr\/wp-json\/wp\/v2\/product_cat?post=11794"},{"taxonomy":"product_tag","embeddable":true,"href":"https:\/\/optimizacion-online.info\/mtr\/wp-json\/wp\/v2\/product_tag?post=11794"}],"curies":[{"name":"wp","href":"https:\/\/api.w.org\/{rel}","templated":true}]}}