{"id":11795,"date":"2023-03-22T08:00:39","date_gmt":"2023-03-22T08:00:39","guid":{"rendered":"https:\/\/montacargasventayrenta.com\/?post_type=product&#038;p=11795"},"modified":"2023-06-06T00:24:30","modified_gmt":"2023-06-06T00:24:30","slug":"montacargas-a-bateria-de-litio-3-ruedas-de-transaccion-1-5-2t","status":"publish","type":"product","link":"https:\/\/optimizacion-online.info\/mtr\/producto\/montacargas-a-bateria-de-litio-3-ruedas-de-transaccion-1-5-2t\/","title":{"rendered":"Montacargas a bater\u00eda de litio (3 ruedas de transacci\u00f3n) 1.5-2T"},"content":{"rendered":"<p>Amigable con el medio ambiente<br \/>\n\u2022 Sin emisi\u00f3n<br \/>\n\u2022 Bajo nivel de ruido<br \/>\n\u2022 Libre de metales pesados<br \/>\n\u2022 No corrosi\u00f3n<br \/>\n\u2022 Sin volatilizaci\u00f3n de neblina \u00e1cida<\/p>\n<p>Tecnolog\u00eda EPS<br \/>\n\u2022 Direcci\u00f3n asistida el\u00e9ctrica que ofrece un funcionamiento sencillo, flexible, altamente eficiente y silencioso<\/p>\n<p>Bater\u00eda sin mantenimiento<br \/>\n\u2022 A prueba de polvo y sin necesidad de agregar l\u00edquido<\/p>\n<p>Larga vida \u00fatil<br \/>\n\u2022 M\u00e1s del 75% de la capacidad de la bater\u00eda reservada despu\u00e9s de 4000 turnos de operaci\u00f3n<br \/>\n\u2022 5 a\u00f1os o 10.000 horas de garant\u00eda para bater\u00eda de litio<\/p>\n<p>Alta eficiencia de trabajo<br \/>\n\u2022 El peque\u00f1o radio de giro hace que la direcci\u00f3n sea f\u00e1cil y flexible<br \/>\n\u2022 Velocidad r\u00e1pida de conducci\u00f3n y elevaci\u00f3n<br \/>\n\u2022 modo de tres velocidades<\/p>\n<p>Alta eficiencia y ahorro de energ\u00eda.<br \/>\n\u2022 2 horas de carga cumplen con la demanda de trabajo de 6 a 8 horas<br \/>\n\u2022 Densidad de alta energ\u00eda, tasa de auto descarga inferior al 1 % mensual, tasa de conversi\u00f3n de energ\u00eda del 95 %, rendimiento de carga y descarga superior<br \/>\n\u2022 Carga flexible, operaci\u00f3n f\u00e1cil, sin impacto en la bater\u00eda<br \/>\n\u2022 Sistema hidr\u00e1ulico optimizado, menor consumo de energ\u00eda<br \/>\n\u2022 El frenado regenerativo del motor puede reciclar m\u00e1s energ\u00eda<\/p>\n<p>Conducci\u00f3n c\u00f3moda<br \/>\n\u2022 Freno magn\u00e9tico en eje motriz, estacionamiento autom\u00e1tico en pendiente<br \/>\n\u2022 Empu\u00f1adura trasera con funci\u00f3n de bocina<br \/>\n\u2022 El interruptor combinado de tipo de autom\u00f3vil mejora efectivamente la comodidad de manejo<br \/>\n\u2022 Direcci\u00f3n asistida accionada por sensor (opcional)<\/p>\n<p>Seguro<br \/>\n\u2022 Desaceleraci\u00f3n autom\u00e1tica en carretera con curvas, m\u00e1s inteligente y segura<br \/>\n\u2022 Luz de advertencia est\u00e1ndar y sistema OPS de conducci\u00f3n<br \/>\n\u2022 De acuerdo con las caracter\u00edsticas de los veh\u00edculos industriales, logra un dise\u00f1o de protecci\u00f3n de seguridad que incluye materiales de bater\u00eda de litio, tipo de n\u00facleo de bater\u00eda, t\u00e9cnica de paquete y administraci\u00f3n de energ\u00eda del sistema<br \/>\n\u2022 \u201cProtecci\u00f3n de circuito cerrado de seguridad de m\u00faltiples nodos\u201d que ofrece protecci\u00f3n de circuito cerrado en tiempo real para camiones en condiciones variables<br \/>\n\u2022 La funci\u00f3n de &#8220;afirmaci\u00f3n de bloqueo&#8221; durante la carga evita la operaci\u00f3n de &#8220;conexi\u00f3n y desconexi\u00f3n en caliente&#8221; de manera efectiva<br \/>\n\u2022 El &#8220;bot\u00f3n de emergencia de todo el sistema&#8221; para desconectar el sistema de control del cami\u00f3n y la alimentaci\u00f3n BMS garantiza r\u00e1pidamente la seguridad<\/p>\n","protected":false},"excerpt":{"rendered":"<div id=\"1689700804\" class=\"u_1689700804 dmNewParagraph\" data-element-type=\"paragraph\" data-version=\"5\" data-binding=\"W3siYmluZGluZ05hbWUiOiJ0ZXh0IiwidmFsdWUiOiJkeW5hbWljX3BhZ2VfY29sbGVjdGlvbi5USVBPIn1d\" data-diy-text=\"\">Montacargas (bater\u00eda de litio)<\/div>\n<div id=\"1503534281\" class=\"u_1503534281 dmNewParagraph\" data-element-type=\"paragraph\" data-version=\"5\" data-binding=\"W3siYmluZGluZ05hbWUiOiJ0ZXh0IiwidmFsdWUiOiJkeW5hbWljX3BhZ2VfY29sbGVjdGlvbi5NQVJDQSJ9XQ==\" data-diy-text=\"\">CHL<\/div>\n","protected":false},"featured_media":11805,"comment_status":"closed","ping_status":"closed","template":"","meta":[],"product_brand":[],"product_cat":[394,392,312],"product_tag":[],"class_list":{"0":"post-11795","1":"product","2":"type-product","3":"status-publish","4":"has-post-thumbnail","6":"product_cat-montacargas-de-litio","7":"product_cat-chl","8":"product_cat-electricos","10":"first","11":"instock","12":"shipping-taxable","13":"product-type-simple"},"_links":{"self":[{"href":"https:\/\/optimizacion-online.info\/mtr\/wp-json\/wp\/v2\/product\/11795","targetHints":{"allow":["GET"]}}],"collection":[{"href":"https:\/\/optimizacion-online.info\/mtr\/wp-json\/wp\/v2\/product"}],"about":[{"href":"https:\/\/optimizacion-online.info\/mtr\/wp-json\/wp\/v2\/types\/product"}],"replies":[{"embeddable":true,"href":"https:\/\/optimizacion-online.info\/mtr\/wp-json\/wp\/v2\/comments?post=11795"}],"wp:featuredmedia":[{"embeddable":true,"href":"https:\/\/optimizacion-online.info\/mtr\/wp-json\/wp\/v2\/media\/11805"}],"wp:attachment":[{"href":"https:\/\/optimizacion-online.info\/mtr\/wp-json\/wp\/v2\/media?parent=11795"}],"wp:term":[{"taxonomy":"product_brand","embeddable":true,"href":"https:\/\/optimizacion-online.info\/mtr\/wp-json\/wp\/v2\/product_brand?post=11795"},{"taxonomy":"product_cat","embeddable":true,"href":"https:\/\/optimizacion-online.info\/mtr\/wp-json\/wp\/v2\/product_cat?post=11795"},{"taxonomy":"product_tag","embeddable":true,"href":"https:\/\/optimizacion-online.info\/mtr\/wp-json\/wp\/v2\/product_tag?post=11795"}],"curies":[{"name":"wp","href":"https:\/\/api.w.org\/{rel}","templated":true}]}}