{"id":11811,"date":"2023-03-22T08:05:34","date_gmt":"2023-03-22T08:05:34","guid":{"rendered":"https:\/\/montacargasventayrenta.com\/?post_type=product&#038;p=11811"},"modified":"2023-06-06T00:22:56","modified_gmt":"2023-06-06T00:22:56","slug":"montacargas-bateria-de-plomo-acido-1-2-5t","status":"publish","type":"product","link":"https:\/\/optimizacion-online.info\/mtr\/producto\/montacargas-bateria-de-plomo-acido-1-2-5t\/","title":{"rendered":"Montacargas (bater\u00eda de plomo-acido) 1-2.5T"},"content":{"rendered":"<p>M\u00e1stil de visi\u00f3n amplia<br \/>\n\u2022 El m\u00e1stil de visi\u00f3n amplia de nuevo dise\u00f1o con estructura compacta aumenta la visibilidad del operador de forma eficaz<br \/>\n\u2022 La forma de arco grande de la protecci\u00f3n superior y la bandeja de rejilla con el \u00e1ngulo adecuado aumentan la vista superior del operador<\/p>\n<p>Comodidad de manejo mejorada<br \/>\n\u2022 Pedal de 25 mm de altura m\u00e1s baja, panel del acelerador ampliado en un 10 % y pedal de freno ampliado en un 40 % que mejoran la comodidad de funcionamiento del pie del conductor<br \/>\n\u2022 La unidad de direcci\u00f3n de par s\u00faper bajo hace que la direcci\u00f3n sea ligera y f\u00e1cil<br \/>\n\u2022 Mango trasero con bot\u00f3n de bocina, mucho m\u00e1s seguro mientras se conduce en reversa<\/p>\n<p>Mantenimiento y seguridad optimizados<br \/>\n\u2022 La placa lateral especial y la estructura de la cubierta superior son f\u00e1ciles de montar y desmontar<br \/>\n\u2022 El eje trasero elevado aumenta la estabilidad transversal;<br \/>\n\u2022 Dos modos de conducci\u00f3n ofrecen opciones opcionales para diferentes condiciones de trabajo<br \/>\n\u2022 Desaceleraci\u00f3n autom\u00e1tica al girar (opci\u00f3n)<\/p>\n<p>Alta eficiencia y ahorro de energ\u00eda<br \/>\n\u2022 Neum\u00e1ticos especiales para carretillas elevadoras el\u00e9ctricas con dise\u00f1o que ahorran energ\u00eda durante el viaje<br \/>\n\u2022 Luces LED<br \/>\n\u2022 El dise\u00f1o de combinaci\u00f3n profesional de los componentes prolonga el tiempo de funcionamiento de la bater\u00eda<\/p>\n","protected":false},"excerpt":{"rendered":"<div id=\"1689700804\" class=\"u_1689700804 dmNewParagraph\" data-element-type=\"paragraph\" data-version=\"5\" data-binding=\"W3siYmluZGluZ05hbWUiOiJ0ZXh0IiwidmFsdWUiOiJkeW5hbWljX3BhZ2VfY29sbGVjdGlvbi5USVBPIn1d\" data-diy-text=\"\">Montacargas (bater\u00eda de plomo-\u00e1cido)<\/div>\n<div id=\"1503534281\" class=\"u_1503534281 dmNewParagraph\" data-element-type=\"paragraph\" data-version=\"5\" data-binding=\"W3siYmluZGluZ05hbWUiOiJ0ZXh0IiwidmFsdWUiOiJkeW5hbWljX3BhZ2VfY29sbGVjdGlvbi5NQVJDQSJ9XQ==\" data-diy-text=\"\">CHL<\/div>\n","protected":false},"featured_media":11817,"comment_status":"closed","ping_status":"closed","template":"","meta":[],"product_brand":[],"product_cat":[395,392,312],"product_tag":[],"class_list":{"0":"post-11811","1":"product","2":"type-product","3":"status-publish","4":"has-post-thumbnail","6":"product_cat-montacargas-de-bateria-de-plomo","7":"product_cat-chl","8":"product_cat-electricos","10":"first","11":"instock","12":"shipping-taxable","13":"product-type-simple"},"_links":{"self":[{"href":"https:\/\/optimizacion-online.info\/mtr\/wp-json\/wp\/v2\/product\/11811","targetHints":{"allow":["GET"]}}],"collection":[{"href":"https:\/\/optimizacion-online.info\/mtr\/wp-json\/wp\/v2\/product"}],"about":[{"href":"https:\/\/optimizacion-online.info\/mtr\/wp-json\/wp\/v2\/types\/product"}],"replies":[{"embeddable":true,"href":"https:\/\/optimizacion-online.info\/mtr\/wp-json\/wp\/v2\/comments?post=11811"}],"wp:featuredmedia":[{"embeddable":true,"href":"https:\/\/optimizacion-online.info\/mtr\/wp-json\/wp\/v2\/media\/11817"}],"wp:attachment":[{"href":"https:\/\/optimizacion-online.info\/mtr\/wp-json\/wp\/v2\/media?parent=11811"}],"wp:term":[{"taxonomy":"product_brand","embeddable":true,"href":"https:\/\/optimizacion-online.info\/mtr\/wp-json\/wp\/v2\/product_brand?post=11811"},{"taxonomy":"product_cat","embeddable":true,"href":"https:\/\/optimizacion-online.info\/mtr\/wp-json\/wp\/v2\/product_cat?post=11811"},{"taxonomy":"product_tag","embeddable":true,"href":"https:\/\/optimizacion-online.info\/mtr\/wp-json\/wp\/v2\/product_tag?post=11811"}],"curies":[{"name":"wp","href":"https:\/\/api.w.org\/{rel}","templated":true}]}}