{"id":11812,"date":"2023-03-22T08:05:59","date_gmt":"2023-03-22T08:05:59","guid":{"rendered":"https:\/\/montacargasventayrenta.com\/?post_type=product&#038;p=11812"},"modified":"2023-06-06T00:22:56","modified_gmt":"2023-06-06T00:22:56","slug":"montacargas-bateria-de-plomo-acido-de-3-ruedas-de-transaccion-delantera-1-5-2t","status":"publish","type":"product","link":"https:\/\/optimizacion-online.info\/mtr\/producto\/montacargas-bateria-de-plomo-acido-de-3-ruedas-de-transaccion-delantera-1-5-2t\/","title":{"rendered":"Montacargas (bateria de plomo-acido) de 3 ruedas de transacci\u00f3n delantera 1.5-2T"},"content":{"rendered":"<p>Conducci\u00f3n c\u00f3moda<br \/>\n\u2022 Freno magn\u00e9tico en eje motriz, estacionamiento autom\u00e1tico en pendiente;<br \/>\n\u2022 Empu\u00f1adura trasera con funci\u00f3n de bocina<br \/>\n\u2022 El interruptor de direcci\u00f3n del tipo de autom\u00f3vil mejora efectivamente el nivel de comodidad al conducir<br \/>\n\u2022 Direcci\u00f3n asistida accionada por sensor (opcional)<br \/>\n\u2022 Bater\u00eda de extracci\u00f3n lateral (opcional), f\u00e1cil de reemplazar<br \/>\n\u2022 Interruptor de pulgar (opci\u00f3n)<\/p>\n<p>M\u00e1stil de visi\u00f3n amplia<br \/>\n\u2022 El m\u00e1stil de visi\u00f3n amplia de nuevo dise\u00f1o con cadenas especiales aumenta la visibilidad del operador de forma eficaz<br \/>\n\u2022 La forma de arco grande de la protecci\u00f3n superior y la bandeja de rejilla con el \u00e1ngulo adecuado aumentan la vista superior del operador<\/p>\n<p>Seguro<br \/>\n\u2022 Mejor capacidad de carga en posici\u00f3n alta<br \/>\n\u2022 Desaceleraci\u00f3n autom\u00e1tica en carretera con curvas, m\u00e1s inteligente y segura<br \/>\n\u2022 Luz de advertencia est\u00e1ndar y sistema OPS de conducci\u00f3n<\/p>\n<p>Alta eficiencia de trabajo<br \/>\n\u2022 El peque\u00f1o radio de giro hace que la direcci\u00f3n sea f\u00e1cil y flexible<br \/>\n\u2022 Velocidad r\u00e1pida de conducci\u00f3n y elevaci\u00f3n; modo de tres velocidades;<br \/>\n\u2022 Mayor capacidad de bater\u00eda;<\/p>\n<p>Eficiencia energ\u00e9tica<br \/>\n\u2022 Sistema hidr\u00e1ulico optimizado, menor consumo de energ\u00eda<br \/>\n\u2022 F\u00e1cil mantenimiento<br \/>\n\u2022 La cubierta trasera se puede desmontar f\u00e1cilmente, mantenimiento conveniente<\/p>\n","protected":false},"excerpt":{"rendered":"<div id=\"1689700804\" class=\"u_1689700804 dmNewParagraph\" data-element-type=\"paragraph\" data-version=\"5\" data-binding=\"W3siYmluZGluZ05hbWUiOiJ0ZXh0IiwidmFsdWUiOiJkeW5hbWljX3BhZ2VfY29sbGVjdGlvbi5USVBPIn1d\" data-diy-text=\"\">Montacargas (bater\u00eda de plomo-\u00e1cido)<\/div>\n<div id=\"1503534281\" class=\"u_1503534281 dmNewParagraph\" data-element-type=\"paragraph\" data-version=\"5\" data-binding=\"W3siYmluZGluZ05hbWUiOiJ0ZXh0IiwidmFsdWUiOiJkeW5hbWljX3BhZ2VfY29sbGVjdGlvbi5NQVJDQSJ9XQ==\" data-diy-text=\"\">CHL<\/div>\n","protected":false},"featured_media":11818,"comment_status":"closed","ping_status":"closed","template":"","meta":[],"product_brand":[],"product_cat":[395,392,312],"product_tag":[],"class_list":{"0":"post-11812","1":"product","2":"type-product","3":"status-publish","4":"has-post-thumbnail","6":"product_cat-montacargas-de-bateria-de-plomo","7":"product_cat-chl","8":"product_cat-electricos","10":"first","11":"instock","12":"shipping-taxable","13":"product-type-simple"},"_links":{"self":[{"href":"https:\/\/optimizacion-online.info\/mtr\/wp-json\/wp\/v2\/product\/11812","targetHints":{"allow":["GET"]}}],"collection":[{"href":"https:\/\/optimizacion-online.info\/mtr\/wp-json\/wp\/v2\/product"}],"about":[{"href":"https:\/\/optimizacion-online.info\/mtr\/wp-json\/wp\/v2\/types\/product"}],"replies":[{"embeddable":true,"href":"https:\/\/optimizacion-online.info\/mtr\/wp-json\/wp\/v2\/comments?post=11812"}],"wp:featuredmedia":[{"embeddable":true,"href":"https:\/\/optimizacion-online.info\/mtr\/wp-json\/wp\/v2\/media\/11818"}],"wp:attachment":[{"href":"https:\/\/optimizacion-online.info\/mtr\/wp-json\/wp\/v2\/media?parent=11812"}],"wp:term":[{"taxonomy":"product_brand","embeddable":true,"href":"https:\/\/optimizacion-online.info\/mtr\/wp-json\/wp\/v2\/product_brand?post=11812"},{"taxonomy":"product_cat","embeddable":true,"href":"https:\/\/optimizacion-online.info\/mtr\/wp-json\/wp\/v2\/product_cat?post=11812"},{"taxonomy":"product_tag","embeddable":true,"href":"https:\/\/optimizacion-online.info\/mtr\/wp-json\/wp\/v2\/product_tag?post=11812"}],"curies":[{"name":"wp","href":"https:\/\/api.w.org\/{rel}","templated":true}]}}