{"id":11829,"date":"2023-03-22T08:27:46","date_gmt":"2023-03-22T08:27:46","guid":{"rendered":"https:\/\/montacargasventayrenta.com\/?post_type=product&#038;p=11829"},"modified":"2023-06-06T00:18:40","modified_gmt":"2023-06-06T00:18:40","slug":"montacargas-20-25t","status":"publish","type":"product","link":"https:\/\/optimizacion-online.info\/mtr\/producto\/montacargas-20-25t\/","title":{"rendered":"Montacargas 20-25T"},"content":{"rendered":"<p>Duradero y duradero<br \/>\n\u2022 Dise\u00f1o de estructura duradera<br \/>\n\u2022 Inspecci\u00f3n diaria f\u00e1cil y altamente eficiente<br \/>\n\u2022 Rendimiento de refrigeraci\u00f3n mejorado.<\/p>\n<p>El ahorro de energ\u00eda<br \/>\n\u2022 Emparejamiento de alta eficiencia, poder contundente<br \/>\n\u2022 Sistema de control variable de carga din\u00e1mica hidr\u00e1ulica<br \/>\n\u2022 Sistema inteligente de gesti\u00f3n t\u00e9rmica sensible<br \/>\n\u2022 Dise\u00f1o tipo luz.<\/p>\n<p>C\u00f3modo y conveniente<br \/>\n\u2022 F\u00e1cil encendido y apagado<br \/>\n\u2022 Peque\u00f1o radio de giro<br \/>\n\u2022 Amortiguaci\u00f3n inferior del m\u00e1stil<br \/>\n\u2022 Vista superior<br \/>\n\u2022 Experiencia de conducci\u00f3n m\u00e1s c\u00f3moda.<\/p>\n<p>Seguro y eficiente<br \/>\n\u2022 Mejor confiabilidad<br \/>\n\u2022 OPS(opcional)<br \/>\n\u2022 Eje motriz de tipo h\u00famedo<br \/>\n\u2022 Trabajo de alta eficiencia.<\/p>\n","protected":false},"excerpt":{"rendered":"<div id=\"1689700804\" class=\"u_1689700804 dmNewParagraph\" data-element-type=\"paragraph\" data-version=\"5\" data-binding=\"W3siYmluZGluZ05hbWUiOiJ0ZXh0IiwidmFsdWUiOiJkeW5hbWljX3BhZ2VfY29sbGVjdGlvbi5USVBPIn1d\" data-diy-text=\"\">Montacargas de Gran Capacidad<\/div>\n<div id=\"1503534281\" class=\"u_1503534281 dmNewParagraph\" data-element-type=\"paragraph\" data-version=\"5\" data-binding=\"W3siYmluZGluZ05hbWUiOiJ0ZXh0IiwidmFsdWUiOiJkeW5hbWljX3BhZ2VfY29sbGVjdGlvbi5NQVJDQSJ9XQ==\" data-diy-text=\"\">CHL<\/div>\n","protected":false},"featured_media":11839,"comment_status":"closed","ping_status":"closed","template":"","meta":[],"product_brand":[],"product_cat":[396,392,310],"product_tag":[],"class_list":{"0":"post-11829","1":"product","2":"type-product","3":"status-publish","4":"has-post-thumbnail","6":"product_cat-montacargas-de-gran-capacidad","7":"product_cat-chl","8":"product_cat-diesel","10":"first","11":"instock","12":"shipping-taxable","13":"product-type-simple"},"_links":{"self":[{"href":"https:\/\/optimizacion-online.info\/mtr\/wp-json\/wp\/v2\/product\/11829","targetHints":{"allow":["GET"]}}],"collection":[{"href":"https:\/\/optimizacion-online.info\/mtr\/wp-json\/wp\/v2\/product"}],"about":[{"href":"https:\/\/optimizacion-online.info\/mtr\/wp-json\/wp\/v2\/types\/product"}],"replies":[{"embeddable":true,"href":"https:\/\/optimizacion-online.info\/mtr\/wp-json\/wp\/v2\/comments?post=11829"}],"wp:featuredmedia":[{"embeddable":true,"href":"https:\/\/optimizacion-online.info\/mtr\/wp-json\/wp\/v2\/media\/11839"}],"wp:attachment":[{"href":"https:\/\/optimizacion-online.info\/mtr\/wp-json\/wp\/v2\/media?parent=11829"}],"wp:term":[{"taxonomy":"product_brand","embeddable":true,"href":"https:\/\/optimizacion-online.info\/mtr\/wp-json\/wp\/v2\/product_brand?post=11829"},{"taxonomy":"product_cat","embeddable":true,"href":"https:\/\/optimizacion-online.info\/mtr\/wp-json\/wp\/v2\/product_cat?post=11829"},{"taxonomy":"product_tag","embeddable":true,"href":"https:\/\/optimizacion-online.info\/mtr\/wp-json\/wp\/v2\/product_tag?post=11829"}],"curies":[{"name":"wp","href":"https:\/\/api.w.org\/{rel}","templated":true}]}}