{"id":11833,"date":"2023-03-22T08:37:03","date_gmt":"2023-03-22T08:37:03","guid":{"rendered":"https:\/\/montacargasventayrenta.com\/?post_type=product&#038;p=11833"},"modified":"2023-06-06T00:18:40","modified_gmt":"2023-06-06T00:18:40","slug":"montacargas-14-46-ic","status":"publish","type":"product","link":"https:\/\/optimizacion-online.info\/mtr\/producto\/montacargas-14-46-ic\/","title":{"rendered":"Montacargas 14-46 IC"},"content":{"rendered":"<p>Estructura duradera<br \/>\n\u2022 M\u00e1stil y marco de alta resistencia<br \/>\n\u2022 Inspecci\u00f3n diaria f\u00e1cil y altamente eficiente<br \/>\n\u2022 Cabina basculante (opcional), de f\u00e1cil mantenimiento<br \/>\n\u2022 Conveniente para verificar y agregar aceite<\/p>\n<p>Rendimiento de protecci\u00f3n mejorado<br \/>\n\u2022 Manguito de protecci\u00f3n del cilindro de aceite<br \/>\n\u2022 Conector el\u00e9ctrico a prueba de polvo y agua, cumple con el est\u00e1ndar alem\u00e1n<br \/>\n\u2022 Eje y transmisi\u00f3n, ventilaci\u00f3n a prueba de polvo<\/p>\n<p>Eficiencia de refrigeraci\u00f3n mejorada<br \/>\n\u2022 Radiador y canal de aluminio de dise\u00f1o \u00f3ptimo, evita el reflujo de aire y mejora la eficiencia de enfriamiento<br \/>\n\u2022 Ahorro de energ\u00eda<br \/>\n\u2022 Motor VOLVO, transmisi\u00f3n ZF o DANA, alta eficiencia<br \/>\n\u2022 Sistema de control variable de carga din\u00e1mica hidr\u00e1ulica o sistema de desplazamiento constante<br \/>\n\u2022 Eje motriz h\u00famedo<br \/>\n\u2022 Contrapeso dise\u00f1ado de tipo ligero<\/p>\n<p>C\u00f3modo y conveniente<br \/>\n\u2022 Gran pedal y pasamanos antideslizantes para subir y bajar<br \/>\n\u2022 Dise\u00f1o de marco compacto, \u00e1ngulo de direcci\u00f3n optimizado<br \/>\n\u2022 Cristal con arco grande que ofrece una vista superior de 360\u00b0<br \/>\n\u2022 Asiento de suspensi\u00f3n total<br \/>\n\u2022 Sistema de ponderaci\u00f3n (opcional)<br \/>\n\u2022 Radar de retroceso y sistema de imagen de marcha atr\u00e1s<br \/>\n\u2022 OPS para todo el cami\u00f3n<\/p>\n","protected":false},"excerpt":{"rendered":"<div id=\"1689700804\" class=\"u_1689700804 dmNewParagraph\" data-element-type=\"paragraph\" data-version=\"5\" data-binding=\"W3siYmluZGluZ05hbWUiOiJ0ZXh0IiwidmFsdWUiOiJkeW5hbWljX3BhZ2VfY29sbGVjdGlvbi5USVBPIn1d\" data-diy-text=\"\">Montacargas de Gran Capacidad<\/div>\n<div id=\"1503534281\" class=\"u_1503534281 dmNewParagraph\" data-element-type=\"paragraph\" data-version=\"5\" data-binding=\"W3siYmluZGluZ05hbWUiOiJ0ZXh0IiwidmFsdWUiOiJkeW5hbWljX3BhZ2VfY29sbGVjdGlvbi5NQVJDQSJ9XQ==\" data-diy-text=\"\">CHL<\/div>\n","protected":false},"featured_media":11843,"comment_status":"closed","ping_status":"closed","template":"","meta":[],"product_brand":[],"product_cat":[396,392,310],"product_tag":[],"class_list":{"0":"post-11833","1":"product","2":"type-product","3":"status-publish","4":"has-post-thumbnail","6":"product_cat-montacargas-de-gran-capacidad","7":"product_cat-chl","8":"product_cat-diesel","10":"first","11":"instock","12":"shipping-taxable","13":"product-type-simple"},"_links":{"self":[{"href":"https:\/\/optimizacion-online.info\/mtr\/wp-json\/wp\/v2\/product\/11833","targetHints":{"allow":["GET"]}}],"collection":[{"href":"https:\/\/optimizacion-online.info\/mtr\/wp-json\/wp\/v2\/product"}],"about":[{"href":"https:\/\/optimizacion-online.info\/mtr\/wp-json\/wp\/v2\/types\/product"}],"replies":[{"embeddable":true,"href":"https:\/\/optimizacion-online.info\/mtr\/wp-json\/wp\/v2\/comments?post=11833"}],"wp:featuredmedia":[{"embeddable":true,"href":"https:\/\/optimizacion-online.info\/mtr\/wp-json\/wp\/v2\/media\/11843"}],"wp:attachment":[{"href":"https:\/\/optimizacion-online.info\/mtr\/wp-json\/wp\/v2\/media?parent=11833"}],"wp:term":[{"taxonomy":"product_brand","embeddable":true,"href":"https:\/\/optimizacion-online.info\/mtr\/wp-json\/wp\/v2\/product_brand?post=11833"},{"taxonomy":"product_cat","embeddable":true,"href":"https:\/\/optimizacion-online.info\/mtr\/wp-json\/wp\/v2\/product_cat?post=11833"},{"taxonomy":"product_tag","embeddable":true,"href":"https:\/\/optimizacion-online.info\/mtr\/wp-json\/wp\/v2\/product_tag?post=11833"}],"curies":[{"name":"wp","href":"https:\/\/api.w.org\/{rel}","templated":true}]}}