{"id":11852,"date":"2023-03-22T09:04:52","date_gmt":"2023-03-22T09:04:52","guid":{"rendered":"https:\/\/montacargasventayrenta.com\/?post_type=product&#038;p=11852"},"modified":"2023-03-22T09:05:32","modified_gmt":"2023-03-22T09:05:32","slug":"opds15","status":"publish","type":"product","link":"https:\/\/optimizacion-online.info\/mtr\/producto\/opds15\/","title":{"rendered":"OPDS15"},"content":{"rendered":"<p>\u2022 El cami\u00f3n adopta una estructura de soporte de tres puntos que presenta un centro de gravedad bajo, buena estabilidad de direcci\u00f3n y radio de giro peque\u00f1o.<br \/>\n\u2022 Se adoptan dos conjuntos de sistemas independientes de regeneraci\u00f3n de energ\u00eda para ahorrar energ\u00eda y reducir el consumo.<br \/>\n\u2022 El m\u00e1stil de alta resistencia tiene una gran capacidad de carga estable en una posici\u00f3n alta.<br \/>\n\u2022 La tecnolog\u00eda de control de accionamiento de CA completa ofrece mayor potencia y eficiencia.<br \/>\n\u2022 El sistema de gesti\u00f3n inteligente y el sistema CAN-bus pueden cumplir con todo tipo de requisitos y hacer que el cami\u00f3n sea seguro y confiable.<br \/>\n\u2022 La tecnolog\u00eda de control de ejes m\u00faltiples mejora la eficiencia del trabajo.<br \/>\n\u2022 Con tecnolog\u00eda de control de autoequilibrio, el cami\u00f3n tiene buena estabilidad.<\/p>\n","protected":false},"excerpt":{"rendered":"<div id=\"1689700804\" class=\"u_1689700804 dmNewParagraph\" data-element-type=\"paragraph\" data-version=\"5\" data-binding=\"W3siYmluZGluZ05hbWUiOiJ0ZXh0IiwidmFsdWUiOiJkeW5hbWljX3BhZ2VfY29sbGVjdGlvbi5USVBPIn1d\" data-diy-text=\"\">Order Picker\/Swing Reach<\/div>\n<div id=\"1503534281\" class=\"u_1503534281 dmNewParagraph\" data-element-type=\"paragraph\" data-version=\"5\" data-binding=\"W3siYmluZGluZ05hbWUiOiJ0ZXh0IiwidmFsdWUiOiJkeW5hbWljX3BhZ2VfY29sbGVjdGlvbi5NQVJDQSJ9XQ==\" data-diy-text=\"\">CHL<\/div>\n","protected":false},"featured_media":11857,"comment_status":"closed","ping_status":"closed","template":"","meta":[],"product_brand":[],"product_cat":[397,392],"product_tag":[],"class_list":{"0":"post-11852","1":"product","2":"type-product","3":"status-publish","4":"has-post-thumbnail","6":"product_cat-order-picker-swing-reach","7":"product_cat-chl","9":"first","10":"instock","11":"shipping-taxable","12":"product-type-simple"},"_links":{"self":[{"href":"https:\/\/optimizacion-online.info\/mtr\/wp-json\/wp\/v2\/product\/11852","targetHints":{"allow":["GET"]}}],"collection":[{"href":"https:\/\/optimizacion-online.info\/mtr\/wp-json\/wp\/v2\/product"}],"about":[{"href":"https:\/\/optimizacion-online.info\/mtr\/wp-json\/wp\/v2\/types\/product"}],"replies":[{"embeddable":true,"href":"https:\/\/optimizacion-online.info\/mtr\/wp-json\/wp\/v2\/comments?post=11852"}],"wp:featuredmedia":[{"embeddable":true,"href":"https:\/\/optimizacion-online.info\/mtr\/wp-json\/wp\/v2\/media\/11857"}],"wp:attachment":[{"href":"https:\/\/optimizacion-online.info\/mtr\/wp-json\/wp\/v2\/media?parent=11852"}],"wp:term":[{"taxonomy":"product_brand","embeddable":true,"href":"https:\/\/optimizacion-online.info\/mtr\/wp-json\/wp\/v2\/product_brand?post=11852"},{"taxonomy":"product_cat","embeddable":true,"href":"https:\/\/optimizacion-online.info\/mtr\/wp-json\/wp\/v2\/product_cat?post=11852"},{"taxonomy":"product_tag","embeddable":true,"href":"https:\/\/optimizacion-online.info\/mtr\/wp-json\/wp\/v2\/product_tag?post=11852"}],"curies":[{"name":"wp","href":"https:\/\/api.w.org\/{rel}","templated":true}]}}