{"id":11853,"date":"2023-03-22T09:05:56","date_gmt":"2023-03-22T09:05:56","guid":{"rendered":"https:\/\/montacargasventayrenta.com\/?post_type=product&#038;p=11853"},"modified":"2023-03-22T09:05:56","modified_gmt":"2023-03-22T09:05:56","slug":"opsm","status":"publish","type":"product","link":"https:\/\/optimizacion-online.info\/mtr\/producto\/opsm\/","title":{"rendered":"OPSM"},"content":{"rendered":"<p>\u2022 El ancho del pasillo es de solo 1 metro y el pasillo de giro es de 2 metros. El cami\u00f3n es compacto y puede pasar f\u00e1cilmente a trav\u00e9s del pasillo del taller y las puertas bajas, que pueden usarse ampliamente en tiendas minoristas, centros de almacenamiento, bibliotecas y otros espacios estrechos.<br \/>\n\u2022 La carretilla cuenta con elevaci\u00f3n y desplazamiento el\u00e9ctricos. Cuando la altura de elevaci\u00f3n es superior a 0,5 m, el cami\u00f3n desacelerar\u00e1 autom\u00e1ticamente, lo que no solo ahorra tiempo y mano de obra, sino que tambi\u00e9n es seguro y estable.<br \/>\n\u2022 La bandeja frontal puede ajustar su altura libremente para realizar el almacenamiento conveniente de art\u00edculos grandes y peque\u00f1os.<br \/>\n\u2022 El cami\u00f3n adopta medidas de protecci\u00f3n de doble seguridad. Cuando las manos o los pies del conductor se extienden fuera del cuerpo del cami\u00f3n, el cami\u00f3n dejar\u00e1 de conducir para evitar pellizcar al conductor.<\/p>\n","protected":false},"excerpt":{"rendered":"<div id=\"1689700804\" class=\"u_1689700804 dmNewParagraph\" data-element-type=\"paragraph\" data-version=\"5\" data-binding=\"W3siYmluZGluZ05hbWUiOiJ0ZXh0IiwidmFsdWUiOiJkeW5hbWljX3BhZ2VfY29sbGVjdGlvbi5USVBPIn1d\" data-diy-text=\"\">Order Picker\/Swing Reach<\/div>\n<div id=\"1503534281\" class=\"u_1503534281 dmNewParagraph\" data-element-type=\"paragraph\" data-version=\"5\" data-binding=\"W3siYmluZGluZ05hbWUiOiJ0ZXh0IiwidmFsdWUiOiJkeW5hbWljX3BhZ2VfY29sbGVjdGlvbi5NQVJDQSJ9XQ==\" data-diy-text=\"\">CHL<\/div>\n","protected":false},"featured_media":11859,"comment_status":"closed","ping_status":"closed","template":"","meta":[],"product_brand":[],"product_cat":[397,392],"product_tag":[],"class_list":{"0":"post-11853","1":"product","2":"type-product","3":"status-publish","4":"has-post-thumbnail","6":"product_cat-order-picker-swing-reach","7":"product_cat-chl","9":"first","10":"instock","11":"shipping-taxable","12":"product-type-simple"},"_links":{"self":[{"href":"https:\/\/optimizacion-online.info\/mtr\/wp-json\/wp\/v2\/product\/11853","targetHints":{"allow":["GET"]}}],"collection":[{"href":"https:\/\/optimizacion-online.info\/mtr\/wp-json\/wp\/v2\/product"}],"about":[{"href":"https:\/\/optimizacion-online.info\/mtr\/wp-json\/wp\/v2\/types\/product"}],"replies":[{"embeddable":true,"href":"https:\/\/optimizacion-online.info\/mtr\/wp-json\/wp\/v2\/comments?post=11853"}],"wp:featuredmedia":[{"embeddable":true,"href":"https:\/\/optimizacion-online.info\/mtr\/wp-json\/wp\/v2\/media\/11859"}],"wp:attachment":[{"href":"https:\/\/optimizacion-online.info\/mtr\/wp-json\/wp\/v2\/media?parent=11853"}],"wp:term":[{"taxonomy":"product_brand","embeddable":true,"href":"https:\/\/optimizacion-online.info\/mtr\/wp-json\/wp\/v2\/product_brand?post=11853"},{"taxonomy":"product_cat","embeddable":true,"href":"https:\/\/optimizacion-online.info\/mtr\/wp-json\/wp\/v2\/product_cat?post=11853"},{"taxonomy":"product_tag","embeddable":true,"href":"https:\/\/optimizacion-online.info\/mtr\/wp-json\/wp\/v2\/product_tag?post=11853"}],"curies":[{"name":"wp","href":"https:\/\/api.w.org\/{rel}","templated":true}]}}