{"id":11854,"date":"2023-03-22T09:06:19","date_gmt":"2023-03-22T09:06:19","guid":{"rendered":"https:\/\/montacargasventayrenta.com\/?post_type=product&#038;p=11854"},"modified":"2023-03-22T09:06:19","modified_gmt":"2023-03-22T09:06:19","slug":"order-picker-ops15","status":"publish","type":"product","link":"https:\/\/optimizacion-online.info\/mtr\/producto\/order-picker-ops15\/","title":{"rendered":"Order Picker OPS15"},"content":{"rendered":"<p>\u2022 El centro de gravedad bajo proporciona una buena estabilidad. La direcci\u00f3n asistida el\u00e9ctrica ofrece f\u00e1cil, flexible, alta eficiencia y silenciar la operaci\u00f3n.<br \/>\n\u2022 El cami\u00f3n adopta un mango de control integrado y un mecanismo de mango de direcci\u00f3n y el desplazamiento y elevaci\u00f3n.<br \/>\n\u2022 Las funciones de descenso se pueden lograr a trav\u00e9s del mango de control. Cilindro de aceite tamp\u00f3n: el cilindro de aceite ser\u00e1 autom\u00e1tico desacelere cuando est\u00e9 a 500 mm del suelo para evitar impacto y menor ruido. La mayor\u00eda y el marco son divisibles e intercambiables. La configuraci\u00f3n de protecci\u00f3n de bajo voltaje prolonga el uso de la bater\u00eda hora.<\/p>\n","protected":false},"excerpt":{"rendered":"<div id=\"1689700804\" class=\"u_1689700804 dmNewParagraph\" data-element-type=\"paragraph\" data-version=\"5\" data-binding=\"W3siYmluZGluZ05hbWUiOiJ0ZXh0IiwidmFsdWUiOiJkeW5hbWljX3BhZ2VfY29sbGVjdGlvbi5USVBPIn1d\" data-diy-text=\"\">Order Picker\/Swing Reach<\/div>\n<div id=\"1503534281\" class=\"u_1503534281 dmNewParagraph\" data-element-type=\"paragraph\" data-version=\"5\" data-binding=\"W3siYmluZGluZ05hbWUiOiJ0ZXh0IiwidmFsdWUiOiJkeW5hbWljX3BhZ2VfY29sbGVjdGlvbi5NQVJDQSJ9XQ==\" data-diy-text=\"\">CHL<\/div>\n","protected":false},"featured_media":11860,"comment_status":"closed","ping_status":"closed","template":"","meta":[],"product_brand":[],"product_cat":[397,392],"product_tag":[],"class_list":{"0":"post-11854","1":"product","2":"type-product","3":"status-publish","4":"has-post-thumbnail","6":"product_cat-order-picker-swing-reach","7":"product_cat-chl","9":"first","10":"instock","11":"shipping-taxable","12":"product-type-simple"},"_links":{"self":[{"href":"https:\/\/optimizacion-online.info\/mtr\/wp-json\/wp\/v2\/product\/11854","targetHints":{"allow":["GET"]}}],"collection":[{"href":"https:\/\/optimizacion-online.info\/mtr\/wp-json\/wp\/v2\/product"}],"about":[{"href":"https:\/\/optimizacion-online.info\/mtr\/wp-json\/wp\/v2\/types\/product"}],"replies":[{"embeddable":true,"href":"https:\/\/optimizacion-online.info\/mtr\/wp-json\/wp\/v2\/comments?post=11854"}],"wp:featuredmedia":[{"embeddable":true,"href":"https:\/\/optimizacion-online.info\/mtr\/wp-json\/wp\/v2\/media\/11860"}],"wp:attachment":[{"href":"https:\/\/optimizacion-online.info\/mtr\/wp-json\/wp\/v2\/media?parent=11854"}],"wp:term":[{"taxonomy":"product_brand","embeddable":true,"href":"https:\/\/optimizacion-online.info\/mtr\/wp-json\/wp\/v2\/product_brand?post=11854"},{"taxonomy":"product_cat","embeddable":true,"href":"https:\/\/optimizacion-online.info\/mtr\/wp-json\/wp\/v2\/product_cat?post=11854"},{"taxonomy":"product_tag","embeddable":true,"href":"https:\/\/optimizacion-online.info\/mtr\/wp-json\/wp\/v2\/product_tag?post=11854"}],"curies":[{"name":"wp","href":"https:\/\/api.w.org\/{rel}","templated":true}]}}