{"id":11855,"date":"2023-03-22T09:08:18","date_gmt":"2023-03-22T09:08:18","guid":{"rendered":"https:\/\/montacargasventayrenta.com\/?post_type=product&#038;p=11855"},"modified":"2023-03-22T09:08:18","modified_gmt":"2023-03-22T09:08:18","slug":"swing-reach","status":"publish","type":"product","link":"https:\/\/optimizacion-online.info\/mtr\/producto\/swing-reach\/","title":{"rendered":"Swing Reach"},"content":{"rendered":"<p>\u2022 Sistema de alimentaci\u00f3n de CA.<br \/>\n\u2022 Manija de operaci\u00f3n hidr\u00e1ulica manual.<br \/>\n\u2022 Sistema EPS (direcci\u00f3n asistida el\u00e9ctrica).<br \/>\n\u2022 V\u00e1lvula de control electromagn\u00e9tico.<br \/>\n\u2022 Instrumento multifuncional, que puede mostrar el freno de estacionamiento, la direcci\u00f3n de conducci\u00f3n, el contador de horas, la velocidad de conducci\u00f3n, el c\u00f3digo de error, etc.<br \/>\n\u2022 Bater\u00eda de gran capacidad.<\/p>\n","protected":false},"excerpt":{"rendered":"<div id=\"1689700804\" class=\"u_1689700804 dmNewParagraph\" data-element-type=\"paragraph\" data-version=\"5\" data-binding=\"W3siYmluZGluZ05hbWUiOiJ0ZXh0IiwidmFsdWUiOiJkeW5hbWljX3BhZ2VfY29sbGVjdGlvbi5USVBPIn1d\" data-diy-text=\"\">Order Picker\/Swing Reach<\/div>\n<div id=\"1503534281\" class=\"u_1503534281 dmNewParagraph\" data-element-type=\"paragraph\" data-version=\"5\" data-binding=\"W3siYmluZGluZ05hbWUiOiJ0ZXh0IiwidmFsdWUiOiJkeW5hbWljX3BhZ2VfY29sbGVjdGlvbi5NQVJDQSJ9XQ==\" data-diy-text=\"\">CHL<\/div>\n","protected":false},"featured_media":11862,"comment_status":"closed","ping_status":"closed","template":"","meta":[],"product_brand":[],"product_cat":[397,392],"product_tag":[],"class_list":{"0":"post-11855","1":"product","2":"type-product","3":"status-publish","4":"has-post-thumbnail","6":"product_cat-order-picker-swing-reach","7":"product_cat-chl","9":"first","10":"instock","11":"shipping-taxable","12":"product-type-simple"},"_links":{"self":[{"href":"https:\/\/optimizacion-online.info\/mtr\/wp-json\/wp\/v2\/product\/11855","targetHints":{"allow":["GET"]}}],"collection":[{"href":"https:\/\/optimizacion-online.info\/mtr\/wp-json\/wp\/v2\/product"}],"about":[{"href":"https:\/\/optimizacion-online.info\/mtr\/wp-json\/wp\/v2\/types\/product"}],"replies":[{"embeddable":true,"href":"https:\/\/optimizacion-online.info\/mtr\/wp-json\/wp\/v2\/comments?post=11855"}],"wp:featuredmedia":[{"embeddable":true,"href":"https:\/\/optimizacion-online.info\/mtr\/wp-json\/wp\/v2\/media\/11862"}],"wp:attachment":[{"href":"https:\/\/optimizacion-online.info\/mtr\/wp-json\/wp\/v2\/media?parent=11855"}],"wp:term":[{"taxonomy":"product_brand","embeddable":true,"href":"https:\/\/optimizacion-online.info\/mtr\/wp-json\/wp\/v2\/product_brand?post=11855"},{"taxonomy":"product_cat","embeddable":true,"href":"https:\/\/optimizacion-online.info\/mtr\/wp-json\/wp\/v2\/product_cat?post=11855"},{"taxonomy":"product_tag","embeddable":true,"href":"https:\/\/optimizacion-online.info\/mtr\/wp-json\/wp\/v2\/product_tag?post=11855"}],"curies":[{"name":"wp","href":"https:\/\/api.w.org\/{rel}","templated":true}]}}