{"id":11872,"date":"2023-03-22T09:23:16","date_gmt":"2023-03-22T09:23:16","guid":{"rendered":"https:\/\/montacargasventayrenta.com\/?post_type=product&#038;p=11872"},"modified":"2023-05-26T17:36:08","modified_gmt":"2023-05-26T17:36:08","slug":"cdd12j-k","status":"publish","type":"product","link":"https:\/\/optimizacion-online.info\/mtr\/producto\/cdd12j-k\/","title":{"rendered":"CDD12J-K"},"content":{"rendered":"<p>\u2022 La bomba elevadora de alta potencia y alto rendimiento tiene una alta eficiencia.<br \/>\n\u2022 El dise\u00f1o de conducci\u00f3n lateral le da al cami\u00f3n una direcci\u00f3n peque\u00f1a radio y vista ampliada.<br \/>\n\u2022 El sistema de conducci\u00f3n con motor magn\u00e9tico permanente tiene un volumen peque\u00f1o, una masa ligera y una p\u00e9rdida peque\u00f1a.<br \/>\n\u2022 El interruptor de avance lento a prueba de agua importado de Alemania cumple con los requisitos de las duras condiciones de trabajo tales como condiciones de fr\u00edo, humedad y polvo.<br \/>\n\u2022 El medidor de electricidad LED de cuatro colores hace que la lectura sea simple y directa.<br \/>\n\u2022 El cargador posicionado externo tiene mejor enfriamiento actuaci\u00f3n.<\/p>\n","protected":false},"excerpt":{"rendered":"<div id=\"1689700804\" class=\"u_1689700804 dmNewParagraph\" data-element-type=\"paragraph\" data-version=\"5\" data-binding=\"W3siYmluZGluZ05hbWUiOiJ0ZXh0IiwidmFsdWUiOiJkeW5hbWljX3BhZ2VfY29sbGVjdGlvbi5USVBPIn1d\" data-diy-text=\"\">Apiladores<\/div>\n<div id=\"1503534281\" class=\"u_1503534281 dmNewParagraph\" data-element-type=\"paragraph\" data-version=\"5\" data-binding=\"W3siYmluZGluZ05hbWUiOiJ0ZXh0IiwidmFsdWUiOiJkeW5hbWljX3BhZ2VfY29sbGVjdGlvbi5NQVJDQSJ9XQ==\" data-diy-text=\"\">CHL<\/div>\n","protected":false},"featured_media":11906,"comment_status":"closed","ping_status":"closed","template":"","meta":[],"product_brand":[],"product_cat":[398,392,331],"product_tag":[],"class_list":{"0":"post-11872","1":"product","2":"type-product","3":"status-publish","4":"has-post-thumbnail","6":"product_cat-apiladores-electronicos","7":"product_cat-chl","8":"product_cat-electricos-apiladores","10":"first","11":"instock","12":"shipping-taxable","13":"product-type-simple"},"_links":{"self":[{"href":"https:\/\/optimizacion-online.info\/mtr\/wp-json\/wp\/v2\/product\/11872","targetHints":{"allow":["GET"]}}],"collection":[{"href":"https:\/\/optimizacion-online.info\/mtr\/wp-json\/wp\/v2\/product"}],"about":[{"href":"https:\/\/optimizacion-online.info\/mtr\/wp-json\/wp\/v2\/types\/product"}],"replies":[{"embeddable":true,"href":"https:\/\/optimizacion-online.info\/mtr\/wp-json\/wp\/v2\/comments?post=11872"}],"wp:featuredmedia":[{"embeddable":true,"href":"https:\/\/optimizacion-online.info\/mtr\/wp-json\/wp\/v2\/media\/11906"}],"wp:attachment":[{"href":"https:\/\/optimizacion-online.info\/mtr\/wp-json\/wp\/v2\/media?parent=11872"}],"wp:term":[{"taxonomy":"product_brand","embeddable":true,"href":"https:\/\/optimizacion-online.info\/mtr\/wp-json\/wp\/v2\/product_brand?post=11872"},{"taxonomy":"product_cat","embeddable":true,"href":"https:\/\/optimizacion-online.info\/mtr\/wp-json\/wp\/v2\/product_cat?post=11872"},{"taxonomy":"product_tag","embeddable":true,"href":"https:\/\/optimizacion-online.info\/mtr\/wp-json\/wp\/v2\/product_tag?post=11872"}],"curies":[{"name":"wp","href":"https:\/\/api.w.org\/{rel}","templated":true}]}}