{"id":11876,"date":"2023-03-22T09:37:17","date_gmt":"2023-03-22T09:37:17","guid":{"rendered":"https:\/\/montacargasventayrenta.com\/?post_type=product&#038;p=11876"},"modified":"2023-05-26T17:34:49","modified_gmt":"2023-05-26T17:34:49","slug":"cdd12j-jd","status":"publish","type":"product","link":"https:\/\/optimizacion-online.info\/mtr\/producto\/cdd12j-jd\/","title":{"rendered":"CDD12J JD"},"content":{"rendered":"<p>\u2022 La bomba de elevaci\u00f3n de alta potencia tiene una alta eficiencia de trabajo.<br \/>\n\u2022 El dise\u00f1o de conducci\u00f3n lateral logra un radio de direcci\u00f3n m\u00e1s peque\u00f1o y una vista amplia.<br \/>\n\u2022 El sistema de conducci\u00f3n con motor magn\u00e9tico permanente tiene un volumen peque\u00f1o, peso ligero y bajo consumo.<br \/>\n\u2022 El interruptor de avance lento a prueba de agua alem\u00e1n cumple con los requisitos de condiciones de trabajo duras, como circunstancias de fr\u00edo, humedad y polvo.<br \/>\n\u2022 El medidor de electricidad LED de cuatro colores lo hace simple y f\u00e1cil de leer.<br \/>\n\u2022 El cargador externo tiene un mejor rendimiento de refrigeraci\u00f3n.<\/p>\n","protected":false},"excerpt":{"rendered":"<div id=\"1689700804\" class=\"u_1689700804 dmNewParagraph\" data-element-type=\"paragraph\" data-version=\"5\" data-binding=\"W3siYmluZGluZ05hbWUiOiJ0ZXh0IiwidmFsdWUiOiJkeW5hbWljX3BhZ2VfY29sbGVjdGlvbi5USVBPIn1d\" data-diy-text=\"\">Apiladores<\/div>\n<div id=\"1503534281\" class=\"u_1503534281 dmNewParagraph\" data-element-type=\"paragraph\" data-version=\"5\" data-binding=\"W3siYmluZGluZ05hbWUiOiJ0ZXh0IiwidmFsdWUiOiJkeW5hbWljX3BhZ2VfY29sbGVjdGlvbi5NQVJDQSJ9XQ==\" data-diy-text=\"\">CHL<\/div>\n","protected":false},"featured_media":11913,"comment_status":"closed","ping_status":"closed","template":"","meta":[],"product_brand":[],"product_cat":[398,392,331],"product_tag":[],"class_list":{"0":"post-11876","1":"product","2":"type-product","3":"status-publish","4":"has-post-thumbnail","6":"product_cat-apiladores-electronicos","7":"product_cat-chl","8":"product_cat-electricos-apiladores","10":"first","11":"instock","12":"shipping-taxable","13":"product-type-simple"},"_links":{"self":[{"href":"https:\/\/optimizacion-online.info\/mtr\/wp-json\/wp\/v2\/product\/11876","targetHints":{"allow":["GET"]}}],"collection":[{"href":"https:\/\/optimizacion-online.info\/mtr\/wp-json\/wp\/v2\/product"}],"about":[{"href":"https:\/\/optimizacion-online.info\/mtr\/wp-json\/wp\/v2\/types\/product"}],"replies":[{"embeddable":true,"href":"https:\/\/optimizacion-online.info\/mtr\/wp-json\/wp\/v2\/comments?post=11876"}],"wp:featuredmedia":[{"embeddable":true,"href":"https:\/\/optimizacion-online.info\/mtr\/wp-json\/wp\/v2\/media\/11913"}],"wp:attachment":[{"href":"https:\/\/optimizacion-online.info\/mtr\/wp-json\/wp\/v2\/media?parent=11876"}],"wp:term":[{"taxonomy":"product_brand","embeddable":true,"href":"https:\/\/optimizacion-online.info\/mtr\/wp-json\/wp\/v2\/product_brand?post=11876"},{"taxonomy":"product_cat","embeddable":true,"href":"https:\/\/optimizacion-online.info\/mtr\/wp-json\/wp\/v2\/product_cat?post=11876"},{"taxonomy":"product_tag","embeddable":true,"href":"https:\/\/optimizacion-online.info\/mtr\/wp-json\/wp\/v2\/product_tag?post=11876"}],"curies":[{"name":"wp","href":"https:\/\/api.w.org\/{rel}","templated":true}]}}