{"id":11880,"date":"2023-03-22T09:50:06","date_gmt":"2023-03-22T09:50:06","guid":{"rendered":"https:\/\/montacargasventayrenta.com\/?post_type=product&#038;p=11880"},"modified":"2023-05-26T17:34:24","modified_gmt":"2023-05-26T17:34:24","slug":"cqdh13-14-850","status":"publish","type":"product","link":"https:\/\/optimizacion-online.info\/mtr\/producto\/cqdh13-14-850\/","title":{"rendered":"CQDH13 14-850"},"content":{"rendered":"<p>\u2022 Direcci\u00f3n asistida electr\u00f3nica, ligera y silenciosa.<br \/>\n\u2022 V\u00e1lvula magn\u00e9tica bidireccional, modo de tres velocidades de ca\u00edda.<br \/>\n\u2022 Sistema de conducci\u00f3n O AC, sin escobillas de carb\u00f3n, sin mantenimiento.<br \/>\n\u2022 Controlador de conducci\u00f3n USA CURTIS.<br \/>\n\u2022 Sistema de frenado regenerativo electromagn\u00e9tico.<br \/>\n\u2022 Elevaci\u00f3n, alcance, l\u00edmite regenerativo, extensi\u00f3n de la vida del motor y de la bater\u00eda. Equipado con cilindro de aceite doble, la horquilla se inclina m\u00e1s suavemente.<br \/>\n\u2022 Paseo lunar est\u00e1ndar. Manejar en cualquier \u00e1ngulo que vaya el veh\u00edculo.<\/p>\n","protected":false},"excerpt":{"rendered":"<div id=\"1689700804\" class=\"u_1689700804 dmNewParagraph\" data-element-type=\"paragraph\" data-version=\"5\" data-binding=\"W3siYmluZGluZ05hbWUiOiJ0ZXh0IiwidmFsdWUiOiJkeW5hbWljX3BhZ2VfY29sbGVjdGlvbi5USVBPIn1d\" data-diy-text=\"\">Apiladores<\/div>\n<div id=\"1503534281\" class=\"u_1503534281 dmNewParagraph\" data-element-type=\"paragraph\" data-version=\"5\" data-binding=\"W3siYmluZGluZ05hbWUiOiJ0ZXh0IiwidmFsdWUiOiJkeW5hbWljX3BhZ2VfY29sbGVjdGlvbi5NQVJDQSJ9XQ==\" data-diy-text=\"\">CHL<\/div>\n","protected":false},"featured_media":11919,"comment_status":"closed","ping_status":"closed","template":"","meta":[],"product_brand":[],"product_cat":[398,392,331],"product_tag":[],"class_list":{"0":"post-11880","1":"product","2":"type-product","3":"status-publish","4":"has-post-thumbnail","6":"product_cat-apiladores-electronicos","7":"product_cat-chl","8":"product_cat-electricos-apiladores","10":"first","11":"instock","12":"shipping-taxable","13":"product-type-simple"},"_links":{"self":[{"href":"https:\/\/optimizacion-online.info\/mtr\/wp-json\/wp\/v2\/product\/11880","targetHints":{"allow":["GET"]}}],"collection":[{"href":"https:\/\/optimizacion-online.info\/mtr\/wp-json\/wp\/v2\/product"}],"about":[{"href":"https:\/\/optimizacion-online.info\/mtr\/wp-json\/wp\/v2\/types\/product"}],"replies":[{"embeddable":true,"href":"https:\/\/optimizacion-online.info\/mtr\/wp-json\/wp\/v2\/comments?post=11880"}],"wp:featuredmedia":[{"embeddable":true,"href":"https:\/\/optimizacion-online.info\/mtr\/wp-json\/wp\/v2\/media\/11919"}],"wp:attachment":[{"href":"https:\/\/optimizacion-online.info\/mtr\/wp-json\/wp\/v2\/media?parent=11880"}],"wp:term":[{"taxonomy":"product_brand","embeddable":true,"href":"https:\/\/optimizacion-online.info\/mtr\/wp-json\/wp\/v2\/product_brand?post=11880"},{"taxonomy":"product_cat","embeddable":true,"href":"https:\/\/optimizacion-online.info\/mtr\/wp-json\/wp\/v2\/product_cat?post=11880"},{"taxonomy":"product_tag","embeddable":true,"href":"https:\/\/optimizacion-online.info\/mtr\/wp-json\/wp\/v2\/product_tag?post=11880"}],"curies":[{"name":"wp","href":"https:\/\/api.w.org\/{rel}","templated":true}]}}