{"id":11881,"date":"2023-03-22T09:50:27","date_gmt":"2023-03-22T09:50:27","guid":{"rendered":"https:\/\/montacargasventayrenta.com\/?post_type=product&#038;p=11881"},"modified":"2023-05-26T17:34:17","modified_gmt":"2023-05-26T17:34:17","slug":"cdd10-12rd-s","status":"publish","type":"product","link":"https:\/\/optimizacion-online.info\/mtr\/producto\/cdd10-12rd-s\/","title":{"rendered":"CDD10-12RD-S"},"content":{"rendered":"<p>\u2022 El dise\u00f1o compacto con un radio de giro muy peque\u00f1o ofrece una gama de opciones de aplicaci\u00f3n en espacios muy reducidos. M\u00e1stil con excelente visibilidad montado en el cami\u00f3n.<br \/>\n\u2022 El cami\u00f3n adopta una estructura de soporte de 4 puntos, tim\u00f3n posicionado lateralmente y un dise\u00f1o de centro de gravedad bajo que presenta una excelente estabilidad.<br \/>\n\u2022 Dise\u00f1o de paleta doble: se pueden manejar dos paletas a la vez; El levantamiento inicial de la pata de carga aumenta la distancia al suelo para facilitar la capacidad de tr\u00e1fico en rampas, rampas niveladoras y puentes.<\/p>\n","protected":false},"excerpt":{"rendered":"<div id=\"1689700804\" class=\"u_1689700804 dmNewParagraph\" data-element-type=\"paragraph\" data-version=\"5\" data-binding=\"W3siYmluZGluZ05hbWUiOiJ0ZXh0IiwidmFsdWUiOiJkeW5hbWljX3BhZ2VfY29sbGVjdGlvbi5USVBPIn1d\" data-diy-text=\"\">Apiladores<\/div>\n<div id=\"1503534281\" class=\"u_1503534281 dmNewParagraph\" data-element-type=\"paragraph\" data-version=\"5\" data-binding=\"W3siYmluZGluZ05hbWUiOiJ0ZXh0IiwidmFsdWUiOiJkeW5hbWljX3BhZ2VfY29sbGVjdGlvbi5NQVJDQSJ9XQ==\" data-diy-text=\"\">CHL<\/div>\n","protected":false},"featured_media":11920,"comment_status":"closed","ping_status":"closed","template":"","meta":[],"product_brand":[],"product_cat":[398,392,331],"product_tag":[],"class_list":{"0":"post-11881","1":"product","2":"type-product","3":"status-publish","4":"has-post-thumbnail","6":"product_cat-apiladores-electronicos","7":"product_cat-chl","8":"product_cat-electricos-apiladores","10":"first","11":"instock","12":"shipping-taxable","13":"product-type-simple"},"_links":{"self":[{"href":"https:\/\/optimizacion-online.info\/mtr\/wp-json\/wp\/v2\/product\/11881","targetHints":{"allow":["GET"]}}],"collection":[{"href":"https:\/\/optimizacion-online.info\/mtr\/wp-json\/wp\/v2\/product"}],"about":[{"href":"https:\/\/optimizacion-online.info\/mtr\/wp-json\/wp\/v2\/types\/product"}],"replies":[{"embeddable":true,"href":"https:\/\/optimizacion-online.info\/mtr\/wp-json\/wp\/v2\/comments?post=11881"}],"wp:featuredmedia":[{"embeddable":true,"href":"https:\/\/optimizacion-online.info\/mtr\/wp-json\/wp\/v2\/media\/11920"}],"wp:attachment":[{"href":"https:\/\/optimizacion-online.info\/mtr\/wp-json\/wp\/v2\/media?parent=11881"}],"wp:term":[{"taxonomy":"product_brand","embeddable":true,"href":"https:\/\/optimizacion-online.info\/mtr\/wp-json\/wp\/v2\/product_brand?post=11881"},{"taxonomy":"product_cat","embeddable":true,"href":"https:\/\/optimizacion-online.info\/mtr\/wp-json\/wp\/v2\/product_cat?post=11881"},{"taxonomy":"product_tag","embeddable":true,"href":"https:\/\/optimizacion-online.info\/mtr\/wp-json\/wp\/v2\/product_tag?post=11881"}],"curies":[{"name":"wp","href":"https:\/\/api.w.org\/{rel}","templated":true}]}}