{"id":11884,"date":"2023-03-22T09:52:23","date_gmt":"2023-03-22T09:52:23","guid":{"rendered":"https:\/\/montacargasventayrenta.com\/?post_type=product&#038;p=11884"},"modified":"2023-05-26T17:33:55","modified_gmt":"2023-05-26T17:33:55","slug":"opl10-opl12","status":"publish","type":"product","link":"https:\/\/optimizacion-online.info\/mtr\/producto\/opl10-opl12\/","title":{"rendered":"OPL10 OPL12"},"content":{"rendered":"<p>\u2022 La altura de elevaci\u00f3n de la plataforma es de 1,2 m. Es muy conveniente recoger mercanc\u00edas. La capacidad del compartimiento de almacenamiento en delante del operador es de 60 kg.<br \/>\n\u2022 Mango con sistema electr\u00f3nico de direcci\u00f3n (EPS) avanzado asegura una maniobrabilidad sin esfuerzo y altamente eficiente.<br \/>\n\u2022 El dise\u00f1o ergon\u00f3mico de la ingenier\u00eda humana proporciona la operaci\u00f3n conveniente y c\u00f3moda. Combinaci\u00f3n de freno regenerativo y electromagn\u00e9tico.<br \/>\n\u2022 El freno proporciona un freno seguro y confiable.<br \/>\n\u2022 Los dise\u00f1os de bater\u00eda lateral son muy convenientes para el mantenimiento.<br \/>\n\u2022 El dispositivo de carga USB en el panel de control que carga el tel\u00e9fono, la almohadilla, etc.<\/p>\n","protected":false},"excerpt":{"rendered":"<div id=\"1689700804\" class=\"u_1689700804 dmNewParagraph\" data-element-type=\"paragraph\" data-version=\"5\" data-binding=\"W3siYmluZGluZ05hbWUiOiJ0ZXh0IiwidmFsdWUiOiJkeW5hbWljX3BhZ2VfY29sbGVjdGlvbi5USVBPIn1d\" data-diy-text=\"\">Apiladores<\/div>\n<div id=\"1503534281\" class=\"u_1503534281 dmNewParagraph\" data-element-type=\"paragraph\" data-version=\"5\" data-binding=\"W3siYmluZGluZ05hbWUiOiJ0ZXh0IiwidmFsdWUiOiJkeW5hbWljX3BhZ2VfY29sbGVjdGlvbi5NQVJDQSJ9XQ==\" data-diy-text=\"\">CHL<\/div>\n","protected":false},"featured_media":11923,"comment_status":"closed","ping_status":"closed","template":"","meta":[],"product_brand":[],"product_cat":[398,392,331],"product_tag":[],"class_list":{"0":"post-11884","1":"product","2":"type-product","3":"status-publish","4":"has-post-thumbnail","6":"product_cat-apiladores-electronicos","7":"product_cat-chl","8":"product_cat-electricos-apiladores","10":"first","11":"instock","12":"shipping-taxable","13":"product-type-simple"},"_links":{"self":[{"href":"https:\/\/optimizacion-online.info\/mtr\/wp-json\/wp\/v2\/product\/11884","targetHints":{"allow":["GET"]}}],"collection":[{"href":"https:\/\/optimizacion-online.info\/mtr\/wp-json\/wp\/v2\/product"}],"about":[{"href":"https:\/\/optimizacion-online.info\/mtr\/wp-json\/wp\/v2\/types\/product"}],"replies":[{"embeddable":true,"href":"https:\/\/optimizacion-online.info\/mtr\/wp-json\/wp\/v2\/comments?post=11884"}],"wp:featuredmedia":[{"embeddable":true,"href":"https:\/\/optimizacion-online.info\/mtr\/wp-json\/wp\/v2\/media\/11923"}],"wp:attachment":[{"href":"https:\/\/optimizacion-online.info\/mtr\/wp-json\/wp\/v2\/media?parent=11884"}],"wp:term":[{"taxonomy":"product_brand","embeddable":true,"href":"https:\/\/optimizacion-online.info\/mtr\/wp-json\/wp\/v2\/product_brand?post=11884"},{"taxonomy":"product_cat","embeddable":true,"href":"https:\/\/optimizacion-online.info\/mtr\/wp-json\/wp\/v2\/product_cat?post=11884"},{"taxonomy":"product_tag","embeddable":true,"href":"https:\/\/optimizacion-online.info\/mtr\/wp-json\/wp\/v2\/product_tag?post=11884"}],"curies":[{"name":"wp","href":"https:\/\/api.w.org\/{rel}","templated":true}]}}