{"id":11885,"date":"2023-03-22T09:53:05","date_gmt":"2023-03-22T09:53:05","guid":{"rendered":"https:\/\/montacargasventayrenta.com\/?post_type=product&#038;p=11885"},"modified":"2023-05-26T17:33:47","modified_gmt":"2023-05-26T17:33:47","slug":"cbs10-15-20-j-chl-jpg","status":"publish","type":"product","link":"https:\/\/optimizacion-online.info\/mtr\/producto\/cbs10-15-20-j-chl-jpg\/","title":{"rendered":"CBS10-15-20-J-CHL.jpg"},"content":{"rendered":"<p>\u2022 La unidad de energ\u00eda hidr\u00e1ulica tiene una estructura compacta con una respuesta sensible; las partes principales generalmente provienen de proveedores de renombre mundial.<br \/>\n\u2022 El rel\u00e9 de motor importado tiene una respuesta r\u00e1pida, un excelente rendimiento de contacto y un largo tiempo de servicio.<br \/>\n\u2022 El sistema de circuito y cilindro hidr\u00e1ulico de alta calidad garantiza un funcionamiento estable y fiable.<br \/>\n\u2022 El cargador externo tiene un mejor rendimiento de refrigeraci\u00f3n, puede evitar da\u00f1os causados por la vibraci\u00f3n operativa.<br \/>\n\u2022 Enchufe de aviaci\u00f3n, que se utiliza para conectar el cargador y bater\u00eda, es f\u00e1cil, seguro y duradero de operar.<br \/>\n\u2022 El bot\u00f3n de emergencia puede cortar la energ\u00eda en caso de una situaci\u00f3n de emergencia.<\/p>\n","protected":false},"excerpt":{"rendered":"<div id=\"1689700804\" class=\"u_1689700804 dmNewParagraph\" data-element-type=\"paragraph\" data-version=\"5\" data-binding=\"W3siYmluZGluZ05hbWUiOiJ0ZXh0IiwidmFsdWUiOiJkeW5hbWljX3BhZ2VfY29sbGVjdGlvbi5USVBPIn1d\" data-diy-text=\"\">Apiladores<\/div>\n<div id=\"1503534281\" class=\"u_1503534281 dmNewParagraph\" data-element-type=\"paragraph\" data-version=\"5\" data-binding=\"W3siYmluZGluZ05hbWUiOiJ0ZXh0IiwidmFsdWUiOiJkeW5hbWljX3BhZ2VfY29sbGVjdGlvbi5NQVJDQSJ9XQ==\" data-diy-text=\"\">CHL<\/div>\n","protected":false},"featured_media":11924,"comment_status":"closed","ping_status":"closed","template":"","meta":[],"product_brand":[],"product_cat":[398,392,331],"product_tag":[],"class_list":{"0":"post-11885","1":"product","2":"type-product","3":"status-publish","4":"has-post-thumbnail","6":"product_cat-apiladores-electronicos","7":"product_cat-chl","8":"product_cat-electricos-apiladores","10":"first","11":"instock","12":"shipping-taxable","13":"product-type-simple"},"_links":{"self":[{"href":"https:\/\/optimizacion-online.info\/mtr\/wp-json\/wp\/v2\/product\/11885","targetHints":{"allow":["GET"]}}],"collection":[{"href":"https:\/\/optimizacion-online.info\/mtr\/wp-json\/wp\/v2\/product"}],"about":[{"href":"https:\/\/optimizacion-online.info\/mtr\/wp-json\/wp\/v2\/types\/product"}],"replies":[{"embeddable":true,"href":"https:\/\/optimizacion-online.info\/mtr\/wp-json\/wp\/v2\/comments?post=11885"}],"wp:featuredmedia":[{"embeddable":true,"href":"https:\/\/optimizacion-online.info\/mtr\/wp-json\/wp\/v2\/media\/11924"}],"wp:attachment":[{"href":"https:\/\/optimizacion-online.info\/mtr\/wp-json\/wp\/v2\/media?parent=11885"}],"wp:term":[{"taxonomy":"product_brand","embeddable":true,"href":"https:\/\/optimizacion-online.info\/mtr\/wp-json\/wp\/v2\/product_brand?post=11885"},{"taxonomy":"product_cat","embeddable":true,"href":"https:\/\/optimizacion-online.info\/mtr\/wp-json\/wp\/v2\/product_cat?post=11885"},{"taxonomy":"product_tag","embeddable":true,"href":"https:\/\/optimizacion-online.info\/mtr\/wp-json\/wp\/v2\/product_tag?post=11885"}],"curies":[{"name":"wp","href":"https:\/\/api.w.org\/{rel}","templated":true}]}}