{"id":11890,"date":"2023-03-22T09:55:07","date_gmt":"2023-03-22T09:55:07","guid":{"rendered":"https:\/\/montacargasventayrenta.com\/?post_type=product&#038;p=11890"},"modified":"2023-05-26T17:33:02","modified_gmt":"2023-05-26T17:33:02","slug":"cdd15j-zsm","status":"publish","type":"product","link":"https:\/\/optimizacion-online.info\/mtr\/producto\/cdd15j-zsm\/","title":{"rendered":"CDD15J-ZSM"},"content":{"rendered":"<p>\u2022 La caja de transmisi\u00f3n ZF tiene un rendimiento superior, alta eficiencia de trabajo y energ\u00eda.<br \/>\n\u2022 El cami\u00f3n adopta el modo de operaci\u00f3n lateral y tiene un radio de giro peque\u00f1o y una vista amplia.<br \/>\n\u2022 El interruptor de marcha lenta a prueba de agua importado es adecuado para aplicaciones duras como ambientes fr\u00edos, h\u00famedos y polvorientos.<br \/>\n\u2022 El medidor de electricidad LED con cuatro colores es f\u00e1cil de leer.<br \/>\n\u2022 El cargador externo tiene un mejor rendimiento de enfriamiento.<br \/>\n\u2022 El mango de operaci\u00f3n de gran longitud que integra botones de elevaci\u00f3n, interruptor de llave y medidor de electricidad satisfacen los requisitos ergon\u00f3micos y facilitan la operaci\u00f3n; el interruptor de baja velocidad hace que el control de velocidad sea m\u00e1s preciso; un buen tipo de presi\u00f3n de aire puede restablecerse autom\u00e1tica y lentamente y es duradero.<\/p>\n","protected":false},"excerpt":{"rendered":"<div id=\"1689700804\" class=\"u_1689700804 dmNewParagraph\" data-element-type=\"paragraph\" data-version=\"5\" data-binding=\"W3siYmluZGluZ05hbWUiOiJ0ZXh0IiwidmFsdWUiOiJkeW5hbWljX3BhZ2VfY29sbGVjdGlvbi5USVBPIn1d\" data-diy-text=\"\">Apiladores<\/div>\n<div id=\"1503534281\" class=\"u_1503534281 dmNewParagraph\" data-element-type=\"paragraph\" data-version=\"5\" data-binding=\"W3siYmluZGluZ05hbWUiOiJ0ZXh0IiwidmFsdWUiOiJkeW5hbWljX3BhZ2VfY29sbGVjdGlvbi5NQVJDQSJ9XQ==\" data-diy-text=\"\">CHL<\/div>\n","protected":false},"featured_media":11929,"comment_status":"closed","ping_status":"closed","template":"","meta":[],"product_brand":[],"product_cat":[398,392,331],"product_tag":[],"class_list":{"0":"post-11890","1":"product","2":"type-product","3":"status-publish","4":"has-post-thumbnail","6":"product_cat-apiladores-electronicos","7":"product_cat-chl","8":"product_cat-electricos-apiladores","10":"first","11":"instock","12":"shipping-taxable","13":"product-type-simple"},"_links":{"self":[{"href":"https:\/\/optimizacion-online.info\/mtr\/wp-json\/wp\/v2\/product\/11890","targetHints":{"allow":["GET"]}}],"collection":[{"href":"https:\/\/optimizacion-online.info\/mtr\/wp-json\/wp\/v2\/product"}],"about":[{"href":"https:\/\/optimizacion-online.info\/mtr\/wp-json\/wp\/v2\/types\/product"}],"replies":[{"embeddable":true,"href":"https:\/\/optimizacion-online.info\/mtr\/wp-json\/wp\/v2\/comments?post=11890"}],"wp:featuredmedia":[{"embeddable":true,"href":"https:\/\/optimizacion-online.info\/mtr\/wp-json\/wp\/v2\/media\/11929"}],"wp:attachment":[{"href":"https:\/\/optimizacion-online.info\/mtr\/wp-json\/wp\/v2\/media?parent=11890"}],"wp:term":[{"taxonomy":"product_brand","embeddable":true,"href":"https:\/\/optimizacion-online.info\/mtr\/wp-json\/wp\/v2\/product_brand?post=11890"},{"taxonomy":"product_cat","embeddable":true,"href":"https:\/\/optimizacion-online.info\/mtr\/wp-json\/wp\/v2\/product_cat?post=11890"},{"taxonomy":"product_tag","embeddable":true,"href":"https:\/\/optimizacion-online.info\/mtr\/wp-json\/wp\/v2\/product_tag?post=11890"}],"curies":[{"name":"wp","href":"https:\/\/api.w.org\/{rel}","templated":true}]}}