{"id":11894,"date":"2023-03-22T09:56:58","date_gmt":"2023-03-22T09:56:58","guid":{"rendered":"https:\/\/montacargasventayrenta.com\/?post_type=product&#038;p=11894"},"modified":"2023-05-26T17:32:33","modified_gmt":"2023-05-26T17:32:33","slug":"cdd20r","status":"publish","type":"product","link":"https:\/\/optimizacion-online.info\/mtr\/producto\/cdd20r\/","title":{"rendered":"CDD20R"},"content":{"rendered":"<p>\u2022 El centro de gravedad bajo proporciona una buena estabilidad. El coj\u00edn de amortiguaci\u00f3n ofrece un funcionamiento silencioso.<br \/>\n\u2022 La v\u00e1lvula de alivio de presi\u00f3n incorporada protege el cami\u00f3n de sobrecargas, y por lo tanto aumenta la fiabilidad.<br \/>\n\u2022 Se adopta una pantalla multifunci\u00f3n con BDI y contador de horas. El motor de CA elimina el reemplazo de las escobillas de carb\u00f3n.<br \/>\n\u2022 La configuraci\u00f3n de protecci\u00f3n de bajo voltaje prolonga la vida \u00fatil de la bater\u00eda.<\/p>\n","protected":false},"excerpt":{"rendered":"<div id=\"1689700804\" class=\"u_1689700804 dmNewParagraph\" data-element-type=\"paragraph\" data-version=\"5\" data-binding=\"W3siYmluZGluZ05hbWUiOiJ0ZXh0IiwidmFsdWUiOiJkeW5hbWljX3BhZ2VfY29sbGVjdGlvbi5USVBPIn1d\" data-diy-text=\"\">Apiladores<\/div>\n<div id=\"1503534281\" class=\"u_1503534281 dmNewParagraph\" data-element-type=\"paragraph\" data-version=\"5\" data-binding=\"W3siYmluZGluZ05hbWUiOiJ0ZXh0IiwidmFsdWUiOiJkeW5hbWljX3BhZ2VfY29sbGVjdGlvbi5NQVJDQSJ9XQ==\" data-diy-text=\"\">CHL<\/div>\n","protected":false},"featured_media":11932,"comment_status":"closed","ping_status":"closed","template":"","meta":[],"product_brand":[],"product_cat":[398,392,331],"product_tag":[],"class_list":{"0":"post-11894","1":"product","2":"type-product","3":"status-publish","4":"has-post-thumbnail","6":"product_cat-apiladores-electronicos","7":"product_cat-chl","8":"product_cat-electricos-apiladores","10":"first","11":"instock","12":"shipping-taxable","13":"product-type-simple"},"_links":{"self":[{"href":"https:\/\/optimizacion-online.info\/mtr\/wp-json\/wp\/v2\/product\/11894","targetHints":{"allow":["GET"]}}],"collection":[{"href":"https:\/\/optimizacion-online.info\/mtr\/wp-json\/wp\/v2\/product"}],"about":[{"href":"https:\/\/optimizacion-online.info\/mtr\/wp-json\/wp\/v2\/types\/product"}],"replies":[{"embeddable":true,"href":"https:\/\/optimizacion-online.info\/mtr\/wp-json\/wp\/v2\/comments?post=11894"}],"wp:featuredmedia":[{"embeddable":true,"href":"https:\/\/optimizacion-online.info\/mtr\/wp-json\/wp\/v2\/media\/11932"}],"wp:attachment":[{"href":"https:\/\/optimizacion-online.info\/mtr\/wp-json\/wp\/v2\/media?parent=11894"}],"wp:term":[{"taxonomy":"product_brand","embeddable":true,"href":"https:\/\/optimizacion-online.info\/mtr\/wp-json\/wp\/v2\/product_brand?post=11894"},{"taxonomy":"product_cat","embeddable":true,"href":"https:\/\/optimizacion-online.info\/mtr\/wp-json\/wp\/v2\/product_cat?post=11894"},{"taxonomy":"product_tag","embeddable":true,"href":"https:\/\/optimizacion-online.info\/mtr\/wp-json\/wp\/v2\/product_tag?post=11894"}],"curies":[{"name":"wp","href":"https:\/\/api.w.org\/{rel}","templated":true}]}}