{"id":11934,"date":"2023-03-22T10:06:21","date_gmt":"2023-03-22T10:06:21","guid":{"rendered":"https:\/\/montacargasventayrenta.com\/?post_type=product&#038;p=11934"},"modified":"2023-03-22T10:10:32","modified_gmt":"2023-03-22T10:10:32","slug":"carretilla-reach-bateria-de-plomo-acido-de-1-5-1-8t","status":"publish","type":"product","link":"https:\/\/optimizacion-online.info\/mtr\/producto\/carretilla-reach-bateria-de-plomo-acido-de-1-5-1-8t\/","title":{"rendered":"Carretilla Reach (bater\u00eda de plomo acido) de 1.5-1.8T"},"content":{"rendered":"<p>Motor completo sin mantenimiento de CA<br \/>\n\u2022 Respuesta r\u00e1pida y sensible en el cambio de direcci\u00f3n de viaje<br \/>\n\u2022 Regeneraci\u00f3n de energ\u00eda durante la desaceleraci\u00f3n<\/p>\n<p>Dise\u00f1o inteligente optimizado<br \/>\n\u2022 Tecnolog\u00eda de bus CAN<br \/>\n\u2022 Freno de estacionamiento en pendiente<br \/>\n\u2022 Protecci\u00f3n de la secuencia de operaciones<br \/>\n\u2022 Autoprotecci\u00f3n del controlador el\u00e9ctrico<br \/>\n\u2022 interconexi\u00f3n del interruptor de pie con desplazamiento<\/p>\n<p>EPS avanzado<br \/>\n\u2022 Direcci\u00f3n asistida el\u00e9ctrica que ofrece un funcionamiento sencillo, flexible, altamente eficiente y silencioso<br \/>\n\u2022 Funci\u00f3n de centrado autom\u00e1tico<br \/>\n\u2022 L\u00edmite autom\u00e1tico de velocidad y velocidad reducida durante la direcci\u00f3n<\/p>\n<p>Interruptor de pulgar de f\u00e1cil operaci\u00f3n<\/p>\n<p>Cinco sistemas de frenado independientes<br \/>\n\u2022 Freno de regeneraci\u00f3n de corriente al soltar el mango de la mano de aceleraci\u00f3n<br \/>\n\u2022 Freno de emergencia activado al soltar el interruptor de pie<br \/>\n\u2022 Freno de estacionamiento activado presionando el bot\u00f3n en el panel<br \/>\n\u2022 Freno de estacionamiento activado autom\u00e1ticamente<br \/>\n\u2022 Interruptor de emergencia<\/p>\n<p>Cabina c\u00f3moda<br \/>\n\u2022 El conductor est\u00e1 completamente protegido dentro del cami\u00f3n<br \/>\n\u2022 Soporte acolchado para cintura, cabeza y brazos<br \/>\n\u2022 F\u00e1cil acceso a operaciones importantes<\/p>\n<p>Pantalla multifuncional<br \/>\n\u2022 \u00c1ngulo de direcci\u00f3n de 180\u00b0<br \/>\n\u2022 Muestra la energ\u00eda de la bater\u00eda y el c\u00f3digo de falla<br \/>\n\u2022 Selecci\u00f3n del modo de viaje<br \/>\n\u2022 Indicaci\u00f3n de bloqueo de elevaci\u00f3n<\/p>\n<p>M\u00e1stil mejorado<br \/>\n\u2022 Vista amplia<br \/>\n\u2022 Amortiguaci\u00f3n en el l\u00edmite de elevaci\u00f3n<br \/>\n\u2022 Amortiguaci\u00f3n en el l\u00edmite de avance y retroceso del m\u00e1stil<br \/>\n\u2022 Rango de altura de elevaci\u00f3n: 2000-6500 mm<\/p>\n","protected":false},"excerpt":{"rendered":"<div id=\"1689700804\" class=\"u_1689700804 dmNewParagraph\" data-element-type=\"paragraph\" data-version=\"5\" data-binding=\"W3siYmluZGluZ05hbWUiOiJ0ZXh0IiwidmFsdWUiOiJkeW5hbWljX3BhZ2VfY29sbGVjdGlvbi5USVBPIn1d\" data-diy-text=\"\">El\u00e9ctrico<\/div>\n<div id=\"1503534281\" class=\"u_1503534281 dmNewParagraph\" data-element-type=\"paragraph\" data-version=\"5\" data-binding=\"W3siYmluZGluZ05hbWUiOiJ0ZXh0IiwidmFsdWUiOiJkeW5hbWljX3BhZ2VfY29sbGVjdGlvbi5NQVJDQSJ9XQ==\" data-diy-text=\"\">CHL<\/div>\n","protected":false},"featured_media":11948,"comment_status":"closed","ping_status":"closed","template":"","meta":[],"product_brand":[],"product_cat":[392,399],"product_tag":[],"class_list":{"0":"post-11934","1":"product","2":"type-product","3":"status-publish","4":"has-post-thumbnail","6":"product_cat-chl","7":"product_cat-reach-trucks","9":"first","10":"instock","11":"shipping-taxable","12":"product-type-simple"},"_links":{"self":[{"href":"https:\/\/optimizacion-online.info\/mtr\/wp-json\/wp\/v2\/product\/11934","targetHints":{"allow":["GET"]}}],"collection":[{"href":"https:\/\/optimizacion-online.info\/mtr\/wp-json\/wp\/v2\/product"}],"about":[{"href":"https:\/\/optimizacion-online.info\/mtr\/wp-json\/wp\/v2\/types\/product"}],"replies":[{"embeddable":true,"href":"https:\/\/optimizacion-online.info\/mtr\/wp-json\/wp\/v2\/comments?post=11934"}],"wp:featuredmedia":[{"embeddable":true,"href":"https:\/\/optimizacion-online.info\/mtr\/wp-json\/wp\/v2\/media\/11948"}],"wp:attachment":[{"href":"https:\/\/optimizacion-online.info\/mtr\/wp-json\/wp\/v2\/media?parent=11934"}],"wp:term":[{"taxonomy":"product_brand","embeddable":true,"href":"https:\/\/optimizacion-online.info\/mtr\/wp-json\/wp\/v2\/product_brand?post=11934"},{"taxonomy":"product_cat","embeddable":true,"href":"https:\/\/optimizacion-online.info\/mtr\/wp-json\/wp\/v2\/product_cat?post=11934"},{"taxonomy":"product_tag","embeddable":true,"href":"https:\/\/optimizacion-online.info\/mtr\/wp-json\/wp\/v2\/product_tag?post=11934"}],"curies":[{"name":"wp","href":"https:\/\/api.w.org\/{rel}","templated":true}]}}