{"id":11935,"date":"2023-03-22T10:06:48","date_gmt":"2023-03-22T10:06:48","guid":{"rendered":"https:\/\/montacargasventayrenta.com\/?post_type=product&#038;p=11935"},"modified":"2023-03-22T10:10:38","modified_gmt":"2023-03-22T10:10:38","slug":"1-35t","status":"publish","type":"product","link":"https:\/\/optimizacion-online.info\/mtr\/producto\/1-35t\/","title":{"rendered":"1.35t"},"content":{"rendered":"<div id=\"1382883375\" class=\"dmRespCol small-12 u_1382883375 large-6 medium-6\">\n<div id=\"1843644988\" class=\"u_1843644988 dmNewParagraph\" data-element-type=\"paragraph\" data-version=\"5\" data-binding=\"W3siYmluZGluZ05hbWUiOiJ0ZXh0IiwidmFsdWUiOiJkeW5hbWljX3BhZ2VfY29sbGVjdGlvbi5EZXNjcmlwdGlvbiJ9XQ==\" data-diy-text=\"\">\u2022 El peque\u00f1o radio de giro hace que la direcci\u00f3n sea flexible y f\u00e1cil Las ruedas de carga m\u00e1s peque\u00f1as son m\u00e1s f\u00e1ciles de maniobrar hacia la parte inferior del estante.<br \/>\n\u2022 Con velocidades \u00f3ptimas de conducci\u00f3n y elevaci\u00f3n, se puede lograr una mejor eficiencia de trabajo.<br \/>\n\u2022 Mayor capacidad de la bater\u00eda para un solo turno m\u00e1s prolongado.<br \/>\n\u2022 Mejora de la capacidad de carga y la estabilidad a alturas de elevaci\u00f3n m\u00e1s altas.<\/div>\n<\/div>\n","protected":false},"excerpt":{"rendered":"<div id=\"1689700804\" class=\"u_1689700804 dmNewParagraph\" data-element-type=\"paragraph\" data-version=\"5\" data-binding=\"W3siYmluZGluZ05hbWUiOiJ0ZXh0IiwidmFsdWUiOiJkeW5hbWljX3BhZ2VfY29sbGVjdGlvbi5USVBPIn1d\" data-diy-text=\"\">El\u00e9ctrico<\/div>\n<div id=\"1503534281\" class=\"u_1503534281 dmNewParagraph\" data-element-type=\"paragraph\" data-version=\"5\" data-binding=\"W3siYmluZGluZ05hbWUiOiJ0ZXh0IiwidmFsdWUiOiJkeW5hbWljX3BhZ2VfY29sbGVjdGlvbi5NQVJDQSJ9XQ==\" data-diy-text=\"\">CHL<\/div>\n","protected":false},"featured_media":11947,"comment_status":"closed","ping_status":"closed","template":"","meta":[],"product_brand":[],"product_cat":[392,399],"product_tag":[],"class_list":{"0":"post-11935","1":"product","2":"type-product","3":"status-publish","4":"has-post-thumbnail","6":"product_cat-chl","7":"product_cat-reach-trucks","9":"first","10":"instock","11":"shipping-taxable","12":"product-type-simple"},"_links":{"self":[{"href":"https:\/\/optimizacion-online.info\/mtr\/wp-json\/wp\/v2\/product\/11935","targetHints":{"allow":["GET"]}}],"collection":[{"href":"https:\/\/optimizacion-online.info\/mtr\/wp-json\/wp\/v2\/product"}],"about":[{"href":"https:\/\/optimizacion-online.info\/mtr\/wp-json\/wp\/v2\/types\/product"}],"replies":[{"embeddable":true,"href":"https:\/\/optimizacion-online.info\/mtr\/wp-json\/wp\/v2\/comments?post=11935"}],"wp:featuredmedia":[{"embeddable":true,"href":"https:\/\/optimizacion-online.info\/mtr\/wp-json\/wp\/v2\/media\/11947"}],"wp:attachment":[{"href":"https:\/\/optimizacion-online.info\/mtr\/wp-json\/wp\/v2\/media?parent=11935"}],"wp:term":[{"taxonomy":"product_brand","embeddable":true,"href":"https:\/\/optimizacion-online.info\/mtr\/wp-json\/wp\/v2\/product_brand?post=11935"},{"taxonomy":"product_cat","embeddable":true,"href":"https:\/\/optimizacion-online.info\/mtr\/wp-json\/wp\/v2\/product_cat?post=11935"},{"taxonomy":"product_tag","embeddable":true,"href":"https:\/\/optimizacion-online.info\/mtr\/wp-json\/wp\/v2\/product_tag?post=11935"}],"curies":[{"name":"wp","href":"https:\/\/api.w.org\/{rel}","templated":true}]}}