{"id":11936,"date":"2023-03-22T10:07:12","date_gmt":"2023-03-22T10:07:12","guid":{"rendered":"https:\/\/montacargasventayrenta.com\/?post_type=product&#038;p=11936"},"modified":"2023-03-22T10:10:44","modified_gmt":"2023-03-22T10:10:44","slug":"1-6-2-0t-g2","status":"publish","type":"product","link":"https:\/\/optimizacion-online.info\/mtr\/producto\/1-6-2-0t-g2\/","title":{"rendered":"1.6-2.0t G2"},"content":{"rendered":"<p>\u2022 Tecnolog\u00eda de motor de tipo CA trif\u00e1sico<br \/>\n\u2022 Control de motor de tipo CA trif\u00e1sico en desplazamiento, elevaci\u00f3n y direcci\u00f3n<br \/>\n\u2022 Buena aceleraci\u00f3n<br \/>\n\u2022 Respuesta r\u00e1pida y sensible en el cambio de direcci\u00f3n de desplazamiento<br \/>\n\u2022 Motor libre de mantenimiento sin escobillas de carb\u00f3n tener una larga vida \u00fatil y un bajo costo de mantenimiento<br \/>\n\u2022 Regeneraci\u00f3n de energ\u00eda durante la deceleraci\u00f3n que prolonga las horas de funcionamiento M\u00e1x. velocidad de desplazamiento sin carga aumentada un 20 %<\/p>\n","protected":false},"excerpt":{"rendered":"<div id=\"1689700804\" class=\"u_1689700804 dmNewParagraph\" data-element-type=\"paragraph\" data-version=\"5\" data-binding=\"W3siYmluZGluZ05hbWUiOiJ0ZXh0IiwidmFsdWUiOiJkeW5hbWljX3BhZ2VfY29sbGVjdGlvbi5USVBPIn1d\" data-diy-text=\"\">El\u00e9ctrico<\/div>\n<div id=\"1503534281\" class=\"u_1503534281 dmNewParagraph\" data-element-type=\"paragraph\" data-version=\"5\" data-binding=\"W3siYmluZGluZ05hbWUiOiJ0ZXh0IiwidmFsdWUiOiJkeW5hbWljX3BhZ2VfY29sbGVjdGlvbi5NQVJDQSJ9XQ==\" data-diy-text=\"\">CHL<\/div>\n","protected":false},"featured_media":11946,"comment_status":"closed","ping_status":"closed","template":"","meta":[],"product_brand":[],"product_cat":[392,399],"product_tag":[],"class_list":{"0":"post-11936","1":"product","2":"type-product","3":"status-publish","4":"has-post-thumbnail","6":"product_cat-chl","7":"product_cat-reach-trucks","9":"first","10":"instock","11":"shipping-taxable","12":"product-type-simple"},"_links":{"self":[{"href":"https:\/\/optimizacion-online.info\/mtr\/wp-json\/wp\/v2\/product\/11936","targetHints":{"allow":["GET"]}}],"collection":[{"href":"https:\/\/optimizacion-online.info\/mtr\/wp-json\/wp\/v2\/product"}],"about":[{"href":"https:\/\/optimizacion-online.info\/mtr\/wp-json\/wp\/v2\/types\/product"}],"replies":[{"embeddable":true,"href":"https:\/\/optimizacion-online.info\/mtr\/wp-json\/wp\/v2\/comments?post=11936"}],"wp:featuredmedia":[{"embeddable":true,"href":"https:\/\/optimizacion-online.info\/mtr\/wp-json\/wp\/v2\/media\/11946"}],"wp:attachment":[{"href":"https:\/\/optimizacion-online.info\/mtr\/wp-json\/wp\/v2\/media?parent=11936"}],"wp:term":[{"taxonomy":"product_brand","embeddable":true,"href":"https:\/\/optimizacion-online.info\/mtr\/wp-json\/wp\/v2\/product_brand?post=11936"},{"taxonomy":"product_cat","embeddable":true,"href":"https:\/\/optimizacion-online.info\/mtr\/wp-json\/wp\/v2\/product_cat?post=11936"},{"taxonomy":"product_tag","embeddable":true,"href":"https:\/\/optimizacion-online.info\/mtr\/wp-json\/wp\/v2\/product_tag?post=11936"}],"curies":[{"name":"wp","href":"https:\/\/api.w.org\/{rel}","templated":true}]}}