{"id":11937,"date":"2023-03-22T10:07:39","date_gmt":"2023-03-22T10:07:39","guid":{"rendered":"https:\/\/montacargasventayrenta.com\/?post_type=product&#038;p=11937"},"modified":"2023-03-22T10:10:49","modified_gmt":"2023-03-22T10:10:49","slug":"cqd16-18x1","status":"publish","type":"product","link":"https:\/\/optimizacion-online.info\/mtr\/producto\/cqd16-18x1\/","title":{"rendered":"CQD16-18X1"},"content":{"rendered":"<p>COMODIDAD DEL CONDUCTOR<\/p>\n<p>\u2022 El acolchado asiento y el reposabrazos ayudan a reducir la fatiga<br \/>\n\u2022 El control multifunci\u00f3n tiene un dise\u00f1o ergon\u00f3mico y es f\u00e1cil de usar<br \/>\n\u2022 Todos los controles est\u00e1n al alcance de la mano para ayudar a reducir la tensi\u00f3n corporal<\/p>\n","protected":false},"excerpt":{"rendered":"<div id=\"1689700804\" class=\"u_1689700804 dmNewParagraph\" data-element-type=\"paragraph\" data-version=\"5\" data-binding=\"W3siYmluZGluZ05hbWUiOiJ0ZXh0IiwidmFsdWUiOiJkeW5hbWljX3BhZ2VfY29sbGVjdGlvbi5USVBPIn1d\" data-diy-text=\"\">El\u00e9ctrico<\/div>\n<div id=\"1503534281\" class=\"u_1503534281 dmNewParagraph\" data-element-type=\"paragraph\" data-version=\"5\" data-binding=\"W3siYmluZGluZ05hbWUiOiJ0ZXh0IiwidmFsdWUiOiJkeW5hbWljX3BhZ2VfY29sbGVjdGlvbi5NQVJDQSJ9XQ==\" data-diy-text=\"\">CHL<\/div>\n","protected":false},"featured_media":11945,"comment_status":"closed","ping_status":"closed","template":"","meta":[],"product_brand":[],"product_cat":[392,399],"product_tag":[],"class_list":{"0":"post-11937","1":"product","2":"type-product","3":"status-publish","4":"has-post-thumbnail","6":"product_cat-chl","7":"product_cat-reach-trucks","9":"first","10":"instock","11":"shipping-taxable","12":"product-type-simple"},"_links":{"self":[{"href":"https:\/\/optimizacion-online.info\/mtr\/wp-json\/wp\/v2\/product\/11937","targetHints":{"allow":["GET"]}}],"collection":[{"href":"https:\/\/optimizacion-online.info\/mtr\/wp-json\/wp\/v2\/product"}],"about":[{"href":"https:\/\/optimizacion-online.info\/mtr\/wp-json\/wp\/v2\/types\/product"}],"replies":[{"embeddable":true,"href":"https:\/\/optimizacion-online.info\/mtr\/wp-json\/wp\/v2\/comments?post=11937"}],"wp:featuredmedia":[{"embeddable":true,"href":"https:\/\/optimizacion-online.info\/mtr\/wp-json\/wp\/v2\/media\/11945"}],"wp:attachment":[{"href":"https:\/\/optimizacion-online.info\/mtr\/wp-json\/wp\/v2\/media?parent=11937"}],"wp:term":[{"taxonomy":"product_brand","embeddable":true,"href":"https:\/\/optimizacion-online.info\/mtr\/wp-json\/wp\/v2\/product_brand?post=11937"},{"taxonomy":"product_cat","embeddable":true,"href":"https:\/\/optimizacion-online.info\/mtr\/wp-json\/wp\/v2\/product_cat?post=11937"},{"taxonomy":"product_tag","embeddable":true,"href":"https:\/\/optimizacion-online.info\/mtr\/wp-json\/wp\/v2\/product_tag?post=11937"}],"curies":[{"name":"wp","href":"https:\/\/api.w.org\/{rel}","templated":true}]}}