{"id":11952,"date":"2023-03-22T10:18:50","date_gmt":"2023-03-22T10:18:50","guid":{"rendered":"https:\/\/montacargasventayrenta.com\/?post_type=product&#038;p=11952"},"modified":"2023-05-26T17:29:13","modified_gmt":"2023-05-26T17:29:13","slug":"cbd20j-h","status":"publish","type":"product","link":"https:\/\/optimizacion-online.info\/mtr\/producto\/cbd20j-h\/","title":{"rendered":"CBD20J-H"},"content":{"rendered":"<p>\u2022 El cami\u00f3n tiene una estructura compacta y un radio de giro peque\u00f1o, adecuado para espacios estrechos.<br \/>\n\u2022 Funci\u00f3n de l\u00edmite de elevaci\u00f3n el\u00e9ctrica: cuando la horquilla sube a la parte superior, el sistema cortar\u00e1 autom\u00e1ticamente el circuito de elevaci\u00f3n, con alta seguridad, bajo consumo de energ\u00eda y larga vida \u00fatil.<br \/>\n\u2022 Adoptar es simple, econ\u00f3mico y altamente confiable; direcci\u00f3n mec\u00e1nica.<br \/>\n\u2022 Interruptor de parada de emergencia y dispositivo de marcha atr\u00e1s de emergencia como configuraci\u00f3n est\u00e1ndar. Garantiza la seguridad del cami\u00f3n.<br \/>\n\u2022 Ruedas auxiliares en ambos lados para mejorar la estabilidad de conducci\u00f3n.<br \/>\n\u2022 El sistema de accionamiento de CA tiene un funcionamiento ligero y un rendimiento excelente.<br \/>\n\u2022 El mango de operaci\u00f3n ultra largo es ergon\u00f3mico y c\u00f3modo para la operaci\u00f3n.<\/p>\n","protected":false},"excerpt":{"rendered":"<div id=\"1689700804\" class=\"u_1689700804 dmNewParagraph\" data-element-type=\"paragraph\" data-version=\"5\" data-binding=\"W3siYmluZGluZ05hbWUiOiJ0ZXh0IiwidmFsdWUiOiJkeW5hbWljX3BhZ2VfY29sbGVjdGlvbi5USVBPIn1d\" data-diy-text=\"\">Patines el\u00e9ctricos<\/div>\n<div id=\"1503534281\" class=\"u_1503534281 dmNewParagraph\" data-element-type=\"paragraph\" data-version=\"5\" data-binding=\"W3siYmluZGluZ05hbWUiOiJ0ZXh0IiwidmFsdWUiOiJkeW5hbWljX3BhZ2VfY29sbGVjdGlvbi5NQVJDQSJ9XQ==\" data-diy-text=\"\">CHL<\/div>\n","protected":false},"featured_media":11980,"comment_status":"closed","ping_status":"closed","template":"","meta":[],"product_brand":[],"product_cat":[400,392,329],"product_tag":[],"class_list":{"0":"post-11952","1":"product","2":"type-product","3":"status-publish","4":"has-post-thumbnail","6":"product_cat-patines-chl","7":"product_cat-chl","8":"product_cat-electricos-patines","10":"first","11":"instock","12":"shipping-taxable","13":"product-type-simple"},"_links":{"self":[{"href":"https:\/\/optimizacion-online.info\/mtr\/wp-json\/wp\/v2\/product\/11952","targetHints":{"allow":["GET"]}}],"collection":[{"href":"https:\/\/optimizacion-online.info\/mtr\/wp-json\/wp\/v2\/product"}],"about":[{"href":"https:\/\/optimizacion-online.info\/mtr\/wp-json\/wp\/v2\/types\/product"}],"replies":[{"embeddable":true,"href":"https:\/\/optimizacion-online.info\/mtr\/wp-json\/wp\/v2\/comments?post=11952"}],"wp:featuredmedia":[{"embeddable":true,"href":"https:\/\/optimizacion-online.info\/mtr\/wp-json\/wp\/v2\/media\/11980"}],"wp:attachment":[{"href":"https:\/\/optimizacion-online.info\/mtr\/wp-json\/wp\/v2\/media?parent=11952"}],"wp:term":[{"taxonomy":"product_brand","embeddable":true,"href":"https:\/\/optimizacion-online.info\/mtr\/wp-json\/wp\/v2\/product_brand?post=11952"},{"taxonomy":"product_cat","embeddable":true,"href":"https:\/\/optimizacion-online.info\/mtr\/wp-json\/wp\/v2\/product_cat?post=11952"},{"taxonomy":"product_tag","embeddable":true,"href":"https:\/\/optimizacion-online.info\/mtr\/wp-json\/wp\/v2\/product_tag?post=11952"}],"curies":[{"name":"wp","href":"https:\/\/api.w.org\/{rel}","templated":true}]}}